{"id":36846,"date":"2025-12-23T12:50:28","date_gmt":"2025-12-23T11:50:28","guid":{"rendered":"https:\/\/www.infinigate.com\/de\/?page_id=36846"},"modified":"2025-12-23T12:50:29","modified_gmt":"2025-12-23T11:50:29","slug":"weltweite-preiserhoehungen-fuer-microsoft-365","status":"publish","type":"page","link":"https:\/\/www.infinigate.com\/de\/lp\/h\/microsoft\/weltweite-preiserhoehungen-fuer-microsoft-365\/","title":{"rendered":"Weltweite Preiserh\u00f6hungen f\u00fcr Microsoft 365"},"content":{"rendered":"\n<figure class=\"wp-block-image alignwide size-full\"><img loading=\"lazy\" decoding=\"async\" width=\"1280\" height=\"400\" src=\"https:\/\/www.infinigate.com\/de\/wp-content\/uploads\/sites\/25\/2025\/12\/microsoft-preiserhoehung.jpg\" alt=\"Microsoft Preiserh\u00f6hung\" class=\"wp-image-36851\" srcset=\"https:\/\/www.infinigate.com\/de\/wp-content\/uploads\/sites\/25\/2025\/12\/microsoft-preiserhoehung.jpg 1280w, https:\/\/www.infinigate.com\/de\/wp-content\/uploads\/sites\/25\/2025\/12\/microsoft-preiserhoehung-300x94.jpg 300w, https:\/\/www.infinigate.com\/de\/wp-content\/uploads\/sites\/25\/2025\/12\/microsoft-preiserhoehung-1024x320.jpg 1024w, https:\/\/www.infinigate.com\/de\/wp-content\/uploads\/sites\/25\/2025\/12\/microsoft-preiserhoehung-768x240.jpg 768w\" sizes=\"auto, (max-width: 1280px) 100vw, 1280px\" \/><\/figure>\n\n\n\n<h3 class=\"wp-block-heading alignwide wp-block-heading\" id=\"h-microsoft-hat-eine-globale-preisanderung-fur-zahlreiche-microsoft-365-skus-angekundigt-die-zum-1-juli-2026-in-kraft-tritt-die-anpassungen-sollen-die-einfuhrung-neuer-funktionen-und-plattform-capabilities-reflektieren-die-uber-mehrere-produktlinien-hinweg-ausgerollt-werden\">Microsoft hat eine globale Preis\u00e4nderung f\u00fcr zahlreiche <strong>Microsoft\u2011365\u2011SKUs<\/strong> angek\u00fcndigt, die zum <strong>1. Juli 2026<\/strong> in Kraft tritt. Die Anpassungen sollen die Einf\u00fchrung neuer Funktionen und Plattform\u2011Capabilities reflektieren, die \u00fcber mehrere Produktlinien hinweg ausgerollt werden.<\/h3>\n\n\n\n<div class=\"wp-block-buttons alignwide is-content-justification-right is-layout-flex wp-container-core-buttons-is-layout-e6df00e8 wp-block-buttons-is-layout-flex\">\n<div class=\"wp-block-button\"><a class=\"wp-block-button__link wp-element-button\" href=\"https:\/\/pages.vuzion.cloud\/acton\/ct\/20254\/s-12a2-2512:0\/Bct\/l-0075\/l-0075:48\/ct1_0\/1\/lu?sid=TV2%3ASMT6qAzYJ\" target=\"_blank\" rel=\"noreferrer noopener\">Zur offiziellen Ank\u00fcndigung im Microsoft 365 Blog<\/a><\/div>\n<\/div>\n\n\n\n<div class=\"wp-block-columns has-blue-background-color has-background is-layout-flex wp-container-core-columns-is-layout-9d6595d7 wp-block-columns-is-layout-flex\">\n<div class=\"wp-block-column is-layout-flow wp-block-column-is-layout-flow\">\n<h2 class=\"wp-block-heading is-style-border-left wp-block-heading\" id=\"h-globale-anpassungen-lokale-preisvarianten\">Globale Anpassungen \u2013 lokale Preisvarianten<\/h2>\n\n\n\n<p>Die Preis\u00e4nderungen gelten weltweit, wobei Microsoft <strong>l\u00e4nderspezifische Anpassungen<\/strong> vornimmt. Auch der <strong>Nonprofit\u2011Bereich<\/strong> ist betroffen: Die Preise f\u00fcr gemeinn\u00fctzige Organisationen steigen ebenfalls, behalten jedoch weiterhin ihren \u00fcblichen Rabattabstand zu den kommerziellen Listenpreisen bei.<\/p>\n\n\n\n<p>Aktuell liegen die neuen Preise ausschlie\u00dflich in <strong>US\u2011Dollar<\/strong> vor. Die <strong>EUR und CHF Preislisten<\/strong> werden erst n\u00e4her zum Stichtag bereitgestellt und richten sich an den jeweils g\u00fcltigen Wechselkursen. Unternehmen und Partner sollen informiert werden, sobald die finalen Preise verf\u00fcgbar sind.<\/p>\n<\/div>\n<\/div>\n\n\n\n<h2 class=\"wp-block-heading is-style-border-left wp-block-heading\" id=\"h-erwartete-preiserhohungen\">Erwartete Preiserh\u00f6hungen<\/h2>\n\n\n\n<figure class=\"wp-block-table alignwide\"><table class=\"has-fixed-layout\"><tbody><tr><td><strong>SKU<\/strong><\/td><td><strong>Gesch\u00e4tzte Preiserh\u00f6hung<\/strong><\/td><\/tr><tr><td>Business Basic<\/td><td>16%<\/td><\/tr><tr><td>Business Standard<\/td><td>12%<\/td><\/tr><tr><td>Business Premium<\/td><td>0%<\/td><\/tr><tr><td>O365 E1<\/td><td>0%<\/td><\/tr><tr><td>O365 E3<\/td><td>13%<\/td><\/tr><tr><td>M365 E3<\/td><td>8%<\/td><\/tr><tr><td>M365 E5<\/td><td>5%<\/td><\/tr><tr><td>M365 F1<\/td><td>33%<\/td><\/tr><tr><td>M365 F3<\/td><td>25%<\/td><\/tr><\/tbody><\/table><\/figure>\n\n\n\n<div class=\"wp-block-columns has-grey-background-color has-background is-layout-flex wp-container-core-columns-is-layout-9d6595d7 wp-block-columns-is-layout-flex\">\n<div class=\"wp-block-column is-layout-flow wp-block-column-is-layout-flow\">\n<h2 class=\"wp-block-heading alignwide is-style-border-left wp-block-heading\" id=\"h-neue-funktionen-und-erweiterte-features\">Neue Funktionen und erweiterte Features<\/h2>\n\n\n\n<p class=\"alignwide has-text-align-wide\">Parallel zu den Preisanpassungen f\u00fchrt Microsoft eine Reihe signifikanter <strong>Funktions\u2011Updates<\/strong> ein, die \u00fcber mehrere Microsoft\u2011365\u2011SKUs hinweg gelten. Diese neuen Features sollen <strong>zus\u00e4tzlichen Mehrwert<\/strong> schaffen und die Produktivit\u00e4t, Sicherheit und IT\u2011Effizienz in Unternehmen deutlich verbessern. Eine \u00dcbersicht der neuen Funktionen wurde ebenfalls bereitgestellt.<\/p>\n\n\n\n<div class=\"wp-block-buttons is-content-justification-center is-layout-flex wp-container-core-buttons-is-layout-16018d1d wp-block-buttons-is-layout-flex\">\n<div class=\"wp-block-button\"><a class=\"wp-block-button__link wp-element-button\" href=\"https:\/\/www.infinigate.com\/de\/wp-content\/uploads\/sites\/25\/2025\/12\/New_capabilities_Tabelle_Bild.pdf\">Zur \u00dcbersicht<\/a><\/div>\n<\/div>\n<\/div>\n<\/div>\n\n\n\n<div class=\"wp-block-columns has-blue-background-color has-background is-layout-flex wp-container-core-columns-is-layout-9d6595d7 wp-block-columns-is-layout-flex\">\n<div class=\"wp-block-column is-layout-flow wp-block-column-is-layout-flow\">\n<h2 class=\"wp-block-heading is-style-border-left wp-block-heading\" id=\"h-preise-sichern-handlungsoptionen-fur-partner-und-kunden\">Preise sichern: Handlungsoptionen f\u00fcr Partner und Kunden<\/h2>\n\n\n\n<p>Kunden und Partner, die den <strong>aktuellen Preis f\u00fcr weitere 12 Monate<\/strong> sichern m\u00f6chten, haben die M\u00f6glichkeit, noch vor dem 1. Juli 2026 entsprechende Verl\u00e4ngerungen oder Neuabschl\u00fcsse vorzunehmen.<\/p>\n<\/div>\n<\/div>\n\n\n\n<div class=\"wp-block-buttons is-layout-flex wp-block-buttons-is-layout-flex\">\n<div class=\"wp-block-button\"><a class=\"wp-block-button__link wp-element-button\" href=\"https:\/\/www.infinigate.com\/de\/lp\/h\/microsoft\/microsoft-news\/\">Zur\u00fcck zur Microsoft News \u00dcbersicht<\/a><\/div>\n<\/div>\n\n\n\n<div class=\"wp-block-cover alignwide\" id=\"kontakt\"><img loading=\"lazy\" decoding=\"async\" width=\"1920\" height=\"1080\" class=\"wp-block-cover__image-background wp-image-4092\" alt=\"\" src=\"https:\/\/www.infinigate.com\/de\/wp-content\/uploads\/sites\/25\/2024\/03\/Digital_Textures_V2.jpg\" data-object-fit=\"cover\" srcset=\"https:\/\/www.infinigate.com\/de\/wp-content\/uploads\/sites\/25\/2024\/03\/Digital_Textures_V2.jpg 1920w, https:\/\/www.infinigate.com\/de\/wp-content\/uploads\/sites\/25\/2024\/03\/Digital_Textures_V2-300x169.jpg 300w, https:\/\/www.infinigate.com\/de\/wp-content\/uploads\/sites\/25\/2024\/03\/Digital_Textures_V2-1024x576.jpg 1024w, https:\/\/www.infinigate.com\/de\/wp-content\/uploads\/sites\/25\/2024\/03\/Digital_Textures_V2-768x432.jpg 768w, https:\/\/www.infinigate.com\/de\/wp-content\/uploads\/sites\/25\/2024\/03\/Digital_Textures_V2-1536x864.jpg 1536w\" sizes=\"auto, (max-width: 1920px) 100vw, 1920px\" \/><span aria-hidden=\"true\" class=\"wp-block-cover__background has-blue-background-color has-background-dim-0 has-background-dim\"><\/span><div class=\"wp-block-cover__inner-container is-layout-constrained wp-block-cover-is-layout-constrained\">\n<div class=\"wp-block-columns is-layout-flex wp-container-core-columns-is-layout-9d6595d7 wp-block-columns-is-layout-flex\">\n<div class=\"wp-block-column is-layout-flow wp-block-column-is-layout-flow\" style=\"flex-basis:66.66%\">\n<h3 class=\"wp-block-heading has-text-align-left is-style-border-left has-white-color has-text-color has-link-color wp-elements-5e57d240bdb551a94311221d2fc7336c\" id=\"h-kontakt\">Kontakt<\/h3>\n\n\n\n<p>Wir unterst\u00fctzen Sie gerne bei allen Fragen zu Lizenzoptionen, Vertragslaufzeiten und Optimierungsm\u00f6glichkeiten!<br>Kontaktieren Sie uns:<br><\/p>\n<\/div>\n\n\n\n<div class=\"wp-block-column is-vertically-aligned-center is-layout-flow wp-block-column-is-layout-flow\" style=\"flex-basis:33.33%\">\n<p class=\"has-text-align-center has-white-color has-text-color has-link-color wp-elements-ff45b21d7ce4dc63fd349a753acab66b\"><a href=\"mailto:microsoft@infinigate.de\">microsoft@infinigate.de<br><\/a><a href=\"tel:+498989048580\">+49 89 89048-580<\/a><\/p>\n\n\n\n<div class=\"wp-block-buttons is-content-justification-center is-layout-flex wp-container-core-buttons-is-layout-16018d1d wp-block-buttons-is-layout-flex\">\n<div class=\"wp-block-button\"><a class=\"wp-block-button__link wp-element-button\" href=\"mailto:microsoft@infinigate.de\">Kontakt aufnehmen<\/a><\/div>\n<\/div>\n<\/div>\n<\/div>\n<\/div><\/div>\n","protected":false},"excerpt":{"rendered":"<p>Microsoft hat eine globale Preis\u00e4nderung f\u00fcr zahlreiche Microsoft\u2011365\u2011SKUs angek\u00fcndigt, die zum 1. Juli 2026 in Kraft tritt. Die Anpassungen sollen&hellip;<\/p>\n","protected":false},"author":48,"featured_media":27855,"parent":17789,"menu_order":0,"comment_status":"closed","ping_status":"closed","template":"","meta":{"_acf_changed":false,"footnotes":""},"folder":[488],"class_list":["post-36846","page","type-page","status-publish","has-post-thumbnail","hentry"],"acf":[],"distributor_meta":false,"distributor_terms":false,"distributor_media":false,"distributor_original_site_name":"Infinigate | Deutschland","distributor_original_site_url":"https:\/\/www.infinigate.com\/de","push-errors":false,"_links":{"self":[{"href":"https:\/\/www.infinigate.com\/de\/wp-json\/wp\/v2\/pages\/36846","targetHints":{"allow":["GET"]}}],"collection":[{"href":"https:\/\/www.infinigate.com\/de\/wp-json\/wp\/v2\/pages"}],"about":[{"href":"https:\/\/www.infinigate.com\/de\/wp-json\/wp\/v2\/types\/page"}],"author":[{"embeddable":true,"href":"https:\/\/www.infinigate.com\/de\/wp-json\/wp\/v2\/users\/48"}],"replies":[{"embeddable":true,"href":"https:\/\/www.infinigate.com\/de\/wp-json\/wp\/v2\/comments?post=36846"}],"version-history":[{"count":0,"href":"https:\/\/www.infinigate.com\/de\/wp-json\/wp\/v2\/pages\/36846\/revisions"}],"up":[{"embeddable":true,"href":"https:\/\/www.infinigate.com\/de\/wp-json\/wp\/v2\/pages\/17789"}],"wp:featuredmedia":[{"embeddable":true,"href":"https:\/\/www.infinigate.com\/de\/wp-json\/wp\/v2\/media\/27855"}],"wp:attachment":[{"href":"https:\/\/www.infinigate.com\/de\/wp-json\/wp\/v2\/media?parent=36846"}],"wp:term":[{"taxonomy":"folder","embeddable":true,"href":"https:\/\/www.infinigate.com\/de\/wp-json\/wp\/v2\/folder?post=36846"}],"curies":[{"name":"wp","href":"https:\/\/api.w.org\/{rel}","templated":true}]}}