{"id":36869,"date":"2025-12-23T15:32:45","date_gmt":"2025-12-23T14:32:45","guid":{"rendered":"https:\/\/www.infinigate.com\/de\/?page_id=36869"},"modified":"2025-12-23T15:32:46","modified_gmt":"2025-12-23T14:32:46","slug":"wichtige-neuerungen-zu-ki-und-microsoft-365-copilot","status":"publish","type":"page","link":"https:\/\/www.infinigate.com\/de\/lp\/h\/microsoft\/wichtige-neuerungen-zu-ki-und-microsoft-365-copilot\/","title":{"rendered":"Wichtige Neuerungen zu KI und Microsoft 365 Copilot im Detail"},"content":{"rendered":"\n<figure class=\"wp-block-image alignwide size-full\"><img loading=\"lazy\" decoding=\"async\" width=\"1280\" height=\"400\" src=\"https:\/\/www.infinigate.com\/de\/wp-content\/uploads\/sites\/25\/2025\/12\/microsoft-ignite-2025.jpg\" alt=\"Microsoft Ignite 2025\" class=\"wp-image-36871\" srcset=\"https:\/\/www.infinigate.com\/de\/wp-content\/uploads\/sites\/25\/2025\/12\/microsoft-ignite-2025.jpg 1280w, https:\/\/www.infinigate.com\/de\/wp-content\/uploads\/sites\/25\/2025\/12\/microsoft-ignite-2025-300x94.jpg 300w, https:\/\/www.infinigate.com\/de\/wp-content\/uploads\/sites\/25\/2025\/12\/microsoft-ignite-2025-1024x320.jpg 1024w, https:\/\/www.infinigate.com\/de\/wp-content\/uploads\/sites\/25\/2025\/12\/microsoft-ignite-2025-768x240.jpg 768w\" sizes=\"auto, (max-width: 1280px) 100vw, 1280px\" \/><\/figure>\n\n\n\n<h3 class=\"wp-block-heading alignwide wp-block-heading\" id=\"h-auf-der-microsoft-ignite-2025-wurde-das-grosste-copilot-update-des-jahres-vorgestellt-microsoft-bietet-nun-eine-deutlich-personalisiertere-nutzererfahrung-in-microsoft-365-die-neuen-funktionen-reichen-von-der-einfachen-erstellung-von-dokumenten-und-powerpoint-prasentationen-bis-hin-zur-direkten-sprachinteraktion-mit-copilot-fur-eine-freihandige-bedienung-mit-intelligenteren-agents-und-sprachintegration-wird-copilot-noch-intuitiver-und-fugt-sich-nahtlos-in-den-arbeitsalltag-ein\">Auf der Microsoft Ignite 2025 wurde das gr\u00f6\u00dfte Copilot-Update des Jahres vorgestellt. Microsoft bietet nun eine deutlich personalisiertere Nutzererfahrung in Microsoft 365. Die neuen Funktionen reichen von der einfachen Erstellung von Dokumenten und PowerPoint-Pr\u00e4sentationen bis hin zur direkten Sprachinteraktion mit Copilot f\u00fcr eine freih\u00e4ndige Bedienung. Mit intelligenteren Agents und Sprachintegration wird Copilot noch intuitiver und f\u00fcgt sich nahtlos in den Arbeitsalltag ein.<\/h3>\n\n\n\n<div class=\"wp-block-columns has-blue-background-color has-background is-layout-flex wp-container-core-columns-is-layout-9d6595d7 wp-block-columns-is-layout-flex\">\n<div class=\"wp-block-column is-layout-flow wp-block-column-is-layout-flow\">\n<h2 class=\"wp-block-heading is-style-border-left wp-block-heading\" id=\"h-warum-diese-anderungen\">Warum diese \u00c4nderungen?<\/h2>\n\n\n\n<p>Microsoft reagiert mit diesen Neuerungen auf die steigende Nachfrage nach KI-Tools. Ziel ist es, Anwendern Zeit zu sparen, indem wiederkehrende manuelle Aufgaben reduziert werden. Bisher konnte Copilot Aufgaben wie das Schreiben von E-Mails gut \u00fcbernehmen, war jedoch in Bereichen wie Content-Erstellung und Datenanalyse eingeschr\u00e4nkt. Die aktuellen Updates beheben diese Schw\u00e4chen durch neue intelligente Funktionen und Tools zur Produktivit\u00e4tssteigerung.<br>Besonders im Fokus stehen Verbesserungen bei der Contenterstellung sowie neue Kommunikationsfunktionen, unter anderem in SharePoint.<\/p>\n<\/div>\n<\/div>\n\n\n    <section style=\"--content-grid--columns: 2;\" class=\"content-grid wp-block animate content-grid--2-columns alignfull\">\r\n        <div class=\"content-grid__inner\">\r\n            \r\n\r\n                                <h2 class=\"content-grid__heading has--heading-border\">Was ist neu?<\/h2>\r\n            \r\n\r\n            \r\n                    \r\n                                                    \r\n                    \r\n                                                                        <div class=\"content-grid__items\">\r\n                                                                            <div class=\"content-grid__item has-background has-gray-25-background-color\">\r\n                                            \r\n                                                \r\n                                        \r\n                                                                                        <h3 class=\"content-grid__item__heading\">Copilot Business f\u00fcr KMU<\/h3>\r\n                                        \r\n                                                                        <div class=\" content-grid__item__subheading\">\r\n                                            <p>Microsoft f\u00fchrt \u201eMicrosoft 365 Copilot Business\u201c ein \u2013 speziell f\u00fcr Kunden mit Business Standard oder Business Premium. Copilot ist hier kein Add-on mehr, sondern fest integriert und kostet nur 20,69 \u20ac pro Nutzer\/Monat (statt bisher 29,51 \u20ac als separates Add-on). Damit werden leistungsstarke KI-Funktionen f\u00fcr kleine und mittelst\u00e4ndische Unternehmen deutlich g\u00fcnstiger.<\/p>\n                                <\/div>\r\n                                        \r\n                                        \r\n                        <\/div>\r\n                                                                            <div class=\"content-grid__item has-background has-gray-25-background-color\">\r\n                                            \r\n                                                \r\n                                        \r\n                                                                                        <h3 class=\"content-grid__item__heading\">Neue Agents f\u00fcr Word, Excel und PowerPoint<\/h3>\r\n                                        \r\n                                                                        <div class=\" content-grid__item__subheading\">\r\n                                            <p><strong>Word Agent:<\/strong> erstellt komplette Dokumente aus einfachen Prompts \u2013 spart Zeit beim Schreiben.<br \/>\n<strong>Excel Agent:<\/strong> analysiert Daten, erstellt Diagramme, liefert Analysen und Zusammenfassungen \u2013 ideal f\u00fcr verst\u00e4ndliche Reports.<br \/>\n<strong>PowerPoint Agent:<\/strong> baut komplette Pr\u00e4sentationen inklusive Design aus einem Prompt \u2013 spart Layout- und Formatierungsaufwand.<\/p>\n                                <\/div>\r\n                                        \r\n                                        \r\n                        <\/div>\r\n                                                                            <div class=\"content-grid__item has-background has-gray-25-background-color\">\r\n                                            \r\n                                                \r\n                                        \r\n                                                                                        <h3 class=\"content-grid__item__heading\">Agent Mode in Apps<\/h3>\r\n                                        \r\n                                                                        <div class=\" content-grid__item__subheading\">\r\n                                            <p>Zus\u00e4tzlich gibt es den neuen \u201eAgent Mode\u201c in Word, Excel und PowerPoint. Anders als die Agents erstellt er keine kompletten Dokumente, sondern unterst\u00fctzt beim Bearbeiten, Formatieren und bei der Anpassung an Unternehmensvorlagen.<\/p>\n                                <\/div>\r\n                                        \r\n                                        \r\n                        <\/div>\r\n                                                                            <div class=\"content-grid__item has-background has-gray-25-background-color\">\r\n                                            \r\n                                                \r\n                                        \r\n                                                                                        <h3 class=\"content-grid__item__heading\">Outlook-Updates<\/h3>\r\n                                        \r\n                                                                        <div class=\" content-grid__item__subheading\">\r\n                                            <p>Outlook erh\u00e4lt Funktionen wie die Sprachintegration, das Zusammenfassen von E-Mails, das Diktieren von Antworten und die Terminplanung.<\/p>\n                                <\/div>\r\n                                        \r\n                                        \r\n                        <\/div>\r\n                                                                            <div class=\"content-grid__item has-background has-gray-25-background-color\">\r\n                                            \r\n                                                \r\n                                        \r\n                                                                                        <h3 class=\"content-grid__item__heading\">Work IQ &amp; SharePoint<\/h3>\r\n                                        \r\n                                                                        <div class=\" content-grid__item__subheading\">\r\n                                            <p>Copilot verf\u00fcgt nun \u00fcber ein Ged\u00e4chtnis f\u00fcr die Kommunikationshistorie: Fr\u00fchere Eingaben werden ber\u00fccksichtigt, um personalisierte Antworten zu liefern. In SharePoint nutzt Copilot Metadaten und Kontext, um pr\u00e4zisere Informationen zu Dokumenten und Bibliotheken bereitzustellen.<\/p>\n                                <\/div>\r\n                                        \r\n                                        \r\n                        <\/div>\r\n                                                                            <div class=\"content-grid__item has-background has-gray-25-background-color\">\r\n                                            \r\n                                                \r\n                                        \r\n                                                                                        <h3 class=\"content-grid__item__heading\">Voice in Copilot<\/h3>\r\n                                        \r\n                                                                        <div class=\" content-grid__item__subheading\">\r\n                                            <p>direkte Sprachsteuerung f\u00fcr Copilot \u2013 ideal f\u00fcr mobile oder freih\u00e4ndige Nutzung<\/p>\n                                <\/div>\r\n                                        \r\n                                        \r\n                        <\/div>\r\n                                                                            <div class=\"content-grid__item has-background has-gray-25-background-color\">\r\n                                            \r\n                                                \r\n                                        \r\n                                                                                        <h3 class=\"content-grid__item__heading\">Copilot Notebook<\/h3>\r\n                                        \r\n                                                                        <div class=\" content-grid__item__subheading\">\r\n                                            <p>zentrale \u00dcbersicht aller aktiven Notebooks inklusive Video-\u00dcbersichtsfunktion f\u00fcr schnelle Zusammenfassungen und einfaches Teilen<\/p>\n                                <\/div>\r\n                                        \r\n                                        \r\n                        <\/div>\r\n                                                                            <div class=\"content-grid__item has-background has-gray-25-background-color\">\r\n                                            \r\n                                                \r\n                                        \r\n                                                                                        <h3 class=\"content-grid__item__heading\">Sora 2 Integration<\/h3>\r\n                                        \r\n                                                                        <div class=\" content-grid__item__subheading\">\r\n                                            <p>KI-gest\u00fctzte Videoerstellung mit OpenAI Sora 2: Kurze Clips aus Text-Prompts generieren oder Stock-Footage ersetzen \u2013 perfekt f\u00fcr Marketing und schnelle Demos<\/p>\n                                <\/div>\r\n                                        \r\n                                        \r\n                        <\/div>\r\n                                                    <\/div>\r\n                                    <\/div>\r\n    <\/section>\r\n\n\n\n<div class=\"wp-block-columns has-grey-background-color has-background is-layout-flex wp-container-core-columns-is-layout-9d6595d7 wp-block-columns-is-layout-flex\">\n<div class=\"wp-block-column is-layout-flow wp-block-column-is-layout-flow\">\n<h2 class=\"wp-block-heading alignwide is-style-border-left wp-block-heading\" id=\"h-auswirkungen-auf-unternehmen\">Auswirkungen auf Unternehmen<\/h2>\n\n\n\n<p class=\"alignwide has-text-align-wide\">Die neuen Funktionen steigern sowohl die Produktivit\u00e4t als auch die Content-Erstellung. Besonders f\u00fcr KMU ist der neue Copilot Business-Plan interessant: F\u00fcr nur 20,69 \u20ac pro Nutzer\/Monat erhalten diese identische leistungsstarke KI-Tools wie gro\u00dfe Unternehmen \u2013 ohne komplexe Skalierung.<br>Von Dokumentenerstellung \u00fcber Datenanalyse bis hin zu Video-Content: Diese Updates sparen Zeit, senken Kosten und erm\u00f6glichen effizienteres Arbeiten.<\/p>\n<\/div>\n<\/div>\n\n\n\n<div class=\"wp-block-buttons is-layout-flex wp-block-buttons-is-layout-flex\">\n<div class=\"wp-block-button\"><a class=\"wp-block-button__link wp-element-button\" href=\"https:\/\/www.infinigate.com\/de\/lp\/h\/microsoft\/microsoft-news\/\">Zur\u00fcck zur Microsoft News \u00dcbersicht<\/a><\/div>\n<\/div>\n\n\n\n<div class=\"wp-block-cover alignwide\" id=\"kontakt\"><img loading=\"lazy\" decoding=\"async\" width=\"1920\" height=\"1080\" class=\"wp-block-cover__image-background wp-image-4092\" alt=\"\" src=\"https:\/\/www.infinigate.com\/de\/wp-content\/uploads\/sites\/25\/2024\/03\/Digital_Textures_V2.jpg\" data-object-fit=\"cover\" srcset=\"https:\/\/www.infinigate.com\/de\/wp-content\/uploads\/sites\/25\/2024\/03\/Digital_Textures_V2.jpg 1920w, https:\/\/www.infinigate.com\/de\/wp-content\/uploads\/sites\/25\/2024\/03\/Digital_Textures_V2-300x169.jpg 300w, https:\/\/www.infinigate.com\/de\/wp-content\/uploads\/sites\/25\/2024\/03\/Digital_Textures_V2-1024x576.jpg 1024w, https:\/\/www.infinigate.com\/de\/wp-content\/uploads\/sites\/25\/2024\/03\/Digital_Textures_V2-768x432.jpg 768w, https:\/\/www.infinigate.com\/de\/wp-content\/uploads\/sites\/25\/2024\/03\/Digital_Textures_V2-1536x864.jpg 1536w\" sizes=\"auto, (max-width: 1920px) 100vw, 1920px\" \/><span aria-hidden=\"true\" class=\"wp-block-cover__background has-blue-background-color has-background-dim-0 has-background-dim\"><\/span><div class=\"wp-block-cover__inner-container is-layout-constrained wp-block-cover-is-layout-constrained\">\n<div class=\"wp-block-columns is-layout-flex wp-container-core-columns-is-layout-9d6595d7 wp-block-columns-is-layout-flex\">\n<div class=\"wp-block-column is-layout-flow wp-block-column-is-layout-flow\" style=\"flex-basis:66.66%\">\n<h3 class=\"wp-block-heading has-text-align-left is-style-border-left has-white-color has-text-color has-link-color wp-elements-e545a6d76c52024a85c499786b90d261\" id=\"h-wie-wir-sie-unterstutzen-0\">Wie wir Sie unterst\u00fctzen<\/h3>\n\n\n\n<p>Infinigate bietet den <strong>Copilot Voyager Kurs<\/strong> f\u00fcr alle Partner an \u2013 praxisnahes Training zu den neuesten Copilot-Funktionen. Zus\u00e4tzlich beraten wir zu Lizenzierung und Implementierungsstrategien, damit Sie die passende Copilot-L\u00f6sung f\u00fcr Ihr Unternehmen finden.<br>Kontaktieren Sie uns:<br><\/p>\n<\/div>\n\n\n\n<div class=\"wp-block-column is-vertically-aligned-center is-layout-flow wp-block-column-is-layout-flow\" style=\"flex-basis:33.33%\">\n<p class=\"has-text-align-center has-white-color has-text-color has-link-color wp-elements-ff45b21d7ce4dc63fd349a753acab66b\"><a href=\"mailto:microsoft@infinigate.de\">microsoft@infinigate.de<br><\/a><a href=\"tel:+498989048580\">+49 89 89048-580<\/a><\/p>\n\n\n\n<div class=\"wp-block-buttons is-content-justification-center is-layout-flex wp-container-core-buttons-is-layout-16018d1d wp-block-buttons-is-layout-flex\">\n<div class=\"wp-block-button\"><a class=\"wp-block-button__link wp-element-button\" href=\"mailto:microsoft@infinigate.de\">Kontakt aufnehmen<\/a><\/div>\n<\/div>\n<\/div>\n<\/div>\n<\/div><\/div>\n","protected":false},"excerpt":{"rendered":"<p>Auf der Microsoft Ignite 2025 wurde das gr\u00f6\u00dfte Copilot-Update des Jahres vorgestellt. Microsoft bietet nun eine deutlich personalisiertere Nutzererfahrung in&hellip;<\/p>\n","protected":false},"author":48,"featured_media":27855,"parent":17789,"menu_order":0,"comment_status":"closed","ping_status":"closed","template":"","meta":{"_acf_changed":false,"footnotes":""},"folder":[488],"class_list":["post-36869","page","type-page","status-publish","has-post-thumbnail","hentry"],"acf":[],"distributor_meta":false,"distributor_terms":false,"distributor_media":false,"distributor_original_site_name":"Infinigate | Deutschland","distributor_original_site_url":"https:\/\/www.infinigate.com\/de","push-errors":false,"_links":{"self":[{"href":"https:\/\/www.infinigate.com\/de\/wp-json\/wp\/v2\/pages\/36869","targetHints":{"allow":["GET"]}}],"collection":[{"href":"https:\/\/www.infinigate.com\/de\/wp-json\/wp\/v2\/pages"}],"about":[{"href":"https:\/\/www.infinigate.com\/de\/wp-json\/wp\/v2\/types\/page"}],"author":[{"embeddable":true,"href":"https:\/\/www.infinigate.com\/de\/wp-json\/wp\/v2\/users\/48"}],"replies":[{"embeddable":true,"href":"https:\/\/www.infinigate.com\/de\/wp-json\/wp\/v2\/comments?post=36869"}],"version-history":[{"count":0,"href":"https:\/\/www.infinigate.com\/de\/wp-json\/wp\/v2\/pages\/36869\/revisions"}],"up":[{"embeddable":true,"href":"https:\/\/www.infinigate.com\/de\/wp-json\/wp\/v2\/pages\/17789"}],"wp:featuredmedia":[{"embeddable":true,"href":"https:\/\/www.infinigate.com\/de\/wp-json\/wp\/v2\/media\/27855"}],"wp:attachment":[{"href":"https:\/\/www.infinigate.com\/de\/wp-json\/wp\/v2\/media?parent=36869"}],"wp:term":[{"taxonomy":"folder","embeddable":true,"href":"https:\/\/www.infinigate.com\/de\/wp-json\/wp\/v2\/folder?post=36869"}],"curies":[{"name":"wp","href":"https:\/\/api.w.org\/{rel}","templated":true}]}}