{"id":36890,"date":"2025-12-23T16:27:22","date_gmt":"2025-12-23T15:27:22","guid":{"rendered":"https:\/\/www.infinigate.com\/de\/?page_id=36890"},"modified":"2026-01-14T12:15:33","modified_gmt":"2026-01-14T11:15:33","slug":"microsoft-ignite-2025-azure-updates","status":"publish","type":"page","link":"https:\/\/www.infinigate.com\/de\/lp\/h\/microsoft\/microsoft-ignite-2025-azure-updates\/","title":{"rendered":"Microsoft Ignite 2025: Azure-Updates im \u00dcberblick"},"content":{"rendered":"\n<figure class=\"wp-block-image alignwide size-full\"><img loading=\"lazy\" decoding=\"async\" width=\"1280\" height=\"400\" src=\"https:\/\/www.infinigate.com\/de\/wp-content\/uploads\/sites\/25\/2025\/12\/azure-update-im-ueberblick.jpg\" alt=\"Azure-Updates im \u00dcberblick\" class=\"wp-image-36893\" srcset=\"https:\/\/www.infinigate.com\/de\/wp-content\/uploads\/sites\/25\/2025\/12\/azure-update-im-ueberblick.jpg 1280w, https:\/\/www.infinigate.com\/de\/wp-content\/uploads\/sites\/25\/2025\/12\/azure-update-im-ueberblick-300x94.jpg 300w, https:\/\/www.infinigate.com\/de\/wp-content\/uploads\/sites\/25\/2025\/12\/azure-update-im-ueberblick-1024x320.jpg 1024w, https:\/\/www.infinigate.com\/de\/wp-content\/uploads\/sites\/25\/2025\/12\/azure-update-im-ueberblick-768x240.jpg 768w\" sizes=\"auto, (max-width: 1280px) 100vw, 1280px\" \/><\/figure>\n\n\n\n<h3 class=\"wp-block-heading alignwide wp-block-heading\" id=\"h-die-azure-ankundigungen-auf-der-microsoft-ignite-2025-konzentrieren-sich-auf-drei-zentrale-saulen\">Die Azure-Ank\u00fcndigungen auf der Microsoft Ignite 2025 konzentrieren sich auf drei zentrale S\u00e4ulen:<\/h3>\n\n\n    <section style=\"--content-grid--columns: 3;\" class=\"content-grid wp-block animate content-grid--3-columns alignfull\">\r\n        <div class=\"content-grid__inner\">\r\n            \r\n\r\n            \r\n\r\n            \r\n                    \r\n                                                    \r\n                    \r\n                                                                        <div class=\"content-grid__items\">\r\n                                                                            <div class=\"content-grid__item has-background has-gray-25-background-color\">\r\n                                            \r\n                                                \r\n                                        \r\n                                                                                        <h3 class=\"content-grid__item__heading\">Microsoft Foundry: <\/h3>\r\n                                        \r\n                                                                        <div class=\" content-grid__item__subheading\">\r\n                                            <p>eine einheitliche Plattform f\u00fcr die Entwicklung, Bereitstellung und Governance von KI-Agents in gro\u00dfem Ma\u00dfstab<\/p>\n                                <\/div>\r\n                                        \r\n                                        \r\n                        <\/div>\r\n                                                                            <div class=\"content-grid__item has-background has-gray-25-background-color\">\r\n                                            \r\n                                                \r\n                                        \r\n                                                                                        <h3 class=\"content-grid__item__heading\">Microsoft Fabric IQ:<\/h3>\r\n                                        \r\n                                                                        <div class=\" content-grid__item__subheading\">\r\n                                            <p>eine semantische Intelligenzschicht, die Rohdaten in verwertbaren Gesch\u00e4ftskontext verwandelt<\/p>\n                                <\/div>\r\n                                        \r\n                                        \r\n                        <\/div>\r\n                                                                            <div class=\"content-grid__item has-background has-gray-25-background-color\">\r\n                                            \r\n                                                \r\n                                        \r\n                                                                                        <h3 class=\"content-grid__item__heading\">Agentic Cloud:<\/h3>\r\n                                        \r\n                                                                        <div class=\" content-grid__item__subheading\">\r\n                                            <p>autonome KI-Agents, integriert in Azure Copilot und Microsoft 365<\/p>\n                                <\/div>\r\n                                        \r\n                                        \r\n                        <\/div>\r\n                                                    <\/div>\r\n                                    <\/div>\r\n    <\/section>\r\n\n\n\n<p class=\"alignwide has-text-align-wide\">Diese drei Bereiche machen KI nicht nur zu einem Add-on, sondern zum R\u00fcckgrat von Data-&amp;-AI-Workflows. F\u00fcr MSPs er\u00f6ffnen sich ganz neue Chancen: KI-basierte Managed Services, h\u00f6here Effizienz und zus\u00e4tzlicher Mehrwert f\u00fcr Kunden.<\/p>\n\n\n\n<br>\n\n\n\n<div class=\"wp-block-columns has-blue-background-color has-background is-layout-flex wp-container-core-columns-is-layout-9d6595d7 wp-block-columns-is-layout-flex\">\n<div class=\"wp-block-column is-layout-flow wp-block-column-is-layout-flow\">\n<h2 class=\"wp-block-heading is-style-border-left wp-block-heading\" id=\"h-wichtige-neuerungen\">Wichtige Neuerungen<\/h2>\n\n\n\n<ul class=\"wp-block-list\">\n<li><strong>Azure Copilot mit Agentic Mode:<\/strong> unterst\u00fctzt jetzt sechs spezialisierte KI-Agents f\u00fcr Deployment, Migration, Optimierung, Visibilit\u00e4t, Resilienz und Troubleshooting \u2013 f\u00fcr schnellere und sicherere Infrastrukturverwaltung<\/li>\n\n\n\n<li><strong>Azure HorizonDB (Preview):<\/strong> PostgreSQL-kompatible Datenbank, optimiert f\u00fcr KI-Workloads und High-Performance-Analytics<\/li>\n\n\n\n<li><strong>Cosmos DB-Verbesserungen:<\/strong> Vektorsuche, semantisches Reranking und Integration mit Foundry Agent Service f\u00fcr Multi-Agent-Workflows<\/li>\n\n\n\n<li><strong>Azure Boost &amp; Cobalt 200 CPUs:<\/strong> Hardware-Beschleunigung f\u00fcr Netzwerk und Storage sowie energieeffiziente ARM-basierte CPUs f\u00fcr KI-Workloads<\/li>\n\n\n\n<li><strong>SQL Server 2025 GA:<\/strong> Verbesserte KI-Integration, Performance-Optimierungen f\u00fcr hybride Deployments und sichere Datenverarbeitung<\/li>\n\n\n\n<li><strong>Smart Tier Storage:<\/strong> Automatisches Tiering f\u00fcr Blob- und Data-Lake-Storage ohne Egress-Kosten<\/li>\n\n\n\n<li><strong>Defender for Cloud + GitHub:<\/strong> native Integration f\u00fcr erweiterte Sicherheit \u2013 Kampagnen starten und Issues zur Nachverfolgung direkt in GitHub \u00f6ffnen<\/li>\n\n\n\n<li><strong>GitHub Copilot-Integration:<\/strong> verbesserte Produktivit\u00e4t in Visual Studio Code und SQL Server Management Studio<\/li>\n<\/ul>\n<\/div>\n<\/div>\n\n\n    <section style=\"--content-grid--columns: 3;\" class=\"content-grid wp-block animate content-grid--3-columns alignfull\">\r\n        <div class=\"content-grid__inner\">\r\n            \r\n\r\n                                <h2 class=\"content-grid__heading has--heading-border\">Deep Dive: Foundry, Fabric &amp; Agents<\/h2>\r\n            \r\n\r\n            \r\n                    \r\n                                                    \r\n                    \r\n                                                                        <div class=\"content-grid__items\">\r\n                                                                            <div class=\"content-grid__item has-background has-gray-25-background-color\">\r\n                                            \r\n                                                \r\n                                        \r\n                                                                                        <h3 class=\"content-grid__item__heading\">1. Microsoft Foundry<\/h3>\r\n                                        \r\n                                                                        <div class=\" content-grid__item__subheading\">\r\n                                            <p>Ehemals Azure AI Foundry, jetzt erweitert um:<\/p>\n<ul>\n<li><strong>Foundry IQ:<\/strong> vollst\u00e4ndig verwaltetes System zur Anbindung von KI-Agents an eine zentrale Wissensbasis mit Retrieval \u00fcber mehrere Datenquellen<\/li>\n<li><strong>Agent Factory (GA):<\/strong> vereinfachte Agent-Erstellung und Lifecycle-Management. Neu: Hosted Agents, integrierter Speicher und Multi-Agent-Workflows (Preview), inkl. M365- und Agent 365-Integration<\/li>\n<li><strong>Foundry Control Plane:<\/strong> Governance, Entra-ID-Zuweisung, Sicherheit via Defender und Purview, Observability-Dashboards<\/li>\n<\/ul>\n<p>Foundry erm\u00f6glicht es Ihnen, die Entwicklung von KI-Agents als Managed Service anzubieten, Governance in Ihre Kundenumgebungen zu integrieren und das Risiko von \u201eSchatten-KI\u201c zu reduzieren. Damit werden Sie nicht nur ein Infrastrukturanbieter, sondern ein Anbieter von Datenintelligenz.<\/p>\n                                <\/div>\r\n                                        \r\n                                        \r\n                        <\/div>\r\n                                                                            <div class=\"content-grid__item has-background has-gray-25-background-color\">\r\n                                            \r\n                                                \r\n                                        \r\n                                                                                        <h3 class=\"content-grid__item__heading\">2. Microsoft Fabric<\/h3>\r\n                                        \r\n                                                                        <div class=\" content-grid__item__subheading\">\r\n                                            <p>Fabric IQ bietet eine semantische Intelligenzschicht, die analytische, operative und Zeitreihendaten unter einer Ontologie vereint.<\/p>\n<ul>\n<li><strong>Operational Agents:<\/strong> \u00dcberwachen Daten und handeln autonom unter menschlicher Aufsicht.<\/li>\n<li><strong>Power BI-Integration:<\/strong> Beschleunigt die Einf\u00fchrung f\u00fcr bestehende Analytics-Kunden.<\/li>\n<\/ul>\n<p>Vereinfachen Sie mit Fabric die Modernisierung Ihrer Datenbest\u00e4nde und erm\u00f6glichen Sie Ihren Kunden den \u00dcbergang von fragmentierten Data Lakes zu einer einheitlichen, KI-f\u00e4higen Plattform. Dies f\u00fchrt zu schnelleren \u00dcbersichten, besserer Datenverwaltung und neuen KI-gest\u00fctzten Analysediensten.<\/p>\n                                <\/div>\r\n                                        \r\n                                        \r\n                        <\/div>\r\n                                                                            <div class=\"content-grid__item has-background has-gray-25-background-color\">\r\n                                            \r\n                                                \r\n                                        \r\n                                                                                        <h3 class=\"content-grid__item__heading\">3. Agents Everywhere \u2013 Von Copilot bis Agent 365<\/h3>\r\n                                        \r\n                                                                        <div class=\" content-grid__item__subheading\">\r\n                                            <p>Agent 365 bildet die neue Steuerungsebene f\u00fcr KI-Agents:<\/p>\n<ul>\n<li><strong>Governance:<\/strong> Compliance durch Agent-Tracking und Rogue-Bot-Pr\u00e4vention.<\/li>\n<li><strong>Identity &amp; Security:<\/strong> Entra IDs, Lifecycle-Management, Conditional Access.<\/li>\n<li><strong>Spezialisierte Agents:<\/strong> Sales Development, Workforce Insights, Learning Agents f\u00fcr M365 sowie Azure Copilot Agents f\u00fcr Infrastruktur-Automatisierung.<\/li>\n<\/ul>\n<p>Sie erhalten nun die M\u00f6glichkeit, das Lebenszyklusmanagement von Agenten als neues Managed-Service-Angebot anzubieten. Das beinhaltet Agent-Onboarding, Governance und Optimierung als Teil des Service, um sicherzustellen, dass Kunden KI verantwortungsvoll einsetzen.<\/p>\n                                <\/div>\r\n                                        \r\n                                        \r\n                        <\/div>\r\n                                                    <\/div>\r\n                                    <\/div>\r\n    <\/section>\r\n\n\n\n<div class=\"wp-block-columns has-blue-background-color has-background is-layout-flex wp-container-core-columns-is-layout-9d6595d7 wp-block-columns-is-layout-flex\">\n<div class=\"wp-block-column is-layout-flow wp-block-column-is-layout-flow\">\n<h2 class=\"wp-block-heading alignwide is-style-border-left wp-block-heading\" id=\"h-was-bedeutet-das-fur-sie\">Was bedeutet das f\u00fcr Sie?<\/h2>\n\n\n\n<p class=\"alignwide has-text-align-wide\">Microsoft Ignite 2025 markiert das Ende isolierter KI-Pilotprojekte und den Beginn der unternehmensweiten Einf\u00fchrung von Agentic AI. F\u00fcr MSPs hei\u00dft das:<\/p>\n\n\n\n<ul class=\"wp-block-list\">\n<li>Teams auf Foundry und Fabric schulen<\/li>\n\n\n\n<li>Governance-Frameworks f\u00fcr KI-Agents entwickeln<\/li>\n\n\n\n<li>Managed Services f\u00fcr Agent 365, Fabric IQ und Datenmodernisierung anbieten<\/li>\n\n\n\n<li>Neue Umsatzpotenziale erschlie\u00dfen und sich als Data-&amp;-AI-Intelligence-Anbieter positionieren<\/li>\n<\/ul>\n\n\n\n<p class=\"alignwide has-text-align-wide\">Erschlie\u00dfen Sie neue Einnahmequellen in Ihrem Unternehmen und positionieren Sie sich als Anbieter von Daten- und KI-gest\u00fctzten Analysen. Konzentrieren Sie sich auf solide Daten- und Sicherheitsgrundlagen, um Ihre Kunden auf das neue Zeitalter der KI vorzubereiten und ihnen Echtzeit-Einblicke zu erm\u00f6glichen, ihre betriebliche Effizienz und Leistung zu steigern. Kunden w\u00fcnschen sich schnellere Innovationen, bessere Erkenntnisse und geringere Risiken \u2013 jetzt ist es einfacher, ihnen genau das zu bieten.<\/p>\n<\/div>\n<\/div>\n\n\n    <section style=\"--content-grid--columns: 4;\" class=\"content-grid wp-block animate content-grid--4-columns alignfull\">\r\n        <div class=\"content-grid__inner\">\r\n            \r\n\r\n                                <h2 class=\"content-grid__heading has--heading-border\">Vorteile &amp; F\u00e4higkeiten<\/h2>\r\n            \r\n\r\n            \r\n                    \r\n                                                    \r\n                    \r\n                                                                        <div class=\"content-grid__items\">\r\n                                                                            <div class=\"content-grid__item has-background has-gray-25-background-color\">\r\n                                            \r\n                                                \r\n                                        \r\n                                                                                        <h3 class=\"content-grid__item__heading\">Skalierbarkeit: <\/h3>\r\n                                        \r\n                                                                        <div class=\" content-grid__item__subheading\">\r\n                                            <p>Tausende Agents verwalten, ohne die Kontrolle zu verlieren<\/p>\n                                <\/div>\r\n                                        \r\n                                        \r\n                        <\/div>\r\n                                                                            <div class=\"content-grid__item has-background has-gray-25-background-color\">\r\n                                            \r\n                                                \r\n                                        \r\n                                                                                        <h3 class=\"content-grid__item__heading\">Sicherheit: <\/h3>\r\n                                        \r\n                                                                        <div class=\" content-grid__item__subheading\">\r\n                                            <p>Enterprise-Grade-Identity und Compliance f\u00fcr KI-Workloads<\/p>\n                                <\/div>\r\n                                        \r\n                                        \r\n                        <\/div>\r\n                                                                            <div class=\"content-grid__item has-background has-gray-25-background-color\">\r\n                                            \r\n                                                \r\n                                        \r\n                                                                                        <h3 class=\"content-grid__item__heading\">Performance:<\/h3>\r\n                                        \r\n                                                                        <div class=\" content-grid__item__subheading\">\r\n                                            <p>Hardware-Beschleunigung und Smart Tiering senken Kosten und Latenz<\/p>\n                                <\/div>\r\n                                        \r\n                                        \r\n                        <\/div>\r\n                                                                            <div class=\"content-grid__item has-background has-gray-25-background-color\">\r\n                                            \r\n                                                \r\n                                        \r\n                                                                                        <h3 class=\"content-grid__item__heading\">Flexibilit\u00e4t: <\/h3>\r\n                                        \r\n                                                                        <div class=\" content-grid__item__subheading\">\r\n                                            <p>Zugriff auf mehrere Frontier-Modelle und nahtlose Integration in Microsoft-\u00d6kosysteme<\/p>\n                                <\/div>\r\n                                        \r\n                                        \r\n                        <\/div>\r\n                                                    <\/div>\r\n                                    <\/div>\r\n    <\/section>\r\n\n\n    <section style=\"--content-grid--columns: 3;\" class=\"content-grid wp-block animate content-grid--3-columns alignfull\">\r\n        <div class=\"content-grid__inner\">\r\n            \r\n\r\n                                <h2 class=\"content-grid__heading has--heading-border\">Ihre n\u00e4chsten Schritte<\/h2>\r\n            \r\n\r\n            \r\n                    \r\n                                                    \r\n                    \r\n                                                                        <div class=\"content-grid__items\">\r\n                                                                            <div class=\"content-grid__item has-background has-gray-25-background-color\">\r\n                                            \r\n                                                \r\n                                        \r\n                                        \r\n                                                                        <div class=\" content-grid__item__subheading\">\r\n                                            <p><strong>Testen<\/strong> Sie Foundry und Fabric intern (\u201eCustomer Zero\u201c-Ansatz).<\/p>\n                                <\/div>\r\n                                        \r\n                                        \r\n                        <\/div>\r\n                                                                            <div class=\"content-grid__item has-background has-gray-25-background-color\">\r\n                                            \r\n                                                \r\n                                        \r\n                                        \r\n                                                                        <div class=\" content-grid__item__subheading\">\r\n                                            <p><strong>Entwickeln<\/strong> Sie Paketl\u00f6sungen f\u00fcr Ihre Kunden.<\/p>\n                                <\/div>\r\n                                        \r\n                                        \r\n                        <\/div>\r\n                                                                            <div class=\"content-grid__item has-background has-gray-25-background-color\">\r\n                                            \r\n                                                \r\n                                        \r\n                                        \r\n                                                                        <div class=\" content-grid__item__subheading\">\r\n                                            <p><strong>Positionieren<\/strong> Sie KI als strategischen Enabler, nicht nur als technisches Upgrade.<\/p>\n                                <\/div>\r\n                                        \r\n                                        \r\n                        <\/div>\r\n                                                    <\/div>\r\n                                    <\/div>\r\n    <\/section>\r\n\n\n\n<div class=\"wp-block-buttons is-layout-flex wp-block-buttons-is-layout-flex\">\n<div class=\"wp-block-button\"><a class=\"wp-block-button__link wp-element-button\" href=\"https:\/\/www.infinigate.com\/de\/lp\/h\/microsoft\/microsoft-news\/\">Zur\u00fcck zur Microsoft News \u00dcbersicht<\/a><\/div>\n<\/div>\n\n\n\n<div class=\"wp-block-cover alignwide\" id=\"kontakt\"><img loading=\"lazy\" decoding=\"async\" width=\"1920\" height=\"1080\" class=\"wp-block-cover__image-background wp-image-4092\" alt=\"\" src=\"https:\/\/www.infinigate.com\/de\/wp-content\/uploads\/sites\/25\/2024\/03\/Digital_Textures_V2.jpg\" data-object-fit=\"cover\" srcset=\"https:\/\/www.infinigate.com\/de\/wp-content\/uploads\/sites\/25\/2024\/03\/Digital_Textures_V2.jpg 1920w, https:\/\/www.infinigate.com\/de\/wp-content\/uploads\/sites\/25\/2024\/03\/Digital_Textures_V2-300x169.jpg 300w, https:\/\/www.infinigate.com\/de\/wp-content\/uploads\/sites\/25\/2024\/03\/Digital_Textures_V2-1024x576.jpg 1024w, https:\/\/www.infinigate.com\/de\/wp-content\/uploads\/sites\/25\/2024\/03\/Digital_Textures_V2-768x432.jpg 768w, https:\/\/www.infinigate.com\/de\/wp-content\/uploads\/sites\/25\/2024\/03\/Digital_Textures_V2-1536x864.jpg 1536w\" sizes=\"auto, (max-width: 1920px) 100vw, 1920px\" \/><span aria-hidden=\"true\" class=\"wp-block-cover__background has-blue-background-color has-background-dim-0 has-background-dim\"><\/span><div class=\"wp-block-cover__inner-container is-layout-constrained wp-block-cover-is-layout-constrained\">\n<div class=\"wp-block-columns is-layout-flex wp-container-core-columns-is-layout-9d6595d7 wp-block-columns-is-layout-flex\">\n<div class=\"wp-block-column is-layout-flow wp-block-column-is-layout-flow\" style=\"flex-basis:66.66%\">\n<h3 class=\"wp-block-heading has-text-align-left is-style-border-left has-white-color has-text-color has-link-color wp-elements-d54082c467e618b0545f6c89710b3ca1\" id=\"h-kontakt-zum-microsoft-team\">Kontakt zum Microsoft-Team<\/h3>\n\n\n\n<p>Unser Microsoft Team unterst\u00fctzt Sie gerne bei Ihren vertrieblichen Anfragen, bei Pre-Sales-Themen oder bei geplanten Marketing-Aktivit\u00e4ten.<\/p>\n<\/div>\n\n\n\n<div class=\"wp-block-column is-vertically-aligned-center is-layout-flow wp-block-column-is-layout-flow\" style=\"flex-basis:33.33%\">\n<p class=\"has-text-align-center has-white-color has-text-color has-link-color wp-elements-ff45b21d7ce4dc63fd349a753acab66b\"><a href=\"mailto:microsoft@infinigate.de\">microsoft@infinigate.de<br><\/a><a href=\"tel:+498989048580\">+49 89 89048-580<\/a><\/p>\n\n\n\n<div class=\"wp-block-buttons is-content-justification-center is-layout-flex wp-container-core-buttons-is-layout-16018d1d wp-block-buttons-is-layout-flex\">\n<div class=\"wp-block-button\"><a class=\"wp-block-button__link wp-element-button\" href=\"mailto:microsoft@infinigate.de\">Kontakt aufnehmen<\/a><\/div>\n<\/div>\n<\/div>\n<\/div>\n<\/div><\/div>\n","protected":false},"excerpt":{"rendered":"<p>Die Azure-Ank\u00fcndigungen auf der Microsoft Ignite 2025 konzentrieren sich auf drei zentrale S\u00e4ulen: Diese drei Bereiche machen KI nicht nur&hellip;<\/p>\n","protected":false},"author":48,"featured_media":27855,"parent":17789,"menu_order":0,"comment_status":"closed","ping_status":"closed","template":"","meta":{"_acf_changed":false,"footnotes":""},"folder":[488],"class_list":["post-36890","page","type-page","status-publish","has-post-thumbnail","hentry"],"acf":[],"distributor_meta":false,"distributor_terms":false,"distributor_media":false,"distributor_original_site_name":"Infinigate | Deutschland","distributor_original_site_url":"https:\/\/www.infinigate.com\/de","push-errors":false,"_links":{"self":[{"href":"https:\/\/www.infinigate.com\/de\/wp-json\/wp\/v2\/pages\/36890","targetHints":{"allow":["GET"]}}],"collection":[{"href":"https:\/\/www.infinigate.com\/de\/wp-json\/wp\/v2\/pages"}],"about":[{"href":"https:\/\/www.infinigate.com\/de\/wp-json\/wp\/v2\/types\/page"}],"author":[{"embeddable":true,"href":"https:\/\/www.infinigate.com\/de\/wp-json\/wp\/v2\/users\/48"}],"replies":[{"embeddable":true,"href":"https:\/\/www.infinigate.com\/de\/wp-json\/wp\/v2\/comments?post=36890"}],"version-history":[{"count":0,"href":"https:\/\/www.infinigate.com\/de\/wp-json\/wp\/v2\/pages\/36890\/revisions"}],"up":[{"embeddable":true,"href":"https:\/\/www.infinigate.com\/de\/wp-json\/wp\/v2\/pages\/17789"}],"wp:featuredmedia":[{"embeddable":true,"href":"https:\/\/www.infinigate.com\/de\/wp-json\/wp\/v2\/media\/27855"}],"wp:attachment":[{"href":"https:\/\/www.infinigate.com\/de\/wp-json\/wp\/v2\/media?parent=36890"}],"wp:term":[{"taxonomy":"folder","embeddable":true,"href":"https:\/\/www.infinigate.com\/de\/wp-json\/wp\/v2\/folder?post=36890"}],"curies":[{"name":"wp","href":"https:\/\/api.w.org\/{rel}","templated":true}]}}