{"id":38553,"date":"2026-02-04T16:49:36","date_gmt":"2026-02-04T15:49:36","guid":{"rendered":"https:\/\/www.infinigate.com\/de\/?page_id=38553"},"modified":"2026-02-05T15:41:28","modified_gmt":"2026-02-05T14:41:28","slug":"mssp-hands-on-workshop","status":"publish","type":"page","link":"https:\/\/www.infinigate.com\/de\/lp\/h\/sonicwall\/mssp-hands-on-workshop\/","title":{"rendered":"SonicWall MSSP Hands-On Workshop"},"content":{"rendered":"\n<div class=\"wp-block-columns is-layout-flex wp-container-core-columns-is-layout-9d6595d7 wp-block-columns-is-layout-flex\">\n<div class=\"wp-block-column is-layout-flow wp-block-column-is-layout-flow\" style=\"flex-basis:100%\">\n<div class=\"wp-block-group is-layout-constrained wp-block-group-is-layout-constrained\">\n<div class=\"wp-block-columns is-layout-flex wp-container-core-columns-is-layout-9d6595d7 wp-block-columns-is-layout-flex\">\n<div class=\"wp-block-column is-layout-flow wp-block-column-is-layout-flow\" style=\"flex-basis:66.6%\">\n<h2 class=\"wp-block-heading is-style-border-left wp-block-heading\" id=\"h-mehr-umsatz-mehr-bindung-mehr-erfolg-managed-services-von-sonicwall\">Mehr Umsatz. Mehr Bindung. Mehr Erfolg:<br>Managed Services von SonicWall<\/h2>\n\n\n\n<br>\n\n\n\n<p>MSSP ist in aller Munde. Doch f\u00fcr welche Einsatzszenarien eignet sich dieses Modell wirklich, welche Kundentypen profitieren davon und worauf kommt es beim erfolgreichen Einstieg als Service-Provider an? Finden Sie die Antworten auf diese und weitere zentrale Fragen in unserem SonicWall MSSP Workshop &#8211; einem intensiven, praxisnahen Tagesformat.<\/p>\n<\/div>\n\n\n\n<div class=\"wp-block-column is-layout-flow wp-block-column-is-layout-flow\" style=\"flex-basis:33.3%\">\n<figure class=\"wp-block-gallery has-nested-images columns-default is-cropped wp-block-gallery-1 is-layout-flex wp-block-gallery-is-layout-flex\">\n<figure class=\"wp-block-image size-full\"><img loading=\"lazy\" decoding=\"async\" width=\"550\" height=\"350\" data-id=\"38652\" src=\"https:\/\/www.infinigate.com\/de\/wp-content\/uploads\/sites\/25\/2026\/02\/SonicWall-MSSP-Hands-On-Workshop_040226_B.jpg\" alt=\"\" class=\"wp-image-38652\" srcset=\"https:\/\/www.infinigate.com\/de\/wp-content\/uploads\/sites\/25\/2026\/02\/SonicWall-MSSP-Hands-On-Workshop_040226_B.jpg 550w, https:\/\/www.infinigate.com\/de\/wp-content\/uploads\/sites\/25\/2026\/02\/SonicWall-MSSP-Hands-On-Workshop_040226_B-300x191.jpg 300w\" sizes=\"auto, (max-width: 550px) 100vw, 550px\" \/><\/figure>\n<\/figure>\n<\/div>\n<\/div>\n<\/div>\n<\/div>\n<\/div>\n\n\n\n<h3 class=\"wp-block-heading is-style-border-left wp-block-heading\" id=\"h-was-sie-im-sonicwall-mssp-hands-on-workshop-erwartet\">Was Sie im SonicWall MSSP Hands-On Workshop erwartet:<\/h3>\n\n\n\n<div class=\"wp-block-columns is-layout-flex wp-container-core-columns-is-layout-9d6595d7 wp-block-columns-is-layout-flex\">\n<div class=\"wp-block-column is-layout-flow wp-block-column-is-layout-flow\">\n<p><strong>Einstieg in das Service-Provider-Programm (MSSP) von SonicWall<\/strong><br>Erhalten Sie einen kompakten \u00dcberblick \u00fcber den Managed-Security-Ansatz von SonicWall und erfahren Sie, f\u00fcr welche Kundentypen und Einsatzszenarien dieses Modell besonders geeignet ist.<\/p>\n\n\n\n<p><strong>Vom klassischen Reselling zum Managed-Service<\/strong><br>Erfahren Sie, wie sich projektbasierte Security-Projekte mit SonicWall erfolgreich in Managed-Service-Modelle \u00fcberf\u00fchren lassen und welche Chancen sich daraus f\u00fcr wiederkehrende Ums\u00e4tze und langfristige Kundenbindung ergeben.<\/p>\n\n\n\n<p><strong>Service-Provider-Modell im \u00dcberblick<\/strong><br>Wir zeigen, wie der Einstieg als Service Provider im SonicWall-Umfeld funktioniert, welche Voraussetzungen erf\u00fcllt sein m\u00fcssen und welche Vorteile sich durch zentrale Verwaltung, skalierbare Lizenzmodelle und flexible Abrechnung ergeben.<\/p>\n<\/div>\n\n\n\n<div class=\"wp-block-column is-layout-flow wp-block-column-is-layout-flow\">\n<p><strong>Lizenzmodelle f\u00fcr Managed-Services<\/strong><br>Erhalten Sie einen \u00dcberblick \u00fcber Subscription-Modelle f\u00fcr Managed-Services, die enthaltenen Sicherheits- und Serviceleistungen sowie die verf\u00fcgbaren Abrechnungs- und Laufzeitoptionen im SonicWall MSP-Umfeld und einen tieferen Einblick in die MSSP-Subscription.<\/p>\n\n\n\n<p><strong>Ausblick SonicWall SOC<\/strong><br>Erfahren Sie, wie Sie als MSSP nach dem neuesten Stand der IT-Security mit SonicWalls XDR-Themen das meiste aus dem Service-Provider-Programm mitnehmen k\u00f6nnen.<\/p>\n\n\n\n<p><strong>Austausch, Fragen und Praxisbeispiele<\/strong><br>Nutzen Sie die Gelegenheit f\u00fcr eine offene Fragerunde, den Erfahrungsaustausch mit anderen Partnern und die Diskussion konkreter Szenarien aus dem Projektalltag.<\/p>\n<\/div>\n<\/div>\n\n\n\n<p class=\"alignwide has-text-align-wide has-grey-background-color has-background\"><strong>Praxisnaher Hands-on-Teil<\/strong><br>Im Hands-on-Teil zeigen wir einen <strong>konkreten Provisionierungs-Workflow mit einer SonicWall TZ80 Firewall.<\/strong><br>Gemeinsam wird demonstriert, wie die Firewall vorbereitet, provisioniert und f\u00fcr einen Endkunden in Betrieb genommen wird \u2013 inklusive Einbindung in die zentrale Verwaltung.<br><br><strong>Die TZ80 Firewall ist Bestandteil des Workshops und wird den Teilnehmenden (pro Partner eine TZ80 MSSP 03-SSC-2817 Firewall) als Ger\u00e4t mitgegeben<\/strong>.<\/p>\n\n\n\n<br>\n\n\n\n<div class=\"wp-block-columns alignwide is-layout-flex wp-container-core-columns-is-layout-9d6595d7 wp-block-columns-is-layout-flex\">\n<div class=\"wp-block-column is-layout-flow wp-block-column-is-layout-flow\">\n<div class=\"wp-block-columns is-layout-flex wp-container-core-columns-is-layout-9d6595d7 wp-block-columns-is-layout-flex\">\n<div class=\"wp-block-column is-layout-flow wp-block-column-is-layout-flow\">\n<h3 class=\"wp-block-heading is-style-border-left wp-block-heading\" id=\"h-zielgruppe\">Zielgruppe<\/h3>\n\n\n\n<p><br>IT-Systemh\u00e4user, IT-Dienstleister und Managed-Service-Provider \u2013 insbesondere<br>technische Consultants, Presales, Vertriebsteams und Entscheider.<\/p>\n<\/div>\n\n\n\n<div class=\"wp-block-column is-layout-flow wp-block-column-is-layout-flow\">\n<h3 class=\"wp-block-heading is-style-border-left wp-block-heading\" id=\"h-kosten\">Kosten<\/h3>\n\n\n\n<p><br><strong>Die Teilnahme ist f\u00fcr Sie kostenfrei! <\/strong>Alles, was Sie investieren m\u00fcssen, ist Ihre Zeit und Ihr Engagement.<\/p>\n<\/div>\n\n\n\n<div class=\"wp-block-column is-layout-flow wp-block-column-is-layout-flow\">\n<h3 class=\"wp-block-heading is-style-border-left wp-block-heading\" id=\"h-referenten\">Referenten<\/h3>\n\n\n\n<p><br><strong>Frank-Michael Bickel &nbsp;<br><\/strong>(SonicWall, Solutions Engineer Central Europe)<br><br><strong>Claas Vortkamp <br><\/strong>(Infinigate, Business Development Manager)<\/p>\n<\/div>\n<\/div>\n<\/div>\n<\/div>\n\n\n\n<div class=\"wp-block-columns is-layout-flex wp-container-core-columns-is-layout-9d6595d7 wp-block-columns-is-layout-flex\">\n<div class=\"wp-block-column is-layout-flow wp-block-column-is-layout-flow\" style=\"flex-basis:66.6%\">\n<h3 class=\"wp-block-heading is-style-border-left wp-block-heading\" id=\"h-location-amp-termin\">Location &amp; Termin<\/h3>\n\n\n\n<p><strong>25. M\u00e4rz 2026&nbsp;<br><\/strong>10:00\u201316:00 Uhr<br>Infinigate M\u00fcnchen (Haar)<br>Richard-Reitzner-Allee 8 | 85540 Haar<\/p>\n\n\n\n<p>Freuen Sie sich auf einen intensiven Workshoptag mit wertvollen Einblicken, praxisnahen \u00dcbungen, offenem Austausch und einer TZ80 Firewall zum Mitnehmen.<\/p>\n\n\n\n<p><strong>Reservieren Sie jetzt Ihren Platz und seien Sie dabei!<\/strong><\/p>\n<\/div>\n\n\n\n<div class=\"wp-block-column is-layout-flow wp-block-column-is-layout-flow\" style=\"flex-basis:33%\">\n<figure class=\"wp-block-image size-full\"><img loading=\"lazy\" decoding=\"async\" width=\"550\" height=\"550\" src=\"https:\/\/www.infinigate.com\/de\/wp-content\/uploads\/sites\/25\/2026\/02\/SonicWall-MSSP-Hands-On-Workshop_040226_A2.jpg\" alt=\"\" class=\"wp-image-38658\" style=\"aspect-ratio:1;object-fit:cover\" srcset=\"https:\/\/www.infinigate.com\/de\/wp-content\/uploads\/sites\/25\/2026\/02\/SonicWall-MSSP-Hands-On-Workshop_040226_A2.jpg 550w, https:\/\/www.infinigate.com\/de\/wp-content\/uploads\/sites\/25\/2026\/02\/SonicWall-MSSP-Hands-On-Workshop_040226_A2-300x300.jpg 300w, https:\/\/www.infinigate.com\/de\/wp-content\/uploads\/sites\/25\/2026\/02\/SonicWall-MSSP-Hands-On-Workshop_040226_A2-150x150.jpg 150w\" sizes=\"auto, (max-width: 550px) 100vw, 550px\" \/><\/figure>\n<\/div>\n<\/div>\n\n\n\n<h3 class=\"wp-block-heading is-style-border-left wp-block-heading\" id=\"h-anmeldung-zum-sonicwall-mssp-hands-on-workshop\">Anmeldung zum SonicWall MSSP Hands-On Workshop<\/h3>\n\n\n\n\n\n<div\n        data-form-id='fb861c57-b701-f111-8406-00224882d591'\n        data-form-api-url='https:\/\/public-eur.mkt.dynamics.com\/api\/v1.0\/orgs\/57e681e6-87e4-ef11-b8e4-000d3a3a0446\/landingpageforms'\n        data-cached-form-url='https:\/\/assets1-eur.mkt.dynamics.com\/57e681e6-87e4-ef11-b8e4-000d3a3a0446\/digitalassets\/forms\/fb861c57-b701-f111-8406-00224882d591' ><\/div>\n        <script src = 'https:\/\/cxppusa1formui01cdnsa01-endpoint.azureedge.net\/eur\/FormLoader\/FormLoader.bundle.js' ><\/script>\n\n\n\n<br><br>\n\n\n\n<div class=\"wp-block-cover alignwide\" id=\"kontakt\"><img loading=\"lazy\" decoding=\"async\" width=\"1920\" height=\"1080\" class=\"wp-block-cover__image-background wp-image-4092\" alt=\"\" src=\"https:\/\/www.infinigate.com\/de\/wp-content\/uploads\/sites\/25\/2024\/03\/Digital_Textures_V2.jpg\" data-object-fit=\"cover\" srcset=\"https:\/\/www.infinigate.com\/de\/wp-content\/uploads\/sites\/25\/2024\/03\/Digital_Textures_V2.jpg 1920w, https:\/\/www.infinigate.com\/de\/wp-content\/uploads\/sites\/25\/2024\/03\/Digital_Textures_V2-300x169.jpg 300w, https:\/\/www.infinigate.com\/de\/wp-content\/uploads\/sites\/25\/2024\/03\/Digital_Textures_V2-1024x576.jpg 1024w, https:\/\/www.infinigate.com\/de\/wp-content\/uploads\/sites\/25\/2024\/03\/Digital_Textures_V2-768x432.jpg 768w, https:\/\/www.infinigate.com\/de\/wp-content\/uploads\/sites\/25\/2024\/03\/Digital_Textures_V2-1536x864.jpg 1536w\" sizes=\"auto, (max-width: 1920px) 100vw, 1920px\" \/><span aria-hidden=\"true\" class=\"wp-block-cover__background has-blue-background-color has-background-dim-0 has-background-dim\"><\/span><div class=\"wp-block-cover__inner-container is-layout-constrained wp-block-cover-is-layout-constrained\">\n<div class=\"wp-block-columns is-layout-flex wp-container-core-columns-is-layout-9d6595d7 wp-block-columns-is-layout-flex\">\n<div class=\"wp-block-column is-layout-flow wp-block-column-is-layout-flow\" style=\"flex-basis:66.66%\">\n<h3 class=\"wp-block-heading has-text-align-left is-style-border-left has-white-color has-text-color has-link-color wp-elements-48bebc6aac57b3203b0abdec7b15b526\" id=\"h-kontakt-zum-sonicwall-team\">Kontakt zum SonicWall-Team<\/h3>\n\n\n\n<p>Unser SonicWall-Team unterst\u00fctzt Sie gerne bei Ihren vertrieblichen Anfragen, bei Pre-Sales Themen oder bei geplanten Marketing-Aktivit\u00e4ten.<\/p>\n<\/div>\n\n\n\n<div class=\"wp-block-column is-vertically-aligned-center is-layout-flow wp-block-column-is-layout-flow\" style=\"flex-basis:33.33%\">\n<p class=\"has-text-align-center has-white-color has-text-color has-link-color wp-elements-aec326b1a3b05dd748cd2ee89a167125\"><a href=\"mailto:sonicwall@infinigate.de\">sonicwall@infinigate.de<br><\/a><a href=\"tel:+498989048391\">+49 89 89048-391<\/a><\/p>\n\n\n\n<div class=\"wp-block-buttons is-content-justification-center is-layout-flex wp-container-core-buttons-is-layout-16018d1d wp-block-buttons-is-layout-flex\">\n<div class=\"wp-block-button\"><a class=\"wp-block-button__link wp-element-button\" href=\"mailto:sonicwall@infinigate.de\">Kontakt aufnehmen<\/a><\/div>\n<\/div>\n<\/div>\n<\/div>\n<\/div><\/div>\n\n\n\n<p><\/p>\n","protected":false},"excerpt":{"rendered":"<p>Mehr Umsatz. Mehr Bindung. Mehr Erfolg:Managed Services von SonicWall MSSP ist in aller Munde. Doch f\u00fcr welche Einsatzszenarien eignet sich&hellip;<\/p>\n","protected":false},"author":109,"featured_media":38650,"parent":32245,"menu_order":0,"comment_status":"closed","ping_status":"closed","template":"","meta":{"_acf_changed":false,"footnotes":""},"folder":[553],"class_list":["post-38553","page","type-page","status-publish","has-post-thumbnail","hentry"],"acf":[],"distributor_meta":false,"distributor_terms":false,"distributor_media":false,"distributor_original_site_name":"Infinigate | Deutschland","distributor_original_site_url":"https:\/\/www.infinigate.com\/de","push-errors":false,"_links":{"self":[{"href":"https:\/\/www.infinigate.com\/de\/wp-json\/wp\/v2\/pages\/38553","targetHints":{"allow":["GET"]}}],"collection":[{"href":"https:\/\/www.infinigate.com\/de\/wp-json\/wp\/v2\/pages"}],"about":[{"href":"https:\/\/www.infinigate.com\/de\/wp-json\/wp\/v2\/types\/page"}],"author":[{"embeddable":true,"href":"https:\/\/www.infinigate.com\/de\/wp-json\/wp\/v2\/users\/109"}],"replies":[{"embeddable":true,"href":"https:\/\/www.infinigate.com\/de\/wp-json\/wp\/v2\/comments?post=38553"}],"version-history":[{"count":0,"href":"https:\/\/www.infinigate.com\/de\/wp-json\/wp\/v2\/pages\/38553\/revisions"}],"up":[{"embeddable":true,"href":"https:\/\/www.infinigate.com\/de\/wp-json\/wp\/v2\/pages\/32245"}],"wp:featuredmedia":[{"embeddable":true,"href":"https:\/\/www.infinigate.com\/de\/wp-json\/wp\/v2\/media\/38650"}],"wp:attachment":[{"href":"https:\/\/www.infinigate.com\/de\/wp-json\/wp\/v2\/media?parent=38553"}],"wp:term":[{"taxonomy":"folder","embeddable":true,"href":"https:\/\/www.infinigate.com\/de\/wp-json\/wp\/v2\/folder?post=38553"}],"curies":[{"name":"wp","href":"https:\/\/api.w.org\/{rel}","templated":true}]}}