{"id":38784,"date":"2026-02-06T09:24:37","date_gmt":"2026-02-06T08:24:37","guid":{"rendered":"https:\/\/www.infinigate.com\/de\/?page_id=38784"},"modified":"2026-02-06T09:55:36","modified_gmt":"2026-02-06T08:55:36","slug":"ot-security-trainings","status":"publish","type":"page","link":"https:\/\/www.infinigate.com\/de\/akademie\/herstellerneutrale-trainings\/ot-security-trainings\/","title":{"rendered":"OT-Security Trainings"},"content":{"rendered":"\n<figure class=\"wp-block-image alignfull size-full is-style-corner-overlay\"><img loading=\"lazy\" decoding=\"async\" width=\"1920\" height=\"673\" src=\"https:\/\/www.infinigate.com\/de\/wp-content\/uploads\/sites\/25\/2024\/07\/HerstellerspezifischeTrainings_Header.jpg\" alt=\"Cybereason Trainings\" class=\"wp-image-9676\" srcset=\"https:\/\/www.infinigate.com\/de\/wp-content\/uploads\/sites\/25\/2024\/07\/HerstellerspezifischeTrainings_Header.jpg 1920w, https:\/\/www.infinigate.com\/de\/wp-content\/uploads\/sites\/25\/2024\/07\/HerstellerspezifischeTrainings_Header-300x105.jpg 300w, https:\/\/www.infinigate.com\/de\/wp-content\/uploads\/sites\/25\/2024\/07\/HerstellerspezifischeTrainings_Header-1024x359.jpg 1024w, https:\/\/www.infinigate.com\/de\/wp-content\/uploads\/sites\/25\/2024\/07\/HerstellerspezifischeTrainings_Header-768x269.jpg 768w, https:\/\/www.infinigate.com\/de\/wp-content\/uploads\/sites\/25\/2024\/07\/HerstellerspezifischeTrainings_Header-1536x538.jpg 1536w\" sizes=\"auto, (max-width: 1920px) 100vw, 1920px\" \/><\/figure>\n\n\n\n\n\n<br>\n\n\n\n<h2 class=\"wp-block-heading is-style-border-left wp-block-heading\">Trainings\u00fcbersicht<\/h2>\n\n\n\n<p class=\"alignwide has-text-align-wide\">Weitere Details zu den Inhalten der Trainings sowie eine \u00dcbersicht \u00fcber die angebotenen Termine k\u00f6nnen Sie hier entnehmen.<\/p>\n\n\n\n<br \/>\n\n\n    <section class=\"cards wp-block animate cards--columns-2 cards--type--default alignwide\">\n        <div class=\"cards__inner\">\n            \n            <div class=\"cards__items\">\n                \n                \n                <article class=\"g-card animate-element has-white-background-color has-background has-link g-card--type--custom\">\r\n        <div class=\"g-card__inner\">\r\n                \r\n\r\n                                        <div class=\"g-card__header\">\r\n                    \r\n\r\n                        <h2 class=\"g-card__heading\">    <a rel=\"noopener\" href=\"https:\/\/idconnect.infinigate.com\/academy\/de\/de?d=standard&#038;p=1&#038;searchTerm=inf-tr-ot-sb\" target=\"_blank\">\r\n                OT-Security Sales Briefing             <\/a>\r\n<\/h2>\r\n                    \r\n                                            <div class=\"g-card__content\">\r\n                            <div>Nach dem OT Security Sales Briefing sind Teilnehmende in der Lage, OT-Security-Themen sicher im Kundendialog zu adressieren und gezielt den n\u00e4chsten logischen Schritt zu platzieren: einen OT Security Strategie Workshop.<\/div>\n<div><\/div>\n                        <\/div>\r\n                    \r\n                    \r\n                                    <\/div>\r\n            \r\n            \r\n            \r\n            \r\n\r\n\r\n\r\n            \r\n                <a rel=\"noopener\" href=\"https:\/\/idconnect.infinigate.com\/academy\/de\/de?d=standard&#038;p=1&#038;searchTerm=inf-tr-ot-sb\" target=\"_blank\" class=\"g-button--arrow g-card__read-more\">\r\n                Termine            <\/a>\r\n\r\n                <\/div>\r\n    \r\n    \r\n    <\/article>\r\n<article class=\"g-card animate-element has-white-background-color has-background has-link g-card--type--custom\">\r\n        <div class=\"g-card__inner\">\r\n                \r\n\r\n                                        <div class=\"g-card__header\">\r\n                    \r\n\r\n                        <h2 class=\"g-card__heading\">    <a href=\"https:\/\/idconnect.infinigate.com\/academy\/de\/de?d=standard&#038;p=1&#038;searchTerm=INF-TR-OT-STB\">\r\n                OT-Security Strategy Briefing            <\/a>\r\n<\/h2>\r\n                    \r\n                                            <div class=\"g-card__content\">\r\n                            <p>IT\/OT-Integratoren sowie verantwortliche Rollen aus IT, OT und Security verf\u00fcgen nach dem Briefing \u00fcber einen klaren strategischen \u00dcberblick zur OT-Security, eine wirkungsorientierte Priorisierung von Risiken sowie ein abgestimmtes OT-Security-Zielbild. Auf dieser Basis k\u00f6nnen Entscheidungen fundiert vorbereitet und weitere Ma\u00dfnahmen logisch abgeleitet werden.<\/p>\n                        <\/div>\r\n                    \r\n                    \r\n                                    <\/div>\r\n            \r\n            \r\n            \r\n            \r\n\r\n\r\n\r\n            \r\n                <a  href=\"https:\/\/idconnect.infinigate.com\/academy\/de\/de?d=standard&#038;p=1&#038;searchTerm=INF-TR-OT-STB\" target=\"\" class=\"g-button--arrow g-card__read-more\">\r\n                Termine            <\/a>\r\n\r\n                <\/div>\r\n    \r\n    \r\n    <\/article>\r\n<article class=\"g-card animate-element has-white-background-color has-background has-link g-card--type--custom\">\r\n        <div class=\"g-card__inner\">\r\n                \r\n\r\n                                        <div class=\"g-card__header\">\r\n                    \r\n\r\n                        <h2 class=\"g-card__heading\">    <a href=\"https:\/\/idconnect.infinigate.com\/academy\/de\/de?d=standard&#038;p=1&#038;searchTerm=INF-TR-OT-NDB\">\r\n                OT-Security Network-Design Briefing            <\/a>\r\n<\/h2>\r\n                    \r\n                                            <div class=\"g-card__content\">\r\n                            <p>Die Teilnehmenden k\u00f6nnen OT-Netzwerkarchitekturen aus Security-Sicht fundiert bewerten und Design-Entscheidungen strukturiert vorbereiten. Das Briefing schafft eine belastbare Grundlage f\u00fcr Architektur-, Review- und Umsetzungsformate.<\/p>\n                        <\/div>\r\n                    \r\n                    \r\n                                    <\/div>\r\n            \r\n            \r\n            \r\n            \r\n\r\n\r\n\r\n            \r\n                <a  href=\"https:\/\/idconnect.infinigate.com\/academy\/de\/de?d=standard&#038;p=1&#038;searchTerm=INF-TR-OT-NDB\" target=\"\" class=\"g-button--arrow g-card__read-more\">\r\n                Termine            <\/a>\r\n\r\n                <\/div>\r\n    \r\n    \r\n    <\/article>\r\n<article class=\"g-card animate-element has-white-background-color has-background has-link g-card--type--custom\">\r\n        <div class=\"g-card__inner\">\r\n                \r\n\r\n                                        <div class=\"g-card__header\">\r\n                    \r\n\r\n                        <h2 class=\"g-card__heading\">    <a href=\"https:\/\/idconnect.infinigate.com\/academy\/de\/de\/OT-Security-nach-IEC-62443-Grundlagen\/IC10163.fa235a1ac0254e82837c11aad247dc23\">\r\n                OT-Security nach IEC 62443 &#8211; Grundlagen            <\/a>\r\n<\/h2>\r\n                    \r\n                                            <div class=\"g-card__content\">\r\n                            <p>Industrielle Produktionssysteme sind durch Automatisierung und Vernetzung zunehmend Cyberbedrohungen ausgesetzt, was die Absicherung von IACS notwendig macht, um Produktionsausf\u00e4lle und Imageverluste zu vermeiden. Die Normenreihe IEC 62443 bietet praxisnahe Leitlinien zur OT-Security in vernetzten Industrieanlagen.<\/p>\n                        <\/div>\r\n                    \r\n                    \r\n                                    <\/div>\r\n            \r\n            \r\n            \r\n            \r\n\r\n\r\n\r\n            \r\n                <a  href=\"https:\/\/idconnect.infinigate.com\/academy\/de\/de\/OT-Security-nach-IEC-62443-Grundlagen\/IC10163.fa235a1ac0254e82837c11aad247dc23\" target=\"\" class=\"g-button--arrow g-card__read-more\">\r\n                Termine            <\/a>\r\n\r\n                <\/div>\r\n    \r\n    \r\n    <\/article>\r\n            <\/div>\n\n            \n                <\/section>\n\n\n\n&nbsp;\n\n\n\n<div class=\"wp-block-cover alignwide\" id=\"kontakt\"><img loading=\"lazy\" decoding=\"async\" width=\"1920\" height=\"1080\" class=\"wp-block-cover__image-background wp-image-4092\" alt=\"\" src=\"https:\/\/www.infinigate.com\/de\/wp-content\/uploads\/sites\/25\/2024\/03\/Digital_Textures_V2.jpg\" data-object-fit=\"cover\" srcset=\"https:\/\/www.infinigate.com\/de\/wp-content\/uploads\/sites\/25\/2024\/03\/Digital_Textures_V2.jpg 1920w, https:\/\/www.infinigate.com\/de\/wp-content\/uploads\/sites\/25\/2024\/03\/Digital_Textures_V2-300x169.jpg 300w, https:\/\/www.infinigate.com\/de\/wp-content\/uploads\/sites\/25\/2024\/03\/Digital_Textures_V2-1024x576.jpg 1024w, https:\/\/www.infinigate.com\/de\/wp-content\/uploads\/sites\/25\/2024\/03\/Digital_Textures_V2-768x432.jpg 768w, https:\/\/www.infinigate.com\/de\/wp-content\/uploads\/sites\/25\/2024\/03\/Digital_Textures_V2-1536x864.jpg 1536w\" sizes=\"auto, (max-width: 1920px) 100vw, 1920px\" \/><span aria-hidden=\"true\" class=\"wp-block-cover__background has-blue-background-color has-background-dim-0 has-background-dim\"><\/span><div class=\"wp-block-cover__inner-container is-layout-constrained wp-block-cover-is-layout-constrained\">\n<div class=\"wp-block-columns is-layout-flex wp-container-core-columns-is-layout-9d6595d7 wp-block-columns-is-layout-flex\">\n<div class=\"wp-block-column is-layout-flow wp-block-column-is-layout-flow\" style=\"flex-basis:66.66%\">\n<h3 class=\"wp-block-heading has-text-align-left is-style-border-left has-white-color has-text-color has-link-color wp-elements-62c276f84992ffef771be32a6a95e094\" id=\"h-kontakt-zum-ot-team\">Kontakt zum OT Team<\/h3>\n\n\n\n<p id=\"kontakt\">Unser OT Team unterst\u00fctzt Sie gerne bei Ihren vertrieblichen Anfragen, bei Pre-Sales Themen oder bei geplanten Marketing-Aktivit\u00e4ten.<\/p>\n<\/div>\n\n\n\n<div class=\"wp-block-column is-vertically-aligned-center is-layout-flow wp-block-column-is-layout-flow\" style=\"flex-basis:33.33%\">\n<p class=\"has-text-align-center has-white-color has-text-color has-link-color wp-elements-9ba693bb715111185f087111c99a124b\"><a href=\"mailto:ot@infinigate.de\" target=\"_blank\" rel=\"noreferrer noopener\">ot@infinigate.de<\/a><br><a href=\"tel:+494023730127\">+49 40 237 301-27<\/a><br><\/p>\n\n\n\n<div class=\"wp-block-buttons is-content-justification-center is-layout-flex wp-container-core-buttons-is-layout-16018d1d wp-block-buttons-is-layout-flex\">\n<div class=\"wp-block-button\"><a class=\"wp-block-button__link wp-element-button\" href=\"mailto:ot@infinigate.de\" target=\"_blank\" rel=\"noreferrer noopener\">Kontakt aufnehmen<\/a><\/div>\n<\/div>\n<\/div>\n<\/div>\n<\/div><\/div>\n\n\n\n<p><\/p>\n","protected":false},"excerpt":{"rendered":"<p>Heutzutage sind Netzwerke die Basis der gesamten IT. Oft haben Administratoren oder Techniker ihr Wissen hierzu jedoch nur im Selbststudium&hellip;<\/p>\n","protected":false},"author":47,"featured_media":0,"parent":9992,"menu_order":35,"comment_status":"closed","ping_status":"closed","template":"","meta":{"_acf_changed":false,"footnotes":""},"folder":[390],"class_list":["post-38784","page","type-page","status-publish","hentry"],"acf":[],"distributor_meta":false,"distributor_terms":false,"distributor_media":false,"distributor_original_site_name":"Infinigate | Deutschland","distributor_original_site_url":"https:\/\/www.infinigate.com\/de","push-errors":false,"_links":{"self":[{"href":"https:\/\/www.infinigate.com\/de\/wp-json\/wp\/v2\/pages\/38784","targetHints":{"allow":["GET"]}}],"collection":[{"href":"https:\/\/www.infinigate.com\/de\/wp-json\/wp\/v2\/pages"}],"about":[{"href":"https:\/\/www.infinigate.com\/de\/wp-json\/wp\/v2\/types\/page"}],"author":[{"embeddable":true,"href":"https:\/\/www.infinigate.com\/de\/wp-json\/wp\/v2\/users\/47"}],"replies":[{"embeddable":true,"href":"https:\/\/www.infinigate.com\/de\/wp-json\/wp\/v2\/comments?post=38784"}],"version-history":[{"count":0,"href":"https:\/\/www.infinigate.com\/de\/wp-json\/wp\/v2\/pages\/38784\/revisions"}],"up":[{"embeddable":true,"href":"https:\/\/www.infinigate.com\/de\/wp-json\/wp\/v2\/pages\/9992"}],"wp:attachment":[{"href":"https:\/\/www.infinigate.com\/de\/wp-json\/wp\/v2\/media?parent=38784"}],"wp:term":[{"taxonomy":"folder","embeddable":true,"href":"https:\/\/www.infinigate.com\/de\/wp-json\/wp\/v2\/folder?post=38784"}],"curies":[{"name":"wp","href":"https:\/\/api.w.org\/{rel}","templated":true}]}}