{"id":39622,"date":"2026-02-19T15:20:57","date_gmt":"2026-02-19T14:20:57","guid":{"rendered":"https:\/\/www.infinigate.com\/de\/?page_id=39622"},"modified":"2026-02-20T13:03:59","modified_gmt":"2026-02-20T12:03:59","slug":"verlaengerte-servicebedingungen-cloud-solution-provider-csp-abonnements","status":"publish","type":"page","link":"https:\/\/www.infinigate.com\/de\/lp\/h\/microsoft\/verlaengerte-servicebedingungen-cloud-solution-provider-csp-abonnements\/","title":{"rendered":"Verl\u00e4ngerte Servicebedingungen Cloud Solution Provider (CSP)-Abonnements"},"content":{"rendered":"\n<p><strong>06.02.2026<\/strong><\/p>\n\n\n\n<figure class=\"wp-block-image alignwide size-full\"><img loading=\"lazy\" decoding=\"async\" width=\"1280\" height=\"400\" src=\"https:\/\/www.infinigate.com\/de\/wp-content\/uploads\/sites\/25\/2026\/02\/microsoft-update-feb.jpg\" alt=\"Microsoft Update Februar\" class=\"wp-image-39628\" srcset=\"https:\/\/www.infinigate.com\/de\/wp-content\/uploads\/sites\/25\/2026\/02\/microsoft-update-feb.jpg 1280w, https:\/\/www.infinigate.com\/de\/wp-content\/uploads\/sites\/25\/2026\/02\/microsoft-update-feb-300x94.jpg 300w, https:\/\/www.infinigate.com\/de\/wp-content\/uploads\/sites\/25\/2026\/02\/microsoft-update-feb-1024x320.jpg 1024w, https:\/\/www.infinigate.com\/de\/wp-content\/uploads\/sites\/25\/2026\/02\/microsoft-update-feb-768x240.jpg 768w\" sizes=\"auto, (max-width: 1280px) 100vw, 1280px\" \/><\/figure>\n\n\n\n<p class=\"alignwide has-text-align-wide\"><strong>Was ist neu?<\/strong><\/p>\n\n\n\n<p class=\"alignwide has-text-align-wide\">Microsoft hat seinen Zeitplan f\u00fcr die Ver\u00f6ffentlichung der neuen Optionen zum Ende der Laufzeit der Extended Service Terms (EST) <a href=\"https:\/\/www.infinigate.com\/de\/lp\/h\/microsoft\/microsoft-neue-regelung-fuer-csp-abonnements\/#msdynmkt_trackingcontext=f4994cc0-c417-47ec-b6c4-74d91c400300&amp;msdynmkt_prefill=mktprf0d874a68aec74acd999df04ea8c1f5b4eoprf\">aktualisiert<\/a>. Die urspr\u00fcnglich f\u00fcr den 1. April 2026 vorgesehen \u00c4nderungen treten nun erst am 4. Mai 2026 in Kraft.<\/p>\n\n\n\n<p class=\"alignwide has-text-align-wide\">Weitere Informationen zu den EST finden Sie in unserem zuvor ver\u00f6ffentlichten <a href=\"https:\/\/portal.infinigate.cloud\/newsevent\/fff587bc-72d8-432a-8e37-48fae2abf37a\">Artikel<\/a>, der zur Ank\u00fcndigung der neuen EST-Optionen zum Vertragsende durch Microsoft erschienen ist.<\/p>\n\n\n\n<div class=\"wp-block-buttons is-layout-flex wp-block-buttons-is-layout-flex\">\n<div class=\"wp-block-button\"><a class=\"wp-block-button__link wp-element-button\" href=\"https:\/\/www.infinigate.com\/de\/lp\/h\/microsoft\/microsoft-news\/\">Zur\u00fcck zur Microsoft News \u00dcbersicht<\/a><\/div>\n<\/div>\n\n\n\n<div class=\"wp-block-cover alignwide\" id=\"kontakt\"><img loading=\"lazy\" decoding=\"async\" width=\"1920\" height=\"1080\" class=\"wp-block-cover__image-background wp-image-4092\" alt=\"\" src=\"https:\/\/www.infinigate.com\/de\/wp-content\/uploads\/sites\/25\/2024\/03\/Digital_Textures_V2.jpg\" data-object-fit=\"cover\" srcset=\"https:\/\/www.infinigate.com\/de\/wp-content\/uploads\/sites\/25\/2024\/03\/Digital_Textures_V2.jpg 1920w, https:\/\/www.infinigate.com\/de\/wp-content\/uploads\/sites\/25\/2024\/03\/Digital_Textures_V2-300x169.jpg 300w, https:\/\/www.infinigate.com\/de\/wp-content\/uploads\/sites\/25\/2024\/03\/Digital_Textures_V2-1024x576.jpg 1024w, https:\/\/www.infinigate.com\/de\/wp-content\/uploads\/sites\/25\/2024\/03\/Digital_Textures_V2-768x432.jpg 768w, https:\/\/www.infinigate.com\/de\/wp-content\/uploads\/sites\/25\/2024\/03\/Digital_Textures_V2-1536x864.jpg 1536w\" sizes=\"auto, (max-width: 1920px) 100vw, 1920px\" \/><span aria-hidden=\"true\" class=\"wp-block-cover__background has-blue-background-color has-background-dim-0 has-background-dim\"><\/span><div class=\"wp-block-cover__inner-container is-layout-constrained wp-block-cover-is-layout-constrained\">\n<div class=\"wp-block-columns is-layout-flex wp-container-core-columns-is-layout-9d6595d7 wp-block-columns-is-layout-flex\">\n<div class=\"wp-block-column is-layout-flow wp-block-column-is-layout-flow\" style=\"flex-basis:66.66%\">\n<h3 class=\"wp-block-heading has-text-align-left is-style-border-left has-white-color has-text-color has-link-color wp-elements-d5dddaf48d585802e8d25e9e560053cf\" id=\"h-wenn-sie-fragen-zu-den-oben-genannten-punkten-haben-wenden-sie-sich-bitte-an-ihren-business-development-manager-rufen-sie-uns-an-oder-schreiben-sie-uns\">Wenn Sie Fragen zu den oben genannten Punkten haben, wenden Sie sich bitte an Ihren <strong>Business Development Manager<\/strong>, rufen Sie uns an oder schreiben Sie uns:<\/h3>\n<\/div>\n\n\n\n<div class=\"wp-block-column is-vertically-aligned-center is-layout-flow wp-block-column-is-layout-flow\" style=\"flex-basis:33.33%\">\n<p class=\"has-text-align-center has-white-color has-text-color has-link-color wp-elements-685e8cd448bef054a82ae17ba484b274\"><br><a href=\"mailto:microsoft@infinigate.de\">microsoft@infinigate.de<br><\/a><a href=\"tel:+498989048580\">+49 89 89048-580<\/a><\/p>\n\n\n\n<div class=\"wp-block-buttons is-content-justification-center is-layout-flex wp-container-core-buttons-is-layout-16018d1d wp-block-buttons-is-layout-flex\">\n<div class=\"wp-block-button\"><a class=\"wp-block-button__link wp-element-button\" href=\"mailto:microsoft@infinigate.de\">Kontakt aufnehmen<\/a><\/div>\n<\/div>\n<\/div>\n<\/div>\n<\/div><\/div>\n","protected":false},"excerpt":{"rendered":"<p>06.02.2026 Was ist neu? Microsoft hat seinen Zeitplan f\u00fcr die Ver\u00f6ffentlichung der neuen Optionen zum Ende der Laufzeit der Extended&hellip;<\/p>\n","protected":false},"author":48,"featured_media":36931,"parent":17789,"menu_order":0,"comment_status":"closed","ping_status":"closed","template":"","meta":{"_acf_changed":false,"footnotes":""},"folder":[488],"class_list":["post-39622","page","type-page","status-publish","has-post-thumbnail","hentry"],"acf":[],"distributor_meta":false,"distributor_terms":false,"distributor_media":false,"distributor_original_site_name":"Infinigate | Deutschland","distributor_original_site_url":"https:\/\/www.infinigate.com\/de","push-errors":false,"_links":{"self":[{"href":"https:\/\/www.infinigate.com\/de\/wp-json\/wp\/v2\/pages\/39622","targetHints":{"allow":["GET"]}}],"collection":[{"href":"https:\/\/www.infinigate.com\/de\/wp-json\/wp\/v2\/pages"}],"about":[{"href":"https:\/\/www.infinigate.com\/de\/wp-json\/wp\/v2\/types\/page"}],"author":[{"embeddable":true,"href":"https:\/\/www.infinigate.com\/de\/wp-json\/wp\/v2\/users\/48"}],"replies":[{"embeddable":true,"href":"https:\/\/www.infinigate.com\/de\/wp-json\/wp\/v2\/comments?post=39622"}],"version-history":[{"count":3,"href":"https:\/\/www.infinigate.com\/de\/wp-json\/wp\/v2\/pages\/39622\/revisions"}],"predecessor-version":[{"id":39745,"href":"https:\/\/www.infinigate.com\/de\/wp-json\/wp\/v2\/pages\/39622\/revisions\/39745"}],"up":[{"embeddable":true,"href":"https:\/\/www.infinigate.com\/de\/wp-json\/wp\/v2\/pages\/17789"}],"wp:featuredmedia":[{"embeddable":true,"href":"https:\/\/www.infinigate.com\/de\/wp-json\/wp\/v2\/media\/36931"}],"wp:attachment":[{"href":"https:\/\/www.infinigate.com\/de\/wp-json\/wp\/v2\/media?parent=39622"}],"wp:term":[{"taxonomy":"folder","embeddable":true,"href":"https:\/\/www.infinigate.com\/de\/wp-json\/wp\/v2\/folder?post=39622"}],"curies":[{"name":"wp","href":"https:\/\/api.w.org\/{rel}","templated":true}]}}