{"id":39749,"date":"2026-02-23T14:24:38","date_gmt":"2026-02-23T13:24:38","guid":{"rendered":"https:\/\/www.infinigate.com\/de\/?page_id=39749"},"modified":"2026-02-24T09:45:40","modified_gmt":"2026-02-24T08:45:40","slug":"auslaufende-azure-vm-serien","status":"publish","type":"page","link":"https:\/\/www.infinigate.com\/de\/lp\/h\/microsoft\/auslaufende-azure-vm-serien\/","title":{"rendered":"Auslaufende Azure-VM-Serien"},"content":{"rendered":"\n<h3 class=\"wp-block-heading wp-block-heading\" id=\"h-12-02-2026\">12.02.2026<\/h3>\n\n\n\n<figure class=\"wp-block-image alignwide size-full\"><img loading=\"lazy\" decoding=\"async\" width=\"1280\" height=\"400\" src=\"https:\/\/www.infinigate.com\/de\/wp-content\/uploads\/sites\/25\/2026\/02\/microsoft-azure-vm.jpg\" alt=\"Microsoft Azure VM\" class=\"wp-image-39829\" srcset=\"https:\/\/www.infinigate.com\/de\/wp-content\/uploads\/sites\/25\/2026\/02\/microsoft-azure-vm.jpg 1280w, https:\/\/www.infinigate.com\/de\/wp-content\/uploads\/sites\/25\/2026\/02\/microsoft-azure-vm-300x94.jpg 300w, https:\/\/www.infinigate.com\/de\/wp-content\/uploads\/sites\/25\/2026\/02\/microsoft-azure-vm-1024x320.jpg 1024w, https:\/\/www.infinigate.com\/de\/wp-content\/uploads\/sites\/25\/2026\/02\/microsoft-azure-vm-768x240.jpg 768w\" sizes=\"auto, (max-width: 1280px) 100vw, 1280px\" \/><\/figure>\n\n\n\n<div class=\"wp-block-columns is-layout-flex wp-container-core-columns-is-layout-9d6595d7 wp-block-columns-is-layout-flex\">\n<div class=\"wp-block-column is-layout-flow wp-block-column-is-layout-flow\">\n<p class=\"alignwide has-text-align-wide\">Wenn die Antwort auf diese Frage (insbesondere f\u00fcr die VMs Ihrer Kunden) so lange zur\u00fcckliegt, dass Sie sich nicht mehr daran erinnern k\u00f6nnen, ist jetzt ein guter Zeitpunkt f\u00fcr eine \u00dcberpr\u00fcfung. Eine der praktischen Funktionen von Azure-VMs ist die M\u00f6glichkeit, die Gr\u00f6\u00dfe einfach an die sich im Laufe der Zeit \u00e4ndernde Rechenanforderungen anzupassen.<\/p>\n<\/div>\n\n\n\n<div class=\"wp-block-column is-layout-flow wp-block-column-is-layout-flow\">\n<p class=\"alignwide has-text-align-wide\">Microsoft hat k\u00fcrzlich angek\u00fcndigt, dass viele der \u00e4lteren, aber h\u00e4ufig verwendeten VM-Gr\u00f6\u00dfenserien nun auslaufen werden. Das endg\u00fcltige Datum liegt zwar erst in mehr als zwei Jahren, im Jahr 2028, dennoch gibt es einen Dominoeffekt, der sich bereits jetzt auf Sie und Ihre Kunden auswirken kann: Dreij\u00e4hrige reservierte Instanzen f\u00fcr diese VM-Familien k\u00f6nnen nicht mehr erworben werden.<\/p>\n\n\n\n<div class=\"wp-block-buttons is-content-justification-right is-layout-flex wp-container-core-buttons-is-layout-765c4724 wp-block-buttons-is-layout-flex\">\n<div class=\"wp-block-button\"><a class=\"wp-block-button__link wp-element-button\" href=\"https:\/\/learn.microsoft.com\/de-de\/azure\/virtual-machines\/sizes\/retirement\/retired-sizes-list#general-purpose-retired-sizes\" target=\"_blank\" rel=\"noreferrer noopener\">Mehr erfahren<\/a><\/div>\n<\/div>\n<\/div>\n<\/div>\n\n\n\n<h2 class=\"wp-block-heading is-style-border-left wp-block-heading\" id=\"h-temporare-speicherdatentrager\">Tempor\u00e4re Speicherdatentr\u00e4ger<\/h2>\n\n\n\n<p class=\"alignwide has-text-align-wide\">Einige VM-Gr\u00f6\u00dfenserien verf\u00fcgen \u00fcber tempor\u00e4re Speicherdatentr\u00e4ger, die von einem lokalen SSD-Speicher gespeist werden, der direkt an den Hypervisor-Host der VM angeschlossen ist. Andere VM-Gr\u00f6\u00dfenserien verf\u00fcgen nicht \u00fcber diese Datentr\u00e4ger und sind daher etwas g\u00fcnstiger. Es funktioniert jedoch nicht, die Gr\u00f6\u00dfe einer VM aus einer Serie mit einem solchen Datentr\u00e4ger in eine Serie ohne diesen zu \u00e4ndern und umgekehrt.<\/p>\n\n\n\n<p>Stattdessen werden folgende Schritte ben\u00f6tigt:<\/p>\n\n\n\n<ol class=\"wp-block-list\">\n<li>Verschieben der Auslagerungsdatei<\/li>\n\n\n\n<li>Herunterfahren der VM<\/li>\n\n\n\n<li>Duplikation des Betriebssystems und aller Datentr\u00e4ger<\/li>\n\n\n\n<li>Erstellung einer neuen VM mit denselben Einstellungen<\/li>\n\n\n\n<li>\u00dcbertragung aller \u00f6ffentlichen IP-Adressen und anderer verkn\u00fcpfter Ressourcen<\/li>\n\n\n\n<li>Start der VM mit einem Funktionstest<\/li>\n\n\n\n<li>L\u00f6schen der alten VM und der zugeh\u00f6rigen Ressourcen<\/li>\n<\/ol>\n\n\n\n<p class=\"alignwide has-text-align-wide\">Das ist zwar ein m\u00f6glicher Weg, gestaltet sich aber deutlich aufw\u00e4ndiger als die Auswahl einer neuen VM-Gr\u00f6\u00dfe im Azure-Portal und das Klicken auf \u201eOK\u201c. &nbsp;Wenn die aktuelle VM-Gr\u00f6\u00dfe eine solche tempor\u00e4re Festplatte hat, beschr\u00e4nkt dies h\u00e4ufig die Auswahl der neuen VM-Gr\u00f6\u00dfe, die ebenfalls dar\u00fcber verf\u00fcgt.<\/p>\n\n\n\n<h2 class=\"wp-block-heading is-style-border-left wp-block-heading\" id=\"h-neuer-speichercontrollertyp\">Neuer Speichercontrollertyp<\/h2>\n\n\n\n<p class=\"alignwide has-text-align-wide\">Azure-VMs haben traditionell einen SCSI-Speichercontroller verwendet, aber die neuesten VM-Familien, die jetzt ver\u00f6ffentlicht wurden, verwenden stattdessen einen leistungsf\u00e4higeren NVMe-Speichercontroller, und es ist nicht m\u00f6glich, die Gr\u00f6\u00dfe einer VM zwischen den beiden Controllertypen zu \u00e4ndern. Dar\u00fcber hinaus k\u00f6nnen selbst bei der Bereitstellung einer neuen VM auf Basis von Kopien der aktuellen VM-Festplatten Probleme auftreten, da die VM Gen2 sein muss und das Betriebssystem-Image ebenfalls NVMe unterst\u00fctzen muss. Diese Einschr\u00e4nkung verhindert, dass \u00e4ltere VMs auf die neueste VM-Serienversion umgestellt werden k\u00f6nnen, und erfordert m\u00f6glicherweise die Bereitstellung brandneuer VMs mit neueren Betriebssystemen.<\/p>\n\n\n\n<h2 class=\"wp-block-heading is-style-border-left wp-block-heading\" id=\"h-wie-wirkt-sich-dies-auf-sie-oder-ihre-kunden-aus\">Wie wirkt sich dies auf Sie oder Ihre Kunden aus?<\/h2>\n\n\n\n<div class=\"wp-block-columns is-layout-flex wp-container-core-columns-is-layout-9d6595d7 wp-block-columns-is-layout-flex\">\n<div class=\"wp-block-column is-layout-flow wp-block-column-is-layout-flow\">\n<p>Beim Erstellen neuer L\u00f6sungen m\u00fcssen nun zwei wichtige architektonische \u00dcberlegungen im Voraus getroffen werden, anstatt nur eine gesch\u00e4tzte VM-Gr\u00f6\u00dfe bereitzustellen und diese sp\u00e4ter zu optimieren. Erstens: Ben\u00f6tigt Ihr Kunde eine tempor\u00e4re Festplatte? Und zweitens: Sollten Sie die neueste Version der VM-Familie ausw\u00e4hlen? Die zweite \u00dcberlegung ist derzeit am relevantesten, da oft Zur\u00fcckhaltung bei der Verwendung der neuesten Version eines Produkts besteht, da unbekannte Probleme bef\u00fcrchtet werden. Der Nachteil dieses Ansatzes besteht darin, dass die fr\u00fcheren Versionen der Azure-VM-Familien \u00fcber den SCSI-Controller verf\u00fcgen und zugleich die letzten Versionen mit diesem Controller sind, was zuk\u00fcnftige Upgrades auf eine neue Version, die NVMe verwendet, erheblich erschwert.<\/p>\n<\/div>\n\n\n\n<div class=\"wp-block-column is-layout-flow wp-block-column-is-layout-flow\">\n<p>Als vertrauensw\u00fcrdiger Cloud-IT-Anbieter Ihres Endkunden geh\u00f6rt es zu Ihren Sorgfaltspflichten, sicherzustellen, dass dieser die leistungsf\u00e4higsten L\u00f6sungen zum besten Preis erh\u00e4lt. Dies bedeutet regelm\u00e4\u00dfige Optimierungsma\u00dfnahmen, um die VM-Leistung zu bewerten und gegebenenfalls neue Gr\u00f6\u00dfen zu empfehlen. Angesichts der viel gr\u00f6\u00dferen Auswahl an VM-Gr\u00f6\u00dfenserien und der oben genannten Einschr\u00e4nkungen bei der Gr\u00f6\u00dfen\u00e4nderung ist diese Aufgabe schwieriger geworden, als nur Faktoren wie CPU-Leistung, RAM-Kapazit\u00e4t und st\u00fcndliche Betriebskosten zu ber\u00fccksichtigen.<\/p>\n\n\n\n<p>Selbst wenn Workloads sehr stabile Leistungsanforderungen haben und seit vielen Jahren keine Gr\u00f6\u00dfen\u00e4nderung erforderlich war, sind diese VMs dennoch von der Einstellung der \u00e4lteren Serien betroffen. Bestehende 3-Jahres-Reserved-Instances k\u00f6nnen nach Ablauf nicht verl\u00e4ngert werden, und schlie\u00dflich werden auch die weniger verg\u00fcnstigten 1-Jahres-Reserved-Instances nicht mehr verf\u00fcgbar sein. Dadurch steigen die Azure-Betriebskosten Ihrer Kunden, da die VMs wieder auf On-Demand- bzw. Pay-As-You-Go-Abrechnung (PAYG) umgestellt werden.<\/p>\n<\/div>\n<\/div>\n\n\n\n<h2 class=\"wp-block-heading is-style-border-left wp-block-heading\" id=\"h-fazit\">Fazit<\/h2>\n\n\n\n<p class=\"alignwide has-text-align-wide\">Die Auswahl der besten VM-Serien bei der Bereitstellung neuer VMs oder der Gr\u00f6\u00dfen\u00e4nderung bestehender VMs ist nicht mehr so einfach wie fr\u00fcher. Dies sollte jedoch nicht als Vorwand dienen, um regelm\u00e4\u00dfige Optimierungsma\u00dfnahmen aufzugeben oder Probleme aufzuschieben, wenn eine auslaufende VM-Gr\u00f6\u00dfe verwendet wird. Das Verst\u00e4ndnis der Einschr\u00e4nkungen erleichtert die Auswahl des richtigen Vorgehens und der passenden VM-Gr\u00f6\u00dfe. Eine zweite fachliche Pr\u00fcfung gibt Ihnen zus\u00e4tzliche Sicherheit.<\/p>\n\n\n\n<div class=\"wp-block-buttons is-layout-flex wp-block-buttons-is-layout-flex\">\n<div class=\"wp-block-button\"><a class=\"wp-block-button__link wp-element-button\" href=\"https:\/\/www.infinigate.com\/de\/lp\/h\/microsoft\/microsoft-news\/\">Zur\u00fcck zur Microsoft News \u00dcbersicht<\/a><\/div>\n<\/div>\n\n\n\n<div class=\"wp-block-cover alignwide\" id=\"kontakt\"><img loading=\"lazy\" decoding=\"async\" width=\"1920\" height=\"1080\" class=\"wp-block-cover__image-background wp-image-4092\" alt=\"\" src=\"https:\/\/www.infinigate.com\/de\/wp-content\/uploads\/sites\/25\/2024\/03\/Digital_Textures_V2.jpg\" data-object-fit=\"cover\" srcset=\"https:\/\/www.infinigate.com\/de\/wp-content\/uploads\/sites\/25\/2024\/03\/Digital_Textures_V2.jpg 1920w, https:\/\/www.infinigate.com\/de\/wp-content\/uploads\/sites\/25\/2024\/03\/Digital_Textures_V2-300x169.jpg 300w, https:\/\/www.infinigate.com\/de\/wp-content\/uploads\/sites\/25\/2024\/03\/Digital_Textures_V2-1024x576.jpg 1024w, https:\/\/www.infinigate.com\/de\/wp-content\/uploads\/sites\/25\/2024\/03\/Digital_Textures_V2-768x432.jpg 768w, https:\/\/www.infinigate.com\/de\/wp-content\/uploads\/sites\/25\/2024\/03\/Digital_Textures_V2-1536x864.jpg 1536w\" sizes=\"auto, (max-width: 1920px) 100vw, 1920px\" \/><span aria-hidden=\"true\" class=\"wp-block-cover__background has-blue-background-color has-background-dim-0 has-background-dim\"><\/span><div class=\"wp-block-cover__inner-container is-layout-constrained wp-block-cover-is-layout-constrained\">\n<div class=\"wp-block-columns is-layout-flex wp-container-core-columns-is-layout-9d6595d7 wp-block-columns-is-layout-flex\">\n<div class=\"wp-block-column is-layout-flow wp-block-column-is-layout-flow\" style=\"flex-basis:66.66%\">\n<h3 class=\"wp-block-heading has-text-align-left is-style-border-left has-white-color has-text-color has-link-color wp-elements-e2550fdcb0363be6c31175c1e641cee2\" id=\"h-fur-fragen-zu-diesem-thema-und-bevorstehenden-einstellungen-von-vm-grossenserien-wenden-sie-sich-bitte-an-unser-microsoft-team-wir-organisieren-gerne-einen-termin-mit-unseren-azure-architekten\">F\u00fcr Fragen zu diesem Thema und bevorstehenden Einstellungen von VM-Gr\u00f6\u00dfenserien, wenden Sie sich bitte an unser <strong>Microsoft-Team<\/strong>. Wir organisieren gerne einen Termin mit unseren <strong>Azure Architekten<\/strong>.<\/h3>\n<\/div>\n\n\n\n<div class=\"wp-block-column is-vertically-aligned-center is-layout-flow wp-block-column-is-layout-flow\" style=\"flex-basis:33.33%\">\n<p class=\"has-text-align-center has-white-color has-text-color has-link-color wp-elements-685e8cd448bef054a82ae17ba484b274\"><br><a href=\"mailto:microsoft@infinigate.de\">microsoft@infinigate.de<br><\/a><a href=\"tel:+498989048580\">+49 89 89048-580<\/a><\/p>\n\n\n\n<div class=\"wp-block-buttons is-content-justification-center is-layout-flex wp-container-core-buttons-is-layout-16018d1d wp-block-buttons-is-layout-flex\">\n<div class=\"wp-block-button\"><a class=\"wp-block-button__link wp-element-button\" href=\"mailto:microsoft@infinigate.de\">Kontakt aufnehmen<\/a><\/div>\n<\/div>\n<\/div>\n<\/div>\n<\/div><\/div>\n","protected":false},"excerpt":{"rendered":"<p>12.02.2026 Wenn die Antwort auf diese Frage (insbesondere f\u00fcr die VMs Ihrer Kunden) so lange zur\u00fcckliegt, dass Sie sich nicht&hellip;<\/p>\n","protected":false},"author":48,"featured_media":36931,"parent":17789,"menu_order":0,"comment_status":"closed","ping_status":"closed","template":"","meta":{"_acf_changed":false,"footnotes":""},"folder":[488],"class_list":["post-39749","page","type-page","status-publish","has-post-thumbnail","hentry"],"acf":[],"distributor_meta":false,"distributor_terms":false,"distributor_media":false,"distributor_original_site_name":"Infinigate | Deutschland","distributor_original_site_url":"https:\/\/www.infinigate.com\/de","push-errors":false,"_links":{"self":[{"href":"https:\/\/www.infinigate.com\/de\/wp-json\/wp\/v2\/pages\/39749","targetHints":{"allow":["GET"]}}],"collection":[{"href":"https:\/\/www.infinigate.com\/de\/wp-json\/wp\/v2\/pages"}],"about":[{"href":"https:\/\/www.infinigate.com\/de\/wp-json\/wp\/v2\/types\/page"}],"author":[{"embeddable":true,"href":"https:\/\/www.infinigate.com\/de\/wp-json\/wp\/v2\/users\/48"}],"replies":[{"embeddable":true,"href":"https:\/\/www.infinigate.com\/de\/wp-json\/wp\/v2\/comments?post=39749"}],"version-history":[{"count":6,"href":"https:\/\/www.infinigate.com\/de\/wp-json\/wp\/v2\/pages\/39749\/revisions"}],"predecessor-version":[{"id":39831,"href":"https:\/\/www.infinigate.com\/de\/wp-json\/wp\/v2\/pages\/39749\/revisions\/39831"}],"up":[{"embeddable":true,"href":"https:\/\/www.infinigate.com\/de\/wp-json\/wp\/v2\/pages\/17789"}],"wp:featuredmedia":[{"embeddable":true,"href":"https:\/\/www.infinigate.com\/de\/wp-json\/wp\/v2\/media\/36931"}],"wp:attachment":[{"href":"https:\/\/www.infinigate.com\/de\/wp-json\/wp\/v2\/media?parent=39749"}],"wp:term":[{"taxonomy":"folder","embeddable":true,"href":"https:\/\/www.infinigate.com\/de\/wp-json\/wp\/v2\/folder?post=39749"}],"curies":[{"name":"wp","href":"https:\/\/api.w.org\/{rel}","templated":true}]}}