{"id":40634,"date":"2026-03-05T11:27:21","date_gmt":"2026-03-05T10:27:21","guid":{"rendered":"https:\/\/www.infinigate.com\/de\/?page_id=40634"},"modified":"2026-03-16T07:59:08","modified_gmt":"2026-03-16T06:59:08","slug":"wegfall-ea-rabatt","status":"publish","type":"page","link":"https:\/\/www.infinigate.com\/de\/lp\/h\/microsoft\/wegfall-ea-rabatt\/","title":{"rendered":"Wegfall EA-Rabatt"},"content":{"rendered":"\n<h3 class=\"wp-block-heading wp-block-heading\" id=\"h-27-02-2026\">27.02.2026<\/h3>\n\n\n\n<figure class=\"wp-block-image alignwide size-full\"><img loading=\"lazy\" decoding=\"async\" width=\"1280\" height=\"400\" src=\"https:\/\/www.infinigate.com\/de\/wp-content\/uploads\/sites\/25\/2026\/03\/wegfall-ea-rabatt-microsoft.jpg\" alt=\"Wegfall des EA-Rabattes von Microsoft: Die Chance f\u00fcr Partner in Bezug auf CSP-Umstellungen\" class=\"wp-image-40636\" srcset=\"https:\/\/www.infinigate.com\/de\/wp-content\/uploads\/sites\/25\/2026\/03\/wegfall-ea-rabatt-microsoft.jpg 1280w, https:\/\/www.infinigate.com\/de\/wp-content\/uploads\/sites\/25\/2026\/03\/wegfall-ea-rabatt-microsoft-300x94.jpg 300w, https:\/\/www.infinigate.com\/de\/wp-content\/uploads\/sites\/25\/2026\/03\/wegfall-ea-rabatt-microsoft-1024x320.jpg 1024w, https:\/\/www.infinigate.com\/de\/wp-content\/uploads\/sites\/25\/2026\/03\/wegfall-ea-rabatt-microsoft-768x240.jpg 768w\" sizes=\"auto, (max-width: 1280px) 100vw, 1280px\" \/><\/figure>\n\n\n\n<div class=\"wp-block-columns is-layout-flex wp-container-core-columns-is-layout-9d6595d7 wp-block-columns-is-layout-flex\">\n<div class=\"wp-block-column is-layout-flow wp-block-column-is-layout-flow\">\n<p class=\"alignwide has-text-align-wide\">Microsoft hat k\u00fcrzlich angek\u00fcndigt, die <strong>Rabatte f\u00fcr Enterprise Agreement (EA)-Kunden<\/strong> abzuschaffen. F\u00fcr viele Unternehmen kommt diese \u00c4nderung genau in dem Moment, in dem sie Verl\u00e4ngerungsoptionen pr\u00fcfen, ihre Ausgaben neu prognostizieren und sich fragen, ob ihr aktuelles Lizenzmodell weiterhin einen Mehrwert bietet.<\/p>\n<\/div>\n\n\n\n<div class=\"wp-block-column is-layout-flow wp-block-column-is-layout-flow\">\n<p class=\"alignwide has-text-align-wide\">F\u00fcr Infinigate-Partner ergibt sich daraus eine ebenso wichtige Konsequenz: Eine echte kommerzielle Chance, das <strong>Cloud Solution Provider (CSP)\u2011Modell<\/strong> als \u00fcberzeugende Alternative zu positionieren \u2013 insbesondere f\u00fcr Kunden, die bislang aufgrund der Preisvorteile an EA \u201egebunden\u201c waren.<\/p>\n<\/div>\n<\/div>\n\n\n\n<h2 class=\"wp-block-heading is-style-border-left wp-block-heading\" id=\"h-ea-verlangerung-im-umbruch\">EA-Verl\u00e4ngerung im Umbruch<\/h2>\n\n\n\n<p class=\"alignwide has-text-align-wide\">EA\u2011Kunden und ihre Beschaffungsteams reagieren besonders sensibel auf Preis\u00e4nderungen \u2013 vor allem dann, wenn sie davon ausgehen, dass langj\u00e4hrige Rabatte fest zum Vertrag geh\u00f6ren. Die Abschaffung dieser Rabatte ver\u00e4ndert die Dynamik von Vertragsverl\u00e4ngerungen und f\u00fchrt zu <strong>drei Entwicklungen<\/strong>:<\/p>\n\n\n\n<ol start=\"1\" class=\"wp-block-list\">\n<li>Kunden sind offener f\u00fcr Alternativen \u2013 selbst, wenn sie in der Vergangenheit standardm\u00e4\u00dfig verl\u00e4ngert haben.<\/li>\n\n\n\n<li>Sie w\u00fcnschen sich klarere, kommerzielle Optionen und flexiblere Konditionen.<\/li>\n\n\n\n<li>Sie erwarten, dass ihr Partner sie sicher, kompetent und ohne Verwirrung durch die Ver\u00e4nderung begleitet.<\/li>\n<\/ol>\n\n\n\n<p class=\"alignwide has-text-align-wide\">Genau hier k\u00f6nnen Partner gl\u00e4nzen: Wer Struktur, Klarheit und ein starkes CSP\u2011Angebot pr\u00e4sentiert, kann Unsicherheit in einen entscheidenden Schritt verwandeln.<\/p>\n\n\n\n<h2 class=\"wp-block-heading alignwide is-style-border-left wp-block-heading\" id=\"h-csp-ist-auf-erfolgskurs-wenn-es-richtig-gebundelt-ist\">CSP ist auf Erfolgskurs \u2013 wenn es richtig geb\u00fcndelt ist<\/h2>\n\n\n\n<p class=\"alignwide has-text-align-wide\">CSP ist nicht neu, aber die Marktbedingungen ver\u00e4ndern sich. Mit dem <strong>Wegfall der EA\u2011Rabatte<\/strong> k\u00f6nnen Partner nun wettbewerbsf\u00e4higere und \u00fcberzeugendere CSP\u2011Angebote f\u00fcr Kunden entwickeln, die ihre n\u00e4chsten Schritte evaluieren.<\/p>\n\n\n\n<p class=\"alignwide has-text-align-wide\">CSP bietet zudem die kommerzielle Flexibilit\u00e4t, die viele Unternehmen aktuell einfordern, z. B.<\/p>\n\n\n\n<ul class=\"wp-block-list\">\n<li>eine bessere Ausrichtung der Ausgaben an die tats\u00e4chliche Nutzung,<\/li>\n\n\n\n<li>flexible Lizenzanpassungen bei ver\u00e4nderten Anforderungen und<\/li>\n\n\n\n<li>die M\u00f6glichkeit, Lizenzierung nahtlos mit Managed\u2011 oder Sicherheitsservices zu kombinieren.<\/li>\n<\/ul>\n\n\n\n<p class=\"alignwide has-text-align-wide\">F\u00fcr Partner bedeutet dies weit mehr als nur eine Lizenzierungsumstellung: Es ist eine Chance, Kundenbeziehungen zu st\u00e4rken, Loyalit\u00e4t aufzubauen und eine <strong>wiederkehrende Einnahmequelle<\/strong> mit Microsoft zu etablieren.<\/p>\n\n\n\n<h2 class=\"wp-block-heading alignwide is-style-border-left wp-block-heading\" id=\"h-die-herausforderung-ea-zu-csp-umstellungen-sind-komplex-und-zeitkritisch\">Die Herausforderung: EA zu CSP Umstellungen sind komplex und zeitkritisch<\/h2>\n\n\n\n<p>Die Chance ist real \u2013 aber auch die Komplexit\u00e4t.<\/p>\n\n\n\n<p class=\"alignwide has-text-align-wide\">EA\u2011Best\u00e4nde bestehen h\u00e4ufig aus einer Mischung aus Produkten, Berechtigungen, Add\u2011ons und Verl\u00e4ngerungsbedingungen, die nicht leicht zu entwirren sind. Zudem sind oft mehrere interne Stakeholder eingebunden, wie IT, Finanzen, Beschaffung und Sicherheit, und die Zeitfenster sind eng<strong>. <\/strong>Wird das Verl\u00e4ngerungs\u2011Timing verpasst, droht der Verlust wichtiger Momentum\u2011Punkte.<\/p>\n\n\n\n<p class=\"alignwide has-text-align-wide\">Die erfolgreichsten Partner sind daher diejenigen, die <strong>schnell handeln<\/strong>, \u00fcber fundiertes <strong>Lizenzierungswissen<\/strong> verf\u00fcgen und einen klaren, strukturierten Umstellungsplan vorlegen.<\/p>\n\n\n\n<h2 class=\"wp-block-heading alignwide is-style-border-left wp-block-heading\" id=\"h-so-unterstutzt-infinigate-lizenzierungs-know-how-scout-plattform\">So unterst\u00fctzt Infinigate: Lizenzierungs-Know-how + SCOUT-Plattform<\/h2>\n\n\n\n<p class=\"alignwide has-text-align-wide\">Wir bei Infinigate unterst\u00fctzen unsere Partner dabei, ihr Microsoft\u2011Gesch\u00e4ft mit Zuversicht auszubauen. Wenn sich der Markt ver\u00e4ndert, helfen wir Ihnen dabei, Ver\u00e4nderungen in konkrete, gewinnbringende Ma\u00dfnahmen zu \u00fcbersetzen \u2013 gest\u00fctzt durch Expertise und bew\u00e4hrte Tools.<\/p>\n\n\n\n<p>F\u00fcr <strong>EA\u2011zu\u2011CSP\u2011Umstellungen<\/strong> kombinieren wir:<\/p>\n\n\n\n<p><strong>1. Umfassende Lizenzierungskompetenz<\/strong><\/p>\n\n\n\n<p class=\"alignwide has-text-align-wide\">Unser Team hilft Ihnen, die <strong>EA\u2011Situation <\/strong>des Kunden<strong> zu analysieren<\/strong>, die Auswirkungen der \u00c4nderungen zu erkl\u00e4ren, kommerzielle Hebel zu identifizieren und einen CSP\u2011Pfad zu entwickeln, der in der Praxis funktioniert.<\/p>\n\n\n\n<p><strong>2. Umfassende Tenant-Analysen mit SCOUT<\/strong><\/p>\n\n\n\n<h2 class=\"wp-block-heading alignwide is-style-border-left wp-block-heading\" id=\"h-neu-ea-to-csp-virtual-sales-team-as-a-service\">Neu: EA to CSP Virtual Sales Team as a Service<\/h2>\n\n\n\n<p class=\"alignwide has-text-align-wide\">Um Ihnen das Handeln weiter zu erleichtern, bietet Infinigate allen bestehenden Partnern das <strong>EA\u2011to\u2011CSP Virtual Sales Team as a Service<\/strong> an.<\/p>\n\n\n\n<p class=\"alignwide has-text-align-wide\">Dieser Service setzt EA\u2011to\u2011CSP\u2011Konvertierungen um, ohne kurzfristig zus\u00e4tzliche Lizenzierungs\u2011 oder Vertriebsressourcen aufbauen zu m\u00fcssen.<\/p>\n\n\n\n<p class=\"alignwide has-text-align-wide\">Wir unterst\u00fctzen Sie bei der <strong>Qualifizierung, Gestaltung und Voranbringung von Chancen<\/strong>, sodass Sie sich auf Kundenbeziehungen und Abschl\u00fcsse konzentrieren k\u00f6nnen, w\u00e4hrend wir die Lizenzierungs\u2011 und Umstellungsaspekte \u00fcbernehmen.<\/p>\n\n\n\n<p class=\"alignwide has-text-align-wide\">Wenn Sie Kunden mit bald auslaufenden EAs haben, ist jetzt der richtige Zeitpunkt, aktiv zu werden. Je fr\u00fcher Sie einsteigen, desto st\u00e4rker k\u00f6nnen Sie die Argumentation steuern \u2013 und desto h\u00f6her ist die Wahrscheinlichkeit, die Verhandlungen f\u00fcr sich zu entscheiden.<\/p>\n\n\n\n<br>\n\n\n\n<h2 class=\"wp-block-heading alignwide is-style-border-left wp-block-heading\" id=\"h-nachster-schritt-gesprachstermin-mit-unserem-microsoft-team\">N\u00e4chster Schritt: Gespr\u00e4chstermin mit unserem Microsoft-Team<\/h2>\n\n\n\n<p class=\"alignwide has-text-align-wide\">Wenn Sie verstehen m\u00f6chten, welche Auswirkungen die Abschaffung des EA-Rabattes auf Ihre Kunden hat und wie Sie bevorstehende EA-Verl\u00e4ngerungen in CSP Erfolge umwandeln k\u00f6nnen, <a href=\"https:\/\/outlook.office365.com\/book\/BusinessUnitMicrosoftInfinigate@Infinigate.onmicrosoft.com\/\" type=\"link\" id=\"https:\/\/outlook.office365.com\/book\/BusinessUnitMicrosoftInfinigate@Infinigate.onmicrosoft.com\/\" target=\"_blank\" rel=\"noreferrer noopener\">vereinbaren Sie einen Termin<\/a> mit unserem Microsoft-Team oder schreiben Sie an:<\/p>\n\n\n\n<div class=\"wp-block-cover alignwide\" id=\"kontakt\"><img loading=\"lazy\" decoding=\"async\" width=\"1920\" height=\"1080\" class=\"wp-block-cover__image-background wp-image-4092\" alt=\"\" src=\"https:\/\/www.infinigate.com\/de\/wp-content\/uploads\/sites\/25\/2024\/03\/Digital_Textures_V2.jpg\" data-object-fit=\"cover\" srcset=\"https:\/\/www.infinigate.com\/de\/wp-content\/uploads\/sites\/25\/2024\/03\/Digital_Textures_V2.jpg 1920w, https:\/\/www.infinigate.com\/de\/wp-content\/uploads\/sites\/25\/2024\/03\/Digital_Textures_V2-300x169.jpg 300w, https:\/\/www.infinigate.com\/de\/wp-content\/uploads\/sites\/25\/2024\/03\/Digital_Textures_V2-1024x576.jpg 1024w, https:\/\/www.infinigate.com\/de\/wp-content\/uploads\/sites\/25\/2024\/03\/Digital_Textures_V2-768x432.jpg 768w, https:\/\/www.infinigate.com\/de\/wp-content\/uploads\/sites\/25\/2024\/03\/Digital_Textures_V2-1536x864.jpg 1536w\" sizes=\"auto, (max-width: 1920px) 100vw, 1920px\" \/><span aria-hidden=\"true\" class=\"wp-block-cover__background has-blue-background-color has-background-dim-0 has-background-dim\"><\/span><div class=\"wp-block-cover__inner-container is-layout-constrained wp-block-cover-is-layout-constrained\">\n<div class=\"wp-block-columns is-layout-flex wp-container-core-columns-is-layout-9d6595d7 wp-block-columns-is-layout-flex\">\n<div class=\"wp-block-column is-layout-flow wp-block-column-is-layout-flow\" style=\"flex-basis:66.66%\">\n<h3 class=\"wp-block-heading has-text-align-left is-style-border-left has-white-color has-text-color has-link-color wp-elements-d54082c467e618b0545f6c89710b3ca1\" id=\"h-kontakt-zum-microsoft-team\">Kontakt zum Microsoft-Team<\/h3>\n\n\n\n<p>Unser Microsoft-Team unterst\u00fctzt Sie gerne bei Ihren vertrieblichen Anfragen, bei Pre-Sales Themen oder bei geplanten Marketing-Aktivit\u00e4ten.<\/p>\n<\/div>\n\n\n\n<div class=\"wp-block-column is-vertically-aligned-center is-layout-flow wp-block-column-is-layout-flow\" style=\"flex-basis:33.33%\">\n<p class=\"has-text-align-center has-white-color has-text-color has-link-color wp-elements-ff45b21d7ce4dc63fd349a753acab66b\"><a href=\"mailto:microsoft@infinigate.de\">microsoft@infinigate.de<br><\/a><a href=\"tel:+498989048580\">+49 89 89048-580<\/a><\/p>\n\n\n\n<div class=\"wp-block-buttons is-content-justification-center is-layout-flex wp-container-core-buttons-is-layout-16018d1d wp-block-buttons-is-layout-flex\">\n<div class=\"wp-block-button\"><a class=\"wp-block-button__link wp-element-button\" href=\"mailto:microsoft-de@infinigate.de\">Kontakt aufnehmen<\/a><\/div>\n<\/div>\n<\/div>\n<\/div>\n<\/div><\/div>\n","protected":false},"excerpt":{"rendered":"<p>27.02.2026 Microsoft hat k\u00fcrzlich angek\u00fcndigt, die Rabatte f\u00fcr Enterprise Agreement (EA)-Kunden abzuschaffen. F\u00fcr viele Unternehmen kommt diese \u00c4nderung genau in&hellip;<\/p>\n","protected":false},"author":48,"featured_media":36931,"parent":17789,"menu_order":0,"comment_status":"closed","ping_status":"closed","template":"","meta":{"_acf_changed":false,"footnotes":""},"folder":[488],"class_list":["post-40634","page","type-page","status-publish","has-post-thumbnail","hentry"],"acf":[],"distributor_meta":false,"distributor_terms":false,"distributor_media":false,"distributor_original_site_name":"Infinigate | Deutschland","distributor_original_site_url":"https:\/\/www.infinigate.com\/de","push-errors":false,"_links":{"self":[{"href":"https:\/\/www.infinigate.com\/de\/wp-json\/wp\/v2\/pages\/40634","targetHints":{"allow":["GET"]}}],"collection":[{"href":"https:\/\/www.infinigate.com\/de\/wp-json\/wp\/v2\/pages"}],"about":[{"href":"https:\/\/www.infinigate.com\/de\/wp-json\/wp\/v2\/types\/page"}],"author":[{"embeddable":true,"href":"https:\/\/www.infinigate.com\/de\/wp-json\/wp\/v2\/users\/48"}],"replies":[{"embeddable":true,"href":"https:\/\/www.infinigate.com\/de\/wp-json\/wp\/v2\/comments?post=40634"}],"version-history":[{"count":3,"href":"https:\/\/www.infinigate.com\/de\/wp-json\/wp\/v2\/pages\/40634\/revisions"}],"predecessor-version":[{"id":41384,"href":"https:\/\/www.infinigate.com\/de\/wp-json\/wp\/v2\/pages\/40634\/revisions\/41384"}],"up":[{"embeddable":true,"href":"https:\/\/www.infinigate.com\/de\/wp-json\/wp\/v2\/pages\/17789"}],"wp:featuredmedia":[{"embeddable":true,"href":"https:\/\/www.infinigate.com\/de\/wp-json\/wp\/v2\/media\/36931"}],"wp:attachment":[{"href":"https:\/\/www.infinigate.com\/de\/wp-json\/wp\/v2\/media?parent=40634"}],"wp:term":[{"taxonomy":"folder","embeddable":true,"href":"https:\/\/www.infinigate.com\/de\/wp-json\/wp\/v2\/folder?post=40634"}],"curies":[{"name":"wp","href":"https:\/\/api.w.org\/{rel}","templated":true}]}}