{"id":41546,"date":"2026-03-19T12:48:35","date_gmt":"2026-03-19T11:48:35","guid":{"rendered":"https:\/\/www.infinigate.com\/de\/?page_id=41546"},"modified":"2026-03-27T10:24:40","modified_gmt":"2026-03-27T09:24:40","slug":"wichtiges-update","status":"publish","type":"page","link":"https:\/\/www.infinigate.com\/de\/lp\/h\/fortinet\/wichtiges-update\/","title":{"rendered":"Fortinet Wichtiges Update"},"content":{"rendered":"\n<div class=\"wp-block-columns is-layout-flex wp-container-core-columns-is-layout-9d6595d7 wp-block-columns-is-layout-flex\">\n<div class=\"wp-block-column is-layout-flow wp-block-column-is-layout-flow\">\n<figure class=\"wp-block-image size-full\"><img loading=\"lazy\" decoding=\"async\" width=\"630\" height=\"400\" src=\"https:\/\/www.infinigate.com\/de\/wp-content\/uploads\/sites\/25\/2026\/03\/fortinet-wichtige-updates.jpg\" alt=\"\" class=\"wp-image-41553\" srcset=\"https:\/\/www.infinigate.com\/de\/wp-content\/uploads\/sites\/25\/2026\/03\/fortinet-wichtige-updates.jpg 630w, https:\/\/www.infinigate.com\/de\/wp-content\/uploads\/sites\/25\/2026\/03\/fortinet-wichtige-updates-300x190.jpg 300w\" sizes=\"auto, (max-width: 630px) 100vw, 630px\" \/><\/figure>\n<\/div>\n\n\n\n<div class=\"wp-block-column is-layout-flow wp-block-column-is-layout-flow\">\n<p class=\"alignwide has-text-align-wide\">Am Mittwoch, dem 18.03.2026, hat Fortinet mit sofortiger Wirkung eine \u201eOrder Handling Fee (OHF1)\u201c eingef\u00fchrt \u2013 was bedeutet das f\u00fcr Sie als Partner?<\/p>\n\n\n\n<ul class=\"wp-block-list alignwide\">\n<li>Alle FTQs (mit Hardware) von Fortinet enthalten ab sofort den Artikel OHF1 in H\u00f6he von 200 USD.<\/li>\n\n\n\n<li>Der Artikel ist nicht rabattierbar, weder f\u00fcr Sie als Partner noch f\u00fcr uns als Distributor.<\/li>\n\n\n\n<li>Damit sind die 200 USD ein \u201edurchlaufender Posten\u201c.<\/li>\n\n\n\n<li>Wie gewohnt \u00fcbernehmen wir f\u00fcr Sie das W\u00e4hrungsrisiko im Rahmen unserer Angebotsg\u00fcltigkeit.<\/li>\n<\/ul>\n<\/div>\n<\/div>\n\n\n\n<p class=\"alignwide has-text-align-wide\">Wir versuchen auch, so viele (kleine) Bestellungen wie m\u00f6glich \u00fcber unsere Lagerware abzubilden, da die Fee in diesen F\u00e4llen nicht anf\u00e4llt (die Ware ist \u201eschon da\u201c und l\u00e4uft nicht mehr \u00fcber Fortinet). Unser Lagerbestand wurde entsprechend angepasst und wir arbeiten an weiteren Strategien, die Lage f\u00fcr Sie so kosteneffizient wie m\u00f6glich zu gestalten.<\/p>\n\n\n\n<p>Zus\u00e4tzlich zu der neuen Order Handling Fee (OHF1), hat Fortinet eine neue, degressive \u201eNetherlands Warehouse Fee\u201c eingef\u00fchrt, also eine Geb\u00fchr f\u00fcr Lieferungen, die aus dem Lager in den Niederlanden heraus erfolgen. Mit dieser Bearbeitungsgeb\u00fchr m\u00f6chte Fortinet die steigenden Logistikkosten zwischen Taiwan und Europa decken.<\/p>\n\n\n\n<p>Diese Geb\u00fchren fallen f\u00fcr Ihre Bestellung nicht an, wenn diese:<\/p>\n\n\n\n<ul class=\"wp-block-list\">\n<li>Teil einer Lagerbestellung Ihres Distributors ist<\/li>\n\n\n\n<li>im Zusammenhang mit einer NFR-Bestellung steht<\/li>\n\n\n\n<li>durch eine bestehende und g\u00fcltige kundenspezifische Preisvereinbarung mit einem Distributor abgedeckt ist, die zus\u00e4tzliche Geb\u00fchren untersagt, wie dies bei den meisten Rahmenvertr\u00e4gen der Fall ist<\/li>\n\n\n\n<li>unter den \u00fcblichen Gesch\u00e4ftsbedingungen des Distributors aufgegeben wurde<\/li>\n<\/ul>\n\n\n\n<p>Diese \u00c4nderungen und Ausnahmen dienen laut Fortinet dazu, den Betrieb nachhaltig zu gestalten und Partnern weiterhin faire und transparente Bedingungen bieten zu k\u00f6nnen.<\/p>\n\n\n\n<p class=\"alignwide has-text-align-wide\">Wir halten Sie hier auf dieser Seite immer auf dem Laufenden und werden gr\u00f6\u00dfere \u00c4nderungen auch wieder proaktiv kommunizieren.<\/p>\n\n\n\n<p>Mit freundlichen Gr\u00fc\u00dfen<br>Ihr Fortinet-Team bei Infinigate<\/p>\n\n\n\n<br>\n\n\n\n<div class=\"wp-block-cover alignwide\" id=\"kontakt\"><img loading=\"lazy\" decoding=\"async\" width=\"1920\" height=\"1080\" class=\"wp-block-cover__image-background wp-image-4092\" alt=\"\" src=\"https:\/\/www.infinigate.com\/de\/wp-content\/uploads\/sites\/25\/2024\/03\/Digital_Textures_V2.jpg\" data-object-fit=\"cover\" srcset=\"https:\/\/www.infinigate.com\/de\/wp-content\/uploads\/sites\/25\/2024\/03\/Digital_Textures_V2.jpg 1920w, https:\/\/www.infinigate.com\/de\/wp-content\/uploads\/sites\/25\/2024\/03\/Digital_Textures_V2-300x169.jpg 300w, https:\/\/www.infinigate.com\/de\/wp-content\/uploads\/sites\/25\/2024\/03\/Digital_Textures_V2-1024x576.jpg 1024w, https:\/\/www.infinigate.com\/de\/wp-content\/uploads\/sites\/25\/2024\/03\/Digital_Textures_V2-768x432.jpg 768w, https:\/\/www.infinigate.com\/de\/wp-content\/uploads\/sites\/25\/2024\/03\/Digital_Textures_V2-1536x864.jpg 1536w\" sizes=\"auto, (max-width: 1920px) 100vw, 1920px\" \/><span aria-hidden=\"true\" class=\"wp-block-cover__background has-blue-background-color has-background-dim-0 has-background-dim\"><\/span><div class=\"wp-block-cover__inner-container is-layout-constrained wp-block-cover-is-layout-constrained\">\n<div class=\"wp-block-columns is-layout-flex wp-container-core-columns-is-layout-9d6595d7 wp-block-columns-is-layout-flex\">\n<div class=\"wp-block-column is-layout-flow wp-block-column-is-layout-flow\" style=\"flex-basis:66.66%\">\n<h3 class=\"wp-block-heading has-text-align-left is-style-border-left has-white-color has-text-color has-link-color wp-elements-5cd14bfe3c3870336d722028ff584070\" id=\"h-kontakt-zum-fortinet-team\">Kontakt zum Fortinet-Team<\/h3>\n\n\n\n<p>Sie haben Fragen zu Fortinet und der neuen Order Handling Fee? Kommen Sie gerne auf uns zu:<\/p>\n<\/div>\n\n\n\n<div class=\"wp-block-column is-vertically-aligned-center is-layout-flow wp-block-column-is-layout-flow\" style=\"flex-basis:33.33%\">\n<p class=\"has-text-align-center has-white-color has-text-color has-link-color wp-elements-d29bf069dd4816a0531db0cedd7cd722\"><a href=\"mailto:fortinet@infinigate.de\">fortinet@infinigate.de<\/a><br><a href=\"tel:00498989048540\">+49 89 89048-540<\/a><\/p>\n\n\n\n<div class=\"wp-block-buttons is-content-justification-center is-layout-flex wp-container-core-buttons-is-layout-16018d1d wp-block-buttons-is-layout-flex\">\n<div class=\"wp-block-button\"><a class=\"wp-block-button__link wp-element-button\" href=\"mailto:fortinet@infinigate.de\">Kontakt aufnehmen<\/a><\/div>\n<\/div>\n<\/div>\n<\/div>\n<\/div><\/div>\n","protected":false},"excerpt":{"rendered":"<p>Am Mittwoch, dem 18.03.2026, hat Fortinet mit sofortiger Wirkung eine \u201eOrder Handling Fee (OHF1)\u201c eingef\u00fchrt \u2013 was bedeutet das f\u00fcr&hellip;<\/p>\n","protected":false},"author":48,"featured_media":36947,"parent":17392,"menu_order":0,"comment_status":"closed","ping_status":"closed","template":"","meta":{"_acf_changed":false,"footnotes":""},"folder":[476],"class_list":["post-41546","page","type-page","status-publish","has-post-thumbnail","hentry"],"acf":[],"distributor_meta":false,"distributor_terms":false,"distributor_media":false,"distributor_original_site_name":"Infinigate | Deutschland","distributor_original_site_url":"https:\/\/www.infinigate.com\/de","push-errors":false,"_links":{"self":[{"href":"https:\/\/www.infinigate.com\/de\/wp-json\/wp\/v2\/pages\/41546","targetHints":{"allow":["GET"]}}],"collection":[{"href":"https:\/\/www.infinigate.com\/de\/wp-json\/wp\/v2\/pages"}],"about":[{"href":"https:\/\/www.infinigate.com\/de\/wp-json\/wp\/v2\/types\/page"}],"author":[{"embeddable":true,"href":"https:\/\/www.infinigate.com\/de\/wp-json\/wp\/v2\/users\/48"}],"replies":[{"embeddable":true,"href":"https:\/\/www.infinigate.com\/de\/wp-json\/wp\/v2\/comments?post=41546"}],"version-history":[{"count":4,"href":"https:\/\/www.infinigate.com\/de\/wp-json\/wp\/v2\/pages\/41546\/revisions"}],"predecessor-version":[{"id":41999,"href":"https:\/\/www.infinigate.com\/de\/wp-json\/wp\/v2\/pages\/41546\/revisions\/41999"}],"up":[{"embeddable":true,"href":"https:\/\/www.infinigate.com\/de\/wp-json\/wp\/v2\/pages\/17392"}],"wp:featuredmedia":[{"embeddable":true,"href":"https:\/\/www.infinigate.com\/de\/wp-json\/wp\/v2\/media\/36947"}],"wp:attachment":[{"href":"https:\/\/www.infinigate.com\/de\/wp-json\/wp\/v2\/media?parent=41546"}],"wp:term":[{"taxonomy":"folder","embeddable":true,"href":"https:\/\/www.infinigate.com\/de\/wp-json\/wp\/v2\/folder?post=41546"}],"curies":[{"name":"wp","href":"https:\/\/api.w.org\/{rel}","templated":true}]}}