{"id":42792,"date":"2026-04-02T12:51:25","date_gmt":"2026-04-02T10:51:25","guid":{"rendered":"https:\/\/www.infinigate.com\/de\/?page_id=42792"},"modified":"2026-04-02T14:42:40","modified_gmt":"2026-04-02T12:42:40","slug":"extended-service-terms-in-core-umsetzen","status":"publish","type":"page","link":"https:\/\/www.infinigate.com\/de\/lp\/h\/microsoft\/extended-service-terms-in-core-umsetzen\/","title":{"rendered":"Extended Service Terms (EST) in CORE umsetzen"},"content":{"rendered":"\n<figure class=\"wp-block-image alignwide size-large\"><img loading=\"lazy\" decoding=\"async\" width=\"1024\" height=\"320\" src=\"https:\/\/www.infinigate.com\/de\/wp-content\/uploads\/sites\/25\/2026\/04\/microsoft-extended-service-terms-1024x320.jpg\" alt=\"Extended Service Terms (EST) in CORE umsetzen\" class=\"wp-image-42797\" srcset=\"https:\/\/www.infinigate.com\/de\/wp-content\/uploads\/sites\/25\/2026\/04\/microsoft-extended-service-terms-1024x320.jpg 1024w, https:\/\/www.infinigate.com\/de\/wp-content\/uploads\/sites\/25\/2026\/04\/microsoft-extended-service-terms-300x94.jpg 300w, https:\/\/www.infinigate.com\/de\/wp-content\/uploads\/sites\/25\/2026\/04\/microsoft-extended-service-terms-768x240.jpg 768w, https:\/\/www.infinigate.com\/de\/wp-content\/uploads\/sites\/25\/2026\/04\/microsoft-extended-service-terms.jpg 1280w\" sizes=\"auto, (max-width: 1024px) 100vw, 1024px\" \/><\/figure>\n\n\n\n<p class=\"alignwide has-text-align-wide\">Ab dem&nbsp;<strong>04.05.2026<\/strong>&nbsp;f\u00fchrt Microsoft die&nbsp;<strong>Extended Service Terms (EST)&nbsp;<\/strong>&#8211; Lizenzen ein, welche die bisher g\u00fcltige Karenzfrist bei abgelaufenen Abonnements ersetzen. Extended Service Terms sind monatlich abgerechnete Lizenzen mit t\u00e4glicher K\u00fcndigungsm\u00f6glichkeit. Der Preis entspricht einer Lizenz mit monatlicher Laufzeit und Zahlungsmethode mit 3% Aufschlag oder +23% gegen\u00fcber einer Lizenz mit j\u00e4hrlicher Laufzeit und Zahlung. Bei Abonnements ohne monatliche Option erfolgt eine entsprechende Umrechnung.<\/p>\n\n\n\n<p>Die EST werden f\u00fcr alle Abonnements angewandt, die<\/p>\n\n\n\n<ul class=\"wp-block-list\">\n<li>ab dem 01.04.2026 erworben oder verl\u00e4ngert wurden und am bzw. nach dem 04.05.2026 ablaufen.<\/li>\n\n\n\n<li>die Einstellung \u201eAuto-Renewal deaktiviert\u201c haben.<\/li>\n<\/ul>\n\n\n\n<hr class=\"wp-block-separator alignwide has-alpha-channel-opacity\"\/>\n\n\n\n<div class=\"wp-block-columns is-layout-flex wp-container-core-columns-is-layout-9d6595d7 wp-block-columns-is-layout-flex\">\n<div class=\"wp-block-column is-layout-flow wp-block-column-is-layout-flow\">\n<p><strong>Die Abschaltung der automatischen Verl\u00e4ngerung gem\u00e4\u00df der Microsoft Einstellung entspricht daher nicht mehr einer K\u00fcndigung!<\/strong>&nbsp;Entsprechend besteht die Notwendigkeit, dies durch eine explizite Aktion nachzuholen, um Kosten durch eine ungewollte Verl\u00e4ngerung zu vermeiden.<\/p>\n\n\n\n<p>Um unseren Partnern diesen Aufwand zu ersparen, haben wir uns gemeinsam mit den Plattformentwicklern entschieden,&nbsp;<strong>die<\/strong>&nbsp;<strong>Deaktivierung des Auto-Renewals im CORE Marktplatz technisch gegen\u00fcber Microsoft weiter als K\u00fcndigung umzusetzen<\/strong>. Damit entf\u00e4llt f\u00fcr Infinigate Partner der Bedarf, r\u00fcckwirkend die Einstellung von Abonnements zu \u00e4ndern und zuk\u00fcnftig den bekannten Workflow anzupassen.<\/p>\n<\/div>\n\n\n\n<div class=\"wp-block-column is-layout-flow wp-block-column-is-layout-flow\">\n<p>Bitte beachten Sie dabei, dass hierdurch in CORE die Definition eines deaktivierten Auto-Renewals von dem Status bei anderen Marktpl\u00e4tzen und bei Microsoft selbst abweicht.<\/p>\n\n\n\n<p>Die zus\u00e4tzliche Option f\u00fcr eine Verl\u00e4ngerung mit Extended Service Terms wird erst Anfang Q3 2026 im CORE Marktplatz zur Verf\u00fcgung stehen.<\/p>\n\n\n\n<p>F\u00fcr weitere Informationen besuchen Sie die Aufzeichnung unseres Webinars vom 20.03.2026:&nbsp;<\/p>\n\n\n\n<div class=\"wp-block-buttons is-layout-flex wp-block-buttons-is-layout-flex\">\n<div class=\"wp-block-button\"><a class=\"wp-block-button__link wp-element-button\" href=\"https:\/\/attendee.gotowebinar.com\/recording\/5851148338376517551\" target=\"_blank\" rel=\"noreferrer noopener\">Zur Aufzeichnung<\/a><\/div>\n<\/div>\n<\/div>\n<\/div>\n\n\n\n<div class=\"wp-block-cover alignwide\" id=\"kontakt\"><img loading=\"lazy\" decoding=\"async\" width=\"1920\" height=\"1080\" class=\"wp-block-cover__image-background wp-image-4092\" alt=\"\" src=\"https:\/\/www.infinigate.com\/de\/wp-content\/uploads\/sites\/25\/2024\/03\/Digital_Textures_V2.jpg\" data-object-fit=\"cover\" srcset=\"https:\/\/www.infinigate.com\/de\/wp-content\/uploads\/sites\/25\/2024\/03\/Digital_Textures_V2.jpg 1920w, https:\/\/www.infinigate.com\/de\/wp-content\/uploads\/sites\/25\/2024\/03\/Digital_Textures_V2-300x169.jpg 300w, https:\/\/www.infinigate.com\/de\/wp-content\/uploads\/sites\/25\/2024\/03\/Digital_Textures_V2-1024x576.jpg 1024w, https:\/\/www.infinigate.com\/de\/wp-content\/uploads\/sites\/25\/2024\/03\/Digital_Textures_V2-768x432.jpg 768w, https:\/\/www.infinigate.com\/de\/wp-content\/uploads\/sites\/25\/2024\/03\/Digital_Textures_V2-1536x864.jpg 1536w\" sizes=\"auto, (max-width: 1920px) 100vw, 1920px\" \/><span aria-hidden=\"true\" class=\"wp-block-cover__background has-blue-background-color has-background-dim-0 has-background-dim\"><\/span><div class=\"wp-block-cover__inner-container is-layout-constrained wp-block-cover-is-layout-constrained\">\n<div class=\"wp-block-columns is-layout-flex wp-container-core-columns-is-layout-9d6595d7 wp-block-columns-is-layout-flex\">\n<div class=\"wp-block-column is-layout-flow wp-block-column-is-layout-flow\" style=\"flex-basis:66.66%\">\n<h3 class=\"wp-block-heading has-text-align-left is-style-border-left has-white-color has-text-color has-link-color wp-elements-d54082c467e618b0545f6c89710b3ca1\" id=\"h-kontakt-zum-microsoft-team\">Kontakt zum Microsoft-Team<\/h3>\n\n\n\n<p>Wenn Sie hierzu Fragen haben, wenden Sie sich bitte an unser Microsoft-Team. <\/p>\n<\/div>\n\n\n\n<div class=\"wp-block-column is-vertically-aligned-center is-layout-flow wp-block-column-is-layout-flow\" style=\"flex-basis:33.33%\">\n<p class=\"has-text-align-center has-white-color has-text-color has-link-color wp-elements-ff45b21d7ce4dc63fd349a753acab66b\"><a href=\"mailto:microsoft@infinigate.de\">microsoft@infinigate.de<br><\/a><a href=\"tel:+498989048580\">+49 89 89048-580<\/a><\/p>\n\n\n\n<div class=\"wp-block-buttons is-content-justification-center is-layout-flex wp-container-core-buttons-is-layout-16018d1d wp-block-buttons-is-layout-flex\">\n<div class=\"wp-block-button\"><a class=\"wp-block-button__link wp-element-button\" href=\"mailto:microsoft@infinigate.de\">Kontakt aufnehmen<\/a><\/div>\n<\/div>\n<\/div>\n<\/div>\n<\/div><\/div>\n","protected":false},"excerpt":{"rendered":"<p>Ab dem&nbsp;04.05.2026&nbsp;f\u00fchrt Microsoft die&nbsp;Extended Service Terms (EST)&nbsp;&#8211; Lizenzen ein, welche die bisher g\u00fcltige Karenzfrist bei abgelaufenen Abonnements ersetzen. Extended Service&hellip;<\/p>\n","protected":false},"author":48,"featured_media":42798,"parent":17789,"menu_order":0,"comment_status":"closed","ping_status":"closed","template":"","meta":{"_acf_changed":false,"footnotes":""},"folder":[488],"class_list":["post-42792","page","type-page","status-publish","has-post-thumbnail","hentry"],"acf":[],"distributor_meta":false,"distributor_terms":false,"distributor_media":false,"distributor_original_site_name":"Infinigate | Deutschland","distributor_original_site_url":"https:\/\/www.infinigate.com\/de","push-errors":false,"_links":{"self":[{"href":"https:\/\/www.infinigate.com\/de\/wp-json\/wp\/v2\/pages\/42792","targetHints":{"allow":["GET"]}}],"collection":[{"href":"https:\/\/www.infinigate.com\/de\/wp-json\/wp\/v2\/pages"}],"about":[{"href":"https:\/\/www.infinigate.com\/de\/wp-json\/wp\/v2\/types\/page"}],"author":[{"embeddable":true,"href":"https:\/\/www.infinigate.com\/de\/wp-json\/wp\/v2\/users\/48"}],"replies":[{"embeddable":true,"href":"https:\/\/www.infinigate.com\/de\/wp-json\/wp\/v2\/comments?post=42792"}],"version-history":[{"count":5,"href":"https:\/\/www.infinigate.com\/de\/wp-json\/wp\/v2\/pages\/42792\/revisions"}],"predecessor-version":[{"id":42806,"href":"https:\/\/www.infinigate.com\/de\/wp-json\/wp\/v2\/pages\/42792\/revisions\/42806"}],"up":[{"embeddable":true,"href":"https:\/\/www.infinigate.com\/de\/wp-json\/wp\/v2\/pages\/17789"}],"wp:featuredmedia":[{"embeddable":true,"href":"https:\/\/www.infinigate.com\/de\/wp-json\/wp\/v2\/media\/42798"}],"wp:attachment":[{"href":"https:\/\/www.infinigate.com\/de\/wp-json\/wp\/v2\/media?parent=42792"}],"wp:term":[{"taxonomy":"folder","embeddable":true,"href":"https:\/\/www.infinigate.com\/de\/wp-json\/wp\/v2\/folder?post=42792"}],"curies":[{"name":"wp","href":"https:\/\/api.w.org\/{rel}","templated":true}]}}