{"id":42901,"date":"2026-04-07T15:56:42","date_gmt":"2026-04-07T13:56:42","guid":{"rendered":"https:\/\/www.infinigate.com\/de\/?page_id=42901"},"modified":"2026-04-07T15:56:44","modified_gmt":"2026-04-07T13:56:44","slug":"microsoft-365-e7","status":"publish","type":"page","link":"https:\/\/www.infinigate.com\/de\/lp\/h\/microsoft\/microsoft-365-e7\/","title":{"rendered":"Microsoft 365 E7"},"content":{"rendered":"\n<figure class=\"wp-block-image alignwide size-full\"><img loading=\"lazy\" decoding=\"async\" width=\"1280\" height=\"400\" src=\"https:\/\/www.infinigate.com\/de\/wp-content\/uploads\/sites\/25\/2026\/04\/microsoft-365-e7.jpg\" alt=\"\" class=\"wp-image-42903\" srcset=\"https:\/\/www.infinigate.com\/de\/wp-content\/uploads\/sites\/25\/2026\/04\/microsoft-365-e7.jpg 1280w, https:\/\/www.infinigate.com\/de\/wp-content\/uploads\/sites\/25\/2026\/04\/microsoft-365-e7-300x94.jpg 300w, https:\/\/www.infinigate.com\/de\/wp-content\/uploads\/sites\/25\/2026\/04\/microsoft-365-e7-1024x320.jpg 1024w, https:\/\/www.infinigate.com\/de\/wp-content\/uploads\/sites\/25\/2026\/04\/microsoft-365-e7-768x240.jpg 768w\" sizes=\"auto, (max-width: 1280px) 100vw, 1280px\" \/><\/figure>\n\n\n\n<div class=\"wp-block-columns is-layout-flex wp-container-core-columns-is-layout-9d6595d7 wp-block-columns-is-layout-flex\">\n<div class=\"wp-block-column is-layout-flow wp-block-column-is-layout-flow\">\n<p>Am 9. M\u00e4rz hat Microsoft seine neue Unternehmenslizenz der Spitzenklasse \u2013 Microsoft 365 E7 \u2013 vorgestellt. Diese wurde entwickelt, um Kunden dabei zu unterst\u00fctzen, KI unternehmensweit sicher einzusetzen. E7, auch als \u201eFrontier Suite\u201c bekannt, vereint Produktivit\u00e4t, Copilot KI, Identit\u00e4tsmanagement und Sicherheit in einer einzigen Lizenz.<\/p>\n<\/div>\n\n\n\n<div class=\"wp-block-column is-layout-flow wp-block-column-is-layout-flow\">\n<p>F\u00fcr Partner stellt E7 eine neue Upselling-M\u00f6glichkeit und eine hervorragende Gelegenheit dar, Gespr\u00e4che mit Kunden \u00fcber Governance, Sicherheit und agentenbasierte KI zu f\u00fchren.<\/p>\n<\/div>\n<\/div>\n\n\n\n<h2 class=\"wp-block-heading alignwide is-style-border-left wp-block-heading\" id=\"h-was-ist-microsoft-365-e7\">Was ist Microsoft 365 E7?<\/h2>\n\n\n\n<p class=\"alignwide has-text-align-wide\">Microsoft beschreibt E7 als eine L\u00f6sung f\u00fcr ein von Menschen gef\u00fchrtes, aber von KI-Agenten unterst\u00fctztes Unternehmen, in dem KI in E-Mails, Dokumenten, Besprechungen, Tabellenkalkulationen und Gesch\u00e4ftsanwendungen zum Einsatz kommt, w\u00e4hrend IT- und Sicherheitsteams die volle Transparenz und Kontrolle behalten. All dies wird als eine einzige, regulierte Plattform bereitgestellt, die f\u00fcr Unternehmen konzipiert ist, die sicherstellen wollen, dass KI sicher agiert und nicht nur Inhalte generiert.<\/p>\n\n\n\n<p>Was ist in der Microsoft 365 E7-Lizenz enthalten:<\/p>\n\n\n\n<figure class=\"wp-block-table alignwide\"><table class=\"has-fixed-layout\"><tbody><tr><td>Microsoft 365 E5<\/td><td>Die zentrale Grundlage f\u00fcr Produktivit\u00e4t, Sicherheit, Identit\u00e4tsmanagement und Compliance<\/td><\/tr><tr><td>Microsoft 365 Copilot<\/td><td>KI, die direkt in die allt\u00e4gliche Arbeitserfahrung integriert ist<\/td><\/tr><tr><td>Microsoft Entra Suite<\/td><td>Erweiterte Identit\u00e4ts- und Zugriffskontrollen f\u00fcr Benutzer, Anwendungen und Agenten<\/td><\/tr><tr><td>Microsoft Agent 365<\/td><td>Eine zentrale Steuerungsebene zur Steuerung, \u00dcberwachung und Skalierung von KI-Agenten<\/td><\/tr><\/tbody><\/table><\/figure>\n\n\n\n<h2 class=\"wp-block-heading alignwide is-style-border-left wp-block-heading\" id=\"h-warum-es-microsoft-365-e7-gibt\">Warum es Microsoft 365 E7 gibt<\/h2>\n\n\n\n<div class=\"wp-block-columns is-layout-flex wp-container-core-columns-is-layout-9d6595d7 wp-block-columns-is-layout-flex\">\n<div class=\"wp-block-column is-layout-flow wp-block-column-is-layout-flow\">\n<p>Viele Unternehmen nutzen bereits KI-Tools, doch die meisten tun sich schwer, \u00fcber kleine Pilotprojekte hinauszukommen. Laut Microsoft besteht die eigentliche Herausforderung nicht darin, Zugang zu KI zu erhalten, sondern diese unter Ber\u00fccksichtigung von Governance, Sicherheit und Vertrauen im gr\u00f6\u00dferen Ma\u00dfstab einzusetzen. Microsoft 365 E7 soll diese L\u00fccke schlie\u00dfen.<\/p>\n<\/div>\n\n\n\n<div class=\"wp-block-column is-layout-flow wp-block-column-is-layout-flow\">\n<p>Im Gegensatz zu fr\u00fcheren Lizenzstufen, die sich haupts\u00e4chlich auf das Hinzuf\u00fcgen weiterer Funktionen konzentrierten, f\u00fchrt E7 eine neue Arbeitsweise ein. Es erm\u00f6glicht KI-Agenten, auf menschliche Absichten zu reagieren, w\u00e4hrend IT- und Sicherheitsteams weiterhin die erforderliche Transparenz, Kontrolle und den n\u00f6tigen Schutz erhalten.<\/p>\n<\/div>\n<\/div>\n\n\n\n<h2 class=\"wp-block-heading alignwide is-style-border-left wp-block-heading\" id=\"h-die-rolle-von-agent-365-in-e7\">Die Rolle von Agent 365 in E7<\/h2>\n\n\n\n<div class=\"wp-block-columns is-layout-flex wp-container-core-columns-is-layout-9d6595d7 wp-block-columns-is-layout-flex\">\n<div class=\"wp-block-column is-layout-flow wp-block-column-is-layout-flow\">\n<p>Ein wesentliches Unterscheidungsmerkmal von Microsoft 365 E7 ist die Integration von Microsoft Agent 365, das als Steuerungsebene f\u00fcr KI-Agenten fungiert.<br><br>Agent 365 bietet IT-, Sicherheits- und Gesch\u00e4ftsteams einen zentralen \u00dcberblick \u00fcber:<\/p>\n\n\n\n<ul class=\"wp-block-list\">\n<li>Welche Agenten im Unternehmen vorhanden sind<\/li>\n\n\n\n<li>Wie sie sich verhalten und auf welche Daten sie zugreifen<\/li>\n\n\n\n<li>Wie sie verwaltet und gesichert werden<\/li>\n<\/ul>\n<\/div>\n\n\n\n<div class=\"wp-block-column is-layout-flow wp-block-column-is-layout-flow\">\n<p>Agent 365 nutzt bestehende Sicherheits- und Compliance-Funktionen von Microsoft, darunter Defender, Entra und Purview, um Unternehmen dabei zu unterst\u00fctzen, Agenten sicher unternehmensweit bereitzustellen und zu skalieren.<br><br>Diese Governance-Ebene ist entscheidend, da Kunden von KI-Unterst\u00fctzung zu agentengesteuerter Ausf\u00fchrung \u00fcbergehen.<\/p>\n<\/div>\n<\/div>\n\n\n\n<h2 class=\"wp-block-heading alignwide is-style-border-left wp-block-heading\" id=\"h-preise-und-verfugbarkeit\">Preise und Verf\u00fcgbarkeit<\/h2>\n\n\n\n<p class=\"alignwide has-text-align-wide\">Microsoft 365 E7 wird am 1. Mai 2026 allgemein verf\u00fcgbar sein und kostet 99 US-Dollar pro Benutzer und Monat.<\/p>\n\n\n\n<p class=\"alignwide has-text-align-wide\">Microsoft positioniert E7 als kosteneffiziente Alternative zum separaten Kauf von E5 und KI-bezogenen Add-ons und vereinfacht gleichzeitig die Beschaffung und Bereitstellung durch eine einzige SKU.<\/p>\n\n\n\n<br>\n\n\n\n<h2 class=\"wp-block-heading alignwide is-style-border-left wp-block-heading\" id=\"h-was-dies-fur-partner-bedeutet\">Was dies f\u00fcr Partner bedeutet<\/h2>\n\n\n\n<div class=\"wp-block-columns is-layout-flex wp-container-core-columns-is-layout-9d6595d7 wp-block-columns-is-layout-flex\">\n<div class=\"wp-block-column is-layout-flow wp-block-column-is-layout-flow\">\n<p>F\u00fcr Partner bietet Microsoft 365 E7 eine klare Chance, um:<\/p>\n\n\n\n<ul class=\"wp-block-list\">\n<li>Kunden, die bereits Microsoft 365 E5 nutzen, Upselling-M\u00f6glichkeiten zu bieten<\/li>\n\n\n\n<li>KI-Gespr\u00e4che \u00fcber Copilot hinaus in Richtung Agenten-Governance und -Sicherheit zu lenken<\/li>\n\n\n\n<li>Beratungs-, Bereitstellungs- und laufende Optimierungsdienste anzubieten<\/li>\n<\/ul>\n<\/div>\n\n\n\n<div class=\"wp-block-column is-layout-flow wp-block-column-is-layout-flow\">\n<br>\n\n\n\n<p>Microsoft hat zudem best\u00e4tigt, dass Microsoft 365 E7 und Agent 365 in Partner-Werbeangebote und -Anreize aufgenommen werden, die darauf abzielen, die Kundenakzeptanz von sicherer, agentenbasierter KI in gro\u00dfem Ma\u00dfstab zu beschleunigen.<\/p>\n\n\n\n<p>Dies versetzt Partner in die Lage, Kunden von der Neugier auf KI zu messbaren, produktionsreifen Ergebnissen zu f\u00fchren.<\/p>\n<\/div>\n<\/div>\n\n\n\n<h2 class=\"wp-block-heading alignwide is-style-border-left wp-block-heading\" id=\"h-wie-wir-helfen-konnen\">Wie wir helfen k\u00f6nnen<\/h2>\n\n\n\n<p class=\"alignwide has-text-align-wide\">Microsoft 365 E7 stellt eine bedeutende Ver\u00e4nderung dar, wie Kunden KI einf\u00fchren und skalieren, und f\u00fcr Partner bringt diese Ver\u00e4nderung neue Komplexit\u00e4t in Bezug auf Lizenzierung, Governance, Sicherheit und kommerzielle Positionierung mit sich. Infinigate ist bestens aufgestellt, um Partner in jeder Phase der E7-Reise zu unterst\u00fctzen.<\/p>\n\n\n\n<br>\n\n\n\n<p><strong>Wir k\u00f6nnen Ihnen helfen:<\/strong><\/p>\n\n\n\n<div class=\"wp-block-columns is-layout-flex wp-container-core-columns-is-layout-9d6595d7 wp-block-columns-is-layout-flex\">\n<div class=\"wp-block-column is-layout-flow wp-block-column-is-layout-flow\">\n<ul class=\"wp-block-list\">\n<li>die Chancen von E7 zu nutzen<\/li>\n\n\n\n<li>E7 \u00fcber \u201ereine Lizenzierung\u201c hinaus zu positionieren<\/li>\n\n\n\n<li>die Bereitschaft der Partner zu beschleunigen<\/li>\n<\/ul>\n<\/div>\n\n\n\n<div class=\"wp-block-column is-layout-flow wp-block-column-is-layout-flow\">\n<ul class=\"wp-block-list\">\n<li>Beschaffung und Betrieb zu vereinfachen<\/li>\n\n\n\n<li>Wachstumschancen zu erschlie\u00dfen<\/li>\n<\/ul>\n<\/div>\n<\/div>\n\n\n\n<div class=\"wp-block-cover alignwide\" id=\"kontakt\"><img loading=\"lazy\" decoding=\"async\" width=\"1920\" height=\"1080\" class=\"wp-block-cover__image-background wp-image-4092\" alt=\"\" src=\"https:\/\/www.infinigate.com\/de\/wp-content\/uploads\/sites\/25\/2024\/03\/Digital_Textures_V2.jpg\" data-object-fit=\"cover\" srcset=\"https:\/\/www.infinigate.com\/de\/wp-content\/uploads\/sites\/25\/2024\/03\/Digital_Textures_V2.jpg 1920w, https:\/\/www.infinigate.com\/de\/wp-content\/uploads\/sites\/25\/2024\/03\/Digital_Textures_V2-300x169.jpg 300w, https:\/\/www.infinigate.com\/de\/wp-content\/uploads\/sites\/25\/2024\/03\/Digital_Textures_V2-1024x576.jpg 1024w, https:\/\/www.infinigate.com\/de\/wp-content\/uploads\/sites\/25\/2024\/03\/Digital_Textures_V2-768x432.jpg 768w, https:\/\/www.infinigate.com\/de\/wp-content\/uploads\/sites\/25\/2024\/03\/Digital_Textures_V2-1536x864.jpg 1536w\" sizes=\"auto, (max-width: 1920px) 100vw, 1920px\" \/><span aria-hidden=\"true\" class=\"wp-block-cover__background has-blue-background-color has-background-dim-0 has-background-dim\"><\/span><div class=\"wp-block-cover__inner-container is-layout-constrained wp-block-cover-is-layout-constrained\">\n<div class=\"wp-block-columns is-layout-flex wp-container-core-columns-is-layout-9d6595d7 wp-block-columns-is-layout-flex\">\n<div class=\"wp-block-column is-layout-flow wp-block-column-is-layout-flow\" style=\"flex-basis:66.66%\">\n<h3 class=\"wp-block-heading has-text-align-left is-style-border-left has-white-color has-text-color has-link-color wp-elements-d54082c467e618b0545f6c89710b3ca1\" id=\"h-kontakt-zum-microsoft-team\">Kontakt zum Microsoft-Team<\/h3>\n\n\n\n<p>Wenn Sie mehr \u00fcber die Add-ons erfahren oder eine der verf\u00fcgbaren Support-Optionen nutzen m\u00f6chten, wenden Sie sich bitte an unser Microsoft-Team:<\/p>\n<\/div>\n\n\n\n<div class=\"wp-block-column is-vertically-aligned-center is-layout-flow wp-block-column-is-layout-flow\" style=\"flex-basis:33.33%\">\n<p class=\"has-text-align-center has-white-color has-text-color has-link-color wp-elements-ff45b21d7ce4dc63fd349a753acab66b\"><a href=\"mailto:microsoft@infinigate.de\">microsoft@infinigate.de<br><\/a><a href=\"tel:+498989048580\">+49 89 89048-580<\/a><\/p>\n\n\n\n<div class=\"wp-block-buttons is-content-justification-center is-layout-flex wp-container-core-buttons-is-layout-16018d1d wp-block-buttons-is-layout-flex\">\n<div class=\"wp-block-button\"><a class=\"wp-block-button__link wp-element-button\" href=\"mailto:microsoft@infinigate.de\">Kontakt aufnehmen<\/a><\/div>\n<\/div>\n<\/div>\n<\/div>\n<\/div><\/div>\n","protected":false},"excerpt":{"rendered":"<p>Am 9. M\u00e4rz hat Microsoft seine neue Unternehmenslizenz der Spitzenklasse \u2013 Microsoft 365 E7 \u2013 vorgestellt. Diese wurde entwickelt, um&hellip;<\/p>\n","protected":false},"author":48,"featured_media":42905,"parent":17789,"menu_order":0,"comment_status":"closed","ping_status":"closed","template":"","meta":{"_acf_changed":false,"footnotes":""},"folder":[488],"class_list":["post-42901","page","type-page","status-publish","has-post-thumbnail","hentry"],"acf":[],"distributor_meta":false,"distributor_terms":false,"distributor_media":false,"distributor_original_site_name":"Infinigate | Deutschland","distributor_original_site_url":"https:\/\/www.infinigate.com\/de","push-errors":false,"_links":{"self":[{"href":"https:\/\/www.infinigate.com\/de\/wp-json\/wp\/v2\/pages\/42901","targetHints":{"allow":["GET"]}}],"collection":[{"href":"https:\/\/www.infinigate.com\/de\/wp-json\/wp\/v2\/pages"}],"about":[{"href":"https:\/\/www.infinigate.com\/de\/wp-json\/wp\/v2\/types\/page"}],"author":[{"embeddable":true,"href":"https:\/\/www.infinigate.com\/de\/wp-json\/wp\/v2\/users\/48"}],"replies":[{"embeddable":true,"href":"https:\/\/www.infinigate.com\/de\/wp-json\/wp\/v2\/comments?post=42901"}],"version-history":[{"count":5,"href":"https:\/\/www.infinigate.com\/de\/wp-json\/wp\/v2\/pages\/42901\/revisions"}],"predecessor-version":[{"id":42926,"href":"https:\/\/www.infinigate.com\/de\/wp-json\/wp\/v2\/pages\/42901\/revisions\/42926"}],"up":[{"embeddable":true,"href":"https:\/\/www.infinigate.com\/de\/wp-json\/wp\/v2\/pages\/17789"}],"wp:featuredmedia":[{"embeddable":true,"href":"https:\/\/www.infinigate.com\/de\/wp-json\/wp\/v2\/media\/42905"}],"wp:attachment":[{"href":"https:\/\/www.infinigate.com\/de\/wp-json\/wp\/v2\/media?parent=42901"}],"wp:term":[{"taxonomy":"folder","embeddable":true,"href":"https:\/\/www.infinigate.com\/de\/wp-json\/wp\/v2\/folder?post=42901"}],"curies":[{"name":"wp","href":"https:\/\/api.w.org\/{rel}","templated":true}]}}