{"id":42929,"date":"2026-04-07T15:56:14","date_gmt":"2026-04-07T13:56:14","guid":{"rendered":"https:\/\/www.infinigate.com\/de\/?page_id=42929"},"modified":"2026-04-07T15:56:15","modified_gmt":"2026-04-07T13:56:15","slug":"m365-copilot-updates-maerz-2026","status":"publish","type":"page","link":"https:\/\/www.infinigate.com\/de\/lp\/h\/microsoft\/m365-copilot-updates-maerz-2026\/","title":{"rendered":"M365 Copilot-Updates M\u00e4rz 2026"},"content":{"rendered":"\n<figure class=\"wp-block-image alignwide size-full\"><img loading=\"lazy\" decoding=\"async\" width=\"1280\" height=\"400\" src=\"https:\/\/www.infinigate.com\/de\/wp-content\/uploads\/sites\/25\/2026\/04\/m365-copilot-updates-header.jpg\" alt=\"M365 Copilot-Updates\" class=\"wp-image-42928\" srcset=\"https:\/\/www.infinigate.com\/de\/wp-content\/uploads\/sites\/25\/2026\/04\/m365-copilot-updates-header.jpg 1280w, https:\/\/www.infinigate.com\/de\/wp-content\/uploads\/sites\/25\/2026\/04\/m365-copilot-updates-header-300x94.jpg 300w, https:\/\/www.infinigate.com\/de\/wp-content\/uploads\/sites\/25\/2026\/04\/m365-copilot-updates-header-1024x320.jpg 1024w, https:\/\/www.infinigate.com\/de\/wp-content\/uploads\/sites\/25\/2026\/04\/m365-copilot-updates-header-768x240.jpg 768w\" sizes=\"auto, (max-width: 1280px) 100vw, 1280px\" \/><\/figure>\n\n\n\n<div class=\"wp-block-columns is-layout-flex wp-container-core-columns-is-layout-9d6595d7 wp-block-columns-is-layout-flex\">\n<div class=\"wp-block-column is-layout-flow wp-block-column-is-layout-flow\">\n<p>Microsoft hat mehrere wichtige Updates f\u00fcr Copilot eingef\u00fchrt, deren Schwerpunkt darauf liegt, Unternehmen bei der Einf\u00fchrung und Skalierung von KI in Microsoft 365 zu unterst\u00fctzen. Diese Updates sollen h\u00e4ufige Hindernisse beseitigen, mit denen Kunden bisher konfrontiert waren, wie beispielsweise Kosten und eingeschr\u00e4nkter Zugriff.<\/p>\n<\/div>\n\n\n\n<div class=\"wp-block-column is-layout-flow wp-block-column-is-layout-flow\">\n<p>Zu den neuesten \u00c4nderungen geh\u00f6ren neue CSP-Aktionen und flexiblere Abrechnungsoptionen. Zusammen unterst\u00fctzen diese Updates einen Wandel von der begrenzten fr\u00fchen Nutzung von Copilot hin zu einer breiteren, konsistenteren Einf\u00fchrung in Teams und Abteilungen. Das \u00fcbergeordnete Ziel ist es, Unternehmen dabei zu helfen, KI in die t\u00e4gliche Arbeit zu integrieren, anstatt sie als separates Tool zu behandeln.<\/p>\n<\/div>\n<\/div>\n\n\n\n<h2 class=\"wp-block-heading alignwide is-style-border-left wp-block-heading\" id=\"h-warum-wurden-diese-anderungen-vorgenommen\">Warum wurden diese \u00c4nderungen vorgenommen?<\/h2>\n\n\n\n<div class=\"wp-block-columns is-layout-flex wp-container-core-columns-is-layout-9d6595d7 wp-block-columns-is-layout-flex\">\n<div class=\"wp-block-column is-layout-flow wp-block-column-is-layout-flow\">\n<p>Microsoft hat diese Aktualisierungen als Reaktion darauf vorgenommen, wie Kunden Copilot bisher genutzt haben. W\u00e4hrend fr\u00fche Bereitstellungen einen klaren Mehrwert zeigten, beschr\u00e4nkten viele Unternehmen den Zugriff auf eine kleine Gruppe von Benutzern. Dies schm\u00e4lerte die Vorteile der Zusammenarbeit und verlangsamte die allgemeine Einf\u00fchrung.<\/p>\n<\/div>\n\n\n\n<div class=\"wp-block-column is-layout-flow wp-block-column-is-layout-flow\">\n<p>Eine weitere Herausforderung war der Zeitpunkt. Einige Kunden wollten Copilot einf\u00fchren, waren jedoch durch Verl\u00e4ngerungszyklen und langfristige Verpflichtungen eingeschr\u00e4nkt. Andere wollten die Nutzung ausweiten, nachdem sie Ergebnisse gesehen hatten, wobei die Kosten das n\u00e4chste Hindernis darstellten.<br><br>Diese Aktualisierungen sollen diese Herausforderungen angehen, indem sie eine breitere Einf\u00fchrung f\u00f6rdern und flexiblere Einstiegsm\u00f6glichkeiten bieten, wodurch es f\u00fcr Unternehmen einfacher wird, die Nutzung von Copilot zu skalieren, sobald sie dazu bereit sind.<\/p>\n<\/div>\n<\/div>\n\n\n\n<h2 class=\"wp-block-heading alignwide is-style-border-left wp-block-heading\" id=\"h-was-hat-sich-geandert\">Was hat sich ge\u00e4ndert?<\/h2>\n\n\n\n<div class=\"wp-block-columns has-grey-background-color has-background is-layout-flex wp-container-core-columns-is-layout-9d6595d7 wp-block-columns-is-layout-flex\">\n<div class=\"wp-block-column is-layout-flow wp-block-column-is-layout-flow\">\n<h4 class=\"wp-block-heading wp-block-heading\" id=\"h-copilot-for-all-30-csp-aktionsangebot\">Copilot for All \u2013 30 % CSP-Aktionsangebot<\/h4>\n\n\n\n<p>Microsoft hat ein neues <strong>Copilot for All 30 %-Aktionsangebot<\/strong> f\u00fcr Kunden eingef\u00fchrt, die zwischen 300 und 1.499 Microsoft 365 Copilot-Lizenzen erwerben. Um sich zu qualifizieren, m\u00fcssen Unternehmen eine Abdeckung von mindestens 80 % der Informationsmitarbeiter erreichen, wobei die \u00fcbrigen Benutzer \u00fcber Copilot Chat unterst\u00fctzt werden.<\/p>\n\n\n\n<p>Dieses Update f\u00f6rdert die unternehmensweite Einf\u00fchrung von Copilot, anstatt die KI auf eine kleine Anzahl von Benutzern zu beschr\u00e4nken. Wenn die meisten Mitarbeiter mit Copilot Zusammenfassungen erstellen und Entw\u00fcrfe verfassen k\u00f6nnen, arbeiten Teams einheitlicher. Copilot Chat stellt zudem sicher, dass Benutzer au\u00dferhalb der Hauptlizenzgruppe weiterhin auf sichere Weise Zugriff auf die KI haben.<\/p>\n\n\n\n<p>Diese Aktion ist vom <strong>19. Februar 2026<\/strong> bis zum <strong>30. Juni 2026<\/strong> verf\u00fcgbar. Bitte wenden Sie sich an <a href=\"mailto:microsoft@infinigate.de\">microsoft@infinigate.de<\/a>, damit wir pr\u00fcfen k\u00f6nnen, ob Ihre potenziellen Kunden teilnahmeberechtigt sind.<\/p>\n\n\n\n<h4 class=\"wp-block-heading wp-block-heading\" id=\"h-verlangerung-des-copilot-business-angebots\">Verl\u00e4ngerung des Copilot Business-Angebots<\/h4>\n\n\n\n<p>Microsoft hat die Einzel- und Bundle-Angebote f\u00fcr Copilot Business bis zum 30. Juni 2026 verl\u00e4ngert. Dar\u00fcber hinaus wurde die bisherige Beschr\u00e4nkung auf einen einmaligen Kauf aufgehoben. Die Details des Angebots lauten wie folgt:<\/p>\n\n\n\n<ul class=\"wp-block-list\">\n<li>Microsoft 365 Business Standard und Copilot for Business-Bundle \u2013 35 % Rabatt auf Jahresabonnements f\u00fcr 10\u2013300 Lizenzen<\/li>\n\n\n\n<li>Microsoft 365 Business Premium und Microsoft 365 Copilot Business-Bundle \u2013 25 % Rabatt auf Jahresabonnements f\u00fcr 10\u2013300 Lizenzen<\/li>\n\n\n\n<li>Microsoft 365 Copilot Business-Jahresabonnement \u2013 15 % Rabatt auf Jahresabonnements f\u00fcr bis zu 300 Lizenzen<\/li>\n<\/ul>\n\n\n\n<p>Das bedeutet, dass Kunden nicht mehr bis zur Verl\u00e4ngerung warten m\u00fcssen, um Copilot Business einzuf\u00fchren. Sie k\u00f6nnen bei Bedarf ein Upgrade durchf\u00fchren und dennoch zum Aktionspreis verl\u00e4ngern. Dies ist besonders wichtig f\u00fcr KMUs, bei denen ein Warten von mehreren Monaten zu Produktivit\u00e4tsverlusten f\u00fchren kann.<\/p>\n<\/div>\n\n\n\n<div class=\"wp-block-column is-layout-flow wp-block-column-is-layout-flow\">\n<h4 class=\"wp-block-heading wp-block-heading\" id=\"h-scale-up-erweiterung-der-20-aktion\">Scale Up \u2013 Erweiterung der 20 %-Aktion<\/h4>\n\n\n\n<p>Die <strong>Scale Up 20 %-Aktion<\/strong> wurde nun auf alle CSP-Kunden ausgeweitet, die 100 oder mehr Copilot-Lizenzen erwerben. Bisher stand dieses Angebot nur einer ausgew\u00e4hlten Kundengruppe zur Verf\u00fcgung.<\/p>\n\n\n\n<p>Diese Aktualisierung unterst\u00fctzt Unternehmen, die Copilot bereits f\u00fcr eine kleine Gruppe aktiviert haben und bereit sind, die Nutzung auf breiterer Basis auszuweiten. Viele Kunden erzielten schon fr\u00fch \u00fcberzeugende Ergebnisse und wollten dann schnell auf weitere Teams ausweiten. Diese Aktion hilft dabei, Kosten als Hindernis zu beseitigen und unterst\u00fctzt eine breitere Einf\u00fchrung im gesamten Unternehmen.<\/p>\n\n\n\n<p>Die \u201eScale Up\u201c-Aktion l\u00e4uft ebenfalls bis zum <strong>30. Juni 2026<\/strong>. Kontaktieren Sie uns unter <a href=\"mailto:microsoft@infinigate.de\">microsoft@infinigate.de<\/a>, um die Teilnahmeberechtigung Ihrer Kunden zu pr\u00fcfen.<\/p>\n\n\n\n<br>\n\n\n\n<br>\n\n\n\n<h4 class=\"wp-block-heading wp-block-heading\" id=\"h-monatliche-abrechnungsoption-m-m\">Monatliche Abrechnungsoption (M\/M)<\/h4>\n\n\n\n<p>Ab dem <strong>1. M\u00e4rz 2026<\/strong> hat Microsoft eine monatliche Abrechnungsoption f\u00fcr Copilot Business und Copilot Business-Bundles eingef\u00fchrt. Diese Option beinhaltet einen Preisaufschlag von 20 % im Vergleich zur j\u00e4hrlichen Abrechnung und ist nicht f\u00fcr Aktionsrabatte berechtigt.<\/p>\n\n\n\n<p>Diese Neuerung bietet Kunden, die noch nicht bereit f\u00fcr eine j\u00e4hrliche Verpflichtung sind, mehr Flexibilit\u00e4t. Die monatliche Abrechnung unterst\u00fctzt eine schrittweise Einf\u00fchrung und erm\u00f6glicht es Unternehmen, den Nutzen von Copilot zu \u00fcberpr\u00fcfen, bevor sie sich auf einen l\u00e4ngerfristigen Vertrag festlegen.<\/p>\n<\/div>\n<\/div>\n\n\n\n<h2 class=\"wp-block-heading alignwide is-style-border-left wp-block-heading\" id=\"h-wie-wirkt-sich-dies-auf-ihr-unternehmen-aus\">Wie wirkt sich dies auf Ihr Unternehmen aus?<\/h2>\n\n\n\n<div class=\"wp-block-columns is-layout-flex wp-container-core-columns-is-layout-9d6595d7 wp-block-columns-is-layout-flex\">\n<div class=\"wp-block-column is-layout-flow wp-block-column-is-layout-flow\">\n<p>Diese Neuerungen machen Copilot in jeder Phase der Einf\u00fchrung zug\u00e4nglicher. Unternehmen k\u00f6nnen klein anfangen und expandieren, sobald der Nutzen klar ist, oder Copilot mit weniger Einschr\u00e4nkungen und klareren Optionen breiter in ihrer Belegschaft einsetzen. So k\u00f6nnen Unternehmen in ihrem eigenen Tempo vorgehen und gleichzeitig Vertrauen darin aufbauen, wie sich KI in den Arbeitsalltag einf\u00fcgt.<\/p>\n<\/div>\n\n\n\n<div class=\"wp-block-column is-layout-flow wp-block-column-is-layout-flow\">\n<p>F\u00fcr KMUs ist Copilot Business nun einfacher einzuf\u00fchren, ohne auf eine Vertragsverl\u00e4ngerung warten und sich langfristig binden zu m\u00fcssen. F\u00fcr gr\u00f6\u00dfere Unternehmen unterst\u00fctzen die neuen CSP-Aktionen einheitliche KI-Erfahrungen \u00fcber Teams hinweg, statt isolierte Nutzung zu f\u00f6rdern und tragen so dazu bei, dass Copilot unternehmensweit einen Mehrwert liefert.<\/p>\n\n\n\n<p>Insgesamt helfen diese \u00c4nderungen Unternehmen, Zeit zu sparen und Reibungsverluste zu reduzieren und erm\u00f6glichen so, dass KI auf nat\u00fcrliche Weise in die t\u00e4gliche Arbeit mit Microsoft 365 integriert werden kann.<\/p>\n<\/div>\n<\/div>\n\n\n\n<h2 class=\"wp-block-heading alignwide is-style-border-left wp-block-heading\" id=\"h-wie-infinigate-helfen-kann\">Wie Infinigate helfen kann<\/h2>\n\n\n\n<p class=\"alignwide has-text-align-wide\">Infinigate unterst\u00fctzt Partner und Kunden dabei, diese Copilot-Updates zu verstehen und zu nutzen, insbesondere wenn mehrere Aktionen und Optionen gleichzeitig verf\u00fcgbar sind. Wir helfen dabei, festzustellen, welche Copilot-Aktionen zutreffen, und pr\u00fcfen die Berechtigung, um sicherzustellen, dass die richtigen Angebote zum richtigen Zeitpunkt \u00fcber CSP angewendet werden.<\/p>\n\n\n\n<p class=\"alignwide has-text-align-wide\">\u00dcber die Lizenzierung hinaus unterst\u00fctzt Infinigate Partner auch bei Gespr\u00e4chen zur Einarbeitung und Einf\u00fchrung. Dies hilft Kunden zu verstehen, wie Copilot in ihr Unternehmen passt und wie sie im Rahmen ihrer t\u00e4glichen Arbeit einen Mehrwert schaffen k\u00f6nnen. Unsere Spezialisten arbeiten eng mit Partnern zusammen, um sicherzustellen, dass Copilot so eingesetzt wird, dass es den gesch\u00e4ftlichen Anforderungen und langfristigen Zielen entspricht, anstatt als einmaliges Tool betrachtet zu werden.<\/p>\n\n\n\n<div class=\"wp-block-cover alignwide\" id=\"kontakt\"><img loading=\"lazy\" decoding=\"async\" width=\"1920\" height=\"1080\" class=\"wp-block-cover__image-background wp-image-4092\" alt=\"\" src=\"https:\/\/www.infinigate.com\/de\/wp-content\/uploads\/sites\/25\/2024\/03\/Digital_Textures_V2.jpg\" data-object-fit=\"cover\" srcset=\"https:\/\/www.infinigate.com\/de\/wp-content\/uploads\/sites\/25\/2024\/03\/Digital_Textures_V2.jpg 1920w, https:\/\/www.infinigate.com\/de\/wp-content\/uploads\/sites\/25\/2024\/03\/Digital_Textures_V2-300x169.jpg 300w, https:\/\/www.infinigate.com\/de\/wp-content\/uploads\/sites\/25\/2024\/03\/Digital_Textures_V2-1024x576.jpg 1024w, https:\/\/www.infinigate.com\/de\/wp-content\/uploads\/sites\/25\/2024\/03\/Digital_Textures_V2-768x432.jpg 768w, https:\/\/www.infinigate.com\/de\/wp-content\/uploads\/sites\/25\/2024\/03\/Digital_Textures_V2-1536x864.jpg 1536w\" sizes=\"auto, (max-width: 1920px) 100vw, 1920px\" \/><span aria-hidden=\"true\" class=\"wp-block-cover__background has-blue-background-color has-background-dim-0 has-background-dim\"><\/span><div class=\"wp-block-cover__inner-container is-layout-constrained wp-block-cover-is-layout-constrained\">\n<div class=\"wp-block-columns is-layout-flex wp-container-core-columns-is-layout-9d6595d7 wp-block-columns-is-layout-flex\">\n<div class=\"wp-block-column is-layout-flow wp-block-column-is-layout-flow\" style=\"flex-basis:66.66%\">\n<h3 class=\"wp-block-heading has-text-align-left is-style-border-left has-white-color has-text-color has-link-color wp-elements-d54082c467e618b0545f6c89710b3ca1\" id=\"h-kontakt-zum-microsoft-team\">Kontakt zum Microsoft-Team<\/h3>\n\n\n\n<p>Um mehr dar\u00fcber zu erfahren, wie wir Sie dabei unterst\u00fctzen k\u00f6nnen, ein aktiver Copilot-Verk\u00e4ufer zu werden, kontaktieren Sie uns unter<\/p>\n<\/div>\n\n\n\n<div class=\"wp-block-column is-vertically-aligned-center is-layout-flow wp-block-column-is-layout-flow\" style=\"flex-basis:33.33%\">\n<p class=\"has-text-align-center has-white-color has-text-color has-link-color wp-elements-ff45b21d7ce4dc63fd349a753acab66b\"><a href=\"mailto:microsoft@infinigate.de\">microsoft@infinigate.de<br><\/a><a href=\"tel:+498989048580\">+49 89 89048-580<\/a><\/p>\n\n\n\n<div class=\"wp-block-buttons is-content-justification-center is-layout-flex wp-container-core-buttons-is-layout-16018d1d wp-block-buttons-is-layout-flex\">\n<div class=\"wp-block-button\"><a class=\"wp-block-button__link wp-element-button\" href=\"mailto:microsoft@infinigate.de\">Kontakt aufnehmen<\/a><\/div>\n<\/div>\n<\/div>\n<\/div>\n<\/div><\/div>\n","protected":false},"excerpt":{"rendered":"<p>Microsoft hat mehrere wichtige Updates f\u00fcr Copilot eingef\u00fchrt, deren Schwerpunkt darauf liegt, Unternehmen bei der Einf\u00fchrung und Skalierung von KI&hellip;<\/p>\n","protected":false},"author":48,"featured_media":42927,"parent":17789,"menu_order":0,"comment_status":"closed","ping_status":"closed","template":"","meta":{"_acf_changed":false,"footnotes":""},"folder":[488],"class_list":["post-42929","page","type-page","status-publish","has-post-thumbnail","hentry"],"acf":[],"distributor_meta":false,"distributor_terms":false,"distributor_media":false,"distributor_original_site_name":"Infinigate | Deutschland","distributor_original_site_url":"https:\/\/www.infinigate.com\/de","push-errors":false,"_links":{"self":[{"href":"https:\/\/www.infinigate.com\/de\/wp-json\/wp\/v2\/pages\/42929","targetHints":{"allow":["GET"]}}],"collection":[{"href":"https:\/\/www.infinigate.com\/de\/wp-json\/wp\/v2\/pages"}],"about":[{"href":"https:\/\/www.infinigate.com\/de\/wp-json\/wp\/v2\/types\/page"}],"author":[{"embeddable":true,"href":"https:\/\/www.infinigate.com\/de\/wp-json\/wp\/v2\/users\/48"}],"replies":[{"embeddable":true,"href":"https:\/\/www.infinigate.com\/de\/wp-json\/wp\/v2\/comments?post=42929"}],"version-history":[{"count":5,"href":"https:\/\/www.infinigate.com\/de\/wp-json\/wp\/v2\/pages\/42929\/revisions"}],"predecessor-version":[{"id":42943,"href":"https:\/\/www.infinigate.com\/de\/wp-json\/wp\/v2\/pages\/42929\/revisions\/42943"}],"up":[{"embeddable":true,"href":"https:\/\/www.infinigate.com\/de\/wp-json\/wp\/v2\/pages\/17789"}],"wp:featuredmedia":[{"embeddable":true,"href":"https:\/\/www.infinigate.com\/de\/wp-json\/wp\/v2\/media\/42927"}],"wp:attachment":[{"href":"https:\/\/www.infinigate.com\/de\/wp-json\/wp\/v2\/media?parent=42929"}],"wp:term":[{"taxonomy":"folder","embeddable":true,"href":"https:\/\/www.infinigate.com\/de\/wp-json\/wp\/v2\/folder?post=42929"}],"curies":[{"name":"wp","href":"https:\/\/api.w.org\/{rel}","templated":true}]}}