{"id":43299,"date":"2026-04-15T16:21:28","date_gmt":"2026-04-15T14:21:28","guid":{"rendered":"https:\/\/www.infinigate.com\/de\/?page_id=43299"},"modified":"2026-04-16T13:36:47","modified_gmt":"2026-04-16T11:36:47","slug":"pr-spring-promo","status":"publish","type":"page","link":"https:\/\/www.infinigate.com\/de\/services\/partnermarketing\/pr-spring-promo\/","title":{"rendered":"Spring-Promo PR &amp; Medienarbeit"},"content":{"rendered":"\n<br>\n\n\n<nav class=\"has-background has-blue-background-color is-responsive items-justified-center wp-block-navigation is-horizontal is-content-justification-center is-layout-flex wp-container-core-navigation-is-layout-499968f5 wp-block-navigation-is-layout-flex\" aria-label=\"Partnermarketing\" \n\t\t data-wp-interactive=\"core\/navigation\" data-wp-context='{\"overlayOpenedBy\":{\"click\":false,\"hover\":false,\"focus\":false},\"type\":\"overlay\",\"roleAttribute\":\"\",\"ariaLabel\":\"Men\\u00fc\"}'><button aria-haspopup=\"dialog\" aria-label=\"Men\u00fc \u00f6ffnen\" class=\"wp-block-navigation__responsive-container-open\" \n\t\t\t\tdata-wp-on--click=\"actions.openMenuOnClick\"\n\t\t\t\tdata-wp-on--keydown=\"actions.handleMenuKeydown\"\n\t\t\t><svg width=\"24\" height=\"24\" xmlns=\"http:\/\/www.w3.org\/2000\/svg\" viewBox=\"0 0 24 24\" aria-hidden=\"true\" focusable=\"false\"><path d=\"M4 7.5h16v1.5H4z\"><\/path><path d=\"M4 15h16v1.5H4z\"><\/path><\/svg><\/button>\n\t\t\t\t<div class=\"wp-block-navigation__responsive-container\"  id=\"modal-1\" \n\t\t\t\tdata-wp-class--has-modal-open=\"state.isMenuOpen\"\n\t\t\t\tdata-wp-class--is-menu-open=\"state.isMenuOpen\"\n\t\t\t\tdata-wp-watch=\"callbacks.initMenu\"\n\t\t\t\tdata-wp-on--keydown=\"actions.handleMenuKeydown\"\n\t\t\t\tdata-wp-on--focusout=\"actions.handleMenuFocusout\"\n\t\t\t\ttabindex=\"-1\"\n\t\t\t>\n\t\t\t\t\t<div class=\"wp-block-navigation__responsive-close\" tabindex=\"-1\">\n\t\t\t\t\t\t<div class=\"wp-block-navigation__responsive-dialog\" \n\t\t\t\tdata-wp-bind--aria-modal=\"state.ariaModal\"\n\t\t\t\tdata-wp-bind--aria-label=\"state.ariaLabel\"\n\t\t\t\tdata-wp-bind--role=\"state.roleAttribute\"\n\t\t\t>\n\t\t\t\t\t\t\t<button aria-label=\"Men\u00fc schlie\u00dfen\" class=\"wp-block-navigation__responsive-container-close\" \n\t\t\t\tdata-wp-on--click=\"actions.closeMenuOnClick\"\n\t\t\t><svg xmlns=\"http:\/\/www.w3.org\/2000\/svg\" viewBox=\"0 0 24 24\" width=\"24\" height=\"24\" aria-hidden=\"true\" focusable=\"false\"><path d=\"m13.06 12 6.47-6.47-1.06-1.06L12 10.94 5.53 4.47 4.47 5.53 10.94 12l-6.47 6.47 1.06 1.06L12 13.06l6.47 6.47 1.06-1.06L13.06 12Z\"><\/path><\/svg><\/button>\n\t\t\t\t\t\t\t<div class=\"wp-block-navigation__responsive-container-content\" \n\t\t\t\tdata-wp-watch=\"callbacks.focusFirstElement\"\n\t\t\t id=\"modal-1-content\">\n\t\t\t\t\t\t\t\t<ul class=\"wp-block-navigation__container has-background has-blue-background-color is-responsive items-justified-center wp-block-navigation\"><li class=\" wp-block-navigation-item wp-block-navigation-link\"><a class=\"wp-block-navigation-item__content\"  href=\"https:\/\/www.infinigate.com\/de\/services\/partnermarketing\/\"><span class=\"wp-block-navigation-item__label\">Home<\/span><\/a><\/li><li class=\" wp-block-navigation-item wp-block-navigation-link\"><a class=\"wp-block-navigation-item__content\"  href=\"https:\/\/www.infinigate.com\/de\/services\/partnermarketing\/marketing-as-a-service-basic\/\"><span class=\"wp-block-navigation-item__label\">Marketing MaaS Basic<\/span><\/a><\/li><li class=\" wp-block-navigation-item wp-block-navigation-link\"><a class=\"wp-block-navigation-item__content\"  href=\"https:\/\/www.infinigate.com\/de\/services\/partnermarketing\/marketing-as-a-service-premium\/\"><span class=\"wp-block-navigation-item__label\">Marketing MaaS Premium<\/span><\/a><\/li><li class=\" wp-block-navigation-item wp-block-navigation-link\"><a class=\"wp-block-navigation-item__content\"  href=\"https:\/\/www.infinigate.com\/de\/services\/partnermarketing\/content-storytelling\/\"><span class=\"wp-block-navigation-item__label\">Content<\/span><\/a><\/li><li data-wp-context=\"{ &quot;submenuOpenedBy&quot;: { &quot;click&quot;: false, &quot;hover&quot;: false, &quot;focus&quot;: false }, &quot;type&quot;: &quot;submenu&quot;, &quot;modal&quot;: null, &quot;previousFocus&quot;: null }\" data-wp-interactive=\"core\/navigation\" data-wp-on--focusout=\"actions.handleMenuFocusout\" data-wp-on--keydown=\"actions.handleMenuKeydown\" data-wp-on--mouseenter=\"actions.openMenuOnHover\" data-wp-on--mouseleave=\"actions.closeMenuOnHover\" data-wp-watch=\"callbacks.initMenu\" tabindex=\"-1\" class=\"wp-block-navigation-item has-child open-on-hover-click wp-block-navigation-submenu\"><a class=\"wp-block-navigation-item__content\" href=\"https:\/\/www.infinigate.com\/de\/services\/partnermarketing\/telemarketing-leadgenerierung\/\"><span class=\"wp-block-navigation-item__label\">Leadgenerierung\u00a0<\/span><\/a><button data-wp-bind--aria-expanded=\"state.isMenuOpen\" data-wp-on--click=\"actions.toggleMenuOnClick\" aria-label=\"Untermen\u00fc von Leadgenerierung\u00a0\" class=\"wp-block-navigation__submenu-icon wp-block-navigation-submenu__toggle\" ><svg xmlns=\"http:\/\/www.w3.org\/2000\/svg\" width=\"12\" height=\"12\" viewBox=\"0 0 12 12\" fill=\"none\" aria-hidden=\"true\" focusable=\"false\"><path d=\"M1.50002 4L6.00002 8L10.5 4\" stroke-width=\"1.5\"><\/path><\/svg><\/button><ul data-wp-on--focus=\"actions.openMenuOnFocus\" class=\"wp-block-navigation__submenu-container wp-block-navigation-submenu\"><li class=\" wp-block-navigation-item wp-block-navigation-link\"><a class=\"wp-block-navigation-item__content\"  href=\"https:\/\/www.infinigate.com\/de\/services\/partnermarketing\/healthcare-endkundenkampagne\/\"><span class=\"wp-block-navigation-item__label\">Healthcare Kampagne<\/span><\/a><\/li><\/ul><\/li><li class=\" wp-block-navigation-item wp-block-navigation-link\"><a class=\"wp-block-navigation-item__content\"  href=\"https:\/\/www.infinigate.com\/de\/services\/partnermarketing\/design-branding\/\"><span class=\"wp-block-navigation-item__label\">Design<\/span><\/a><\/li><li class=\" wp-block-navigation-item wp-block-navigation-link\"><a class=\"wp-block-navigation-item__content\"  href=\"https:\/\/www.infinigate.com\/de\/services\/partnermarketing\/pr-medienarbeit\/\"><span class=\"wp-block-navigation-item__label\">PR<\/span><\/a><\/li><li class=\" wp-block-navigation-item wp-block-navigation-link\"><a class=\"wp-block-navigation-item__content\"  href=\"https:\/\/www.infinigate.com\/de\/services\/partnermarketing\/web-visibility\/\"><span class=\"wp-block-navigation-item__label\">Web<\/span><\/a><\/li><li class=\" wp-block-navigation-item wp-block-navigation-link\"><a class=\"wp-block-navigation-item__content\"  href=\"https:\/\/www.infinigate.com\/de\/services\/partnermarketing\/events\/\"><span class=\"wp-block-navigation-item__label\">Events<\/span><\/a><\/li><li data-wp-context=\"{ &quot;submenuOpenedBy&quot;: { &quot;click&quot;: false, &quot;hover&quot;: false, &quot;focus&quot;: false }, &quot;type&quot;: &quot;submenu&quot;, &quot;modal&quot;: null, &quot;previousFocus&quot;: null }\" data-wp-interactive=\"core\/navigation\" data-wp-on--focusout=\"actions.handleMenuFocusout\" data-wp-on--keydown=\"actions.handleMenuKeydown\" data-wp-on--mouseenter=\"actions.openMenuOnHover\" data-wp-on--mouseleave=\"actions.closeMenuOnHover\" data-wp-watch=\"callbacks.initMenu\" tabindex=\"-1\" class=\"wp-block-navigation-item has-child open-on-hover-click wp-block-navigation-submenu\"><a class=\"wp-block-navigation-item__content\" href=\"https:\/\/www.infinigate.com\/de\/services\/partnermarketing\/webinare\/\"><span class=\"wp-block-navigation-item__label\">Webinare<\/span><\/a><button data-wp-bind--aria-expanded=\"state.isMenuOpen\" data-wp-on--click=\"actions.toggleMenuOnClick\" aria-label=\"Untermen\u00fc von Webinare\" class=\"wp-block-navigation__submenu-icon wp-block-navigation-submenu__toggle\" ><svg xmlns=\"http:\/\/www.w3.org\/2000\/svg\" width=\"12\" height=\"12\" viewBox=\"0 0 12 12\" fill=\"none\" aria-hidden=\"true\" focusable=\"false\"><path d=\"M1.50002 4L6.00002 8L10.5 4\" stroke-width=\"1.5\"><\/path><\/svg><\/button><ul data-wp-on--focus=\"actions.openMenuOnFocus\" class=\"wp-block-navigation__submenu-container wp-block-navigation-submenu\"><li class=\" wp-block-navigation-item wp-block-navigation-link\"><a class=\"wp-block-navigation-item__content\"  href=\"https:\/\/www.infinigate.com\/de\/services\/partnermarketing\/jump-on-webinar\/\"><span class=\"wp-block-navigation-item__label\">Jump-On-Webinar<\/span><\/a><\/li><\/ul><\/li><li class=\" wp-block-navigation-item wp-block-navigation-link\"><a class=\"wp-block-navigation-item__content\"  href=\"https:\/\/www.infinigate.com\/de\/services\/partnermarketing\/social-media-linkedin\/\"><span class=\"wp-block-navigation-item__label\">Social Media<\/span><\/a><\/li><li class=\" wp-block-navigation-item wp-block-navigation-link\"><a class=\"wp-block-navigation-item__content\"  href=\"https:\/\/www.infinigate.com\/de\/services\/partnermarketing\/video-services\/\"><span class=\"wp-block-navigation-item__label\">Video<\/span><\/a><\/li><li class=\" wp-block-navigation-item wp-block-navigation-link\"><a class=\"wp-block-navigation-item__content\"  href=\"https:\/\/www.infinigate.com\/de\/services\/partnermarketing\/faq\/\"><span class=\"wp-block-navigation-item__label\">FAQ<\/span><\/a><\/li><\/ul>\n\t\t\t\t\t\t\t<\/div>\n\t\t\t\t\t\t<\/div>\n\t\t\t\t\t<\/div>\n\t\t\t\t<\/div><\/nav>\n\n\n<div class=\"wp-block-cover alignfull is-light\" style=\"min-height:194px;aspect-ratio:unset;\"><span aria-hidden=\"true\" class=\"wp-block-cover__background has-grey-background-color has-background-dim-100 has-background-dim\"><\/span><div class=\"wp-block-cover__inner-container is-layout-constrained wp-block-cover-is-layout-constrained\">\n<div class=\"wp-block-columns is-layout-flex wp-container-core-columns-is-layout-9d6595d7 wp-block-columns-is-layout-flex\">\n<div class=\"wp-block-column is-vertically-aligned-center is-layout-flow wp-block-column-is-layout-flow\" style=\"flex-basis:75%\">\n<h2 class=\"wp-block-heading is-style-border-left wp-block-heading\" id=\"h-jetzt-unverbindliches-erstgesprach-vereinbaren\">Jetzt unverbindliches Erstgespr\u00e4ch <strong>vereinbaren!<\/strong><\/h2>\n<\/div>\n\n\n\n<div class=\"wp-block-column is-vertically-aligned-center is-layout-flow wp-block-column-is-layout-flow\" style=\"flex-basis:25%\">\n<div class=\"wp-block-buttons is-layout-flex wp-block-buttons-is-layout-flex\">\n<div class=\"wp-block-button\"><a class=\"wp-block-button__link wp-element-button\" href=\"https:\/\/outlook.office365.com\/book\/InfinigatePartnermarketing@Infinigate.onmicrosoft.com\/?ismsaljsauthenabled=true\">Termin buchen<\/a><\/div>\n<\/div>\n<\/div>\n<\/div>\n<\/div><\/div>\n\n\n\n<div class=\"wp-block-columns is-layout-flex wp-container-core-columns-is-layout-9d6595d7 wp-block-columns-is-layout-flex\">\n<div class=\"wp-block-column is-layout-flow wp-block-column-is-layout-flow\">\n<h2 class=\"wp-block-heading is-style-border-left wp-block-heading\" id=\"h-spring-promo\">Spring-<strong>Promo<\/strong><\/h2>\n\n\n\n<p><strong>Ihr PR-Angebot f\u00fcr mehr Sichtbarkeit &#8211;&nbsp;&nbsp;10 % Rabatt auf alle PR-Pakete<\/strong><\/p>\n\n\n\n<p><strong>Aktionszeitraum: <\/strong>16. April bis 21. Juni 2026&nbsp;<\/p>\n\n\n\n<p><strong>Unser Marketing-Paket f\u00fcr IT-Partner besteht aus:<\/strong><\/p>\n\n\n\n<ul class=\"wp-block-list\">\n<li><strong>Platzierung Ihrer Kundenprojekte in f\u00fchrenden deutschen IT-Fachmedien<\/strong><br>Erh\u00f6hte Sichtbarkeit, starke Reichweite und gezielte Ansprache Ihrer Zielgruppe<\/li>\n\n\n\n<li><strong>Produktneutrale Berichterstattung durch externe Fachjournalisten<\/strong><br>F\u00fcr maximale Glaubw\u00fcrdigkeit und Vertrauen<\/li>\n\n\n\n<li><strong>Individuelle Storyline f\u00fcr Ihre Projekte<\/strong><br>Positionierung Ihrer Expertise und St\u00e4rkung Ihrer Marke im IT-Channel<\/li>\n\n\n\n<li>Ihre Endkunden erhalten als Dankesch\u00f6n einen&nbsp;<strong>Strau\u00df fr\u00fchlingsfrischer Blumen<\/strong>*\u2013 wahlweise inkl. Versand oder als digitaler Gutschein.<\/li>\n<\/ul>\n\n\n\n<p>* Begrenzung auf maximal zehn Endkunden pro Partner.<\/p>\n\n\n\n<div class=\"wp-block-buttons is-layout-flex wp-block-buttons-is-layout-flex\">\n<div class=\"wp-block-button\"><a class=\"wp-block-button__link wp-element-button\" href=\"https:\/\/www.infinigate.com\/de\/services\/partnermarketing\/pr-spring-promo\/spring-promo-pr\/\" target=\"_blank\" rel=\"noreferrer noopener\">Angebot anfordern<\/a><\/div>\n<\/div>\n<\/div>\n\n\n\n<div class=\"wp-block-column is-layout-flow wp-block-column-is-layout-flow\">\n<figure class=\"wp-block-image size-large\"><img loading=\"lazy\" decoding=\"async\" width=\"643\" height=\"1024\" src=\"https:\/\/www.infinigate.com\/de\/wp-content\/uploads\/sites\/25\/2026\/04\/pm_PR_news_2-643x1024.jpg\" alt=\"\" class=\"wp-image-43303\" srcset=\"https:\/\/www.infinigate.com\/de\/wp-content\/uploads\/sites\/25\/2026\/04\/pm_PR_news_2-643x1024.jpg 643w, https:\/\/www.infinigate.com\/de\/wp-content\/uploads\/sites\/25\/2026\/04\/pm_PR_news_2-188x300.jpg 188w, https:\/\/www.infinigate.com\/de\/wp-content\/uploads\/sites\/25\/2026\/04\/pm_PR_news_2-768x1223.jpg 768w, https:\/\/www.infinigate.com\/de\/wp-content\/uploads\/sites\/25\/2026\/04\/pm_PR_news_2.jpg 864w\" sizes=\"auto, (max-width: 643px) 100vw, 643px\" \/><\/figure>\n<\/div>\n<\/div>\n\n\n    <section class=\"cards wp-block animate cards--columns-2 cards--type--default alignwide\">\n        <div class=\"cards__inner\">\n                            <div class=\"cards__header\">\n                                                <h2 class=\"cards__heading has--heading-border\"><p>PR &amp; Medienarbeit Pakete<\/p>\n<\/h2>\r\n                    \n                    \n                                    <\/div>\n            \n            <div class=\"cards__items\">\n                \n                \n                <article class=\"g-card animate-element has-white-background-color has-background has-image has-link g-card--type--custom\">\r\n        <div class=\"g-card__inner\">\r\n                \r\n\r\n                                        <div class=\"g-card__header\">\r\n                    \r\n\r\n                        <h2 class=\"g-card__heading\">    <a href=\"https:\/\/www.infinigate.com\/de\/services\/partnermarketing\/pr-spring-promo\/spring-promo-pr\/\">\r\n                \u201eLet`s talk about!\u201c Standard-Success-Paket             <\/a>\r\n<\/h2>\r\n                    \r\n                                            <div class=\"g-card__content\">\r\n                            <p><img decoding=\"async\" class=\"\" src=\"https:\/\/www.infinigate.com\/de\/wp-content\/uploads\/sites\/25\/2026\/04\/1999_200.jpg\" alt=\"Bildbeschreibung\" \/><\/p>\n<h4><span data-teams=\"true\">1.799<\/span> \u20ac \/ netto<\/h4>\n<ul>\n<li>Erstellung Success &#8211; Story (bei Referenzstory inkl. Herausforderungen, Zielen, praktische Umsetzung, Nutzen und Vorteilen der IT-L\u00f6sung f\u00fcr den Kunden)<\/li>\n<li>Vorabversand der Fragen an alle Protagonisten<\/li>\n<li>Interviews, Content Generierung durch unsere freien Journalisten (Umfang: 3.500 Zeichen)<\/li>\n<li>Teilnahme Videokonferenz Partner, ggf. Kunden und Infinigate-Partner-Marketing (Dauer 30 min)<\/li>\n<li>Korrekturlauf mit Partner, ggf. Kunde und Infinigate-Marketing<\/li>\n<li>Anfrage nach Projektfotos &amp; Bildern der Interviewpartner | ersatzweise: Recherche f\u00fcr Symbolfoto<\/li>\n<li>Vermarktung der Pressemitteilung (Versand an Fachredaktionen)<\/li>\n<li>Garantierte Ver\u00f6ffentlichung (Falls keine redaktionelle Ver\u00f6ffentlichung erreicht werden kann, erfolgt die Ver\u00f6ffentlichung des Textes als Advertorial in einem Fachmedium ohne Zusatzkosten)<\/li>\n<\/ul>\n<p>Wir begleiten Sie und Ihren Kunden durch den gesamten Prozess!<\/p>\n                        <\/div>\r\n                    \r\n                    \r\n                                    <\/div>\r\n            \r\n            \r\n            \r\n            \r\n\r\n\r\n\r\n            \r\n                <a  href=\"https:\/\/www.infinigate.com\/de\/services\/partnermarketing\/pr-spring-promo\/spring-promo-pr\/\" target=\"\" class=\"g-button--arrow g-card__read-more\">\r\n                Jetzt Angebot anfordern!            <\/a>\r\n\r\n                <\/div>\r\n    \r\n            <div class=\"g-card__image\">\r\n                        <div class=\"g-card__image-inner img-fit\">\r\n                <img loading=\"lazy\" decoding=\"async\" width=\"768\" height=\"578\" src=\"https:\/\/www.infinigate.com\/de\/wp-content\/uploads\/sites\/25\/2025\/12\/PR_1-768x578.jpg\" class=\"attachment-medium_large size-medium_large\" alt=\"\" srcset=\"https:\/\/www.infinigate.com\/de\/wp-content\/uploads\/sites\/25\/2025\/12\/PR_1-768x578.jpg 768w, https:\/\/www.infinigate.com\/de\/wp-content\/uploads\/sites\/25\/2025\/12\/PR_1-300x226.jpg 300w, https:\/\/www.infinigate.com\/de\/wp-content\/uploads\/sites\/25\/2025\/12\/PR_1-1024x771.jpg 1024w, https:\/\/www.infinigate.com\/de\/wp-content\/uploads\/sites\/25\/2025\/12\/PR_1-e1766065103217.jpg 600w\" sizes=\"auto, (max-width: 768px) 100vw, 768px\" \/>            <\/div>\r\n            \r\n                    <\/div>\r\n    \r\n    <\/article>\r\n<article class=\"g-card animate-element has-white-background-color has-background has-image has-link g-card--type--custom\">\r\n        <div class=\"g-card__inner\">\r\n                \r\n\r\n                                        <div class=\"g-card__header\">\r\n                    \r\n\r\n                        <h2 class=\"g-card__heading\">    <a href=\"https:\/\/www.infinigate.com\/de\/services\/partnermarketing\/pr-spring-promo\/spring-promo-pr\/\">\r\n                \u201eYour Brand! Your Company\u201c Gro\u00dfes-Success-Paket             <\/a>\r\n<\/h2>\r\n                    \r\n                                            <div class=\"g-card__content\">\r\n                            <p><img decoding=\"async\" class=\"\" src=\"https:\/\/www.infinigate.com\/de\/wp-content\/uploads\/sites\/25\/2026\/04\/2299_200.jpg\" alt=\"Bildbeschreibung\" \/><\/p>\n<h4>2.069 \u20ac \/ netto<\/h4>\n<ul>\n<li>Erstellung\u00a0Success\u00a0&#8211; Story (bei Referenzstory inkl. Herausforderungen, Zielen, praktische Umsetzung, Nutzen und Vorteilen der IT-L\u00f6sung f\u00fcr den Kunden)<\/li>\n<li><span style=\"font-family: var(--type--1--font-family);font-size: calc(1.125rem + var(--fluid-bp)*2)\">Vorabversand der Fragen an alle Protagonisten<\/span><\/li>\n<li>Interviews<span style=\"font-family: var(--type--1--font-family);font-size: calc(1.125rem + var(--fluid-bp)*2)\">, Content Generierung durch unsere freien Journalisten (Umfang: 7.000 Zeichen)<\/span><\/li>\n<li><span style=\"font-family: var(--type--1--font-family);font-size: calc(1.125rem + var(--fluid-bp)*2)\">Teilnahme\u00a0Videokonferenz Partner, ggf. Kunden und Infinigate-Partner-Marketing (Dauer 30 min)<\/span><\/li>\n<li><span style=\"font-family: var(--type--1--font-family);font-size: calc(1.125rem + var(--fluid-bp)*2)\">Korrekturlauf mit Partner, ggf. Kunde und Infinigate-Partner-Marketing<\/span><\/li>\n<li><span style=\"font-family: var(--type--1--font-family);font-size: calc(1.125rem + var(--fluid-bp)*2)\">Anfrage nach\u00a0Projektfotos &amp; Bildern der Interviewpartner | ersatzweise: Recherche f\u00fcr Symbolfoto<\/span><\/li>\n<li><span style=\"font-family: var(--type--1--font-family);font-size: calc(1.125rem + var(--fluid-bp)*2)\">Vermarktung der Pressemitteilung (Versand an Fachredaktionen)<\/span><\/li>\n<li><span style=\"font-family: var(--type--1--font-family);font-size: calc(1.125rem + var(--fluid-bp)*2)\">Garantierte Ver\u00f6ffentlichung (Falls keine redaktionelle Ver\u00f6ffentlichung erreicht werden kann, erfolgt die Ver\u00f6ffentlichung des Textes als Advertorial in einem Fachmedium ohne Zusatzkosten)<\/span><\/li>\n<li><span style=\"font-family: var(--type--1--font-family);font-size: calc(1.125rem + var(--fluid-bp)*2)\">Erstellung zwei\u00a0<\/span>Socialmedia-Post<span style=\"font-family: var(--type--1--font-family);font-size: calc(1.125rem + var(--fluid-bp)*2)\">s\u00a0(bestehend aus jeweils einem\u00a0Sharepic\u00a0und einem Begleit-Text, der das Thema anrei\u00dft und auf die\u00a0Ver\u00f6ffentlichung verlinkt, Einbau Links)\u00a0<\/span><\/li>\n<\/ul>\n<p>Wir begleiten Sie und Ihren Kunden durch den gesamten Prozess!<\/p>\n                        <\/div>\r\n                    \r\n                    \r\n                                    <\/div>\r\n            \r\n            \r\n            \r\n            \r\n\r\n\r\n\r\n            \r\n                <a  href=\"https:\/\/www.infinigate.com\/de\/services\/partnermarketing\/pr-spring-promo\/spring-promo-pr\/\" target=\"\" class=\"g-button--arrow g-card__read-more\">\r\n                Jetzt Angebot anfordern!            <\/a>\r\n\r\n                <\/div>\r\n    \r\n            <div class=\"g-card__image\">\r\n                        <div class=\"g-card__image-inner img-fit\">\r\n                <img loading=\"lazy\" decoding=\"async\" width=\"768\" height=\"578\" src=\"https:\/\/www.infinigate.com\/de\/wp-content\/uploads\/sites\/25\/2025\/12\/Pr_2-768x578.jpg\" class=\"attachment-medium_large size-medium_large\" alt=\"\" srcset=\"https:\/\/www.infinigate.com\/de\/wp-content\/uploads\/sites\/25\/2025\/12\/Pr_2-768x578.jpg 768w, https:\/\/www.infinigate.com\/de\/wp-content\/uploads\/sites\/25\/2025\/12\/Pr_2-300x226.jpg 300w, https:\/\/www.infinigate.com\/de\/wp-content\/uploads\/sites\/25\/2025\/12\/Pr_2-1024x771.jpg 1024w, https:\/\/www.infinigate.com\/de\/wp-content\/uploads\/sites\/25\/2025\/12\/Pr_2-e1766065125780.jpg 600w\" sizes=\"auto, (max-width: 768px) 100vw, 768px\" \/>            <\/div>\r\n            \r\n                    <\/div>\r\n    \r\n    <\/article>\r\n            <\/div>\n\n            \n                <\/section>\n\n\n\n<div class=\"wp-block-cover alignwide\" id=\"kontaktieren\"><img loading=\"lazy\" decoding=\"async\" width=\"1024\" height=\"351\" class=\"wp-block-cover__image-background wp-image-36486 size-large\" alt=\"\" src=\"https:\/\/www.infinigate.com\/de\/wp-content\/uploads\/sites\/25\/2025\/12\/Cover_banner-1024x351.jpg\" data-object-fit=\"cover\" srcset=\"https:\/\/www.infinigate.com\/de\/wp-content\/uploads\/sites\/25\/2025\/12\/Cover_banner-1024x351.jpg 1024w, https:\/\/www.infinigate.com\/de\/wp-content\/uploads\/sites\/25\/2025\/12\/Cover_banner-300x103.jpg 300w, https:\/\/www.infinigate.com\/de\/wp-content\/uploads\/sites\/25\/2025\/12\/Cover_banner-768x263.jpg 768w, https:\/\/www.infinigate.com\/de\/wp-content\/uploads\/sites\/25\/2025\/12\/Cover_banner.jpg 1366w\" sizes=\"auto, (max-width: 1024px) 100vw, 1024px\" \/><span aria-hidden=\"true\" class=\"wp-block-cover__background has-blue-background-color has-background-dim\"><\/span><div class=\"wp-block-cover__inner-container is-layout-constrained wp-block-cover-is-layout-constrained\">\n<div class=\"wp-block-columns is-layout-flex wp-container-core-columns-is-layout-9d6595d7 wp-block-columns-is-layout-flex\">\n<div class=\"wp-block-column is-layout-flow wp-block-column-is-layout-flow\" style=\"flex-basis:66.66%\">\n<h2 class=\"wp-block-heading has-text-align-left has-white-color has-text-color has-link-color wp-elements-b3db965c44bd7113ca4bf65ef0ecd81c\" id=\"h-sie-haben-fragen-zum-partnermarketing\">Sie haben Fragen zum <strong>Partnermarketing?<\/strong><\/h2>\n\n\n\n<p>Unser Marketing-Team ist gerne f\u00fcr Sie da.<\/p>\n<\/div>\n\n\n\n<div class=\"wp-block-column is-vertically-aligned-center is-layout-flow wp-block-column-is-layout-flow\" style=\"flex-basis:33.33%\">\n<p class=\"has-text-align-center has-white-color has-text-color has-link-color wp-elements-8e5c0f4339248b864746eb87d5cefde9\">E-Mail: <a href=\"mailto:partnermarketing@infinigate.de\">partnermarketing@infinigate.de<\/a><br>Tel: <a href=\"tel:+498989048355\">+49 89 89048 355<\/a><\/p>\n\n\n\n<div class=\"wp-block-buttons is-content-justification-center is-layout-flex wp-container-core-buttons-is-layout-16018d1d wp-block-buttons-is-layout-flex\">\n<div class=\"wp-block-button\"><a class=\"wp-block-button__link wp-element-button\" href=\"https:\/\/outlook.office365.com\/book\/InfinigatePartnermarketing@Infinigate.onmicrosoft.com\/?ismsaljsauthenabled=true\" target=\"_blank\" rel=\"noreferrer noopener\">Termin buchen<\/a><\/div>\n<\/div>\n<\/div>\n<\/div>\n<\/div><\/div>\n","protected":false},"excerpt":{"rendered":"<p>Spring-Promo Ihr PR-Angebot f\u00fcr mehr Sichtbarkeit &#8211;&nbsp;&nbsp;10 % Rabatt auf alle PR-Pakete Aktionszeitraum: 16. April bis 21. Juni 2026&nbsp; Unser&hellip;<\/p>\n","protected":false},"author":43,"featured_media":0,"parent":30433,"menu_order":0,"comment_status":"closed","ping_status":"closed","template":"","meta":{"_acf_changed":false,"footnotes":""},"folder":[547],"class_list":["post-43299","page","type-page","status-publish","hentry"],"acf":[],"distributor_meta":false,"distributor_terms":false,"distributor_media":false,"distributor_original_site_name":"Infinigate | Deutschland","distributor_original_site_url":"https:\/\/www.infinigate.com\/de","push-errors":false,"_links":{"self":[{"href":"https:\/\/www.infinigate.com\/de\/wp-json\/wp\/v2\/pages\/43299","targetHints":{"allow":["GET"]}}],"collection":[{"href":"https:\/\/www.infinigate.com\/de\/wp-json\/wp\/v2\/pages"}],"about":[{"href":"https:\/\/www.infinigate.com\/de\/wp-json\/wp\/v2\/types\/page"}],"author":[{"embeddable":true,"href":"https:\/\/www.infinigate.com\/de\/wp-json\/wp\/v2\/users\/43"}],"replies":[{"embeddable":true,"href":"https:\/\/www.infinigate.com\/de\/wp-json\/wp\/v2\/comments?post=43299"}],"version-history":[{"count":5,"href":"https:\/\/www.infinigate.com\/de\/wp-json\/wp\/v2\/pages\/43299\/revisions"}],"predecessor-version":[{"id":43436,"href":"https:\/\/www.infinigate.com\/de\/wp-json\/wp\/v2\/pages\/43299\/revisions\/43436"}],"up":[{"embeddable":true,"href":"https:\/\/www.infinigate.com\/de\/wp-json\/wp\/v2\/pages\/30433"}],"wp:attachment":[{"href":"https:\/\/www.infinigate.com\/de\/wp-json\/wp\/v2\/media?parent=43299"}],"wp:term":[{"taxonomy":"folder","embeddable":true,"href":"https:\/\/www.infinigate.com\/de\/wp-json\/wp\/v2\/folder?post=43299"}],"curies":[{"name":"wp","href":"https:\/\/api.w.org\/{rel}","templated":true}]}}