{"id":44524,"date":"2026-05-07T13:24:33","date_gmt":"2026-05-07T11:24:33","guid":{"rendered":"https:\/\/www.infinigate.com\/de\/?page_id=44524"},"modified":"2026-05-07T13:24:35","modified_gmt":"2026-05-07T11:24:35","slug":"einfuehrung-in-copilot-cowork","status":"publish","type":"page","link":"https:\/\/www.infinigate.com\/de\/lp\/h\/microsoft\/einfuehrung-in-copilot-cowork\/","title":{"rendered":"Einf\u00fchrung in Copilot Cowork"},"content":{"rendered":"\n<figure class=\"wp-block-image alignwide size-full\"><img loading=\"lazy\" decoding=\"async\" width=\"1280\" height=\"400\" src=\"https:\/\/www.infinigate.com\/de\/wp-content\/uploads\/sites\/25\/2026\/05\/copilot-cowork.jpg\" alt=\"Einf\u00fchrung in Copilot Cowork\" class=\"wp-image-44537\" srcset=\"https:\/\/www.infinigate.com\/de\/wp-content\/uploads\/sites\/25\/2026\/05\/copilot-cowork.jpg 1280w, https:\/\/www.infinigate.com\/de\/wp-content\/uploads\/sites\/25\/2026\/05\/copilot-cowork-300x94.jpg 300w, https:\/\/www.infinigate.com\/de\/wp-content\/uploads\/sites\/25\/2026\/05\/copilot-cowork-1024x320.jpg 1024w, https:\/\/www.infinigate.com\/de\/wp-content\/uploads\/sites\/25\/2026\/05\/copilot-cowork-768x240.jpg 768w\" sizes=\"auto, (max-width: 1280px) 100vw, 1280px\" \/><\/figure>\n\n\n\n<div class=\"wp-block-columns is-layout-flex wp-container-core-columns-is-layout-9d6595d7 wp-block-columns-is-layout-flex\">\n<div class=\"wp-block-column is-layout-flow wp-block-column-is-layout-flow\">\n<p>Microsoft positioniert Copilot Cowork als n\u00e4chsten Entwicklungsschritt von Microsoft 365 Copilot. W\u00e4hrend Copilot bisher vor allem bei wiederkehrenden und administrativen Aufgaben unterst\u00fctzt hat, geht Copilot Cowork einen Schritt weiter: KI soll Arbeitsprozesse gezielt voranbringen und Aufgaben eigenst\u00e4ndig begleiten. Damit entwickelt sich der Einsatz von KI von reiner Unterst\u00fctzung hin zu echter operativer Entlastung im Arbeitsalltag.<\/p>\n<\/div>\n\n\n\n<div class=\"wp-block-column is-layout-flow wp-block-column-is-layout-flow\">\n<p>Copilot Cowork wurde entwickelt, damit Anwender Aufgaben nicht mehr Schritt f\u00fcr Schritt selbst steuern m\u00fcssen. Statt einzelne Informationen anzufragen oder Inhalte manuell zusammenzuf\u00fchren, kann die KI komplette Arbeitsabl\u00e4ufe \u00fcbernehmen. Dabei greift Copilot Cowork auf E-Mails, Meetings, Dateien und Daten innerhalb von Microsoft 365 zu und unterst\u00fctzt nicht nur bei einzelnen Aufgaben, sondern bei deren tats\u00e4chlicher Umsetzung. Ziel ist es, t\u00e4gliche Arbeitsprozesse effizienter zu gestalten und KI nahtlos in bestehende Arbeitsweisen zu integrieren.<\/p>\n<\/div>\n<\/div>\n\n\n\n<h2 class=\"wp-block-heading alignwide is-style-border-left wp-block-heading\" id=\"h-warum-wurden-diese-anderungen-eingefuhrt\">Warum wurden diese \u00c4nderungen eingef\u00fchrt?<\/h2>\n\n\n\n<div class=\"wp-block-columns is-layout-flex wp-container-core-columns-is-layout-9d6595d7 wp-block-columns-is-layout-flex\">\n<div class=\"wp-block-column is-layout-flow wp-block-column-is-layout-flow\">\n<p>Microsoft hat Copilot Cowork auf Basis der bisherigen Nutzung von Copilot entwickelt. Viele Anwender profitierten bereits von Unterst\u00fctzung bei der Erstellung von Inhalten oder der Recherche von Informationen. Trotzdem blieb h\u00e4ufig zus\u00e4tzlicher Aufwand bestehen, um Aufgaben tats\u00e4chlich abzuschlie\u00dfen. Mitarbeitende mussten zwischen verschiedenen Anwendungen wechseln, Informationen mehrfach bereitstellen und Folgeaufgaben manuell koordinieren. Dadurch blieb das Potenzial von Copilot in vielen Szenarien ungenutzt.<\/p>\n<\/div>\n\n\n\n<div class=\"wp-block-column is-layout-flow wp-block-column-is-layout-flow\">\n<p>Hinzu kam die Herausforderung, trotz steigender Arbeitslast den \u00dcberblick zu behalten. Meetings, Abstimmungen und laufende Aufgaben kosten im Alltag viel Zeit und unterbrechen h\u00e4ufig konzentriertes Arbeiten. Microsoft sieht hier gro\u00dfes Potenzial f\u00fcr KI, organisatorische Aufgaben st\u00e4rker zu \u00fcbernehmen, damit sich Teams auf wertsch\u00f6pfende T\u00e4tigkeiten konzentrieren k\u00f6nnen statt auf Administration und Nachbereitung.<\/p>\n\n\n\n<p>Copilot Cowork soll genau diese Herausforderungen l\u00f6sen, indem mehrstufige Aufgaben im Hintergrund automatisiert werden, w\u00e4hrend Anwender jederzeit die Kontrolle und Transparenz behalten.<\/p>\n<\/div>\n<\/div>\n\n\n\n<h2 class=\"wp-block-heading is-style-border-left wp-block-heading\" id=\"h-was-hat-sich-geandert-0\">Was hat sich ge\u00e4ndert?<\/h2>\n\n\n\n<div class=\"wp-block-columns is-layout-flex wp-container-core-columns-is-layout-9d6595d7 wp-block-columns-is-layout-flex\">\n<div class=\"wp-block-column is-layout-flow wp-block-column-is-layout-flow\">\n<p>Mit Copilot Cowork erweitert Microsoft 365 Copilot seine Funktionen um mehrstufige und l\u00e4nger laufende Prozesse. Aufgaben enden damit nicht mehr nach einer einzelnen Eingabe oder Anfrage. <br><br>Anstatt einzelne Aufgaben nacheinander zu starten, k\u00f6nnen Anwender jetzt ein gew\u00fcnschtes Ergebnis definieren. Copilot Cowork erstellt daraufhin eigenst\u00e4ndig einen Ablauf und setzt die notwendigen Schritte \u00fcber die relevanten Microsoft 365-Anwendungen hinweg um. Die Bearbeitung l\u00e4uft im Hintergrund weiter und nur bei R\u00fcckfragen oder Freigaben wird der Nutzer aktiv eingebunden.<\/p>\n<\/div>\n\n\n\n<div class=\"wp-block-column is-layout-flow wp-block-column-is-layout-flow\">\n<p>Die Grundlage daf\u00fcr bildet Work IQ. Dadurch kann Copilot Cowork Kontext aus E-Mails, Meetings, Nachrichten, Dateien und Kalendern einbeziehen. Die KI arbeitet also nicht isoliert auf Basis einzelner Eingaben, sondern nutzt vorhandene Informationen aus dem Arbeitsalltag, um Prozesse gezielt weiterzuf\u00fchren.<\/p>\n\n\n\n<p>Wichtig dabei: Die Kontrolle bleibt jederzeit beim Anwender selbst. Aktionen sind nachvollziehbar, vorgeschlagene \u00c4nderungen k\u00f6nnen gepr\u00fcft werden und nichts wird ohne Freigabe umgesetzt. So bleibt der Einsatz von KI transparent und sicher.<\/p>\n<\/div>\n<\/div>\n\n\n\n<h2 class=\"wp-block-heading is-style-border-left wp-block-heading\" id=\"h-welche-auswirkungen-hat-das-auf-ihr-unternehmen\">Welche Auswirkungen hat das auf Ihr Unternehmen?<\/h2>\n\n\n\n<div class=\"wp-block-columns is-layout-flex wp-container-core-columns-is-layout-9d6595d7 wp-block-columns-is-layout-flex\">\n<div class=\"wp-block-column is-layout-flow wp-block-column-is-layout-flow\">\n<p>F\u00fcr einzelne Anwender reduziert Copilot Cowork den Aufwand bei der Koordination von Aufgaben deutlich. Prozesse, f\u00fcr die bisher zwischen Outlook, Teams, Word und Excel gewechselt werden musste, lassen sich k\u00fcnftig \u00fcber eine zentrale Anfrage steuern. Das sorgt f\u00fcr weniger Unterbrechungen, mehr Fokus und eine bessere \u00dcbersicht im Arbeitsalltag.<\/p>\n<\/div>\n\n\n\n<div class=\"wp-block-column is-layout-flow wp-block-column-is-layout-flow\">\n<p>Unternehmen profitieren von einheitlicheren Prozessen und effizienterer Zusammenarbeit. Wenn KI Routineaufgaben und organisatorische Abl\u00e4ufe \u00fcbernimmt, reduziert sich der manuelle Aufwand sp\u00fcrbar. Gleichzeitig bleiben bestehende Sicherheits- und Compliance-Richtlinien innerhalb von Microsoft 365 erhalten. Teams arbeiten dadurch konsistenter und k\u00f6nnen Copilot strukturierter einsetzen.<br><br>Insgesamt macht Copilot Cowork den Einsatz von KI im Arbeitsalltag deutlich praxisn\u00e4her. KI wird nicht mehr als separates Tool wahrgenommen, sondern als integrierter Bestandteil der t\u00e4glichen Arbeit innerhalb von Microsoft 365.<\/p>\n<\/div>\n<\/div>\n\n\n\n<div class=\"wp-block-cover alignwide\" id=\"kontakt\"><img loading=\"lazy\" decoding=\"async\" width=\"1920\" height=\"1080\" class=\"wp-block-cover__image-background wp-image-4092\" alt=\"\" src=\"https:\/\/www.infinigate.com\/de\/wp-content\/uploads\/sites\/25\/2024\/03\/Digital_Textures_V2.jpg\" data-object-fit=\"cover\" srcset=\"https:\/\/www.infinigate.com\/de\/wp-content\/uploads\/sites\/25\/2024\/03\/Digital_Textures_V2.jpg 1920w, https:\/\/www.infinigate.com\/de\/wp-content\/uploads\/sites\/25\/2024\/03\/Digital_Textures_V2-300x169.jpg 300w, https:\/\/www.infinigate.com\/de\/wp-content\/uploads\/sites\/25\/2024\/03\/Digital_Textures_V2-1024x576.jpg 1024w, https:\/\/www.infinigate.com\/de\/wp-content\/uploads\/sites\/25\/2024\/03\/Digital_Textures_V2-768x432.jpg 768w, https:\/\/www.infinigate.com\/de\/wp-content\/uploads\/sites\/25\/2024\/03\/Digital_Textures_V2-1536x864.jpg 1536w\" sizes=\"auto, (max-width: 1920px) 100vw, 1920px\" \/><span aria-hidden=\"true\" class=\"wp-block-cover__background has-blue-background-color has-background-dim-0 has-background-dim\"><\/span><div class=\"wp-block-cover__inner-container is-layout-constrained wp-block-cover-is-layout-constrained\">\n<div class=\"wp-block-columns is-layout-flex wp-container-core-columns-is-layout-9d6595d7 wp-block-columns-is-layout-flex\">\n<div class=\"wp-block-column is-layout-flow wp-block-column-is-layout-flow\" style=\"flex-basis:66.66%\">\n<h3 class=\"wp-block-heading has-text-align-left is-style-border-left has-white-color has-text-color has-link-color wp-elements-d54082c467e618b0545f6c89710b3ca1\" id=\"h-kontakt-zum-microsoft-team\">Kontakt zum Microsoft-Team<\/h3>\n\n\n\n<p>Wenn Sie mehr \u00fcber Copilot Cowork erfahren m\u00f6chten oder Unterst\u00fctzung f\u00fcr Ihre Kundenprojekte suchen, kontaktieren Sie uns gerne unter:<\/p>\n<\/div>\n\n\n\n<div class=\"wp-block-column is-vertically-aligned-center is-layout-flow wp-block-column-is-layout-flow\" style=\"flex-basis:33.33%\">\n<p class=\"has-text-align-center has-white-color has-text-color has-link-color wp-elements-ff45b21d7ce4dc63fd349a753acab66b\"><a href=\"mailto:microsoft@infinigate.de\">microsoft@infinigate.de<br><\/a><a href=\"tel:+498989048580\">+49 89 89048-580<\/a><\/p>\n\n\n\n<div class=\"wp-block-buttons is-content-justification-center is-layout-flex wp-container-core-buttons-is-layout-16018d1d wp-block-buttons-is-layout-flex\">\n<div class=\"wp-block-button\"><a class=\"wp-block-button__link wp-element-button\" href=\"mailto:microsoft@infinigate.de\">Kontakt aufnehmen<\/a><\/div>\n<\/div>\n<\/div>\n<\/div>\n<\/div><\/div>\n","protected":false},"excerpt":{"rendered":"<p>Microsoft positioniert Copilot Cowork als n\u00e4chsten Entwicklungsschritt von Microsoft 365 Copilot. W\u00e4hrend Copilot bisher vor allem bei wiederkehrenden und administrativen&hellip;<\/p>\n","protected":false},"author":48,"featured_media":44577,"parent":17789,"menu_order":0,"comment_status":"closed","ping_status":"closed","template":"","meta":{"_acf_changed":false,"footnotes":""},"folder":[488],"class_list":["post-44524","page","type-page","status-publish","has-post-thumbnail","hentry"],"acf":[],"distributor_meta":false,"distributor_terms":false,"distributor_media":false,"distributor_original_site_name":"Infinigate | Deutschland","distributor_original_site_url":"https:\/\/www.infinigate.com\/de","push-errors":false,"_links":{"self":[{"href":"https:\/\/www.infinigate.com\/de\/wp-json\/wp\/v2\/pages\/44524","targetHints":{"allow":["GET"]}}],"collection":[{"href":"https:\/\/www.infinigate.com\/de\/wp-json\/wp\/v2\/pages"}],"about":[{"href":"https:\/\/www.infinigate.com\/de\/wp-json\/wp\/v2\/types\/page"}],"author":[{"embeddable":true,"href":"https:\/\/www.infinigate.com\/de\/wp-json\/wp\/v2\/users\/48"}],"replies":[{"embeddable":true,"href":"https:\/\/www.infinigate.com\/de\/wp-json\/wp\/v2\/comments?post=44524"}],"version-history":[{"count":5,"href":"https:\/\/www.infinigate.com\/de\/wp-json\/wp\/v2\/pages\/44524\/revisions"}],"predecessor-version":[{"id":44578,"href":"https:\/\/www.infinigate.com\/de\/wp-json\/wp\/v2\/pages\/44524\/revisions\/44578"}],"up":[{"embeddable":true,"href":"https:\/\/www.infinigate.com\/de\/wp-json\/wp\/v2\/pages\/17789"}],"wp:featuredmedia":[{"embeddable":true,"href":"https:\/\/www.infinigate.com\/de\/wp-json\/wp\/v2\/media\/44577"}],"wp:attachment":[{"href":"https:\/\/www.infinigate.com\/de\/wp-json\/wp\/v2\/media?parent=44524"}],"wp:term":[{"taxonomy":"folder","embeddable":true,"href":"https:\/\/www.infinigate.com\/de\/wp-json\/wp\/v2\/folder?post=44524"}],"curies":[{"name":"wp","href":"https:\/\/api.w.org\/{rel}","templated":true}]}}