{"id":6954,"date":"2024-06-21T02:30:11","date_gmt":"2024-06-21T01:30:11","guid":{"rendered":"https:\/\/www.infinigate.com\/de\/?page_id=6954"},"modified":"2026-01-14T12:54:38","modified_gmt":"2026-01-14T11:54:38","slug":"msp-services","status":"publish","type":"page","link":"https:\/\/www.infinigate.com\/de\/services\/msp-services\/","title":{"rendered":"MSP Services"},"content":{"rendered":"\n<figure class=\"wp-block-image alignfull size-full is-style-corner-overlay\"><img loading=\"lazy\" decoding=\"async\" width=\"1920\" height=\"675\" src=\"https:\/\/www.infinigate.com\/de\/wp-content\/uploads\/sites\/25\/2024\/06\/msp-services.jpg\" alt=\"\" class=\"wp-image-6956\" srcset=\"https:\/\/www.infinigate.com\/de\/wp-content\/uploads\/sites\/25\/2024\/06\/msp-services.jpg 1920w, https:\/\/www.infinigate.com\/de\/wp-content\/uploads\/sites\/25\/2024\/06\/msp-services-300x105.jpg 300w, https:\/\/www.infinigate.com\/de\/wp-content\/uploads\/sites\/25\/2024\/06\/msp-services-1024x360.jpg 1024w, https:\/\/www.infinigate.com\/de\/wp-content\/uploads\/sites\/25\/2024\/06\/msp-services-768x270.jpg 768w, https:\/\/www.infinigate.com\/de\/wp-content\/uploads\/sites\/25\/2024\/06\/msp-services-1536x540.jpg 1536w\" sizes=\"auto, (max-width: 1920px) 100vw, 1920px\" \/><\/figure>\n\n\n\n<div class=\"wp-block-columns are-vertically-aligned-center is-layout-flex wp-container-core-columns-is-layout-9d6595d7 wp-block-columns-is-layout-flex\">\n<div class=\"wp-block-column is-vertically-aligned-center is-layout-flow wp-block-column-is-layout-flow\">\n<h2 class=\"wp-block-heading is-style-border-left wp-block-heading\" id=\"h-mehrwerte-amp-dienstleistungen-fur-infinigate-msp-partner\">Mehrwerte &amp; Dienstleistungen f\u00fcr <strong>Infinigate MSP-Partner<\/strong><\/h2>\n\n\n\n<p>Infinigate unterst\u00fctzt Sie nicht nur in allen Phasen des Vertriebsprozesses. Wir beraten Sie dar\u00fcber hinaus u. a. auch zu notwendigen Ver\u00e4nderungen Ihrer Gesch\u00e4fts- und Vertriebsstruktur, zu Konzepten und Vertragsvorlagen sowie zu System- und Schnittstellen-Themen<\/p>\n\n\n\n<div class=\"wp-block-buttons is-layout-flex wp-block-buttons-is-layout-flex\">\n<div class=\"wp-block-button\"><a class=\"wp-block-button__link wp-element-button\" href=\"https:\/\/infinigate.de\/mssp\/msp-portal\/\">Zum MSP Portfolio<\/a><\/div>\n<\/div>\n<\/div>\n\n\n\n<div class=\"wp-block-column is-vertically-aligned-center is-layout-flow wp-block-column-is-layout-flow\">\n<figure class=\"wp-block-embed is-type-video is-provider-youtube wp-block-embed-youtube wp-embed-aspect-16-9 wp-has-aspect-ratio\"><div class=\"wp-block-embed__wrapper\">\n<iframe loading=\"lazy\" title=\"Infinigate MSP - So unterst\u00fctzen wir Managed Services Provider\" width=\"500\" height=\"281\" src=\"https:\/\/www.youtube.com\/embed\/RCfQS38afm4?feature=oembed\" frameborder=\"0\" allow=\"accelerometer; autoplay; clipboard-write; encrypted-media; gyroscope; picture-in-picture; web-share\" referrerpolicy=\"strict-origin-when-cross-origin\" allowfullscreen><\/iframe>\n<\/div><\/figure>\n<\/div>\n<\/div>\n\n\n\n<div class=\"wp-block-columns is-layout-flex wp-container-core-columns-is-layout-9d6595d7 wp-block-columns-is-layout-flex\">\n<div class=\"wp-block-column is-layout-flow wp-block-column-is-layout-flow\">\n<figure class=\"wp-block-image size-full is-resized is-style-no-rounded-corners-no-drop-shadow img-align-left\"><img loading=\"lazy\" decoding=\"async\" width=\"100\" height=\"100\" src=\"https:\/\/www.infinigate.com\/de\/wp-content\/uploads\/sites\/25\/2024\/06\/Icon_1y.png\" alt=\"Schnellstart ins MSP-Business icon\" class=\"wp-image-6958\" style=\"object-fit:cover;width:60px;height:60px\"\/><\/figure>\n\n\n\n<h3 class=\"wp-block-heading wp-block-heading\">Schnellstart ins MSP-Business<\/h3>\n\n\n\n<p>Erfolgreicher Einstieg durch kompetente Beratung, Schulungen, Vorlagen und Tools.<\/p>\n<\/div>\n\n\n\n<div class=\"wp-block-column is-layout-flow wp-block-column-is-layout-flow\">\n<figure class=\"wp-block-image size-full is-resized is-style-no-rounded-corners-no-drop-shadow  img-align-left\"><img loading=\"lazy\" decoding=\"async\" width=\"100\" height=\"100\" src=\"https:\/\/www.infinigate.com\/de\/wp-content\/uploads\/sites\/25\/2024\/06\/Icon_2_1.png\" alt=\"MSP-Automatisierung\" class=\"wp-image-6959\" style=\"object-fit:cover;width:60px;height:60px\"\/><\/figure>\n\n\n\n<h3 class=\"wp-block-heading wp-block-heading\" id=\"h-msp-automatisierung\">MSP-Automatisierung<\/h3>\n\n\n\n<p>Mehr Effizienz durch Automatisierung von Prozessen und Abrechnungen.<\/p>\n<\/div>\n\n\n\n<div class=\"wp-block-column is-layout-flow wp-block-column-is-layout-flow\">\n<figure class=\"wp-block-image size-full is-resized is-style-no-rounded-corners-no-drop-shadow  img-align-left\"><img loading=\"lazy\" decoding=\"async\" width=\"100\" height=\"100\" src=\"https:\/\/www.infinigate.com\/de\/wp-content\/uploads\/sites\/25\/2024\/06\/Icon_3_1.png\" alt=\"Infinigate MSP-Portal icon\" class=\"wp-image-6960\" style=\"object-fit:cover;width:60px;height:60px\"\/><\/figure>\n\n\n\n<h3 class=\"wp-block-heading wp-block-heading\">Infinigate MSP-Portal<\/h3>\n\n\n\n<p>Alle relevanten Informationen, Rechnungen und Supportleistungen auf einen Blick.<\/p>\n<\/div>\n\n\n\n<div class=\"wp-block-column is-layout-flow wp-block-column-is-layout-flow\">\n<figure class=\"wp-block-image size-full is-resized is-style-no-rounded-corners-no-drop-shadow img-align-left\"><img loading=\"lazy\" decoding=\"async\" width=\"100\" height=\"100\" src=\"https:\/\/www.infinigate.com\/de\/wp-content\/uploads\/sites\/25\/2024\/06\/Icon_4_1.png\" alt=\"MSP-Vertragsvorlagen und Konzepte\" class=\"wp-image-6961\" style=\"object-fit:cover;width:60px;height:60px\"\/><\/figure>\n\n\n\n<h3 class=\"wp-block-heading wp-block-heading\">MSP-Vertragsvorlagen und Konzepte<\/h3>\n\n\n\n<p>Umfangreiche Unterlagenpakete aus der Systemhauspraxis.<\/p>\n<\/div>\n<\/div>\n\n\n\n<div class=\"wp-block-cover alignwide\"><img loading=\"lazy\" decoding=\"async\" width=\"1920\" height=\"1080\" class=\"wp-block-cover__image-background wp-image-4092\" alt=\"\" src=\"https:\/\/www.infinigate.com\/de\/wp-content\/uploads\/sites\/25\/2024\/03\/Digital_Textures_V2.jpg\" data-object-fit=\"cover\" srcset=\"https:\/\/www.infinigate.com\/de\/wp-content\/uploads\/sites\/25\/2024\/03\/Digital_Textures_V2.jpg 1920w, https:\/\/www.infinigate.com\/de\/wp-content\/uploads\/sites\/25\/2024\/03\/Digital_Textures_V2-300x169.jpg 300w, https:\/\/www.infinigate.com\/de\/wp-content\/uploads\/sites\/25\/2024\/03\/Digital_Textures_V2-1024x576.jpg 1024w, https:\/\/www.infinigate.com\/de\/wp-content\/uploads\/sites\/25\/2024\/03\/Digital_Textures_V2-768x432.jpg 768w, https:\/\/www.infinigate.com\/de\/wp-content\/uploads\/sites\/25\/2024\/03\/Digital_Textures_V2-1536x864.jpg 1536w\" sizes=\"auto, (max-width: 1920px) 100vw, 1920px\" \/><span aria-hidden=\"true\" class=\"wp-block-cover__background has-blue-background-color has-background-dim-0 has-background-dim\"><\/span><div class=\"wp-block-cover__inner-container is-layout-constrained wp-block-cover-is-layout-constrained\">\n<div class=\"wp-block-columns is-layout-flex wp-container-core-columns-is-layout-9d6595d7 wp-block-columns-is-layout-flex\" id=\"kontakt\">\n<div class=\"wp-block-column is-layout-flow wp-block-column-is-layout-flow\" style=\"flex-basis:66.66%\">\n<h3 class=\"wp-block-heading has-text-align-left is-style-border-left has-white-color has-text-color has-link-color wp-elements-104e987d9bad2ce881a0d6928e8414d8\" id=\"h-kontakt-zum-managed-security-team\">Kontakt zum Managed Security Team<\/h3>\n\n\n\n<p>Unser Managed Security Team unterst\u00fctzt Sie gerne bei Ihren vertrieblichen Anfragen, bei Pre-Sales Themen oder bei geplanten Marketing-Aktivit\u00e4ten.<\/p>\n<\/div>\n\n\n\n<div class=\"wp-block-column is-vertically-aligned-center is-layout-flow wp-block-column-is-layout-flow\" style=\"flex-basis:33.33%\">\n<p class=\"has-text-align-center has-white-color has-text-color has-link-color wp-elements-db97f9b10c2576911a8643a521f14823\"><a href=\"mailto:msp@infinigate.de\">marketing@infinigate.de<\/a><br><a href=\"tel:+498989048399\">+49 89 89048-399<\/a><\/p>\n\n\n\n<div class=\"wp-block-buttons is-content-justification-center is-layout-flex wp-container-core-buttons-is-layout-16018d1d wp-block-buttons-is-layout-flex\">\n<div class=\"wp-block-button\"><a class=\"wp-block-button__link wp-element-button\" href=\"mailto:msp@infinigate.de\">Kontakt aufnehmen<\/a><\/div>\n<\/div>\n<\/div>\n<\/div>\n<\/div><\/div>\n","protected":false},"excerpt":{"rendered":"<p>Mehrwerte &amp; Dienstleistungen f\u00fcr Infinigate MSP-Partner Infinigate unterst\u00fctzt Sie nicht nur in allen Phasen des Vertriebsprozesses. Wir beraten Sie dar\u00fcber&hellip;<\/p>\n","protected":false},"author":36,"featured_media":22620,"parent":851,"menu_order":0,"comment_status":"closed","ping_status":"closed","template":"","meta":{"_acf_changed":false,"footnotes":""},"folder":[431],"class_list":["post-6954","page","type-page","status-publish","has-post-thumbnail","hentry"],"acf":[],"distributor_meta":false,"distributor_terms":false,"distributor_media":false,"distributor_original_site_name":"Infinigate | Deutschland","distributor_original_site_url":"https:\/\/www.infinigate.com\/de","push-errors":false,"_links":{"self":[{"href":"https:\/\/www.infinigate.com\/de\/wp-json\/wp\/v2\/pages\/6954","targetHints":{"allow":["GET"]}}],"collection":[{"href":"https:\/\/www.infinigate.com\/de\/wp-json\/wp\/v2\/pages"}],"about":[{"href":"https:\/\/www.infinigate.com\/de\/wp-json\/wp\/v2\/types\/page"}],"author":[{"embeddable":true,"href":"https:\/\/www.infinigate.com\/de\/wp-json\/wp\/v2\/users\/36"}],"replies":[{"embeddable":true,"href":"https:\/\/www.infinigate.com\/de\/wp-json\/wp\/v2\/comments?post=6954"}],"version-history":[{"count":0,"href":"https:\/\/www.infinigate.com\/de\/wp-json\/wp\/v2\/pages\/6954\/revisions"}],"up":[{"embeddable":true,"href":"https:\/\/www.infinigate.com\/de\/wp-json\/wp\/v2\/pages\/851"}],"wp:featuredmedia":[{"embeddable":true,"href":"https:\/\/www.infinigate.com\/de\/wp-json\/wp\/v2\/media\/22620"}],"wp:attachment":[{"href":"https:\/\/www.infinigate.com\/de\/wp-json\/wp\/v2\/media?parent=6954"}],"wp:term":[{"taxonomy":"folder","embeddable":true,"href":"https:\/\/www.infinigate.com\/de\/wp-json\/wp\/v2\/folder?post=6954"}],"curies":[{"name":"wp","href":"https:\/\/api.w.org\/{rel}","templated":true}]}}