{"id":7035,"date":"2024-06-21T06:40:49","date_gmt":"2024-06-21T05:40:49","guid":{"rendered":"https:\/\/www.infinigate.com\/de\/?page_id=7035"},"modified":"2026-01-14T13:09:01","modified_gmt":"2026-01-14T12:09:01","slug":"teilnahmebedingungen-events","status":"publish","type":"page","link":"https:\/\/www.infinigate.com\/de\/lp\/events\/teilnahmebedingungen-events\/","title":{"rendered":"Teilnahmebedingungen Infinigate Events"},"content":{"rendered":"\n<figure class=\"wp-block-image alignfull size-full\"><img loading=\"lazy\" decoding=\"async\" width=\"1920\" height=\"675\" src=\"https:\/\/www.infinigate.com\/de\/wp-content\/uploads\/sites\/25\/2024\/06\/GettyImages-648950244-1920s.jpg\" alt=\"\" class=\"wp-image-7030\" srcset=\"https:\/\/www.infinigate.com\/de\/wp-content\/uploads\/sites\/25\/2024\/06\/GettyImages-648950244-1920s.jpg 1920w, https:\/\/www.infinigate.com\/de\/wp-content\/uploads\/sites\/25\/2024\/06\/GettyImages-648950244-1920s-300x105.jpg 300w, https:\/\/www.infinigate.com\/de\/wp-content\/uploads\/sites\/25\/2024\/06\/GettyImages-648950244-1920s-1024x360.jpg 1024w, https:\/\/www.infinigate.com\/de\/wp-content\/uploads\/sites\/25\/2024\/06\/GettyImages-648950244-1920s-768x270.jpg 768w, https:\/\/www.infinigate.com\/de\/wp-content\/uploads\/sites\/25\/2024\/06\/GettyImages-648950244-1920s-1536x540.jpg 1536w\" sizes=\"auto, (max-width: 1920px) 100vw, 1920px\" \/><\/figure>\n\n\n\n<h3 class=\"wp-block-heading wp-block-heading\" id=\"h-veranstalter\">Veranstalter<\/h3>\n\n\n\n<p>Infinigate Deutschland GmbH<br>Richard-Reitzner-Allee 8<br>85540 Haar\/M\u00fcnchen<\/p>\n\n\n\n<h3 class=\"wp-block-heading wp-block-heading\" id=\"h-teilnahmeberechtigung\">Teilnahmeberechtigung<\/h3>\n\n\n\n<p>Dieses Angebot richtet sich ausschlie\u00dflich an IT-Systemh\u00e4user, IT-Dienstleister, Hoster, IT-Berater sowie Anbieter von Managed Services mit Sitz in Deutschland. Die Infinigate Deutschland GmbH beh\u00e4lt sich vor, Privatpersonen oder branchenfremde Unternehmen zu jeder Zeit von der Anmeldung auszuschlie\u00dfen.<\/p>\n\n\n\n<h3 class=\"wp-block-heading wp-block-heading\" id=\"h-datenschutz\">Datenschutz<\/h3>\n\n\n\n<p>Mit Angabe Ihrer Daten und Absenden dieses Anmeldeformulars erkl\u00e4ren Sie sich einverstanden, dass die Infinigate Deutschland GmbH Ihre personenbezogenen Daten f\u00fcr den angegebenen Zweck verarbeiten darf und Ihnen alle Informationen zusenden darf, die mit diesem Zweck zusammenh\u00e4ngen. Zus\u00e4tzlich erkl\u00e4ren Sie sich einverstanden, dass die Infinigate Deutschland GmbH Ihre personenbezogenen Daten an Herstellerpartner weitergeben darf, damit diese Sie \u00fcber ihre Produkte und Dienstleitungen per E-Mail, Post oder Telefon informieren k\u00f6nnen.<\/p>\n\n\n\n<p>Sie k\u00f6nnen Ihre Einwilligung zum Erhalt dieser Informationen und der damit verbundenen Verarbeitung Ihrer personenbezogenen Daten jederzeit mit Wirkung f\u00fcr die Zukunft widerrufen.<\/p>\n\n\n\n<p>Weitere Informationen zum Widerruf und zur Verarbeitung Ihrer personenbezogenen Daten entnehmen Sie bitte der\u00a0<a href=\"\/de\/datenschutz\">Datenschutzunterrichtung<\/a>.<\/p>\n\n\n\n<h3 class=\"wp-block-heading wp-block-heading\" id=\"h-einverstandnis-zur-anfertigung-und-speicherung-von-video-und-lichtbildaufnahmen-sowie-deren-veroffentlichung\">Einverst\u00e4ndnis zur Anfertigung und Speicherung von Video- und Lichtbildaufnahmen sowie deren Ver\u00f6ffentlichung<\/h3>\n\n\n\n<p>Die Infinigate Deutschland GmbH beabsichtigt, Video- und Bildaufnahmen Ihrer Person anzufertigen bzw. durch eine von der Infinigate Deutschland GmbH beauftragte Agentur anfertigen zu lassen und beabsichtigt, diese auf ihren Systemen zu speichern.<\/p>\n\n\n\n<p>Hiermit willigen Sie ein, dass diese Aufnahmen von der Infinigate Deutschland GmbH in ihren Verarbeitungssystemen gespeichert werden und zu internen Zwecken, aber auch zur Ver\u00f6ffentlichung auf allen nachfolgend aufgelisteten Medien verwendet werden d\u00fcrfen:<\/p>\n\n\n\n<ul class=\"wp-block-list\">\n<li>den Infinigate Internetseiten und sonstigen Pr\u00e4senzen von Infinigate im Internet<\/li>\n\n\n\n<li>in sozialen Netzwerken wie z. B. Facebook, Xing, LinkedIn etc.<\/li>\n\n\n\n<li>in einer Online-Bildergalerie oder einem Online-Videoportal (YouTube)<\/li>\n\n\n\n<li>in Printmedien<\/li>\n\n\n\n<li>in f\u00fcr externe Zwecke erstellten Materialien (z. B. Brosch\u00fcren, Marketingvideos, etc.)<\/li>\n<\/ul>\n\n\n\n<p>Hierf\u00fcr k\u00f6nnen die Bild- und Videoaufnahmen auch bearbeitet werden, soweit diese hierdurch nicht in einer Ihnen unzumutbaren Weise verf\u00e4lscht oder ver\u00e4ndert werden.<br>Eine Verg\u00fctung hierf\u00fcr erhalten Sie nicht.<\/p>\n\n\n\n<p>Wenn Sie oder Ihre Begleiter nicht wollen, dass Infinigate entsprechende Video- oder Bildaufnahmen von Ihnen anfertigt, dann teilen Sie dies bitte dem Fotografen oder dem Veranstaltungsmanagement vor Ort mit.<\/p>\n\n\n\n<p>Wir weisen darauf hin, dass Video- und Lichtbildaufnahmen bei der Ver\u00f6ffentlichung im Internet weltweit abrufbar sind. Dar\u00fcber hinaus k\u00f6nnen diese von Suchmaschinen gefunden und mit anderen Informationen verkn\u00fcpft werden. Im Internet ver\u00f6ffentlichte Video- und Bildaufnahmen k\u00f6nnen von Dritten kopiert und weiterverbreitet werden. Eine Weiterverwendung dieser Aufnahmen durch Dritte kann daher nicht generell ausgeschlossen werden, auch nachdem die Infinigate Deutschland GmbH diese Aufnahmen wieder von den eigenen Internetseiten entfernt und in den eigenen Systemen gel\u00f6scht hat.<\/p>\n\n\n\n<p>Wir weisen au\u00dferdem darauf hin, dass es sich bei Ihrem Einverst\u00e4ndnis nicht um eine datenschutzrechtliche Einwilligung handelt. Soweit es uns zumutbar ist, werden wir Ihre Video- oder Bildaufnahmen dennoch von unseren Verarbeitungssystemen entfernen, wenn Sie uns hierum bitten. Bitte richten Sie dazu eine E-Mail an&nbsp;<a href=\"mailto:events@infinigate.de\">events@infinigate.de<\/a>.<br>Weiterhin werden wir die von Ihrer Bitte um L\u00f6schung betroffenen Video- oder Bildaufnahmen, aus dem betroffenen Internetangeboten entfernen und nicht mehr f\u00fcr neue Drucksachen verwenden.<br>F\u00fcr bereits angefertigte Drucksachen sowie f\u00fcr s\u00e4mtliche Video- oder Bildaufnahmen, auf denen Sie zusammen mit anderen Personen abgebildet sind oder Ihre Abbildung nur ein unwesentliches Beiwerk ist, erfolgt eine L\u00f6schung nur, wenn Ihnen eine weitere Ver\u00f6ffentlichung unzumutbar ist.<\/p>\n\n\n\n<h3 class=\"wp-block-heading wp-block-heading\" id=\"h-allgemeine-geschaftsbedingungen\">Allgemeine Gesch\u00e4ftsbedingungen<\/h3>\n\n\n\n<p>Im \u00dcbrigen gelten die<a href=\"\/de\/agb\/\">\u00a0Allgemeinen Gesch\u00e4ftsbedingungen<\/a>\u00a0der Infinigate Deutschland GmbH<\/p>\n","protected":false},"excerpt":{"rendered":"<p>Veranstalter Infinigate Deutschland GmbHRichard-Reitzner-Allee 885540 Haar\/M\u00fcnchen Teilnahmeberechtigung Dieses Angebot richtet sich ausschlie\u00dflich an IT-Systemh\u00e4user, IT-Dienstleister, Hoster, IT-Berater sowie Anbieter von&hellip;<\/p>\n","protected":false},"author":36,"featured_media":0,"parent":13509,"menu_order":0,"comment_status":"closed","ping_status":"closed","template":"","meta":{"_acf_changed":false,"footnotes":""},"folder":[392],"class_list":["post-7035","page","type-page","status-publish","hentry"],"acf":[],"distributor_meta":false,"distributor_terms":false,"distributor_media":false,"distributor_original_site_name":"Infinigate | Deutschland","distributor_original_site_url":"https:\/\/www.infinigate.com\/de","push-errors":false,"_links":{"self":[{"href":"https:\/\/www.infinigate.com\/de\/wp-json\/wp\/v2\/pages\/7035","targetHints":{"allow":["GET"]}}],"collection":[{"href":"https:\/\/www.infinigate.com\/de\/wp-json\/wp\/v2\/pages"}],"about":[{"href":"https:\/\/www.infinigate.com\/de\/wp-json\/wp\/v2\/types\/page"}],"author":[{"embeddable":true,"href":"https:\/\/www.infinigate.com\/de\/wp-json\/wp\/v2\/users\/36"}],"replies":[{"embeddable":true,"href":"https:\/\/www.infinigate.com\/de\/wp-json\/wp\/v2\/comments?post=7035"}],"version-history":[{"count":0,"href":"https:\/\/www.infinigate.com\/de\/wp-json\/wp\/v2\/pages\/7035\/revisions"}],"up":[{"embeddable":true,"href":"https:\/\/www.infinigate.com\/de\/wp-json\/wp\/v2\/pages\/13509"}],"wp:attachment":[{"href":"https:\/\/www.infinigate.com\/de\/wp-json\/wp\/v2\/media?parent=7035"}],"wp:term":[{"taxonomy":"folder","embeddable":true,"href":"https:\/\/www.infinigate.com\/de\/wp-json\/wp\/v2\/folder?post=7035"}],"curies":[{"name":"wp","href":"https:\/\/api.w.org\/{rel}","templated":true}]}}