{"id":9897,"date":"2024-07-04T11:45:28","date_gmt":"2024-07-04T10:45:28","guid":{"rendered":"https:\/\/www.infinigate.com\/de\/?page_id=9897"},"modified":"2025-10-20T12:46:59","modified_gmt":"2025-10-20T10:46:59","slug":"security-awareness","status":"publish","type":"page","link":"https:\/\/www.infinigate.com\/de\/akademie\/herstellerneutrale-trainings\/security-awareness\/","title":{"rendered":"Security Awareness"},"content":{"rendered":"\n<figure class=\"wp-block-image alignfull size-full is-style-corner-overlay\"><img loading=\"lazy\" decoding=\"async\" width=\"1920\" height=\"673\" src=\"https:\/\/www.infinigate.com\/de\/wp-content\/uploads\/sites\/25\/2024\/07\/HerstellerspezifischeTrainings_Header.jpg\" alt=\"Cybereason Trainings\" class=\"wp-image-9676\" srcset=\"https:\/\/www.infinigate.com\/de\/wp-content\/uploads\/sites\/25\/2024\/07\/HerstellerspezifischeTrainings_Header.jpg 1920w, https:\/\/www.infinigate.com\/de\/wp-content\/uploads\/sites\/25\/2024\/07\/HerstellerspezifischeTrainings_Header-300x105.jpg 300w, https:\/\/www.infinigate.com\/de\/wp-content\/uploads\/sites\/25\/2024\/07\/HerstellerspezifischeTrainings_Header-1024x359.jpg 1024w, https:\/\/www.infinigate.com\/de\/wp-content\/uploads\/sites\/25\/2024\/07\/HerstellerspezifischeTrainings_Header-768x269.jpg 768w, https:\/\/www.infinigate.com\/de\/wp-content\/uploads\/sites\/25\/2024\/07\/HerstellerspezifischeTrainings_Header-1536x538.jpg 1536w\" sizes=\"auto, (max-width: 1920px) 100vw, 1920px\" \/><\/figure>\n\n\n\n<div class=\"wp-block-columns is-layout-flex wp-container-core-columns-is-layout-9d6595d7 wp-block-columns-is-layout-flex\">\n<div class=\"wp-block-column is-layout-flow wp-block-column-is-layout-flow\" style=\"flex-basis:100%\">\n<h2 class=\"wp-block-heading is-style-border-left wp-block-heading\" id=\"h-unser-ansatz-lautet\">Unser Ansatz lautet<\/h2>\n\n\n\n<p>Bewusstsein f\u00fcr Informationssicherheit erzeugen, verbessern und messbar machen.<\/p>\n\n\n\n<p>Hierbei bieten wir neben einem Basic-Training, das sich an alle Mitarbeiter eines Unternehmens richtet, auch spezielle Trainings f\u00fcr das Management sowie IT-Personal an, f\u00fcr die jeweils komplett unterschiedliche Anforderungen bez\u00fcglich der IT-Security Awareness bestehen.<\/p>\n\n\n\n<p>Zu allen Trainings bieten wir auch Print-Materialien wie Plakate und Flyer zur Verteilung in den B\u00fcror\u00e4umen an, um f\u00fcr eine m\u00f6glichst hohe Nachhaltigkeit der Fortbildungsma\u00dfnahme zu sorgen. Auf Wunsch f\u00fchren wir auch weitere Ma\u00dfnahmen zur \u00dcberpr\u00fcfung des Erfolgs wie Phishing-Angriffe, USB-Stick Dropments, Social Engineering etc. durch; sprechen Sie uns gerne hierzu an.<\/p>\n\n\n\n<p>M\u00f6chten Sie gleich mehrere Mitarbeiter und Kollegen schulen? Mit unseren Private Classrooms bieten wir die M\u00f6glichkeit, ein privates Training durchzuf\u00fchren \u2013 wahlweise bei Ihnen vor Ort, in einem unserer Trainingscenter oder als Live Virtual Classroom. F\u00fcr dedizierte Anfragen nehmen Sie gerne Kontakt zu uns auf. <\/p>\n<\/div>\n<\/div>\n\n\n\n<h2 class=\"wp-block-heading is-style-border-left wp-block-heading\">Security Awareness Trainings\u00fcbersicht<\/h2>\n\n\n\n<p class=\"alignwide has-text-align-wide\">Weitere Details zu den Inhalten der Trainings sowie eine \u00dcbersicht \u00fcber die angebotenen Termine k\u00f6nnen Sie hier entnehmen.<\/p>\n\n\n    <section class=\"cards wp-block animate cards--columns-2 cards--type--default alignwide\">\n        <div class=\"cards__inner\">\n            \n            <div class=\"cards__items\">\n                \n                \n                <article class=\"g-card animate-element has-white-background-color has-background has-link g-card--type--custom\">\r\n        <div class=\"g-card__inner\">\r\n                \r\n\r\n                                        <div class=\"g-card__header\">\r\n                    \r\n\r\n                        <h2 class=\"g-card__heading\">    <a rel=\"noopener\" href=\"https:\/\/idconnect.infinigate.com\/academy\/de\/de\/?searchTerm=INF-TR-SEC-AWA1\" target=\"_blank\">\r\n                IT-Security Awareness Basic            <\/a>\r\n<\/h2>\r\n                    \r\n                                            <div class=\"g-card__content\">\r\n                            <div>In unserem kurzweiligen, halbt\u00e4gigen Training werden Gefahren und Risiken im Umgang mit Berechtigungen, Informationen und Zug\u00e4ngen aufgezeigt und das Bewusstsein zur sicheren Nutzung von IT-Komponenten geschaffen, erhalten und nachhaltig verbessert. Das Training richtet sich an alle Mitarbeiter aus dem Unternehmen; wir empfehlen, diese in Gruppen zu maximal zwanzig Teilnehmern zu schulen, um einen m\u00f6glichst nachhaltigen Effekt erzielen zu k\u00f6nnen.<\/div>\n<div><\/div>\n                        <\/div>\r\n                    \r\n                    \r\n                                    <\/div>\r\n            \r\n            \r\n            \r\n            \r\n\r\n\r\n\r\n            \r\n                <a rel=\"noopener\" href=\"https:\/\/idconnect.infinigate.com\/academy\/de\/de\/?searchTerm=INF-TR-SEC-AWA1\" target=\"_blank\" class=\"g-button--arrow g-card__read-more\">\r\n                Termine            <\/a>\r\n\r\n                <\/div>\r\n    \r\n    \r\n    <\/article>\r\n<article class=\"g-card animate-element has-white-background-color has-background has-link g-card--type--custom\">\r\n        <div class=\"g-card__inner\">\r\n                \r\n\r\n                                        <div class=\"g-card__header\">\r\n                    \r\n\r\n                        <h2 class=\"g-card__heading\">    <a rel=\"noopener\" href=\"https:\/\/idconnect.infinigate.com\/academy\/de\/de\/?searchTerm=INF-TR-SEC-AWAM\" target=\"_blank\">\r\n                IT-Security Awareness Management            <\/a>\r\n<\/h2>\r\n                    \r\n                                            <div class=\"g-card__content\">\r\n                            <p>Inhalte des Trainings sind\u00a0 Sicherheitskultur und Reifegrade \u2013 wo steht Ihr Unternehmen? Sicherheit ist F\u00fchrungsaufgabe \u2013 Verantwortung \u00fcbernehmen, unterst\u00fctzen, planen, delegieren, kontrollieren und steuern.<br \/>\nDer Weg ist das Ziel \u2013 Sicherheit ist kein Projekt, sondern ein Prozess \u2013 Nachhaltigkeit mit Kampagne. Wie Mitarbeiter zur Gefahr werden \u2013 Fahrl\u00e4ssigkeit und Vorsatz \u2013 Konflikte managen.<\/p>\n                        <\/div>\r\n                    \r\n                    \r\n                                    <\/div>\r\n            \r\n            \r\n            \r\n            \r\n\r\n\r\n\r\n            \r\n                <a rel=\"noopener\" href=\"https:\/\/idconnect.infinigate.com\/academy\/de\/de\/?searchTerm=INF-TR-SEC-AWAM\" target=\"_blank\" class=\"g-button--arrow g-card__read-more\">\r\n                Termine            <\/a>\r\n\r\n                <\/div>\r\n    \r\n    \r\n    <\/article>\r\n            <\/div>\n\n            \n                <\/section>\n\n\n\n\n    <section class=\"cards wp-block animate cards--columns-2 cards--type--default alignwide\">\n        <div class=\"cards__inner\">\n            \n            <div class=\"cards__items\">\n                \n                \n                <article class=\"g-card animate-element has-white-background-color has-background has-link g-card--type--custom\">\r\n        <div class=\"g-card__inner\">\r\n                \r\n\r\n                                        <div class=\"g-card__header\">\r\n                    \r\n\r\n                        <h2 class=\"g-card__heading\">    <a rel=\"noopener\" href=\"https:\/\/idconnect.infinigate.com\/academy\/de\/de\/?searchTerm=INF-TR-SEC-AWAT\" target=\"_blank\">\r\n                IT-Security Awareness Technik            <\/a>\r\n<\/h2>\r\n                    \r\n                                            <div class=\"g-card__content\">\r\n                            <div>Das Training beinhaltet die Punkte: Angriffe rechtzeitig erkennen und richtig reagieren. Miteinander reden \u2013 aber richtig. Menschliche Fehler in der IT-Abteilung. Wie Angreifer sich durch ein Unternehmen hacken. Erkennung, Eind\u00e4mmung, Abwehr. Die Meldekette. Know your assets \u2013 know your risks \u2013 plan your actions. Ein Notfall ohne Plan endet im Desaster. Inklusive digital Footprinting light zur individuellen Vorbereitung des Workshops.<\/div>\n<div><\/div>\n                        <\/div>\r\n                    \r\n                    \r\n                                    <\/div>\r\n            \r\n            \r\n            \r\n            \r\n\r\n\r\n\r\n            \r\n                <a rel=\"noopener\" href=\"https:\/\/idconnect.infinigate.com\/academy\/de\/de\/?searchTerm=INF-TR-SEC-AWAT\" target=\"_blank\" class=\"g-button--arrow g-card__read-more\">\r\n                Termine            <\/a>\r\n\r\n                <\/div>\r\n    \r\n    \r\n    <\/article>\r\n            <\/div>\n\n            \n                <\/section>\n\n\n\n\n\n<div class=\"wp-block-cover alignwide\"><span aria-hidden=\"true\" class=\"wp-block-cover__background has-blue-background-color has-background-dim-0 has-background-dim\"><\/span><img loading=\"lazy\" decoding=\"async\" width=\"1920\" height=\"1080\" class=\"wp-block-cover__image-background wp-image-4092\" alt=\"\" src=\"https:\/\/www.infinigate.com\/de\/wp-content\/uploads\/sites\/25\/2024\/03\/Digital_Textures_V2.jpg\" data-object-fit=\"cover\" srcset=\"https:\/\/www.infinigate.com\/de\/wp-content\/uploads\/sites\/25\/2024\/03\/Digital_Textures_V2.jpg 1920w, https:\/\/www.infinigate.com\/de\/wp-content\/uploads\/sites\/25\/2024\/03\/Digital_Textures_V2-300x169.jpg 300w, https:\/\/www.infinigate.com\/de\/wp-content\/uploads\/sites\/25\/2024\/03\/Digital_Textures_V2-1024x576.jpg 1024w, https:\/\/www.infinigate.com\/de\/wp-content\/uploads\/sites\/25\/2024\/03\/Digital_Textures_V2-768x432.jpg 768w, https:\/\/www.infinigate.com\/de\/wp-content\/uploads\/sites\/25\/2024\/03\/Digital_Textures_V2-1536x864.jpg 1536w\" sizes=\"auto, (max-width: 1920px) 100vw, 1920px\" \/><div class=\"wp-block-cover__inner-container is-layout-constrained wp-block-cover-is-layout-constrained\">\n<div class=\"wp-block-columns is-layout-flex wp-container-core-columns-is-layout-9d6595d7 wp-block-columns-is-layout-flex\" id=\"Kontakt\">\n<div class=\"wp-block-column is-layout-flow wp-block-column-is-layout-flow\" style=\"flex-basis:66.66%\">\n<h3 class=\"wp-block-heading has-text-align-left is-style-border-left has-white-color has-text-color has-link-color wp-elements-d487bc1b4571f39145b11c5a55357182\" id=\"h-kontakt-zum-akademie-team\">Kontakt zum Akademie Team<\/h3>\n\n\n\n<p>Sie haben Fragen? Unsere Akademie  ist gerne f\u00fcr Sie da.<\/p>\n<\/div>\n\n\n\n<div class=\"wp-block-column is-vertically-aligned-center is-layout-flow wp-block-column-is-layout-flow\" style=\"flex-basis:33.33%\">\n<p class=\"has-text-align-center has-white-color has-text-color has-link-color wp-elements-a9aef385b63460f9878208a1adbaa6bc\"><a href=\"mailto:akademie@infinigate.de\">akademie@infinigate.de<\/a><br><a href=\"tel:+498989048401\">+49 89 89048-401<\/a><\/p>\n\n\n\n<div class=\"wp-block-buttons is-content-justification-center is-layout-flex wp-container-core-buttons-is-layout-16018d1d wp-block-buttons-is-layout-flex\">\n<div class=\"wp-block-button\"><a class=\"wp-block-button__link wp-element-button\" href=\"mailto:akademie@infinigate.de\" target=\"_blank\" rel=\"noreferrer noopener\">Kontakt aufnehmen<\/a><\/div>\n<\/div>\n<\/div>\n<\/div>\n<\/div><\/div>\n","protected":false},"excerpt":{"rendered":"<p>Unser Ansatz lautet Bewusstsein f\u00fcr Informationssicherheit erzeugen, verbessern und messbar machen. Hierbei bieten wir neben einem Basic-Training, das sich an&hellip;<\/p>\n","protected":false},"author":47,"featured_media":0,"parent":9992,"menu_order":35,"comment_status":"closed","ping_status":"closed","template":"","meta":{"_acf_changed":false,"footnotes":""},"folder":[390],"class_list":["post-9897","page","type-page","status-publish","hentry"],"acf":[],"distributor_meta":false,"distributor_terms":false,"distributor_media":false,"distributor_original_site_name":"Infinigate | Deutschland","distributor_original_site_url":"https:\/\/www.infinigate.com\/de","push-errors":false,"_links":{"self":[{"href":"https:\/\/www.infinigate.com\/de\/wp-json\/wp\/v2\/pages\/9897","targetHints":{"allow":["GET"]}}],"collection":[{"href":"https:\/\/www.infinigate.com\/de\/wp-json\/wp\/v2\/pages"}],"about":[{"href":"https:\/\/www.infinigate.com\/de\/wp-json\/wp\/v2\/types\/page"}],"author":[{"embeddable":true,"href":"https:\/\/www.infinigate.com\/de\/wp-json\/wp\/v2\/users\/47"}],"replies":[{"embeddable":true,"href":"https:\/\/www.infinigate.com\/de\/wp-json\/wp\/v2\/comments?post=9897"}],"version-history":[{"count":0,"href":"https:\/\/www.infinigate.com\/de\/wp-json\/wp\/v2\/pages\/9897\/revisions"}],"up":[{"embeddable":true,"href":"https:\/\/www.infinigate.com\/de\/wp-json\/wp\/v2\/pages\/9992"}],"wp:attachment":[{"href":"https:\/\/www.infinigate.com\/de\/wp-json\/wp\/v2\/media?parent=9897"}],"wp:term":[{"taxonomy":"folder","embeddable":true,"href":"https:\/\/www.infinigate.com\/de\/wp-json\/wp\/v2\/folder?post=9897"}],"curies":[{"name":"wp","href":"https:\/\/api.w.org\/{rel}","templated":true}]}}