{"id":1523,"date":"2023-03-03T12:13:14","date_gmt":"2023-03-03T12:13:14","guid":{"rendered":"https:\/\/infinigate.wpengine.com\/?page_id=1523"},"modified":"2026-03-30T16:41:10","modified_gmt":"2026-03-30T14:41:10","slug":"medarbejdere","status":"publish","type":"page","link":"https:\/\/www.infinigate.com\/dk\/medarbejdere\/","title":{"rendered":"Medarbejdere"},"content":{"rendered":"\n<div class=\"wp-block-columns is-layout-flex wp-container-core-columns-is-layout-9d6595d7 wp-block-columns-is-layout-flex\">\n<div class=\"wp-block-column is-layout-flow wp-block-column-is-layout-flow\" style=\"flex-basis:66.66%\">\n<p class=\"is-style-large-body\">Vi har branchens bedste folk og det er vi stolte af! Vi arbejder ofte p\u00e5 tv\u00e6rs af landegr\u00e6nserne i norden omkring vores producenter og bruger hinandens kompetencer. Her ser du vores medarbejdere p\u00e5 det danske kontor.<\/p>\n<\/div>\n\n\n\n<div class=\"wp-block-column is-layout-flow wp-block-column-is-layout-flow\" style=\"flex-basis:33.33%\">\n<h3 class=\"wp-block-heading wp-block-heading\" id=\"h-kontakt-os\">Kontakt os<\/h3>\n\n\n\n<p><strong>Telefon\/kundeservice:<\/strong> <a href=\"tel:004570205656\">+<\/a><a href=\"tel:018655585\">45 70 20 56 56<\/a><br><strong>Support:<\/strong> <a href=\"mailto:support@infinigate.dk\">support@infinigate.dk&nbsp;<\/a>&nbsp;<br><strong>Sp\u00f8rgsm\u00e5l og priser:<\/strong> <a href=\"mailto:info@\u200einfinigate.dk\">info@\u200einfinigate.dk<\/a><br><strong>Bestillinger:<\/strong> <a href=\"mailto:salg\u200e@\u200einfinigate.dk\">salesorders-dk\u200e@\u200einfinigate.dk<\/a><\/p>\n\n\n\n<p><strong>CVR<\/strong>: DK-16986844<\/p>\n<\/div>\n<\/div>\n\n\n\n<div class=\"wp-block-columns is-layout-flex wp-container-core-columns-is-layout-9d6595d7 wp-block-columns-is-layout-flex\">\n<div class=\"wp-block-column is-layout-flow wp-block-column-is-layout-flow\">    <article class=\"team-member\">\r\n        <div class=\"team-member__inner\">\r\n            <div class=\"team-member__header\">\r\n                <h2 class=\"team-member__heading\">Thomas Hagelid<\/h2>\r\n                <div class=\"team-member__content\">\r\n                    <div class=\"team-member__job-title\">VP Nordics, Benelux <\/div>\r\n                                        <div class=\"team-member__email-address\"><a href=\"mailto:&#116;&#104;o&#109;as.&#104;ag&#101;l&#105;d&#064;&#105;&#110;fi&#110;&#105;&#103;a&#116;e&#046;no\">thomas.hagelid@infinigate.no<\/a><\/div>\r\n                                                            <div class=\"team-member__phone-number\"><a href=\"tel:+47 906 37000\">+47 906 37000<\/a><\/div>\r\n                                    <\/div>\r\n            <\/div>\r\n       <\/div>\r\n       <div class=\"team-member__image\">\r\n            <div class=\"team-member__image-inner\">\r\n                                    <img loading=\"lazy\" decoding=\"async\" width=\"400\" height=\"400\" src=\"https:\/\/www.infinigate.com\/dk\/wp-content\/uploads\/sites\/31\/2024\/10\/Thomas-Hagelid.jpg\" class=\"attachment-medium_large size-medium_large\" alt=\"\" srcset=\"https:\/\/www.infinigate.com\/dk\/wp-content\/uploads\/sites\/31\/2024\/10\/Thomas-Hagelid.jpg 400w, https:\/\/www.infinigate.com\/dk\/wp-content\/uploads\/sites\/31\/2024\/10\/Thomas-Hagelid-300x300.jpg 300w, https:\/\/www.infinigate.com\/dk\/wp-content\/uploads\/sites\/31\/2024\/10\/Thomas-Hagelid-150x150.jpg 150w\" sizes=\"auto, (max-width: 400px) 100vw, 400px\" \/>                            <\/div>\r\n        <\/div>\r\n    <\/article>\r\n<\/div>\n\n\n\n<div class=\"wp-block-column is-layout-flow wp-block-column-is-layout-flow\">    <article class=\"team-member\">\r\n        <div class=\"team-member__inner\">\r\n            <div class=\"team-member__header\">\r\n                <h2 class=\"team-member__heading\">Martin Therming<\/h2>\r\n                <div class=\"team-member__content\">\r\n                    <div class=\"team-member__job-title\">Country Sales Manager<\/div>\r\n                                        <div class=\"team-member__email-address\"><a href=\"mailto:&#109;artin.&#116;h&#101;r&#109;&#105;n&#103;&#064;&#105;&#110;&#102;&#105;&#110;ig&#097;&#116;&#101;&#046;&#100;k\">martin.therming@infinigate.dk<\/a><\/div>\r\n                                                            <div class=\"team-member__phone-number\"><a href=\"tel:+45 42 67 14 44\">+45 42 67 14 44<\/a><\/div>\r\n                                    <\/div>\r\n            <\/div>\r\n       <\/div>\r\n       <div class=\"team-member__image\">\r\n            <div class=\"team-member__image-inner\">\r\n                                    <img loading=\"lazy\" decoding=\"async\" width=\"600\" height=\"653\" src=\"https:\/\/www.infinigate.com\/dk\/wp-content\/uploads\/sites\/31\/2024\/07\/martin-therming.jpg\" class=\"attachment-medium_large size-medium_large\" alt=\"martin therming\" srcset=\"https:\/\/www.infinigate.com\/dk\/wp-content\/uploads\/sites\/31\/2024\/07\/martin-therming.jpg 600w, https:\/\/www.infinigate.com\/dk\/wp-content\/uploads\/sites\/31\/2024\/07\/martin-therming-276x300.jpg 276w\" sizes=\"auto, (max-width: 600px) 100vw, 600px\" \/>                            <\/div>\r\n        <\/div>\r\n    <\/article>\r\n<\/div>\n\n\n\n<div class=\"wp-block-column is-layout-flow wp-block-column-is-layout-flow\">    <article class=\"team-member\">\r\n        <div class=\"team-member__inner\">\r\n            <div class=\"team-member__header\">\r\n                <h2 class=\"team-member__heading\">Flemming Christensen<\/h2>\r\n                <div class=\"team-member__content\">\r\n                    <div class=\"team-member__job-title\">Key Account Manager<\/div>\r\n                                        <div class=\"team-member__email-address\"><a href=\"mailto:fle&#109;m&#105;n&#103;.&#099;&#104;r&#105;s&#116;&#101;n&#115;&#101;&#110;&#064;&#105;&#110;finiga&#116;e&#046;dk\">flemming.christensen@infinigate.dk<\/a><\/div>\r\n                                                            <div class=\"team-member__phone-number\"><a href=\"tel:+45 22 10 52 06\">+45 22 10 52 06<\/a><\/div>\r\n                                    <\/div>\r\n            <\/div>\r\n       <\/div>\r\n       <div class=\"team-member__image\">\r\n            <div class=\"team-member__image-inner\">\r\n                                    <img loading=\"lazy\" decoding=\"async\" width=\"600\" height=\"652\" src=\"https:\/\/www.infinigate.com\/dk\/wp-content\/uploads\/sites\/31\/2024\/07\/Flemming-Christensen.jpg\" class=\"attachment-medium_large size-medium_large\" alt=\"Flemming Christensen\" srcset=\"https:\/\/www.infinigate.com\/dk\/wp-content\/uploads\/sites\/31\/2024\/07\/Flemming-Christensen.jpg 600w, https:\/\/www.infinigate.com\/dk\/wp-content\/uploads\/sites\/31\/2024\/07\/Flemming-Christensen-276x300.jpg 276w\" sizes=\"auto, (max-width: 600px) 100vw, 600px\" \/>                            <\/div>\r\n        <\/div>\r\n    <\/article>\r\n<\/div>\n<\/div>\n\n\n\n<div class=\"wp-block-columns is-layout-flex wp-container-core-columns-is-layout-9d6595d7 wp-block-columns-is-layout-flex\">\n<div class=\"wp-block-column is-layout-flow wp-block-column-is-layout-flow\">    <article class=\"team-member\">\r\n        <div class=\"team-member__inner\">\r\n            <div class=\"team-member__header\">\r\n                <h2 class=\"team-member__heading\">Steen Smidt<\/h2>\r\n                <div class=\"team-member__content\">\r\n                    <div class=\"team-member__job-title\">Business Development Manager<\/div>\r\n                                        <div class=\"team-member__email-address\"><a href=\"mailto:s&#116;een&#046;&#115;&#109;i&#100;t&#064;&#105;n&#102;&#105;&#110;&#105;&#103;&#097;te.&#100;&#107;\">steen.smidt@infinigate.dk<\/a><\/div>\r\n                                                            <div class=\"team-member__phone-number\"><a href=\"tel:+45 20 74 05 96\">+45 20 74 05 96<\/a><\/div>\r\n                                    <\/div>\r\n            <\/div>\r\n       <\/div>\r\n       <div class=\"team-member__image\">\r\n            <div class=\"team-member__image-inner\">\r\n                                    <img loading=\"lazy\" decoding=\"async\" width=\"600\" height=\"600\" src=\"https:\/\/www.infinigate.com\/dk\/wp-content\/uploads\/sites\/31\/2024\/07\/Steen-Smidt.jpg\" class=\"attachment-medium_large size-medium_large\" alt=\"Steen Smidt\" srcset=\"https:\/\/www.infinigate.com\/dk\/wp-content\/uploads\/sites\/31\/2024\/07\/Steen-Smidt.jpg 600w, https:\/\/www.infinigate.com\/dk\/wp-content\/uploads\/sites\/31\/2024\/07\/Steen-Smidt-300x300.jpg 300w, https:\/\/www.infinigate.com\/dk\/wp-content\/uploads\/sites\/31\/2024\/07\/Steen-Smidt-150x150.jpg 150w\" sizes=\"auto, (max-width: 600px) 100vw, 600px\" \/>                            <\/div>\r\n        <\/div>\r\n    <\/article>\r\n<\/div>\n\n\n\n<div class=\"wp-block-column is-layout-flow wp-block-column-is-layout-flow\">    <article class=\"team-member\">\r\n        <div class=\"team-member__inner\">\r\n            <div class=\"team-member__header\">\r\n                <h2 class=\"team-member__heading\">Trine Cortz<\/h2>\r\n                <div class=\"team-member__content\">\r\n                    <div class=\"team-member__job-title\">Business Development Manager<\/div>\r\n                                        <div class=\"team-member__email-address\"><a href=\"mailto:tr&#105;&#110;e&#046;&#099;&#111;rtz&#064;&#105;nf&#105;&#110;ig&#097;&#116;e.d&#107;\">trine.cortz@infinigate.dk<\/a><\/div>\r\n                                                            <div class=\"team-member__phone-number\"><a href=\"tel:+45 41 78 65 15\">+45 41 78 65 15<\/a><\/div>\r\n                                    <\/div>\r\n            <\/div>\r\n       <\/div>\r\n       <div class=\"team-member__image\">\r\n            <div class=\"team-member__image-inner\">\r\n                                    <img loading=\"lazy\" decoding=\"async\" width=\"600\" height=\"600\" src=\"https:\/\/www.infinigate.com\/dk\/wp-content\/uploads\/sites\/31\/2024\/07\/Trine-Cortz.jpg\" class=\"attachment-medium_large size-medium_large\" alt=\"Trine Cortz\" srcset=\"https:\/\/www.infinigate.com\/dk\/wp-content\/uploads\/sites\/31\/2024\/07\/Trine-Cortz.jpg 600w, https:\/\/www.infinigate.com\/dk\/wp-content\/uploads\/sites\/31\/2024\/07\/Trine-Cortz-300x300.jpg 300w, https:\/\/www.infinigate.com\/dk\/wp-content\/uploads\/sites\/31\/2024\/07\/Trine-Cortz-150x150.jpg 150w\" sizes=\"auto, (max-width: 600px) 100vw, 600px\" \/>                            <\/div>\r\n        <\/div>\r\n    <\/article>\r\n\n\n\n<p><\/p>\n\n\n\n<p><\/p>\n<\/div>\n\n\n\n<div class=\"wp-block-column is-layout-flow wp-block-column-is-layout-flow\">    <article class=\"team-member\">\r\n        <div class=\"team-member__inner\">\r\n            <div class=\"team-member__header\">\r\n                <h2 class=\"team-member__heading\">Christian Finsteen Gj\u00f8dvad<\/h2>\r\n                <div class=\"team-member__content\">\r\n                    <div class=\"team-member__job-title\">Business Development Manager<\/div>\r\n                                        <div class=\"team-member__email-address\"><a href=\"mailto:ch&#114;i&#115;&#116;i&#097;n.&#103;&#106;&#111;dvad&#064;In&#102;&#105;n&#105;&#103;a&#116;&#101;.dk\">christian.gjodvad@Infinigate.dk<\/a><\/div>\r\n                                                            <div class=\"team-member__phone-number\"><a href=\"tel:+45 23 38 88 52\">+45 23 38 88 52<\/a><\/div>\r\n                                    <\/div>\r\n            <\/div>\r\n       <\/div>\r\n       <div class=\"team-member__image\">\r\n            <div class=\"team-member__image-inner\">\r\n                                    <img loading=\"lazy\" decoding=\"async\" width=\"768\" height=\"576\" src=\"https:\/\/www.infinigate.com\/dk\/wp-content\/uploads\/sites\/31\/2024\/08\/new-team-1-scaled-768x576.jpg?ver=1759494202\" class=\"attachment-medium_large size-medium_large\" alt=\"Denmark team\" srcset=\"https:\/\/www.infinigate.com\/dk\/wp-content\/uploads\/sites\/31\/2024\/08\/new-team-1-scaled-768x576.jpg 768w, https:\/\/www.infinigate.com\/dk\/wp-content\/uploads\/sites\/31\/2024\/08\/new-team-1-scaled-300x225.jpg 300w, https:\/\/www.infinigate.com\/dk\/wp-content\/uploads\/sites\/31\/2024\/08\/new-team-1-scaled-1024x768.jpg 1024w, https:\/\/www.infinigate.com\/dk\/wp-content\/uploads\/sites\/31\/2024\/08\/new-team-1-scaled-1536x1152.jpg 1536w, https:\/\/www.infinigate.com\/dk\/wp-content\/uploads\/sites\/31\/2024\/08\/new-team-1-scaled-2048x1536.jpg 2048w\" sizes=\"auto, (max-width: 768px) 100vw, 768px\" \/>                            <\/div>\r\n        <\/div>\r\n    <\/article>\r\n<\/div>\n<\/div>\n\n\n\n<div class=\"wp-block-columns is-layout-flex wp-container-core-columns-is-layout-9d6595d7 wp-block-columns-is-layout-flex\">\n<div class=\"wp-block-column is-layout-flow wp-block-column-is-layout-flow\">    <article class=\"team-member\">\r\n        <div class=\"team-member__inner\">\r\n            <div class=\"team-member__header\">\r\n                <h2 class=\"team-member__heading\">Jesper Bach <\/h2>\r\n                <div class=\"team-member__content\">\r\n                    <div class=\"team-member__job-title\">Security Systems Engineer<\/div>\r\n                                        <div class=\"team-member__email-address\"><a href=\"mailto:&#106;&#101;sp&#101;&#114;&#046;bach&#064;&#105;nfin&#105;&#103;a&#116;e&#046;d&#107;\">jesper.bach@infinigate.dk<\/a><\/div>\r\n                                                            <div class=\"team-member__phone-number\"><a href=\"tel:+45 21 14 07 70 \">+45 21 14 07 70 <\/a><\/div>\r\n                                    <\/div>\r\n            <\/div>\r\n       <\/div>\r\n       <div class=\"team-member__image\">\r\n            <div class=\"team-member__image-inner\">\r\n                                    <img loading=\"lazy\" decoding=\"async\" width=\"600\" height=\"652\" src=\"https:\/\/www.infinigate.com\/dk\/wp-content\/uploads\/sites\/31\/2024\/07\/Jesper-Bach.jpg\" class=\"attachment-medium_large size-medium_large\" alt=\"Jesper Bach\" srcset=\"https:\/\/www.infinigate.com\/dk\/wp-content\/uploads\/sites\/31\/2024\/07\/Jesper-Bach.jpg 600w, https:\/\/www.infinigate.com\/dk\/wp-content\/uploads\/sites\/31\/2024\/07\/Jesper-Bach-276x300.jpg 276w\" sizes=\"auto, (max-width: 600px) 100vw, 600px\" \/>                            <\/div>\r\n        <\/div>\r\n    <\/article>\r\n<\/div>\n\n\n\n<div class=\"wp-block-column is-layout-flow wp-block-column-is-layout-flow\">    <article class=\"team-member\">\r\n        <div class=\"team-member__inner\">\r\n            <div class=\"team-member__header\">\r\n                <h2 class=\"team-member__heading\">Peter Bergstr\u00f8m  <\/h2>\r\n                <div class=\"team-member__content\">\r\n                    <div class=\"team-member__job-title\">Sales Specialist<\/div>\r\n                                        <div class=\"team-member__email-address\"><a href=\"mailto:&#112;et&#101;r.&#098;&#101;&#114;g&#115;troe&#109;&#064;&#105;&#110;f&#105;ni&#103;&#097;&#116;e&#046;dk\">peter.bergstroem@infinigate.dk<\/a><\/div>\r\n                                                            <div class=\"team-member__phone-number\"><a href=\"tel:+45 20 62 74 21\">+45 20 62 74 21<\/a><\/div>\r\n                                    <\/div>\r\n            <\/div>\r\n       <\/div>\r\n       <div class=\"team-member__image\">\r\n            <div class=\"team-member__image-inner\">\r\n                                    <img loading=\"lazy\" decoding=\"async\" width=\"361\" height=\"425\" src=\"https:\/\/www.infinigate.com\/dk\/wp-content\/uploads\/sites\/31\/2025\/10\/Peter-Bergstrom.jpg\" class=\"attachment-medium_large size-medium_large\" alt=\"Peter Bergstrom\" srcset=\"https:\/\/www.infinigate.com\/dk\/wp-content\/uploads\/sites\/31\/2025\/10\/Peter-Bergstrom.jpg 361w, https:\/\/www.infinigate.com\/dk\/wp-content\/uploads\/sites\/31\/2025\/10\/Peter-Bergstrom-255x300.jpg 255w\" sizes=\"auto, (max-width: 361px) 100vw, 361px\" \/>                            <\/div>\r\n        <\/div>\r\n    <\/article>\r\n<\/div>\n\n\n\n<div class=\"wp-block-column is-layout-flow wp-block-column-is-layout-flow\">    <article class=\"team-member\">\r\n        <div class=\"team-member__inner\">\r\n            <div class=\"team-member__header\">\r\n                <h2 class=\"team-member__heading\">Christine Nielsen<\/h2>\r\n                <div class=\"team-member__content\">\r\n                    <div class=\"team-member__job-title\">Marketing Manager<\/div>\r\n                                        <div class=\"team-member__email-address\"><a href=\"mailto:c&#104;&#114;i&#115;ti&#110;&#101;&#046;ni&#101;l&#115;en&#064;&#105;nf&#105;&#110;ig&#097;t&#101;&#046;d&#107;\">christine.nielsen@infinigate.dk<\/a><\/div>\r\n                                                            <div class=\"team-member__phone-number\"><a href=\"tel:+45 61 10 82 67\">+45 61 10 82 67<\/a><\/div>\r\n                                    <\/div>\r\n            <\/div>\r\n       <\/div>\r\n       <div class=\"team-member__image\">\r\n            <div class=\"team-member__image-inner\">\r\n                                    <img loading=\"lazy\" decoding=\"async\" width=\"369\" height=\"369\" src=\"https:\/\/www.infinigate.com\/dk\/wp-content\/uploads\/sites\/31\/2026\/03\/Christine.jpg\" class=\"attachment-medium_large size-medium_large\" alt=\"\" srcset=\"https:\/\/www.infinigate.com\/dk\/wp-content\/uploads\/sites\/31\/2026\/03\/Christine.jpg 369w, https:\/\/www.infinigate.com\/dk\/wp-content\/uploads\/sites\/31\/2026\/03\/Christine-300x300.jpg 300w, https:\/\/www.infinigate.com\/dk\/wp-content\/uploads\/sites\/31\/2026\/03\/Christine-150x150.jpg 150w\" sizes=\"auto, (max-width: 369px) 100vw, 369px\" \/>                            <\/div>\r\n        <\/div>\r\n    <\/article>\r\n<\/div>\n<\/div>\n\n\n\n<div class=\"wp-block-columns is-layout-flex wp-container-core-columns-is-layout-9d6595d7 wp-block-columns-is-layout-flex\">\n<div class=\"wp-block-column is-layout-flow wp-block-column-is-layout-flow\">    <article class=\"team-member\">\r\n        <div class=\"team-member__inner\">\r\n            <div class=\"team-member__header\">\r\n                <h2 class=\"team-member__heading\">Malin Kjellsdotter Johansson<\/h2>\r\n                <div class=\"team-member__content\">\r\n                    <div class=\"team-member__job-title\">Inside Sales\/Marketing<\/div>\r\n                                        <div class=\"team-member__email-address\"><a href=\"mailto:m&#097;l&#105;&#110;&#046;&#107;j&#101;l&#108;s&#100;&#111;tte&#114;&#064;&#105;&#110;f&#105;nig&#097;&#116;&#101;&#046;&#100;k\">malin.kjellsdotter@infinigate.dk<\/a><\/div>\r\n                                                            <div class=\"team-member__phone-number\"><a href=\"tel:+45 41 20 90 09\">+45 41 20 90 09<\/a><\/div>\r\n                                    <\/div>\r\n            <\/div>\r\n       <\/div>\r\n       <div class=\"team-member__image\">\r\n            <div class=\"team-member__image-inner\">\r\n                                    <img loading=\"lazy\" decoding=\"async\" width=\"400\" height=\"400\" src=\"https:\/\/www.infinigate.com\/dk\/wp-content\/uploads\/sites\/31\/2024\/07\/Malin-Kjellsdotter-Johansson.jpg\" class=\"attachment-medium_large size-medium_large\" alt=\"Malin Kjellsdotter Johansson\" srcset=\"https:\/\/www.infinigate.com\/dk\/wp-content\/uploads\/sites\/31\/2024\/07\/Malin-Kjellsdotter-Johansson.jpg 400w, https:\/\/www.infinigate.com\/dk\/wp-content\/uploads\/sites\/31\/2024\/07\/Malin-Kjellsdotter-Johansson-300x300.jpg 300w, https:\/\/www.infinigate.com\/dk\/wp-content\/uploads\/sites\/31\/2024\/07\/Malin-Kjellsdotter-Johansson-150x150.jpg 150w\" sizes=\"auto, (max-width: 400px) 100vw, 400px\" \/>                            <\/div>\r\n        <\/div>\r\n    <\/article>\r\n<\/div>\n\n\n\n<div class=\"wp-block-column is-layout-flow wp-block-column-is-layout-flow\">    <article class=\"team-member\">\r\n        <div class=\"team-member__inner\">\r\n            <div class=\"team-member__header\">\r\n                <h2 class=\"team-member__heading\">Marie Johansen<\/h2>\r\n                <div class=\"team-member__content\">\r\n                    <div class=\"team-member__job-title\">Order Admin<\/div>\r\n                                        <div class=\"team-member__email-address\"><a href=\"mailto:m&#097;&#114;&#105;e&#046;&#106;o&#104;&#097;&#110;s&#101;n&#064;i&#110;fin&#105;&#103;ate&#046;d&#107;\">marie.johansen@infinigate.dk<\/a><\/div>\r\n                                                            <div class=\"team-member__phone-number\"><a href=\"tel:+45 21 14 01 60\">+45 21 14 01 60<\/a><\/div>\r\n                                    <\/div>\r\n            <\/div>\r\n       <\/div>\r\n       <div class=\"team-member__image\">\r\n            <div class=\"team-member__image-inner\">\r\n                                    <img loading=\"lazy\" decoding=\"async\" width=\"600\" height=\"600\" src=\"https:\/\/www.infinigate.com\/dk\/wp-content\/uploads\/sites\/31\/2024\/07\/Marie-Johansen.jpg\" class=\"attachment-medium_large size-medium_large\" alt=\"Marie Johansen\" srcset=\"https:\/\/www.infinigate.com\/dk\/wp-content\/uploads\/sites\/31\/2024\/07\/Marie-Johansen.jpg 600w, https:\/\/www.infinigate.com\/dk\/wp-content\/uploads\/sites\/31\/2024\/07\/Marie-Johansen-300x300.jpg 300w, https:\/\/www.infinigate.com\/dk\/wp-content\/uploads\/sites\/31\/2024\/07\/Marie-Johansen-150x150.jpg 150w\" sizes=\"auto, (max-width: 600px) 100vw, 600px\" \/>                            <\/div>\r\n        <\/div>\r\n    <\/article>\r\n<\/div>\n\n\n\n<div class=\"wp-block-column is-layout-flow wp-block-column-is-layout-flow\"><\/div>\n<\/div>\n","protected":false},"excerpt":{"rendered":"<p>Vi har branchens bedste folk og det er vi stolte af! Vi arbejder ofte p\u00e5 tv\u00e6rs af landegr\u00e6nserne i norden&hellip;<\/p>\n","protected":false},"author":13,"featured_media":4523,"parent":0,"menu_order":71,"comment_status":"closed","ping_status":"closed","template":"","meta":{"_acf_changed":false,"footnotes":""},"folder":[],"class_list":["post-1523","page","type-page","status-publish","has-post-thumbnail","hentry"],"acf":[],"distributor_meta":false,"distributor_terms":false,"distributor_media":false,"distributor_original_site_name":"Infinigate | Denmark","distributor_original_site_url":"https:\/\/www.infinigate.com\/dk","push-errors":false,"_links":{"self":[{"href":"https:\/\/www.infinigate.com\/dk\/wp-json\/wp\/v2\/pages\/1523","targetHints":{"allow":["GET"]}}],"collection":[{"href":"https:\/\/www.infinigate.com\/dk\/wp-json\/wp\/v2\/pages"}],"about":[{"href":"https:\/\/www.infinigate.com\/dk\/wp-json\/wp\/v2\/types\/page"}],"author":[{"embeddable":true,"href":"https:\/\/www.infinigate.com\/dk\/wp-json\/wp\/v2\/users\/13"}],"replies":[{"embeddable":true,"href":"https:\/\/www.infinigate.com\/dk\/wp-json\/wp\/v2\/comments?post=1523"}],"version-history":[{"count":2,"href":"https:\/\/www.infinigate.com\/dk\/wp-json\/wp\/v2\/pages\/1523\/revisions"}],"predecessor-version":[{"id":8995,"href":"https:\/\/www.infinigate.com\/dk\/wp-json\/wp\/v2\/pages\/1523\/revisions\/8995"}],"wp:featuredmedia":[{"embeddable":true,"href":"https:\/\/www.infinigate.com\/dk\/wp-json\/wp\/v2\/media\/4523"}],"wp:attachment":[{"href":"https:\/\/www.infinigate.com\/dk\/wp-json\/wp\/v2\/media?parent=1523"}],"wp:term":[{"taxonomy":"folder","embeddable":true,"href":"https:\/\/www.infinigate.com\/dk\/wp-json\/wp\/v2\/folder?post=1523"}],"curies":[{"name":"wp","href":"https:\/\/api.w.org\/{rel}","templated":true}]}}