{"id":1727,"date":"2023-03-10T12:00:53","date_gmt":"2023-03-10T12:00:53","guid":{"rendered":"https:\/\/infinigate.wpengine.com\/?page_id=1727"},"modified":"2024-09-16T18:47:03","modified_gmt":"2024-09-16T16:47:03","slug":"partnerudvikling","status":"publish","type":"page","link":"https:\/\/www.infinigate.com\/dk\/services\/partnerudvikling\/","title":{"rendered":"Partnerudvikling"},"content":{"rendered":"\n<figure class=\"wp-block-image alignfull size-full is-style-corner-overlay\"><img loading=\"lazy\" decoding=\"async\" width=\"1440\" height=\"510\" src=\"https:\/\/www.infinigate.com\/dk\/wp-content\/uploads\/sites\/31\/2023\/04\/Partner-Enablement-services-1.jpg\" alt=\"Partner Enablement services\" class=\"wp-image-3070\" srcset=\"https:\/\/www.infinigate.com\/dk\/wp-content\/uploads\/sites\/31\/2023\/04\/Partner-Enablement-services-1.jpg 1440w, https:\/\/www.infinigate.com\/dk\/wp-content\/uploads\/sites\/31\/2023\/04\/Partner-Enablement-services-1-300x106.jpg 300w, https:\/\/www.infinigate.com\/dk\/wp-content\/uploads\/sites\/31\/2023\/04\/Partner-Enablement-services-1-1024x363.jpg 1024w, https:\/\/www.infinigate.com\/dk\/wp-content\/uploads\/sites\/31\/2023\/04\/Partner-Enablement-services-1-768x272.jpg 768w\" sizes=\"auto, (max-width: 1440px) 100vw, 1440px\" \/><\/figure>\n\n\n\n<div class=\"wp-block-columns is-layout-flex wp-container-core-columns-is-layout-9d6595d7 wp-block-columns-is-layout-flex\">\n<div class=\"wp-block-column is-layout-flow wp-block-column-is-layout-flow\">\n<h2 class=\"wp-block-heading wp-block-heading\" id=\"h-webinarer\">Webinarer<\/h2>\n\n\n\n<p>Er du ny til it-sikkerhed eller er der brands, du ikke kender til? S\u00e5 lad os s\u00e6tte et webinar op, hvor vi kan pr\u00e6sentere nye produkter, teknologier og ideer for dig. Vi kan koble vores producenter p\u00e5, hvis det er n\u00f8dvendigt, og vi laver ogs\u00e5 gerne pr\u00e6sentationen sammen med dig for eventuelt interesserede kunder. Lad os h\u00f8re hvad du har brug for, og s\u00e5 skr\u00e6ddersyr vi et webinar til dig.<\/p>\n<\/div>\n\n\n\n<div class=\"wp-block-column is-layout-flow wp-block-column-is-layout-flow\">\n<h2 class=\"wp-block-heading wp-block-heading\" id=\"h-business-development\">Business Development<\/h2>\n\n\n\n<p>Vores erfarne medarbejdere vil gerne hj\u00e6lpe dig med at tilf\u00f8je nye produkter til din portef\u00f8lje og udvide nye forretningsomr\u00e5der. Sammen med dig udarbejder vi de n\u00f8dvendige planer for akkreditering hos producenten og hj\u00e6lper dig med din forretningsplan.<\/p>\n<\/div>\n<\/div>\n\n\n<section class=\"media-content wp-block media-content--left media-content--media-type--image has-gray-25-background-color has-background alignfull\">\r\n    <div class=\"media-content__inner\">\r\n        <div class=\"media-content__content\">\r\n            \r\n            \r\n            <h2>Pr\u00e6sentation<\/h2>\n<p>N\u00e5r en kunde er interesseret i en af vores l\u00f8sninger bist\u00e5r vi med at svare p\u00e5 sp\u00f8rgsm\u00e5l og hj\u00e6lper dig med at inspirere dine kunder &#8211; fysisk eller online.<\/p>\n<h2>Messer og Events<\/h2>\n<p>Vi hj\u00e6lper gerne til p\u00e5 messer og events &#8211; b\u00e5de jeres egne og tredjeparts. Vi kan stille som ekstra mandskab og optr\u00e6de neutralt som medarbejdere i din virksomhed eller som tekniske eksperter p\u00e5 vegne af en producent, hvilket skaber tillid hos dine kunder og understreger jeres virksomheds kompetencer.<\/p>\n<h2>Indblik i ny teknologi<\/h2>\n<p>Markedet \u00e6ndrer sig konstant og i h\u00f8j hastighed. Vi l\u00e6gger stor v\u00e6gt p\u00e5 overblik og introduktion af nye teknologier og producenter, s\u00e5 vores forhandlere altid kan v\u00e6re et skridt foran konkurrenterne uden store omkostninger.<\/p>\n\r\n                    <\/div>\r\n\r\n                    <div class=\"media-content__media\">\r\n                <img loading=\"lazy\" decoding=\"async\" width=\"900\" height=\"582\" src=\"https:\/\/www.infinigate.com\/dk\/wp-content\/uploads\/sites\/31\/2023\/04\/Partner-Enablement-services-2.jpg\" class=\"attachment-super size-super\" alt=\"Partner Enablement services\" sizes=\"auto, (max-width: 768px) 100vw, 50vw\" srcset=\"https:\/\/www.infinigate.com\/dk\/wp-content\/uploads\/sites\/31\/2023\/04\/Partner-Enablement-services-2.jpg 900w, https:\/\/www.infinigate.com\/dk\/wp-content\/uploads\/sites\/31\/2023\/04\/Partner-Enablement-services-2-300x194.jpg 300w, https:\/\/www.infinigate.com\/dk\/wp-content\/uploads\/sites\/31\/2023\/04\/Partner-Enablement-services-2-768x497.jpg 768w\" \/>            <\/div>\r\n            <\/div>\r\n<\/section>\r\n\n\n    <section class=\"links wp-block animate alignwide\">\r\n        <div class=\"links__inner\">\r\n                                <h2 class=\"links__heading has--heading-border\"><p>Our other partner services<\/p>\n<\/h2>\r\n            \r\n            \r\n            <div class=\"links__items\">\r\n                                                            <div class=\"links__item\">\r\n                                <a  href=\"https:\/\/www.infinigate.com\/dk\/services\/tekniske-kurser\/\" target=\"\">\r\n                Kurser            <\/a>\r\n                        <\/div>\r\n                                                                                <div class=\"links__item\">\r\n                                <a  href=\"https:\/\/www.infinigate.com\/dk\/services\/distributionstjeneste\/\" target=\"\">\r\n                Distributionstjeneste             <\/a>\r\n                        <\/div>\r\n                                                                                <div class=\"links__item\">\r\n                                <a  href=\"https:\/\/www.infinigate.com\/dk\/services\/markedsfoering\/\" target=\"\">\r\n                Marketing            <\/a>\r\n                        <\/div>\r\n                                                                                <div class=\"links__item\">\r\n                                <a  href=\"https:\/\/www.infinigate.com\/dk\/services\/professionelle-services\/\" target=\"\">\r\n                Professionelle services             <\/a>\r\n                        <\/div>\r\n                                                                                <div class=\"links__item\">\r\n                                <a  href=\"https:\/\/www.infinigate.com\/dk\/services\/salgsservices\/\" target=\"\">\r\n                Salgsservices             <\/a>\r\n                        <\/div>\r\n                                                                                <div class=\"links__item\">\r\n                                <a  href=\"https:\/\/www.infinigate.com\/dk\/services\/teknisk-support\/\" target=\"\">\r\n                Partnerudvikling             <\/a>\r\n                        <\/div>\r\n                                                <\/div>\r\n        <\/div>\r\n    <\/section>\r\n\n\n<section class=\"cta-banner wp-block alignfull\">\r\n    <div class=\"cta-banner__inner\">\r\n        <div class=\"cta-banner__content\">\r\n\r\n                                <h2 class=\"cta-banner__heading\"><p>Har du sp\u00f8rgsm\u00e5l?<\/p>\n<\/h2>\r\n            \r\n                            <div class=\"cta-banner__subheading\">\r\n                    <p>Vi sidder klar til at hj\u00e6lpe dig med sp\u00f8rgsm\u00e5l omkring kurser, certificeringer og uddannelser. Tag fat i os for mere info.<\/p>\n                <\/div>\r\n                    <\/div>\r\n\r\n                    <div class=\"cta-banner__button\">\r\n                    <a  href=\"https:\/\/www.infinigate.com\/dk\/kontakt\/\" target=\"\" class=\"g-button g-button--arrow\">\r\n                Kontakt os            <\/a>\r\n            <\/div>\r\n            <\/div>\r\n\r\n    \r\n\r\n<\/section>\r\n","protected":false},"excerpt":{"rendered":"<p>Webinarer Er du ny til it-sikkerhed eller er der brands, du ikke kender til? S\u00e5 lad os s\u00e6tte et webinar&hellip;<\/p>\n","protected":false},"author":13,"featured_media":5821,"parent":851,"menu_order":47,"comment_status":"closed","ping_status":"closed","template":"","meta":{"_acf_changed":false,"footnotes":""},"folder":[],"class_list":["post-1727","page","type-page","status-publish","has-post-thumbnail","hentry"],"acf":[],"distributor_meta":false,"distributor_terms":false,"distributor_media":false,"distributor_original_site_name":"Infinigate | Denmark","distributor_original_site_url":"https:\/\/www.infinigate.com\/dk","push-errors":false,"_links":{"self":[{"href":"https:\/\/www.infinigate.com\/dk\/wp-json\/wp\/v2\/pages\/1727","targetHints":{"allow":["GET"]}}],"collection":[{"href":"https:\/\/www.infinigate.com\/dk\/wp-json\/wp\/v2\/pages"}],"about":[{"href":"https:\/\/www.infinigate.com\/dk\/wp-json\/wp\/v2\/types\/page"}],"author":[{"embeddable":true,"href":"https:\/\/www.infinigate.com\/dk\/wp-json\/wp\/v2\/users\/13"}],"replies":[{"embeddable":true,"href":"https:\/\/www.infinigate.com\/dk\/wp-json\/wp\/v2\/comments?post=1727"}],"version-history":[{"count":0,"href":"https:\/\/www.infinigate.com\/dk\/wp-json\/wp\/v2\/pages\/1727\/revisions"}],"up":[{"embeddable":true,"href":"https:\/\/www.infinigate.com\/dk\/wp-json\/wp\/v2\/pages\/851"}],"wp:featuredmedia":[{"embeddable":true,"href":"https:\/\/www.infinigate.com\/dk\/wp-json\/wp\/v2\/media\/5821"}],"wp:attachment":[{"href":"https:\/\/www.infinigate.com\/dk\/wp-json\/wp\/v2\/media?parent=1727"}],"wp:term":[{"taxonomy":"folder","embeddable":true,"href":"https:\/\/www.infinigate.com\/dk\/wp-json\/wp\/v2\/folder?post=1727"}],"curies":[{"name":"wp","href":"https:\/\/api.w.org\/{rel}","templated":true}]}}