{"id":1729,"date":"2023-03-10T12:01:27","date_gmt":"2023-03-10T12:01:27","guid":{"rendered":"https:\/\/infinigate.wpengine.com\/?page_id=1729"},"modified":"2024-09-16T18:50:03","modified_gmt":"2024-09-16T16:50:03","slug":"teknisk-support","status":"publish","type":"page","link":"https:\/\/www.infinigate.com\/dk\/services\/teknisk-support\/","title":{"rendered":"Teknisk support"},"content":{"rendered":"<section class=\"media-content wp-block media-content--left media-content--media-type--image has-gray-25-background-color has-background alignfull\">\r\n    <div class=\"media-content__inner\">\r\n        <div class=\"media-content__content\">\r\n            \r\n            \r\n            <p>Efter levering er det vigtigt at give dine kunder den bedst mulige support, og vores tekniske team har mange \u00e5rs erfaring inden for it-sikkerhed og postsales-support.<\/p>\n<h2>Partnersupport<\/h2>\n<p>Afh\u00e6ngigt af serviceniveauet hos den respektive producent og eventuelt indg\u00e5ede supportkontrakter er uddannede og certificerede produktspecialister tilg\u00e6ngelige som en del af vores nordiske partnersupport for at tage sig af en hurtig l\u00f8sning p\u00e5 dine supportsager.<\/p>\n\r\n                            <div class=\"flex-list\">\r\n                        <a rel=\"noopener\" href=\"mailto:sakerhet@infinigate.se\" target=\"_blank\" class=\"g-button\">\r\n                Kontakta oss            <\/a>\r\n                <\/div>\r\n                    <\/div>\r\n\r\n                    <div class=\"media-content__media\">\r\n                <img loading=\"lazy\" decoding=\"async\" width=\"1200\" height=\"719\" src=\"https:\/\/www.infinigate.com\/dk\/wp-content\/uploads\/sites\/31\/2024\/07\/services_partnerenablement.jpg\" class=\"attachment-super size-super\" alt=\"services partner enablement\" sizes=\"auto, (max-width: 768px) 100vw, 50vw\" srcset=\"https:\/\/www.infinigate.com\/dk\/wp-content\/uploads\/sites\/31\/2024\/07\/services_partnerenablement.jpg 1200w, https:\/\/www.infinigate.com\/dk\/wp-content\/uploads\/sites\/31\/2024\/07\/services_partnerenablement-300x180.jpg 300w, https:\/\/www.infinigate.com\/dk\/wp-content\/uploads\/sites\/31\/2024\/07\/services_partnerenablement-1024x614.jpg 1024w, https:\/\/www.infinigate.com\/dk\/wp-content\/uploads\/sites\/31\/2024\/07\/services_partnerenablement-768x460.jpg 768w\" \/>            <\/div>\r\n            <\/div>\r\n<\/section>\r\n\n\n\n<div class=\"wp-block-group alignfull has-blue-background-color has-background is-content-justification-center is-nowrap is-layout-flex wp-container-core-group-is-layout-94bc23d7 wp-block-group-is-layout-flex\">\n<div class=\"wp-block-columns is-layout-flex wp-container-core-columns-is-layout-9d6595d7 wp-block-columns-is-layout-flex\">\n<div class=\"wp-block-column is-layout-flow wp-block-column-is-layout-flow\" style=\"flex-basis:100%\">\n<h2 class=\"wp-block-heading has-text-align-center wp-block-heading\" id=\"h-registrer-din-supportcase\">Registrer din supportcase<\/h2>\n\n\n\n<p class=\"has-text-align-center\">For at registrere din supporthenvendelse kan du sende en e-mail til <a href=\"mailto:support@infinigate.dk\">support@infinigate.dk<\/a>.<\/p>\n\n\n\n<p class=\"has-text-align-center\">Send os gerne s\u00e5 mange oplysninger som muligt, s\u00e5 vi kan finde en l\u00f8sning p\u00e5 dit problem hurtigst muligt.<\/p>\n\n\n\n<p class=\"has-text-align-center\">Har du sp\u00f8rgsm\u00e5l der kan klares over telefonen, s\u00e5 kontakt vores supportteam p\u00e5 <a href=\"tel:004570205656\">+45 70 20 56 56<\/a>.<\/p>\n<\/div>\n<\/div>\n<\/div>\n\n\n    <section class=\"links wp-block animate alignwide\">\r\n        <div class=\"links__inner\">\r\n                                <h2 class=\"links__heading has--heading-border\"><p>Our other partner services<\/p>\n<\/h2>\r\n            \r\n            \r\n            <div class=\"links__items\">\r\n                                                            <div class=\"links__item\">\r\n                                <a  href=\"https:\/\/www.infinigate.com\/dk\/services\/tekniske-kurser\/\" target=\"\">\r\n                Kurser            <\/a>\r\n                        <\/div>\r\n                                                                                <div class=\"links__item\">\r\n                                <a  href=\"https:\/\/www.infinigate.com\/dk\/services\/distributionstjeneste\/\" target=\"\">\r\n                Distributionstjeneste             <\/a>\r\n                        <\/div>\r\n                                                                                <div class=\"links__item\">\r\n                                <a  href=\"https:\/\/www.infinigate.com\/dk\/services\/markedsfoering\/\" target=\"\">\r\n                Marketing            <\/a>\r\n                        <\/div>\r\n                                                                                <div class=\"links__item\">\r\n                                <a  href=\"https:\/\/www.infinigate.com\/dk\/services\/professionelle-services\/\" target=\"\">\r\n                Professionelle services             <\/a>\r\n                        <\/div>\r\n                                                                                <div class=\"links__item\">\r\n                                <a  href=\"https:\/\/www.infinigate.com\/dk\/services\/salgsservices\/\" target=\"\">\r\n                Salgsservices             <\/a>\r\n                        <\/div>\r\n                                                                                <div class=\"links__item\">\r\n                                <a  href=\"https:\/\/www.infinigate.com\/dk\/services\/partnerudvikling\/\" target=\"\">\r\n                Partnerudvikling             <\/a>\r\n                        <\/div>\r\n                                                <\/div>\r\n        <\/div>\r\n    <\/section>\r\n\n\n<section class=\"cta-banner wp-block alignfull\">\r\n    <div class=\"cta-banner__inner\">\r\n        <div class=\"cta-banner__content\">\r\n\r\n                                <h2 class=\"cta-banner__heading\"><p>Har du sp\u00f8rgsm\u00e5l?<\/p>\n<\/h2>\r\n            \r\n                            <div class=\"cta-banner__subheading\">\r\n                    <p>Vi sidder klar til at hj\u00e6lpe dig med sp\u00f8rgsm\u00e5l omkring kurser, certificeringer og uddannelser. Tag fat i os for mere info.<\/p>\n                <\/div>\r\n                    <\/div>\r\n\r\n                    <div class=\"cta-banner__button\">\r\n                    <a  href=\"https:\/\/www.infinigate.com\/dk\/kontakt\/\" target=\"\" class=\"g-button g-button--arrow\">\r\n                Kontakt os            <\/a>\r\n            <\/div>\r\n            <\/div>\r\n\r\n    \r\n\r\n<\/section>\r\n","protected":false},"excerpt":{"rendered":"<p>Registrer din supportcase For at registrere din supporthenvendelse kan du sende en e-mail til support@infinigate.dk. Send os gerne s\u00e5 mange&hellip;<\/p>\n","protected":false},"author":13,"featured_media":6563,"parent":851,"menu_order":46,"comment_status":"closed","ping_status":"closed","template":"","meta":{"_acf_changed":false,"footnotes":""},"folder":[],"class_list":["post-1729","page","type-page","status-publish","has-post-thumbnail","hentry"],"acf":[],"distributor_meta":false,"distributor_terms":false,"distributor_media":false,"distributor_original_site_name":"Infinigate | Denmark","distributor_original_site_url":"https:\/\/www.infinigate.com\/dk","push-errors":false,"_links":{"self":[{"href":"https:\/\/www.infinigate.com\/dk\/wp-json\/wp\/v2\/pages\/1729","targetHints":{"allow":["GET"]}}],"collection":[{"href":"https:\/\/www.infinigate.com\/dk\/wp-json\/wp\/v2\/pages"}],"about":[{"href":"https:\/\/www.infinigate.com\/dk\/wp-json\/wp\/v2\/types\/page"}],"author":[{"embeddable":true,"href":"https:\/\/www.infinigate.com\/dk\/wp-json\/wp\/v2\/users\/13"}],"replies":[{"embeddable":true,"href":"https:\/\/www.infinigate.com\/dk\/wp-json\/wp\/v2\/comments?post=1729"}],"version-history":[{"count":0,"href":"https:\/\/www.infinigate.com\/dk\/wp-json\/wp\/v2\/pages\/1729\/revisions"}],"up":[{"embeddable":true,"href":"https:\/\/www.infinigate.com\/dk\/wp-json\/wp\/v2\/pages\/851"}],"wp:featuredmedia":[{"embeddable":true,"href":"https:\/\/www.infinigate.com\/dk\/wp-json\/wp\/v2\/media\/6563"}],"wp:attachment":[{"href":"https:\/\/www.infinigate.com\/dk\/wp-json\/wp\/v2\/media?parent=1729"}],"wp:term":[{"taxonomy":"folder","embeddable":true,"href":"https:\/\/www.infinigate.com\/dk\/wp-json\/wp\/v2\/folder?post=1729"}],"curies":[{"name":"wp","href":"https:\/\/api.w.org\/{rel}","templated":true}]}}