{"id":1733,"date":"2023-03-10T12:05:49","date_gmt":"2023-03-10T12:05:49","guid":{"rendered":"https:\/\/infinigate.wpengine.com\/?page_id=1733"},"modified":"2025-03-10T16:46:30","modified_gmt":"2025-03-10T15:46:30","slug":"markedsfoering","status":"publish","type":"page","link":"https:\/\/www.infinigate.com\/dk\/services\/markedsfoering\/","title":{"rendered":"Marketing"},"content":{"rendered":"<section class=\"media-content wp-block media-content--left media-content--media-type--image has-gray-25-background-color has-background alignfull\">\r\n    <div class=\"media-content__inner\">\r\n        <div class=\"media-content__content\">\r\n                                <h2 class=\"media-content__heading\">Lad Infinigate v\u00e6re din outsourcede marketingafdeling<\/h2>\r\n            \r\n            \r\n            <p>Lad os hj\u00e6lpe dig med dine marketingaktiviteter, s\u00e5 du kommer i m\u00e5l p\u00e5 b\u00e5de eksekvering og ROI. Infinigates marketingteam st\u00e5r klar til at assistere dig med hele processen lige fra planl\u00e6gning til evaluering, og vi er de ekstra h\u00e6nder og hoveder, du ofte st\u00e5r og mangler, n\u00e5r planerne skal s\u00f8s\u00e6ttes.<br \/>\nVi har adgang til marketingmateriale fra producenterne, som du kan bruge i kampagner, eller vi kan tilpasse dem til jeres forretning efter behov. Med Infinigate f\u00e5r du professionel sparring omkring jeres fremtidige marketingplaner.<\/p>\n\r\n                    <\/div>\r\n\r\n                    <div class=\"media-content__media\">\r\n                <img loading=\"lazy\" decoding=\"async\" width=\"800\" height=\"479\" src=\"https:\/\/www.infinigate.com\/dk\/wp-content\/uploads\/sites\/31\/2024\/07\/Marketing_283488109_800x479.jpg\" class=\"attachment-super size-super\" alt=\"Marketing\" sizes=\"auto, (max-width: 768px) 100vw, 50vw\" srcset=\"https:\/\/www.infinigate.com\/dk\/wp-content\/uploads\/sites\/31\/2024\/07\/Marketing_283488109_800x479.jpg 800w, https:\/\/www.infinigate.com\/dk\/wp-content\/uploads\/sites\/31\/2024\/07\/Marketing_283488109_800x479-300x180.jpg 300w, https:\/\/www.infinigate.com\/dk\/wp-content\/uploads\/sites\/31\/2024\/07\/Marketing_283488109_800x479-768x460.jpg 768w\" \/>            <\/div>\r\n            <\/div>\r\n<\/section>\r\n\n\n\n<h2 class=\"wp-block-heading wp-block-heading\" id=\"h-hvilke-marketingaktiviteter-kan-vi-lave\">Hvilke marketingaktiviteter kan vi lave?<\/h2>\n\n\n\n<div class=\"wp-block-columns is-layout-flex wp-container-core-columns-is-layout-9d6595d7 wp-block-columns-is-layout-flex\">\n<div class=\"wp-block-column is-layout-flow wp-block-column-is-layout-flow\">\n<p>N\u00e5r vi arbejder med marketing, arbejder vi som inden for disse fire kategorier, hvor det meste kan mikses og matches efter jeres behov;<\/p>\n\n\n\n<ol class=\"wp-block-list\">\n<li>Massemarkedsf\u00f8ring<\/li>\n\n\n\n<li>Loyalitet<\/li>\n\n\n\n<li>Leadgenererende<\/li>\n\n\n\n<li>Salgsfremmende<\/li>\n<\/ol>\n\n\n\n<p>Alle aktiviteterne bliver skr\u00e6ddersyet efter jeres behov og kan kombineres p\u00e5 kryds og tv\u00e6rs. Kontakt os for at h\u00f8re mere om dine muligheder inden for marketing, s\u00e5 vi sammen kan lave en markedsf\u00f8ringsplan for jeres it-sikkerhedsforretning.<\/p>\n<\/div>\n\n\n\n<div class=\"wp-block-column is-layout-flow wp-block-column-is-layout-flow\">\n<figure class=\"wp-block-image size-full is-style-no-rounded-corners-no-drop-shadow\"><img loading=\"lazy\" decoding=\"async\" width=\"900\" height=\"684\" src=\"https:\/\/www.infinigate.com\/dk\/wp-content\/uploads\/sites\/31\/2024\/07\/Billede1_1920x1920.jpg\" alt=\"\" class=\"wp-image-6553\" srcset=\"https:\/\/www.infinigate.com\/dk\/wp-content\/uploads\/sites\/31\/2024\/07\/Billede1_1920x1920.jpg 900w, https:\/\/www.infinigate.com\/dk\/wp-content\/uploads\/sites\/31\/2024\/07\/Billede1_1920x1920-300x228.jpg 300w, https:\/\/www.infinigate.com\/dk\/wp-content\/uploads\/sites\/31\/2024\/07\/Billede1_1920x1920-768x584.jpg 768w\" sizes=\"auto, (max-width: 900px) 100vw, 900px\" \/><\/figure>\n<\/div>\n<\/div>\n\n\n    <section class=\"links wp-block animate alignwide\">\r\n        <div class=\"links__inner\">\r\n                                <h2 class=\"links__heading has--heading-border\"><p>Our other partner services<\/p>\n<\/h2>\r\n            \r\n            \r\n            <div class=\"links__items\">\r\n                                                            <div class=\"links__item\">\r\n                                <a  href=\"https:\/\/www.infinigate.com\/dk\/services\/tekniske-kurser\/\" target=\"\">\r\n                Kurser            <\/a>\r\n                        <\/div>\r\n                                                                                <div class=\"links__item\">\r\n                                <a  href=\"https:\/\/www.infinigate.com\/dk\/services\/distributionstjeneste\/\" target=\"\">\r\n                Distributionstjeneste             <\/a>\r\n                        <\/div>\r\n                                                                                <div class=\"links__item\">\r\n                                <a  href=\"https:\/\/www.infinigate.com\/dk\/services\/professionelle-services\/\" target=\"\">\r\n                Professionelle services             <\/a>\r\n                        <\/div>\r\n                                                                                <div class=\"links__item\">\r\n                                <a  href=\"https:\/\/www.infinigate.com\/dk\/services\/salgsservices\/\" target=\"\">\r\n                Salgsservices            <\/a>\r\n                        <\/div>\r\n                                                                                <div class=\"links__item\">\r\n                                <a  href=\"https:\/\/www.infinigate.com\/dk\/services\/teknisk-support\/\" target=\"\">\r\n                Teknisk support            <\/a>\r\n                        <\/div>\r\n                                                                                <div class=\"links__item\">\r\n                                <a  href=\"https:\/\/www.infinigate.com\/dk\/services\/partnerudvikling\/\" target=\"\">\r\n                Partnerudvikling             <\/a>\r\n                        <\/div>\r\n                                                <\/div>\r\n        <\/div>\r\n    <\/section>\r\n\n\n<section class=\"cta-banner wp-block alignfull\">\r\n    <div class=\"cta-banner__inner\">\r\n        <div class=\"cta-banner__content\">\r\n\r\n                                <h2 class=\"cta-banner__heading\"><p>Har du sp\u00f8rgsm\u00e5l?<\/p>\n<\/h2>\r\n            \r\n                            <div class=\"cta-banner__subheading\">\r\n                    <p>Vi sidder klar til at hj\u00e6lpe dig med sp\u00f8rgsm\u00e5l omkring kurser, certificeringer og uddannelser. Tag fat i os for mere info.<\/p>\n                <\/div>\r\n                    <\/div>\r\n\r\n                    <div class=\"cta-banner__button\">\r\n                    <a  href=\"https:\/\/www.infinigate.com\/dk\/kontakt\/\" target=\"\" class=\"g-button g-button--arrow\">\r\n                Kontakt os            <\/a>\r\n            <\/div>\r\n            <\/div>\r\n\r\n    \r\n\r\n<\/section>\r\n","protected":false},"excerpt":{"rendered":"<p>Hvilke marketingaktiviteter kan vi lave? N\u00e5r vi arbejder med marketing, arbejder vi som inden for disse fire kategorier, hvor det&hellip;<\/p>\n","protected":false},"author":13,"featured_media":6552,"parent":851,"menu_order":43,"comment_status":"closed","ping_status":"closed","template":"","meta":{"_acf_changed":false,"footnotes":""},"folder":[],"class_list":["post-1733","page","type-page","status-publish","has-post-thumbnail","hentry"],"acf":[],"distributor_meta":false,"distributor_terms":false,"distributor_media":false,"distributor_original_site_name":"Infinigate | Denmark","distributor_original_site_url":"https:\/\/www.infinigate.com\/dk","push-errors":false,"_links":{"self":[{"href":"https:\/\/www.infinigate.com\/dk\/wp-json\/wp\/v2\/pages\/1733","targetHints":{"allow":["GET"]}}],"collection":[{"href":"https:\/\/www.infinigate.com\/dk\/wp-json\/wp\/v2\/pages"}],"about":[{"href":"https:\/\/www.infinigate.com\/dk\/wp-json\/wp\/v2\/types\/page"}],"author":[{"embeddable":true,"href":"https:\/\/www.infinigate.com\/dk\/wp-json\/wp\/v2\/users\/13"}],"replies":[{"embeddable":true,"href":"https:\/\/www.infinigate.com\/dk\/wp-json\/wp\/v2\/comments?post=1733"}],"version-history":[{"count":0,"href":"https:\/\/www.infinigate.com\/dk\/wp-json\/wp\/v2\/pages\/1733\/revisions"}],"up":[{"embeddable":true,"href":"https:\/\/www.infinigate.com\/dk\/wp-json\/wp\/v2\/pages\/851"}],"wp:featuredmedia":[{"embeddable":true,"href":"https:\/\/www.infinigate.com\/dk\/wp-json\/wp\/v2\/media\/6552"}],"wp:attachment":[{"href":"https:\/\/www.infinigate.com\/dk\/wp-json\/wp\/v2\/media?parent=1733"}],"wp:term":[{"taxonomy":"folder","embeddable":true,"href":"https:\/\/www.infinigate.com\/dk\/wp-json\/wp\/v2\/folder?post=1733"}],"curies":[{"name":"wp","href":"https:\/\/api.w.org\/{rel}","templated":true}]}}