{"id":7602,"date":"2025-01-20T10:20:45","date_gmt":"2025-01-20T09:20:45","guid":{"rendered":"https:\/\/www.infinigate.com\/dk\/?page_id=7602"},"modified":"2025-01-23T08:30:54","modified_gmt":"2025-01-23T07:30:54","slug":"mammutmarsch","status":"publish","type":"page","link":"https:\/\/www.infinigate.com\/dk\/mammutmarsch\/","title":{"rendered":"Mammutmarsch K\u00f8benhavn"},"content":{"rendered":"\n<div class=\"wp-block-columns is-layout-flex wp-container-core-columns-is-layout-9d6595d7 wp-block-columns-is-layout-flex\">\n<div class=\"wp-block-column is-layout-flow wp-block-column-is-layout-flow\">\n<h2 class=\"wp-block-heading is-style-border-left wp-block-heading\" id=\"h-ga-55-km-sammen-med-infinigate\">G\u00e5  55 km sammen med Infinigate<\/h2>\n\n\n\n<p class=\"has-coral-color has-text-color has-link-color wp-elements-232506f972cbf6daf25d3f98c2574742\">L\u00f8rdag den 3. maj deltager Infinigate for anden gang i den ekstreme vandring Mammutmarch i K\u00f8benhavn. Denne gang er afstanden 55 km.<\/p>\n\n\n\n<p>Mammutmarchen l\u00f8ber i smuk natur i Nordsj\u00e6lland. I forbindelse med g\u00e5turen donerer Infinigate penge til et velg\u00f8renhedsprojekt, som du kan v\u00e6re med til at nominere. <br><br>Er du klar til en fantastisk oplevelse? Tag udfordringen op! Sammen kan vi flytte bjerge.<\/p>\n\n\n\n<div class=\"wp-block-buttons is-layout-flex wp-block-buttons-is-layout-flex\">\n<div class=\"wp-block-button\"><a class=\"wp-block-button__link wp-element-button\" href=\"https:\/\/app.emarketeer.com\/ext\/form\/entry.php?m=390157afcc2d9f9bbaa8b599cefc4e61f070dad&amp;Origin=Direct\" target=\"_blank\" rel=\"noreferrer noopener\">Tilmeld din intresse her<\/a><\/div>\n<\/div>\n<\/div>\n\n\n\n<div class=\"wp-block-column is-layout-flow wp-block-column-is-layout-flow\">\n<figure class=\"wp-block-image size-full\"><img decoding=\"async\" src=\"https:\/\/www.infinigate.com\/se\/wp-content\/uploads\/sites\/24\/2024\/11\/Mammutmarsch_800x600pxl.png\" alt=\"\" class=\"wp-image-9281\" style=\"object-fit:cover\" \/><\/figure>\n<\/div>\n<\/div>\n\n\n<section class=\"media-content wp-block media-content--left media-content--media-type--image has-gray-25-background-color has-background alignfull\">\r\n    <div class=\"media-content__inner\">\r\n        <div class=\"media-content__content\">\r\n                                <h2 class=\"media-content__heading\">H\u00f8jdepunkter<\/h2>\r\n            \r\n            \r\n            <div><strong>3. maj<\/strong><\/div>\n<div>06.00\u00a0 M\u00f8des Bagsv\u00e6rd<\/div>\n<div>07:00 Vandreturen begynder<\/div>\n<div>19.00 Afslutning og f\u00e6lles rejse til hotellet<\/div>\n<div>21.00 Middag og after-talk<\/div>\n<div><\/div>\n<p>Infinigate tilbyder et registreringsgebyr, sweater, middage og velg\u00f8renhedsm\u00f8nten. Du betaler selv for din rejse til og fra K\u00f8benhavn og dine hotelovernatninger.<\/p>\n\r\n                            <div class=\"flex-list\">\r\n                        <a rel=\"noopener\" href=\"https:\/\/mammutmarch.dk\/55-km-marsch\/mammutmarch-koebenhavn-30-55-km\/#1574789917437-7cf212c5-b992\" target=\"_blank\" class=\"g-button\">\r\n                L\u00e6s mere om mammutmarsch            <\/a>\r\n                <\/div>\r\n                    <\/div>\r\n\r\n                    <div class=\"media-content__media\">\r\n                <img loading=\"lazy\" decoding=\"async\" width=\"800\" height=\"1066\" src=\"https:\/\/www.infinigate.com\/dk\/wp-content\/uploads\/sites\/31\/2025\/01\/Mammutmarsch_2_800x1066pxl.png\" class=\"attachment-super size-super\" alt=\"Mammutmarsch\" sizes=\"auto, (max-width: 768px) 100vw, 50vw\" srcset=\"https:\/\/www.infinigate.com\/dk\/wp-content\/uploads\/sites\/31\/2025\/01\/Mammutmarsch_2_800x1066pxl.png 800w, https:\/\/www.infinigate.com\/dk\/wp-content\/uploads\/sites\/31\/2025\/01\/Mammutmarsch_2_800x1066pxl-225x300.png 225w, https:\/\/www.infinigate.com\/dk\/wp-content\/uploads\/sites\/31\/2025\/01\/Mammutmarsch_2_800x1066pxl-768x1023.png 768w\" \/>            <\/div>\r\n            <\/div>\r\n<\/section>\r\n\n\n\n<div class=\"wp-block-columns is-layout-flex wp-container-core-columns-is-layout-9d6595d7 wp-block-columns-is-layout-flex\">\n<div class=\"wp-block-column is-layout-flow wp-block-column-is-layout-flow\">\n<h2 class=\"wp-block-heading is-style-border-left wp-block-heading\" id=\"h-et-eventyr-sammen-med-infinigate\">Et eventyr sammen med Infinigate<\/h2>\n\n\n\n<p class=\"wp-embed-aspect-16-9 wp-has-aspect-ratio\">Infinigate er en v\u00e6rdiskabende distribut\u00f8r og tilbyder kvalificeret support, uddannelse, marketing og salgssupport. Vi hj\u00e6lper detailhandlere med at udvikle deres sikkerhedstilbud og v\u00e6kst.<\/p>\n\n\n\n<p class=\"wp-embed-aspect-16-9 wp-has-aspect-ratio\">Hvis du vil vide mere om IT-sikkerhed og ikke er IT-forhandler, er du ogs\u00e5 velkommen til at kontakte Infinigate. Vi giver gerne r\u00e5d og tips om IT-sikkerhed!<\/p>\n\n\n\n<div class=\"wp-block-buttons is-layout-flex wp-block-buttons-is-layout-flex\">\n<div class=\"wp-block-button\"><a class=\"wp-block-button__link wp-element-button\">Kontakt Infinigate<\/a><\/div>\n<\/div>\n<\/div>\n<\/div>\n\n\n\n<p><\/p>\n","protected":false},"excerpt":{"rendered":"<p>G\u00e5 55 km sammen med Infinigate L\u00f8rdag den 3. maj deltager Infinigate for anden gang i den ekstreme vandring Mammutmarch&hellip;<\/p>\n","protected":false},"author":67,"featured_media":7603,"parent":0,"menu_order":0,"comment_status":"closed","ping_status":"closed","template":"","meta":{"_acf_changed":false,"footnotes":""},"folder":[],"class_list":["post-7602","page","type-page","status-publish","has-post-thumbnail","hentry"],"acf":[],"distributor_meta":false,"distributor_terms":false,"distributor_media":false,"distributor_original_site_name":"Infinigate | Denmark","distributor_original_site_url":"https:\/\/www.infinigate.com\/dk","push-errors":false,"_links":{"self":[{"href":"https:\/\/www.infinigate.com\/dk\/wp-json\/wp\/v2\/pages\/7602","targetHints":{"allow":["GET"]}}],"collection":[{"href":"https:\/\/www.infinigate.com\/dk\/wp-json\/wp\/v2\/pages"}],"about":[{"href":"https:\/\/www.infinigate.com\/dk\/wp-json\/wp\/v2\/types\/page"}],"author":[{"embeddable":true,"href":"https:\/\/www.infinigate.com\/dk\/wp-json\/wp\/v2\/users\/67"}],"replies":[{"embeddable":true,"href":"https:\/\/www.infinigate.com\/dk\/wp-json\/wp\/v2\/comments?post=7602"}],"version-history":[{"count":0,"href":"https:\/\/www.infinigate.com\/dk\/wp-json\/wp\/v2\/pages\/7602\/revisions"}],"wp:featuredmedia":[{"embeddable":true,"href":"https:\/\/www.infinigate.com\/dk\/wp-json\/wp\/v2\/media\/7603"}],"wp:attachment":[{"href":"https:\/\/www.infinigate.com\/dk\/wp-json\/wp\/v2\/media?parent=7602"}],"wp:term":[{"taxonomy":"folder","embeddable":true,"href":"https:\/\/www.infinigate.com\/dk\/wp-json\/wp\/v2\/folder?post=7602"}],"curies":[{"name":"wp","href":"https:\/\/api.w.org\/{rel}","templated":true}]}}