{"id":7723,"date":"2025-06-02T23:12:25","date_gmt":"2025-06-02T21:12:25","guid":{"rendered":"https:\/\/www.infinigate.com\/dk\/?page_id=7723"},"modified":"2025-06-02T23:14:11","modified_gmt":"2025-06-02T21:14:11","slug":"partner-up-with-progress","status":"publish","type":"page","link":"https:\/\/www.infinigate.com\/dk\/partner-up-with-progress\/","title":{"rendered":"Partner Up with Progress"},"content":{"rendered":"\n<div class=\"wp-block-group is-vertical is-nowrap is-layout-flex wp-container-core-group-is-layout-fc43baa9 wp-block-group-is-layout-flex\">\n<p><\/p>\n\n\n\n<p>Progress er Infinigates heteste leverand\u00f8r innen overv\u00e5kning, nettverksanalyse og lastbalansering. N\u00e5 \u00f8nsker vi \u00e5 gi deg som forhandler en introduksjon til hvorfor du b\u00f8r samarbeide med Progress.<\/p>\n\n\n\n<p>I denne webinarserien f\u00e5r du en innf\u00f8ring i tre av deres mest etterspurte l\u00f8sninger:<br><strong>WhatsUp Gold<\/strong>, <strong>MOVEit<\/strong> og <strong>Kemp LoadMaster<\/strong>.<br><\/p>\n<\/div>\n\n\n\n<div class=\"wp-block-cover alignfull is-light\"><span aria-hidden=\"true\" class=\"wp-block-cover__background has-yellow-background-color has-background-dim-100 has-background-dim\"><\/span><div class=\"wp-block-cover__inner-container is-layout-constrained wp-block-cover-is-layout-constrained\">\n<h2 class=\"wp-block-heading alignfull has-text-align-center is-style-default has-grey-color has-text-color has-link-color wp-elements-e510ede8991d571ff100dd43a655461e\" id=\"h-en-webinarserie-for-forhandlere\">En webinarserie for forhandlere<\/h2>\n<\/div><\/div>\n\n\n\n<div class=\"wp-block-columns is-layout-flex wp-container-core-columns-is-layout-9d6595d7 wp-block-columns-is-layout-flex\">\n<div class=\"wp-block-column is-layout-flow wp-block-column-is-layout-flow\">\n<figure class=\"wp-block-image size-full is-style-default\"><img decoding=\"async\" src=\"https:\/\/www.infinigate.com\/se\/wp-content\/uploads\/sites\/24\/2025\/05\/Progress-Kemp-Cover.png\" alt=\"\" class=\"wp-image-11746\" style=\"object-fit:cover\"\/><\/figure>\n<\/div>\n\n\n\n<div class=\"wp-block-column is-layout-flow wp-block-column-is-layout-flow\">\n<h3 class=\"wp-block-heading wp-block-heading\" id=\"h-vil-kundene-dine-at-tjenestene-deres-alltid-skal-fungere-uten-avbrudd\">Vil kundene dine at tjenestene deres alltid skal fungere \u2013 uten avbrudd?<\/h3>\n\n\n\n<p class=\"has-coral-color has-text-color has-link-color wp-elements-5b405a7a54320dae65622549e92b86c6\">27 mai kl.10:00 | Unng\u00e5 nedetid med smart lastbalansering (Kemp LoadMaster).<\/p>\n\n\n\n<p><em>Kemp LoadMaster <\/em>s\u00f8rger for at apper og systemer holder seg i gang ved \u00e5 sende trafikken til den serveren som fungerer best akkurat da. G\u00e5r \u00e9n server ned, tar en annen over \u2013 helt uten avbrudd eller forstyrrelser.<\/p>\n\n\n\n<p>\ud83d\udd39 En introduksjon till LoadMaster.<br><br>\ud83d\udd39 Vanlige kundescenarier<br><br>\ud83d\udd39 Slik kommer du i gang som forhandler<\/p>\n\n\n\n<div class=\"wp-block-buttons is-layout-flex wp-block-buttons-is-layout-flex\">\n<div class=\"wp-block-button\"><a class=\"wp-block-button__link wp-element-button\" href=\"https:\/\/attendee.gotowebinar.com\/register\/8566287842543411037\">Registrering<\/a><\/div>\n<\/div>\n<\/div>\n<\/div>\n\n\n\n<div class=\"wp-block-columns is-layout-flex wp-container-core-columns-is-layout-9d6595d7 wp-block-columns-is-layout-flex\">\n<div class=\"wp-block-column is-layout-flow wp-block-column-is-layout-flow\">\n<h3 class=\"wp-block-heading wp-block-heading\" id=\"h-ma-kundene-dine-ha-full-oversikt-over-nettverk-og-infrastruktur-i-sanntid\">M\u00e5 kundene dine ha full oversikt over nettverk og infrastruktur \u2013 i sanntid?<\/h3>\n\n\n\n<p class=\"has-coral-color has-text-color has-link-color wp-elements-363b33a8bb0a976a84952bfa3cec5173\">3 juni kl.10:00 | Kom i gang med WhatsUp Gold<\/p>\n\n\n\n<p>Med <em>WhatsUp Gold <\/em>f\u00e5r de en av markedets mest popul\u00e6re l\u00f8sninger for nettverksoverv\u00e5king. Fra oppdagelse og overv\u00e5king til varslinger og rapporter \u2013 alt samlet i ett og samme grensesnitt.<\/p>\n\n\n\n<p>\ud83d\udd39En introduksjon til WhatsUp Gold og dets funksjoner<\/p>\n\n\n\n<p>\ud83d\udd39Innsikt i hvilke kundetyper som har nytte av l\u00f8sningen<\/p>\n\n\n\n<p>\ud83d\udd39Slik kommer du raskt i gang som forhandler<\/p>\n\n\n\n<div class=\"wp-block-buttons is-layout-flex wp-block-buttons-is-layout-flex\">\n<div class=\"wp-block-button\"><a class=\"wp-block-button__link wp-element-button\" href=\"https:\/\/attendee.gotowebinar.com\/register\/1385996426585067867\" target=\"_blank\" rel=\"noreferrer noopener\">Registrering<\/a><\/div>\n<\/div>\n<\/div>\n\n\n\n<div class=\"wp-block-column is-layout-flow wp-block-column-is-layout-flow\">\n<figure class=\"wp-block-image size-full is-style-default\"><img decoding=\"async\" src=\"https:\/\/www.infinigate.com\/se\/wp-content\/uploads\/sites\/24\/2025\/05\/Progress-WhatsUp-Gold-Cover.png\" alt=\"\" class=\"wp-image-11748\" style=\"object-fit:cover\"\/><\/figure>\n<\/div>\n<\/div>\n\n\n\n<div class=\"wp-block-columns is-layout-flex wp-container-core-columns-is-layout-9d6595d7 wp-block-columns-is-layout-flex\">\n<div class=\"wp-block-column is-layout-flow wp-block-column-is-layout-flow\">\n<figure class=\"wp-block-image size-full is-style-default\"><img decoding=\"async\" src=\"https:\/\/www.infinigate.com\/se\/wp-content\/uploads\/sites\/24\/2025\/05\/Progress-Flowmon-Cover.png\" alt=\"\" class=\"wp-image-11747\" style=\"object-fit:cover\"\/><\/figure>\n<\/div>\n\n\n\n<div class=\"wp-block-column is-layout-flow wp-block-column-is-layout-flow\">\n<h3 class=\"wp-block-heading wp-block-heading\" id=\"h-hjelp-kundene-dine-med-a-sende-filer-kryptert-sikkert-og-sporbart\">Hjelp kundene dine med \u00e5 sende filer kryptert, sikkert og sporbart!<\/h3>\n\n\n\n<p class=\"has-coral-color has-text-color has-link-color wp-elements-1258e0e671e76c54f82390ab5d43f5c6\">10 juni kl.10:00 | Oppdag mulighetene med Flowmon<\/p>\n\n\n\n<p>Mange bedrifter sender fortsatt sensitive filer via e-post, FTP eller manuelle system \u2013 noe som \u00f8ker risikoen for at informasjon havner i feil hender.<\/p>\n\n\n\n<p><strong>MOVEit <\/strong>beskytter filoverf\u00f8ringer med kryptering, sporbarhet og automatisering. Enkelt og sikkert!<br><\/p>\n\n\n\n<p>\ud83d\udd39Introduksjon til MOVEit<\/p>\n\n\n\n<p>\ud83d\udd39 Eksempler p\u00e5 bruk<\/p>\n\n\n\n<p>\ud83d\udd39Slik kommer du raskt i gang som forhandler<\/p>\n\n\n\n<div class=\"wp-block-buttons is-layout-flex wp-block-buttons-is-layout-flex\">\n<div class=\"wp-block-button\"><a class=\"wp-block-button__link wp-element-button\" href=\"https:\/\/attendee.gotowebinar.com\/register\/5600578427510317910\" target=\"_blank\" rel=\"noreferrer noopener\">Registrering<\/a><\/div>\n<\/div>\n<\/div>\n<\/div>\n\n\n\n<figure class=\"wp-block-image alignfull size-large\"><img decoding=\"async\" src=\"https:\/\/www.infinigate.com\/se\/wp-content\/uploads\/sites\/24\/2025\/04\/Progress_statistik-1024x143.png\" alt=\"\" class=\"wp-image-11684\"\/><\/figure>\n\n\n\n<div class=\"wp-block-cover alignwide\"><img loading=\"lazy\" decoding=\"async\" width=\"800\" height=\"450\" class=\"wp-block-cover__image-background wp-image-1065 size-full\" alt=\"decoration\" src=\"https:\/\/www.infinigate.com\/dk\/wp-content\/uploads\/sites\/31\/2023\/02\/background-texture-2.jpg\" data-object-fit=\"cover\" srcset=\"https:\/\/www.infinigate.com\/dk\/wp-content\/uploads\/sites\/31\/2023\/02\/background-texture-2.jpg 800w, https:\/\/www.infinigate.com\/dk\/wp-content\/uploads\/sites\/31\/2023\/02\/background-texture-2-300x169.jpg 300w, https:\/\/www.infinigate.com\/dk\/wp-content\/uploads\/sites\/31\/2023\/02\/background-texture-2-768x432.jpg 768w\" sizes=\"auto, (max-width: 800px) 100vw, 800px\" \/><span aria-hidden=\"true\" class=\"wp-block-cover__background has-blue-background-color has-background-dim-0 has-background-dim\"><\/span><div class=\"wp-block-cover__inner-container is-layout-constrained wp-block-cover-is-layout-constrained\">\n<div class=\"wp-block-columns is-layout-flex wp-container-core-columns-is-layout-9d6595d7 wp-block-columns-is-layout-flex\">\n<div class=\"wp-block-column is-layout-flow wp-block-column-is-layout-flow\" style=\"flex-basis:66.66%\">\n<h3 class=\"wp-block-heading has-text-align-left has-white-color has-text-color has-link-color wp-elements-138ea3d6a0997ac14d4cacce50af2ea1\" id=\"h-kontakt-os\">Kontakt os<\/h3>\n\n\n\n<p>Vi kan kontaktes p\u00e5 mail eller telefon.<\/p>\n<\/div>\n\n\n\n<div class=\"wp-block-column is-vertically-aligned-center is-layout-flow wp-block-column-is-layout-flow\" style=\"flex-basis:33.33%\">\n<p class=\"has-text-align-center has-white-color has-text-color has-link-color wp-elements-7ee649305adc1c72f6b89aaf9898f194\">Email: <a href=\"mailto:info@infinigate.dk\">salesorders-dk@infinigate.dk<\/a><br>Tel: <a href=\"tel:00498989048401\"><\/a><a href=\"tel:+4570205656\">+45 70 20 56 5<\/a><a href=\"tel:004570205656\">6<\/a><\/p>\n\n\n\n<div class=\"wp-block-buttons is-content-justification-center is-layout-flex wp-container-core-buttons-is-layout-16018d1d wp-block-buttons-is-layout-flex\">\n<div class=\"wp-block-button\"><a class=\"wp-block-button__link wp-element-button\" href=\"mailto:info@infinigate.dk\">Kontakt os<\/a><\/div>\n<\/div>\n<\/div>\n<\/div>\n<\/div><\/div>\n","protected":false},"excerpt":{"rendered":"<p>Progress er Infinigates heteste leverand\u00f8r innen overv\u00e5kning, nettverksanalyse og lastbalansering. N\u00e5 \u00f8nsker vi \u00e5 gi deg som forhandler en introduksjon&hellip;<\/p>\n","protected":false},"author":13,"featured_media":7728,"parent":0,"menu_order":0,"comment_status":"closed","ping_status":"closed","template":"","meta":{"_acf_changed":false,"footnotes":""},"folder":[],"class_list":["post-7723","page","type-page","status-publish","has-post-thumbnail","hentry"],"acf":[],"distributor_meta":false,"distributor_terms":false,"distributor_media":false,"distributor_original_site_name":"Infinigate | Denmark","distributor_original_site_url":"https:\/\/www.infinigate.com\/dk","push-errors":false,"_links":{"self":[{"href":"https:\/\/www.infinigate.com\/dk\/wp-json\/wp\/v2\/pages\/7723","targetHints":{"allow":["GET"]}}],"collection":[{"href":"https:\/\/www.infinigate.com\/dk\/wp-json\/wp\/v2\/pages"}],"about":[{"href":"https:\/\/www.infinigate.com\/dk\/wp-json\/wp\/v2\/types\/page"}],"author":[{"embeddable":true,"href":"https:\/\/www.infinigate.com\/dk\/wp-json\/wp\/v2\/users\/13"}],"replies":[{"embeddable":true,"href":"https:\/\/www.infinigate.com\/dk\/wp-json\/wp\/v2\/comments?post=7723"}],"version-history":[{"count":0,"href":"https:\/\/www.infinigate.com\/dk\/wp-json\/wp\/v2\/pages\/7723\/revisions"}],"wp:featuredmedia":[{"embeddable":true,"href":"https:\/\/www.infinigate.com\/dk\/wp-json\/wp\/v2\/media\/7728"}],"wp:attachment":[{"href":"https:\/\/www.infinigate.com\/dk\/wp-json\/wp\/v2\/media?parent=7723"}],"wp:term":[{"taxonomy":"folder","embeddable":true,"href":"https:\/\/www.infinigate.com\/dk\/wp-json\/wp\/v2\/folder?post=7723"}],"curies":[{"name":"wp","href":"https:\/\/api.w.org\/{rel}","templated":true}]}}