{"id":851,"date":"2022-11-10T15:18:21","date_gmt":"2022-11-10T15:18:21","guid":{"rendered":"https:\/\/infinigate.wpengine.com\/?page_id=851"},"modified":"2024-09-16T18:30:51","modified_gmt":"2024-09-16T16:30:51","slug":"services","status":"publish","type":"page","link":"https:\/\/www.infinigate.com\/dk\/services\/","title":{"rendered":"Services"},"content":{"rendered":"\n<figure class=\"wp-block-image alignfull size-full is-style-corner-overlay\"><img loading=\"lazy\" decoding=\"async\" width=\"1440\" height=\"510\" src=\"https:\/\/www.infinigate.com\/dk\/wp-content\/uploads\/sites\/31\/2023\/04\/Hero-image-partner-highres.jpg\" alt=\"\" class=\"wp-image-3064\" srcset=\"https:\/\/www.infinigate.com\/dk\/wp-content\/uploads\/sites\/31\/2023\/04\/Hero-image-partner-highres.jpg 1440w, https:\/\/www.infinigate.com\/dk\/wp-content\/uploads\/sites\/31\/2023\/04\/Hero-image-partner-highres-300x106.jpg 300w, https:\/\/www.infinigate.com\/dk\/wp-content\/uploads\/sites\/31\/2023\/04\/Hero-image-partner-highres-1024x363.jpg 1024w, https:\/\/www.infinigate.com\/dk\/wp-content\/uploads\/sites\/31\/2023\/04\/Hero-image-partner-highres-768x272.jpg 768w\" sizes=\"auto, (max-width: 1440px) 100vw, 1440px\" \/><\/figure>\n\n\n    <section class=\"cards wp-block animate cards--columns-3 cards--type--default alignwide\">\n        <div class=\"cards__inner\">\n                            <div class=\"cards__header\">\n                                                <h2 class=\"cards__heading has--heading-border\"><p>Disse services tilbyder vi vores forhandlere:<\/p>\n<\/h2>\r\n                    \n                                            <div class=\"cards__subheading\">\n                            <div><\/div>\n                        <\/div>\n                    \n                                    <\/div>\n            \n            <div class=\"cards__items\">\n                \n                \n                <article class=\"g-card animate-element has-white-background-color has-background has-image has-link g-card--type--custom\">\r\n        <div class=\"g-card__inner\">\r\n                \r\n\r\n                                        <div class=\"g-card__header\">\r\n                    \r\n\r\n                        <h2 class=\"g-card__heading\">    <a href=\"https:\/\/www.infinigate.com\/dk\/services\/tekniske-kurser\/\">\r\n                Kurser            <\/a>\r\n<\/h2>\r\n                    \r\n                                            <div class=\"g-card__content\">\r\n                            <p>Vi st\u00f8tter vores forhandlere med et omfattende udvalg af kurser, webinarer og workshops til certificeringstr\u00e6ning. Vi er et autoriseret tr\u00e6ningscenter for en r\u00e6kke producenter. Ud over teknisk tr\u00e6ning tilbyder vi ogs\u00e5 salgstr\u00e6ning og webinarer om aktuelle it-sikkerhedssp\u00f8rgsm\u00e5l.<\/p>\n                        <\/div>\r\n                    \r\n                    \r\n                                    <\/div>\r\n            \r\n            \r\n            \r\n            \r\n\r\n\r\n\r\n            \r\n                <a  href=\"https:\/\/www.infinigate.com\/dk\/services\/tekniske-kurser\/\" target=\"\" class=\"g-button--arrow g-card__read-more\">\r\n                L\u00e6s mere            <\/a>\r\n\r\n                <\/div>\r\n    \r\n            <div class=\"g-card__image\">\r\n                        <div class=\"g-card__image-inner img-fit\">\r\n                <img loading=\"lazy\" decoding=\"async\" width=\"768\" height=\"465\" src=\"https:\/\/www.infinigate.com\/dk\/wp-content\/uploads\/sites\/31\/2024\/07\/Kurser-768x465.jpg\" class=\"attachment-medium_large size-medium_large\" alt=\"Kurser\" srcset=\"https:\/\/www.infinigate.com\/dk\/wp-content\/uploads\/sites\/31\/2024\/07\/Kurser-768x465.jpg 768w, https:\/\/www.infinigate.com\/dk\/wp-content\/uploads\/sites\/31\/2024\/07\/Kurser-300x182.jpg 300w, https:\/\/www.infinigate.com\/dk\/wp-content\/uploads\/sites\/31\/2024\/07\/Kurser-1024x620.jpg 1024w, https:\/\/www.infinigate.com\/dk\/wp-content\/uploads\/sites\/31\/2024\/07\/Kurser.jpg 1200w\" sizes=\"auto, (max-width: 768px) 100vw, 768px\" \/>            <\/div>\r\n            \r\n                    <\/div>\r\n    \r\n    <\/article>\r\n<article class=\"g-card animate-element has-white-background-color has-background has-image has-link g-card--type--custom\">\r\n        <div class=\"g-card__inner\">\r\n                \r\n\r\n                                        <div class=\"g-card__header\">\r\n                    \r\n\r\n                        <h2 class=\"g-card__heading\">    <a href=\"https:\/\/www.infinigate.com\/dk\/services\/distributionstjeneste\/\">\r\n                 Distributionstjeneste            <\/a>\r\n<\/h2>\r\n                    \r\n                                            <div class=\"g-card__content\">\r\n                            <p>Vi er meget interesserede i at realisere hurtige og effektive processer for vores kunder i t\u00e6t samarbejde med dig. Derfor udvider vi konstant vores logistik- og finansielle tjenester baseret p\u00e5 dine krav. T\u00f8v ikke med at kontakte os med dine \u00f8nsker!<\/p>\n                        <\/div>\r\n                    \r\n                    \r\n                                    <\/div>\r\n            \r\n            \r\n            \r\n            \r\n\r\n\r\n\r\n            \r\n                <a  href=\"https:\/\/www.infinigate.com\/dk\/services\/distributionstjeneste\/\" target=\"\" class=\"g-button--arrow g-card__read-more\">\r\n                L\u00e6s mere            <\/a>\r\n\r\n                <\/div>\r\n    \r\n            <div class=\"g-card__image\">\r\n                        <div class=\"g-card__image-inner img-fit\">\r\n                <img loading=\"lazy\" decoding=\"async\" width=\"768\" height=\"460\" src=\"https:\/\/www.infinigate.com\/dk\/wp-content\/uploads\/sites\/31\/2024\/06\/Kunderservice-800x479-1-768x460.jpg\" class=\"attachment-medium_large size-medium_large\" alt=\"support\" srcset=\"https:\/\/www.infinigate.com\/dk\/wp-content\/uploads\/sites\/31\/2024\/06\/Kunderservice-800x479-1-768x460.jpg 768w, https:\/\/www.infinigate.com\/dk\/wp-content\/uploads\/sites\/31\/2024\/06\/Kunderservice-800x479-1-300x180.jpg 300w, https:\/\/www.infinigate.com\/dk\/wp-content\/uploads\/sites\/31\/2024\/06\/Kunderservice-800x479-1.jpg 800w\" sizes=\"auto, (max-width: 768px) 100vw, 768px\" \/>            <\/div>\r\n            \r\n                    <\/div>\r\n    \r\n    <\/article>\r\n<article class=\"g-card animate-element has-white-background-color has-background has-image has-link g-card--type--custom\">\r\n        <div class=\"g-card__inner\">\r\n                \r\n\r\n                                        <div class=\"g-card__header\">\r\n                    \r\n\r\n                        <h2 class=\"g-card__heading\">    <a href=\"https:\/\/www.infinigate.com\/dk\/services\/markedsfoering\/\">\r\n                Marketing             <\/a>\r\n<\/h2>\r\n                    \r\n                                            <div class=\"g-card__content\">\r\n                            <p>Vores Marketingteam hj\u00e6lper dig med at generere nye kundeemner og lave salgsfremmende kampagner. Sammen med dig udvikler vi ideer, definerer koncepter og st\u00f8tter dig i implementeringen af \u200b\u200bkampagnerne. Brug vores marketingservice til at skabe din succes!<\/p>\n                        <\/div>\r\n                    \r\n                    \r\n                                    <\/div>\r\n            \r\n            \r\n            \r\n            \r\n\r\n\r\n\r\n            \r\n                <a  href=\"https:\/\/www.infinigate.com\/dk\/services\/markedsfoering\/\" target=\"\" class=\"g-button--arrow g-card__read-more\">\r\n                L\u00e6s mere            <\/a>\r\n\r\n                <\/div>\r\n    \r\n            <div class=\"g-card__image\">\r\n                        <div class=\"g-card__image-inner img-fit\">\r\n                <img loading=\"lazy\" decoding=\"async\" width=\"768\" height=\"460\" src=\"https:\/\/www.infinigate.com\/dk\/wp-content\/uploads\/sites\/31\/2024\/07\/Marketing_283488109_800x479-768x460.jpg\" class=\"attachment-medium_large size-medium_large\" alt=\"Marketing\" srcset=\"https:\/\/www.infinigate.com\/dk\/wp-content\/uploads\/sites\/31\/2024\/07\/Marketing_283488109_800x479-768x460.jpg 768w, https:\/\/www.infinigate.com\/dk\/wp-content\/uploads\/sites\/31\/2024\/07\/Marketing_283488109_800x479-300x180.jpg 300w, https:\/\/www.infinigate.com\/dk\/wp-content\/uploads\/sites\/31\/2024\/07\/Marketing_283488109_800x479.jpg 800w\" sizes=\"auto, (max-width: 768px) 100vw, 768px\" \/>            <\/div>\r\n            \r\n                    <\/div>\r\n    \r\n    <\/article>\r\n<article class=\"g-card animate-element has-white-background-color has-background has-image has-link g-card--type--custom\">\r\n        <div class=\"g-card__inner\">\r\n                \r\n\r\n                                        <div class=\"g-card__header\">\r\n                    \r\n\r\n                        <h2 class=\"g-card__heading\">    <a href=\"https:\/\/www.infinigate.com\/dk\/services\/professionelle-services\/\">\r\n                 Professionelle services             <\/a>\r\n<\/h2>\r\n                    \r\n                                            <div class=\"g-card__content\">\r\n                            <p>Hvis det er n\u00f8dvendigt, kan vores tekniske team hj\u00e6lpe dig med alt fra r\u00e5dgivning i projektets startfase til implementering, inklusiv installationen af IT-sikkerhedsl\u00f8sningen eksternt eller lokalt hos kunden.<\/p>\n                        <\/div>\r\n                    \r\n                    \r\n                                    <\/div>\r\n            \r\n            \r\n            \r\n            \r\n\r\n\r\n\r\n            \r\n                <a  href=\"https:\/\/www.infinigate.com\/dk\/services\/professionelle-services\/\" target=\"\" class=\"g-button--arrow g-card__read-more\">\r\n                L\u00e6s mere            <\/a>\r\n\r\n                <\/div>\r\n    \r\n            <div class=\"g-card__image\">\r\n                        <div class=\"g-card__image-inner img-fit\">\r\n                <img loading=\"lazy\" decoding=\"async\" width=\"768\" height=\"460\" src=\"https:\/\/www.infinigate.com\/dk\/wp-content\/uploads\/sites\/31\/2024\/07\/meeting-768x460.jpg\" class=\"attachment-medium_large size-medium_large\" alt=\"meeting\" srcset=\"https:\/\/www.infinigate.com\/dk\/wp-content\/uploads\/sites\/31\/2024\/07\/meeting-768x460.jpg 768w, https:\/\/www.infinigate.com\/dk\/wp-content\/uploads\/sites\/31\/2024\/07\/meeting-300x180.jpg 300w, https:\/\/www.infinigate.com\/dk\/wp-content\/uploads\/sites\/31\/2024\/07\/meeting-1024x614.jpg 1024w, https:\/\/www.infinigate.com\/dk\/wp-content\/uploads\/sites\/31\/2024\/07\/meeting.jpg 1200w\" sizes=\"auto, (max-width: 768px) 100vw, 768px\" \/>            <\/div>\r\n            \r\n                    <\/div>\r\n    \r\n    <\/article>\r\n<article class=\"g-card animate-element has-white-background-color has-background has-image has-link g-card--type--custom\">\r\n        <div class=\"g-card__inner\">\r\n                \r\n\r\n                                        <div class=\"g-card__header\">\r\n                    \r\n\r\n                        <h2 class=\"g-card__heading\">    <a href=\"https:\/\/www.infinigate.com\/dk\/services\/salgsservices\/\">\r\n                 Salgsservices             <\/a>\r\n<\/h2>\r\n                    \r\n                                            <div class=\"g-card__content\">\r\n                            <p>Vores salgsteam er ved din side med specielle tjenester, som vi tilbyder som Value Add-distribut\u00f8r. Dette sp\u00e6nder fra lokal r\u00e5dgivning til komplet projektsupport.<\/p>\n                        <\/div>\r\n                    \r\n                    \r\n                                    <\/div>\r\n            \r\n            \r\n            \r\n            \r\n\r\n\r\n\r\n            \r\n                <a  href=\"https:\/\/www.infinigate.com\/dk\/services\/salgsservices\/\" target=\"\" class=\"g-button--arrow g-card__read-more\">\r\n                L\u00e6s mere            <\/a>\r\n\r\n                <\/div>\r\n    \r\n            <div class=\"g-card__image\">\r\n                        <div class=\"g-card__image-inner img-fit\">\r\n                <img loading=\"lazy\" decoding=\"async\" width=\"768\" height=\"460\" src=\"https:\/\/www.infinigate.com\/dk\/wp-content\/uploads\/sites\/31\/2024\/06\/Kunderservice-800x479-1-768x460.jpg\" class=\"attachment-medium_large size-medium_large\" alt=\"support\" srcset=\"https:\/\/www.infinigate.com\/dk\/wp-content\/uploads\/sites\/31\/2024\/06\/Kunderservice-800x479-1-768x460.jpg 768w, https:\/\/www.infinigate.com\/dk\/wp-content\/uploads\/sites\/31\/2024\/06\/Kunderservice-800x479-1-300x180.jpg 300w, https:\/\/www.infinigate.com\/dk\/wp-content\/uploads\/sites\/31\/2024\/06\/Kunderservice-800x479-1.jpg 800w\" sizes=\"auto, (max-width: 768px) 100vw, 768px\" \/>            <\/div>\r\n            \r\n                    <\/div>\r\n    \r\n    <\/article>\r\n<article class=\"g-card animate-element has-white-background-color has-background has-image has-link g-card--type--custom\">\r\n        <div class=\"g-card__inner\">\r\n                \r\n\r\n                                        <div class=\"g-card__header\">\r\n                    \r\n\r\n                        <h2 class=\"g-card__heading\">    <a href=\"https:\/\/www.infinigate.com\/dk\/services\/teknisk-support\/\">\r\n                Teknisk support             <\/a>\r\n<\/h2>\r\n                    \r\n                                            <div class=\"g-card__content\">\r\n                            <p>Vores tekniske produktspecialister er tilg\u00e6ngelige for vores forhandlere til post-salgssupport, afh\u00e6ngigt af serviceniveauet hos den respektive producent.<\/p>\n                        <\/div>\r\n                    \r\n                    \r\n                                    <\/div>\r\n            \r\n            \r\n            \r\n            \r\n\r\n\r\n\r\n            \r\n                <a  href=\"https:\/\/www.infinigate.com\/dk\/services\/teknisk-support\/\" target=\"\" class=\"g-button--arrow g-card__read-more\">\r\n                L\u00e6s mere            <\/a>\r\n\r\n                <\/div>\r\n    \r\n            <div class=\"g-card__image\">\r\n                        <div class=\"g-card__image-inner img-fit\">\r\n                <img loading=\"lazy\" decoding=\"async\" width=\"768\" height=\"460\" src=\"https:\/\/www.infinigate.com\/dk\/wp-content\/uploads\/sites\/31\/2024\/07\/services_partnerenablement-768x460.jpg\" class=\"attachment-medium_large size-medium_large\" alt=\"services partner enablement\" srcset=\"https:\/\/www.infinigate.com\/dk\/wp-content\/uploads\/sites\/31\/2024\/07\/services_partnerenablement-768x460.jpg 768w, https:\/\/www.infinigate.com\/dk\/wp-content\/uploads\/sites\/31\/2024\/07\/services_partnerenablement-300x180.jpg 300w, https:\/\/www.infinigate.com\/dk\/wp-content\/uploads\/sites\/31\/2024\/07\/services_partnerenablement-1024x614.jpg 1024w, https:\/\/www.infinigate.com\/dk\/wp-content\/uploads\/sites\/31\/2024\/07\/services_partnerenablement.jpg 1200w\" sizes=\"auto, (max-width: 768px) 100vw, 768px\" \/>            <\/div>\r\n            \r\n                    <\/div>\r\n    \r\n    <\/article>\r\n<article class=\"g-card animate-element has-white-background-color has-background has-image has-link g-card--type--custom\">\r\n        <div class=\"g-card__inner\">\r\n                \r\n\r\n                                        <div class=\"g-card__header\">\r\n                    \r\n\r\n                        <h2 class=\"g-card__heading\">    <a href=\"https:\/\/www.infinigate.com\/dk\/services\/partnerudvikling\/\">\r\n                Partnerudvikling             <\/a>\r\n<\/h2>\r\n                    \r\n                                            <div class=\"g-card__content\">\r\n                            <p>Vi r\u00e5dgiver dig gerne om b\u00e5de tekniske og kommercielle sp\u00f8rgsm\u00e5l.<\/p>\n                        <\/div>\r\n                    \r\n                    \r\n                                    <\/div>\r\n            \r\n            \r\n            \r\n            \r\n\r\n\r\n\r\n            \r\n                <a  href=\"https:\/\/www.infinigate.com\/dk\/services\/partnerudvikling\/\" target=\"\" class=\"g-button--arrow g-card__read-more\">\r\n                Partnerudvikling            <\/a>\r\n\r\n                <\/div>\r\n    \r\n            <div class=\"g-card__image\">\r\n                        <div class=\"g-card__image-inner img-fit\">\r\n                <img loading=\"lazy\" decoding=\"async\" width=\"768\" height=\"497\" src=\"https:\/\/www.infinigate.com\/dk\/wp-content\/uploads\/sites\/31\/2023\/04\/Partner-Enablement-services-2-768x497.jpg\" class=\"attachment-medium_large size-medium_large\" alt=\"Partner Enablement services\" srcset=\"https:\/\/www.infinigate.com\/dk\/wp-content\/uploads\/sites\/31\/2023\/04\/Partner-Enablement-services-2-768x497.jpg 768w, https:\/\/www.infinigate.com\/dk\/wp-content\/uploads\/sites\/31\/2023\/04\/Partner-Enablement-services-2-300x194.jpg 300w, https:\/\/www.infinigate.com\/dk\/wp-content\/uploads\/sites\/31\/2023\/04\/Partner-Enablement-services-2.jpg 900w\" sizes=\"auto, (max-width: 768px) 100vw, 768px\" \/>            <\/div>\r\n            \r\n                    <\/div>\r\n    \r\n    <\/article>\r\n            <\/div>\n\n            \n                <\/section>\n\n\n<section class=\"cta-banner wp-block alignfull\">\r\n    <div class=\"cta-banner__inner\">\r\n        <div class=\"cta-banner__content\">\r\n\r\n                                <h2 class=\"cta-banner__heading\"><p>Har du sp\u00f8rgsm\u00e5l?<\/p>\n<\/h2>\r\n            \r\n                            <div class=\"cta-banner__subheading\">\r\n                    <p>Vi sidder klar til at hj\u00e6lpe dig med sp\u00f8rgsm\u00e5l omkring kurser, certificeringer og uddannelser. Tag fat i os for mere info.<\/p>\n                <\/div>\r\n                    <\/div>\r\n\r\n                    <div class=\"cta-banner__button\">\r\n                    <a  href=\"https:\/\/www.infinigate.com\/dk\/kontakt\/\" target=\"\" class=\"g-button g-button--arrow\">\r\n                Kontakt os            <\/a>\r\n            <\/div>\r\n            <\/div>\r\n\r\n    \r\n\r\n<\/section>\r\n","protected":false},"excerpt":{"rendered":"","protected":false},"author":13,"featured_media":3064,"parent":0,"menu_order":40,"comment_status":"closed","ping_status":"closed","template":"","meta":{"_acf_changed":false,"footnotes":""},"folder":[],"class_list":["post-851","page","type-page","status-publish","has-post-thumbnail","hentry"],"acf":[],"distributor_meta":false,"distributor_terms":false,"distributor_media":false,"distributor_original_site_name":"Infinigate | Denmark","distributor_original_site_url":"https:\/\/www.infinigate.com\/dk","push-errors":false,"_links":{"self":[{"href":"https:\/\/www.infinigate.com\/dk\/wp-json\/wp\/v2\/pages\/851","targetHints":{"allow":["GET"]}}],"collection":[{"href":"https:\/\/www.infinigate.com\/dk\/wp-json\/wp\/v2\/pages"}],"about":[{"href":"https:\/\/www.infinigate.com\/dk\/wp-json\/wp\/v2\/types\/page"}],"author":[{"embeddable":true,"href":"https:\/\/www.infinigate.com\/dk\/wp-json\/wp\/v2\/users\/13"}],"replies":[{"embeddable":true,"href":"https:\/\/www.infinigate.com\/dk\/wp-json\/wp\/v2\/comments?post=851"}],"version-history":[{"count":0,"href":"https:\/\/www.infinigate.com\/dk\/wp-json\/wp\/v2\/pages\/851\/revisions"}],"wp:featuredmedia":[{"embeddable":true,"href":"https:\/\/www.infinigate.com\/dk\/wp-json\/wp\/v2\/media\/3064"}],"wp:attachment":[{"href":"https:\/\/www.infinigate.com\/dk\/wp-json\/wp\/v2\/media?parent=851"}],"wp:term":[{"taxonomy":"folder","embeddable":true,"href":"https:\/\/www.infinigate.com\/dk\/wp-json\/wp\/v2\/folder?post=851"}],"curies":[{"name":"wp","href":"https:\/\/api.w.org\/{rel}","templated":true}]}}