{"id":1721,"date":"2023-03-10T11:54:41","date_gmt":"2023-03-10T11:54:41","guid":{"rendered":"https:\/\/infinigate.wpengine.com\/es\/?page_id=1721"},"modified":"2025-04-01T15:25:09","modified_gmt":"2025-04-01T13:25:09","slug":"professional-config-and-installation-services","status":"publish","type":"page","link":"https:\/\/www.infinigate.com\/es\/services\/professional-config-and-installation-services\/","title":{"rendered":"Servicios Profesionales de Configuraci\u00f3n e Instalaci\u00f3n\u00a0"},"content":{"rendered":"\n<figure class=\"wp-block-image alignfull size-full is-style-corner-overlay\"><img loading=\"lazy\" decoding=\"async\" width=\"1440\" height=\"510\" src=\"https:\/\/www.infinigate.com\/es\/wp-content\/uploads\/sites\/16\/2023\/04\/configuration-as-a-service.jpg\" alt=\"\" class=\"wp-image-3065\" srcset=\"https:\/\/www.infinigate.com\/es\/wp-content\/uploads\/sites\/16\/2023\/04\/configuration-as-a-service.jpg 1440w, https:\/\/www.infinigate.com\/es\/wp-content\/uploads\/sites\/16\/2023\/04\/configuration-as-a-service-300x106.jpg 300w, https:\/\/www.infinigate.com\/es\/wp-content\/uploads\/sites\/16\/2023\/04\/configuration-as-a-service-1024x363.jpg 1024w, https:\/\/www.infinigate.com\/es\/wp-content\/uploads\/sites\/16\/2023\/04\/configuration-as-a-service-768x272.jpg 768w\" sizes=\"auto, (max-width: 1440px) 100vw, 1440px\" \/><\/figure>\n\n\n\n<div class=\"wp-block-columns is-layout-flex wp-container-core-columns-is-layout-9d6595d7 wp-block-columns-is-layout-flex\">\n<div class=\"wp-block-column is-layout-flow wp-block-column-is-layout-flow\">\n<blockquote class=\"wp-block-quote is-layout-flow wp-block-quote-is-layout-flow\">\n<p class=\"is-style-large-body\"><strong>La diferencia entre una soluci\u00f3n funcional y una verdaderamente optimizada est\u00e1 en una instalaci\u00f3n impecable desde el primer d\u00eda.<\/strong><\/p>\n<\/blockquote>\n\n\n\n<p>Tus clientes necesitan que sus infraestructuras tecnol\u00f3gicas funcionen a pleno rendimiento desde el inicio, sin contratiempos ni p\u00e9rdidas de tiempo.<\/p>\n\n\n\n<p>Pero los desaf\u00edos pueden ser muchos: falta de recursos especializados, certificaciones exigidas por los fabricantes o la necesidad de minimizar interrupciones.<\/p>\n<\/div>\n\n\n\n<div class=\"wp-block-column is-layout-flow wp-block-column-is-layout-flow\">\n<p>Nuestros servicios profesionales de instalaci\u00f3n y configuraci\u00f3n eliminan la complejidad para que cada soluci\u00f3n tecnol\u00f3gica funcione a pleno rendimiento desde el primer d\u00eda, con el respaldo de los principales fabricantes.<\/p>\n\n\n\n<p>Garantizamos una ejecuci\u00f3n eficiente y sin margen de error, adapt\u00e1ndonos tanto a proyectos puntuales como a estrategias a largo plazo. Con Infinigate, refuerzas la confianza de tus clientes y potencias tu ventaja competitiva.<\/p>\n<\/div>\n<\/div>\n\n\n    <section style=\"--content-grid--columns: 2;\" class=\"content-grid wp-block animate content-grid--2-columns content-grid--has-overlay alignfull\">\r\n        <div class=\"content-grid__inner\">\r\n            \r\n\r\n                                <h2 class=\"content-grid__heading has--heading-border\">Conoce nuestros Servicios Profesionales<\/h2>\r\n            \r\n\r\n            \r\n                    \r\n                                                    \r\n                    \r\n                                                                        <div class=\"content-grid__items\">\r\n                                                                            <div class=\"content-grid__item has-background has-gray-25-background-color\">\r\n                                            \r\n                                                \r\n                                        \r\n                                                                                        <h3 class=\"content-grid__item__heading\">Instalaciones Generales<\/h3>\r\n                                        \r\n                                                                        <div class=\" content-grid__item__subheading\">\r\n                                            <p>Realizamos instalaciones de nuestras soluciones, garantizando configuraciones optimizadas. Cada instalaci\u00f3n se adapta a las mejores pr\u00e1cticas del sector, asegurando su funcionamiento.<\/p>\n                                <\/div>\r\n                                        \r\n                                                                        <div class=\"content-grid__item__link\">\r\n                                                <a rel=\"noopener\" href=\"https:\/\/www.infinigate.com\/es\/wp-content\/uploads\/sites\/16\/2025\/03\/Procedimientos_Dpto_Tecnico.pdf?ver=1741710880\" target=\"_blank\" class=\"g-button--arrow\">\r\n                M\u00e1s informaci\u00f3n            <\/a>\r\n                                <\/div>\r\n                                        \r\n                        <\/div>\r\n                                                                            <div class=\"content-grid__item has-background has-blue-background-color\">\r\n                                            \r\n                                                \r\n                                        \r\n                                                                                        <h3 class=\"content-grid__item__heading\">Instalaciones Llave en Mano<\/h3>\r\n                                        \r\n                                                                        <div class=\" content-grid__item__subheading\">\r\n                                            <p>Instalaciones donde se define previamente junto al cliente los requisitos espec\u00edficos para garantizar una configuraci\u00f3n adaptada a sus necesidades.<\/p>\n                                <\/div>\r\n                                        \r\n                                                                        <div class=\"content-grid__item__link\">\r\n                                                <a rel=\"noopener\" href=\"https:\/\/www.infinigate.com\/es\/wp-content\/uploads\/sites\/16\/2025\/03\/Procedimientos_Dpto_Tecnico.pdf?ver=1741710880\" target=\"_blank\" class=\"g-button--arrow\">\r\n                M\u00e1s informaci\u00f3n            <\/a>\r\n                                <\/div>\r\n                                        \r\n                        <\/div>\r\n                                                                            <div class=\"content-grid__item has-background has-coral-background-color\">\r\n                                            \r\n                                                \r\n                                        \r\n                                                                                        <h3 class=\"content-grid__item__heading\">Configuraciones a Medida<\/h3>\r\n                                        \r\n                                                                        <div class=\" content-grid__item__subheading\">\r\n                                            <p>Realizamos configuraciones personalizadas de soluciones ya implementadas, ya sea para optimizar su rendimiento o para resolver problemas de configuraci\u00f3n que el cliente no pueda gestionar por s\u00ed mismo.<\/p>\n                                <\/div>\r\n                                        \r\n                                                                        <div class=\"content-grid__item__link\">\r\n                                                <a rel=\"noopener\" href=\"https:\/\/www.infinigate.com\/es\/wp-content\/uploads\/sites\/16\/2025\/03\/Procedimientos_Dpto_Tecnico.pdf?ver=1741710880\" target=\"_blank\" class=\"g-button--arrow\">\r\n                M\u00e1s informaci\u00f3n            <\/a>\r\n                                <\/div>\r\n                                        \r\n                        <\/div>\r\n                                                                            <div class=\"content-grid__item has-background has-gray-25-background-color\">\r\n                                            \r\n                                                \r\n                                        \r\n                                                                                        <h3 class=\"content-grid__item__heading\">Formaciones Especializadas<\/h3>\r\n                                        \r\n                                                                        <div class=\" content-grid__item__subheading\">\r\n                                            <p>Impartimos formaciones de las distintas soluciones del Portfolio, para dotar de conocimiento necesario a los t\u00e9cnicos o personas responsable a gestionar los productos en su dia a dia, o para ayudar a los clientes a completar las formaciones de los Fabricantes.<\/p>\n                                <\/div>\r\n                                        \r\n                                                                        <div class=\"content-grid__item__link\">\r\n                                                <a rel=\"noopener\" href=\"https:\/\/www.infinigate.com\/es\/services\/vendor-accredited-training\/\" target=\"_blank\" class=\"g-button--arrow\">\r\n                M\u00e1s informaci\u00f3n            <\/a>\r\n                                <\/div>\r\n                                        \r\n                        <\/div>\r\n                                                    <\/div>\r\n                                    <\/div>\r\n    <\/section>\r\n\n\n    <section class=\"links wp-block animate alignwide\">\r\n        <div class=\"links__inner\">\r\n                                <h2 class=\"links__heading has--heading-border\"><p>Otros Servicios a Partners<\/p>\n<\/h2>\r\n            \r\n            \r\n            <div class=\"links__items\">\r\n                                                            <div class=\"links__item\">\r\n                                <a  href=\"https:\/\/www.infinigate.com\/es\/services\/partner-growth-enablement-services\/\" target=\"\">\r\n                Apoyo a Partners            <\/a>\r\n                        <\/div>\r\n                                                                                <div class=\"links__item\">\r\n                                <a  href=\"https:\/\/www.infinigate.com\/es\/services\/smart-data\/\" target=\"\">\r\n                Smart Data             <\/a>\r\n                        <\/div>\r\n                                                                                <div class=\"links__item\">\r\n                                <a  href=\"https:\/\/www.infinigate.com\/es\/services\/managed-services\/\" target=\"\">\r\n                Servicios Gestionados            <\/a>\r\n                        <\/div>\r\n                                                                                <div class=\"links__item\">\r\n                                <a  href=\"https:\/\/www.infinigate.com\/es\/services\/support-and-maintenance\/\" target=\"\">\r\n                Soporte y Mantenimiento            <\/a>\r\n                        <\/div>\r\n                                                                                <div class=\"links__item\">\r\n                                <a  href=\"https:\/\/www.infinigate.com\/es\/services\/vendor-accredited-training\/\" target=\"\">\r\n                Formaci\u00f3n acreditada            <\/a>\r\n                        <\/div>\r\n                                                                                <div class=\"links__item\">\r\n                                <a  href=\"https:\/\/www.infinigate.com\/es\/services\/global-logistics\/\" target=\"\">\r\n                Log\u00edstica Global            <\/a>\r\n                        <\/div>\r\n                                                <\/div>\r\n        <\/div>\r\n    <\/section>\r\n\n\n<section class=\"cta-banner wp-block alignfull\">\r\n    <div class=\"cta-banner__inner\">\r\n        <div class=\"cta-banner__content\">\r\n\r\n                                <h2 class=\"cta-banner__heading\"><p>\u00bfNecesita m\u00e1s ayuda con nuestros servicios?<\/p>\n<\/h2>\r\n            \r\n                            <div class=\"cta-banner__subheading\">\r\n                    <p>Un miembro de nuestro equipo estar\u00e1 encantado de atenderle.<\/p>\n                <\/div>\r\n                    <\/div>\r\n\r\n                    <div class=\"cta-banner__button\">\r\n                    <a  href=\"https:\/\/www.infinigate.com\/es\/contact\/\" target=\"\" class=\"g-button g-button--arrow\">\r\n                M\u00e1s Informaci\u00f3n            <\/a>\r\n            <\/div>\r\n            <\/div>\r\n\r\n    \r\n\r\n<\/section>\r\n\n\n\n<p><\/p>\n","protected":false},"excerpt":{"rendered":"<p>La diferencia entre una soluci\u00f3n funcional y una verdaderamente optimizada est\u00e1 en una instalaci\u00f3n impecable desde el primer d\u00eda. Tus&hellip;<\/p>\n","protected":false},"author":13,"featured_media":3065,"parent":851,"menu_order":5,"comment_status":"closed","ping_status":"closed","template":"","meta":{"_acf_changed":false,"footnotes":""},"folder":[],"class_list":["post-1721","page","type-page","status-publish","has-post-thumbnail","hentry"],"acf":[],"distributor_meta":false,"distributor_terms":false,"distributor_media":false,"distributor_original_site_name":"Infinigate | Spain","distributor_original_site_url":"https:\/\/www.infinigate.com\/es","push-errors":false,"_links":{"self":[{"href":"https:\/\/www.infinigate.com\/es\/wp-json\/wp\/v2\/pages\/1721","targetHints":{"allow":["GET"]}}],"collection":[{"href":"https:\/\/www.infinigate.com\/es\/wp-json\/wp\/v2\/pages"}],"about":[{"href":"https:\/\/www.infinigate.com\/es\/wp-json\/wp\/v2\/types\/page"}],"author":[{"embeddable":true,"href":"https:\/\/www.infinigate.com\/es\/wp-json\/wp\/v2\/users\/13"}],"replies":[{"embeddable":true,"href":"https:\/\/www.infinigate.com\/es\/wp-json\/wp\/v2\/comments?post=1721"}],"version-history":[{"count":0,"href":"https:\/\/www.infinigate.com\/es\/wp-json\/wp\/v2\/pages\/1721\/revisions"}],"up":[{"embeddable":true,"href":"https:\/\/www.infinigate.com\/es\/wp-json\/wp\/v2\/pages\/851"}],"wp:featuredmedia":[{"embeddable":true,"href":"https:\/\/www.infinigate.com\/es\/wp-json\/wp\/v2\/media\/3065"}],"wp:attachment":[{"href":"https:\/\/www.infinigate.com\/es\/wp-json\/wp\/v2\/media?parent=1721"}],"wp:term":[{"taxonomy":"folder","embeddable":true,"href":"https:\/\/www.infinigate.com\/es\/wp-json\/wp\/v2\/folder?post=1721"}],"curies":[{"name":"wp","href":"https:\/\/api.w.org\/{rel}","templated":true}]}}