{"id":1723,"date":"2023-03-10T11:58:35","date_gmt":"2023-03-10T11:58:35","guid":{"rendered":"https:\/\/infinigate.wpengine.com\/es\/?page_id=1723"},"modified":"2025-03-11T12:46:06","modified_gmt":"2025-03-11T11:46:06","slug":"smart-data","status":"publish","type":"page","link":"https:\/\/www.infinigate.com\/es\/services\/smart-data\/","title":{"rendered":"Servicios Smart Data"},"content":{"rendered":"<section class=\"media-content wp-block media-content--right media-content--media-type--image has-gray-25-background-color has-background alignfull\">\r\n    <div class=\"media-content__inner\">\r\n        <div class=\"media-content__content\">\r\n                                <h2 class=\"media-content__heading\">Con los servicios Smart Data, puede:  <\/h2>\r\n            \r\n            \r\n            <ul>\n<li data-leveltext=\"\uf0b7\" data-font=\"Symbol\" data-listid=\"2\" data-list-defn-props=\"{&quot;335552541&quot;:1,&quot;335559684&quot;:-2,&quot;335559685&quot;:720,&quot;335559991&quot;:360,&quot;469769226&quot;:&quot;Symbol&quot;,&quot;469769242&quot;:[8226],&quot;469777803&quot;:&quot;left&quot;,&quot;469777804&quot;:&quot;\uf0b7&quot;,&quot;469777815&quot;:&quot;hybridMultilevel&quot;}\" data-aria-posinset=\"1\" data-aria-level=\"1\"><b><span data-contrast=\"auto\">Encontrar los clientes adecuados<\/span><\/b><br \/>\n<span data-contrast=\"auto\">Echamos nuestras redes cada vez m\u00e1s lejos para encontrar a los clientes ideales, personas y perfiles de contacto mediante el an\u00e1lisis de las huellas digitales en toda la econom\u00eda, ayud\u00e1ndole a descubrir oportunidades de crecimiento sin explotar. <\/span><span data-ccp-props=\"{&quot;134245529&quot;:true,&quot;335559739&quot;:120}\">\u00a0<\/span><\/li>\n<li data-leveltext=\"\uf0b7\" data-font=\"Symbol\" data-listid=\"2\" data-list-defn-props=\"{&quot;335552541&quot;:1,&quot;335559684&quot;:-2,&quot;335559685&quot;:720,&quot;335559991&quot;:360,&quot;469769226&quot;:&quot;Symbol&quot;,&quot;469769242&quot;:[8226],&quot;469777803&quot;:&quot;left&quot;,&quot;469777804&quot;:&quot;\uf0b7&quot;,&quot;469777815&quot;:&quot;hybridMultilevel&quot;}\" data-aria-posinset=\"2\" data-aria-level=\"1\"><b><span data-contrast=\"auto\">Construir tus contactos<\/span><\/b><br \/>\n<span data-contrast=\"auto\">Utilizamos t\u00e9cnicas innovadoras que cumplen con la GDPR y las mejores herramientas para ayudarle a encontrar y contactar con los responsables de la toma de decisiones y los responsables del presupuesto que son clave para su crecimiento <\/span><span data-ccp-props=\"{&quot;134245529&quot;:true,&quot;335559739&quot;:120}\">\u00a0<\/span><\/li>\n<\/ul>\n\r\n                            <div class=\"flex-list\">\r\n                        <a  href=\"https:\/\/www.infinigate.com\/es\/contact\/\" target=\"\" class=\"g-button\">\r\n                M\u00e1s Informaci\u00f3n            <\/a>\r\n                <\/div>\r\n                    <\/div>\r\n\r\n                    <div class=\"media-content__media\">\r\n                <img loading=\"lazy\" decoding=\"async\" width=\"900\" height=\"600\" src=\"https:\/\/www.infinigate.com\/es\/wp-content\/uploads\/sites\/16\/2023\/03\/smart-data.jpg\" class=\"attachment-super size-super\" alt=\"reviewing smart data\" sizes=\"auto, (max-width: 768px) 100vw, 50vw\" srcset=\"https:\/\/www.infinigate.com\/es\/wp-content\/uploads\/sites\/16\/2023\/03\/smart-data.jpg 900w, https:\/\/www.infinigate.com\/es\/wp-content\/uploads\/sites\/16\/2023\/03\/smart-data-300x200.jpg 300w, https:\/\/www.infinigate.com\/es\/wp-content\/uploads\/sites\/16\/2023\/03\/smart-data-768x512.jpg 768w\" \/>            <\/div>\r\n            <\/div>\r\n<\/section>\r\n\n\n    <section class=\"links wp-block animate alignwide\">\r\n        <div class=\"links__inner\">\r\n                                <h2 class=\"links__heading has--heading-border\"><p>Our other partner services<\/p>\n<\/h2>\r\n            \r\n            \r\n            <div class=\"links__items\">\r\n                                                            <div class=\"links__item\">\r\n                                <a  href=\"https:\/\/www.infinigate.com\/es\/vendors\/sekoia\/\" target=\"\">\r\n                Apoyo a Partners            <\/a>\r\n                        <\/div>\r\n                                                                                <div class=\"links__item\">\r\n                                <a  href=\"https:\/\/www.infinigate.com\/es\/services\/managed-services\/\" target=\"\">\r\n                Servicios Gestionados            <\/a>\r\n                        <\/div>\r\n                                                                                <div class=\"links__item\">\r\n                                <a  href=\"https:\/\/www.infinigate.com\/es\/services\/support-and-maintenance\/\" target=\"\">\r\n                Soporte y Mantenimiento            <\/a>\r\n                        <\/div>\r\n                                                                                <div class=\"links__item\">\r\n                                <a  href=\"https:\/\/www.infinigate.com\/es\/services\/professional-config-and-installation-services\/\" target=\"\">\r\n                Configuraci\u00f3n e Instalaci\u00f3n Profesional             <\/a>\r\n                        <\/div>\r\n                                                                                <div class=\"links__item\">\r\n                                <a  href=\"https:\/\/www.infinigate.com\/es\/services\/vendor-accredited-training\/\" target=\"\">\r\n                Formaci\u00f3n acreditada            <\/a>\r\n                        <\/div>\r\n                                                                                <div class=\"links__item\">\r\n                                <a  href=\"https:\/\/www.infinigate.com\/es\/services\/global-logistics\/\" target=\"\">\r\n                Log\u00edstica Global            <\/a>\r\n                        <\/div>\r\n                                                <\/div>\r\n        <\/div>\r\n    <\/section>\r\n\n\n<section class=\"cta-banner wp-block alignfull\">\r\n    <div class=\"cta-banner__inner\">\r\n        <div class=\"cta-banner__content\">\r\n\r\n                                <h2 class=\"cta-banner__heading\"><p>\u00bfNecesita m\u00e1s ayuda con nuestros servicios?<\/p>\n<\/h2>\r\n            \r\n                            <div class=\"cta-banner__subheading\">\r\n                    <p>Un miembro de nuestro equipo estar\u00e1 encantado de atenderle.<\/p>\n                <\/div>\r\n                    <\/div>\r\n\r\n                    <div class=\"cta-banner__button\">\r\n                    <a  href=\"https:\/\/www.infinigate.com\/es\/contact\/\" target=\"\" class=\"g-button g-button--arrow\">\r\n                M\u00e1s Informaci\u00f3n            <\/a>\r\n            <\/div>\r\n            <\/div>\r\n\r\n    \r\n\r\n<\/section>\r\n","protected":false},"excerpt":{"rendered":"","protected":false},"author":13,"featured_media":1765,"parent":851,"menu_order":2,"comment_status":"closed","ping_status":"closed","template":"","meta":{"_acf_changed":false,"footnotes":""},"folder":[],"class_list":["post-1723","page","type-page","status-publish","has-post-thumbnail","hentry"],"acf":[],"distributor_meta":false,"distributor_terms":false,"distributor_media":false,"distributor_original_site_name":"Infinigate | Spain","distributor_original_site_url":"https:\/\/www.infinigate.com\/es","push-errors":false,"_links":{"self":[{"href":"https:\/\/www.infinigate.com\/es\/wp-json\/wp\/v2\/pages\/1723","targetHints":{"allow":["GET"]}}],"collection":[{"href":"https:\/\/www.infinigate.com\/es\/wp-json\/wp\/v2\/pages"}],"about":[{"href":"https:\/\/www.infinigate.com\/es\/wp-json\/wp\/v2\/types\/page"}],"author":[{"embeddable":true,"href":"https:\/\/www.infinigate.com\/es\/wp-json\/wp\/v2\/users\/13"}],"replies":[{"embeddable":true,"href":"https:\/\/www.infinigate.com\/es\/wp-json\/wp\/v2\/comments?post=1723"}],"version-history":[{"count":0,"href":"https:\/\/www.infinigate.com\/es\/wp-json\/wp\/v2\/pages\/1723\/revisions"}],"up":[{"embeddable":true,"href":"https:\/\/www.infinigate.com\/es\/wp-json\/wp\/v2\/pages\/851"}],"wp:featuredmedia":[{"embeddable":true,"href":"https:\/\/www.infinigate.com\/es\/wp-json\/wp\/v2\/media\/1765"}],"wp:attachment":[{"href":"https:\/\/www.infinigate.com\/es\/wp-json\/wp\/v2\/media?parent=1723"}],"wp:term":[{"taxonomy":"folder","embeddable":true,"href":"https:\/\/www.infinigate.com\/es\/wp-json\/wp\/v2\/folder?post=1723"}],"curies":[{"name":"wp","href":"https:\/\/api.w.org\/{rel}","templated":true}]}}