{"id":1729,"date":"2023-03-10T12:01:27","date_gmt":"2023-03-10T12:01:27","guid":{"rendered":"https:\/\/infinigate.wpengine.com\/es\/?page_id=1729"},"modified":"2025-03-11T13:26:47","modified_gmt":"2025-03-11T12:26:47","slug":"vendor-accredited-training","status":"publish","type":"page","link":"https:\/\/www.infinigate.com\/es\/services\/vendor-accredited-training\/","title":{"rendered":"Formaci\u00f3n Acreditada"},"content":{"rendered":"\n<figure class=\"wp-block-image alignfull size-full is-style-corner-overlay\"><img loading=\"lazy\" decoding=\"async\" width=\"1440\" height=\"510\" src=\"https:\/\/www.infinigate.com\/es\/wp-content\/uploads\/sites\/16\/2023\/03\/Hero-image-training.jpg\" alt=\"\" class=\"wp-image-1807\" srcset=\"https:\/\/www.infinigate.com\/es\/wp-content\/uploads\/sites\/16\/2023\/03\/Hero-image-training.jpg 1440w, https:\/\/www.infinigate.com\/es\/wp-content\/uploads\/sites\/16\/2023\/03\/Hero-image-training-300x106.jpg 300w, https:\/\/www.infinigate.com\/es\/wp-content\/uploads\/sites\/16\/2023\/03\/Hero-image-training-1024x363.jpg 1024w, https:\/\/www.infinigate.com\/es\/wp-content\/uploads\/sites\/16\/2023\/03\/Hero-image-training-768x272.jpg 768w\" sizes=\"auto, (max-width: 1440px) 100vw, 1440px\" \/><\/figure>\n\n\n\n<div class=\"wp-block-columns is-layout-flex wp-container-core-columns-is-layout-9d6595d7 wp-block-columns-is-layout-flex\">\n<div class=\"wp-block-column is-layout-flow wp-block-column-is-layout-flow\">\n<p class=\"is-style-large-body\">En Infinigate, creemos que la formaci\u00f3n es esencial para el crecimiento de los socios, ayud\u00e1ndoles a aprovechar nuevas oportunidades y a conseguir resultados m\u00e1s satisfactorios para sus socios.<\/p>\n\n\n\n<p>Por este motivo, hemos creado servicios de formaci\u00f3n y certificaci\u00f3n acreditados por proveedores que ofrecen los programas educativos m\u00e1s informativos a nuestros socios y a sus clientes, en asociaci\u00f3n con nuestros proveedores.<\/p>\n\n\n\n<p>Sean cuales sean sus necesidades de formaci\u00f3n, podemos ayudarle.<\/p>\n\n\n\n<p>Nuestros programas reconocen los requisitos de los distintos niveles de comprensi\u00f3n y se elaboran utilizando conocimientos del mundo real y aplicaciones pr\u00e1cticas.<\/p>\n<\/div>\n\n\n\n<div class=\"wp-block-column is-layout-flow wp-block-column-is-layout-flow\">\n<p>Ofrecemos una amplia gama de opciones de formaci\u00f3n, desde cursos presenciales, a bootcamps virtuales y cursos digitales a la carta.<\/p>\n\n\n\n<p><strong>Nuestros Servicios Incluyen: <\/strong><\/p>\n\n\n\n<ul class=\"wp-block-list\">\n<li><strong>Formaci\u00f3n acreditada<\/strong>, que ayuda a su personal a conseguir la certificaci\u00f3n de proveedor en varios niveles.<\/li>\n<\/ul>\n\n\n\n<ul class=\"wp-block-list\">\n<li><strong>Workshops de Soluciones<\/strong>, que preparan a sus equipos para utilizar y dar soporte a soluciones de clientes reci\u00e9n implantadas.<\/li>\n<\/ul>\n<\/div>\n<\/div>\n\n\n    <section class=\"links wp-block animate alignwide\">\r\n        <div class=\"links__inner\">\r\n                                <h2 class=\"links__heading has--heading-border\"><p>Otros Servicios para Partners<\/p>\n<\/h2>\r\n            \r\n            \r\n            <div class=\"links__items\">\r\n                                                            <div class=\"links__item\">\r\n                                <a  href=\"https:\/\/www.infinigate.com\/es\/services\/partner-growth-enablement-services\/\" target=\"\">\r\n                Apoyo a Partners            <\/a>\r\n                        <\/div>\r\n                                                                                <div class=\"links__item\">\r\n                                <a  href=\"https:\/\/www.infinigate.com\/es\/services\/smart-data\/\" target=\"\">\r\n                Smart Data             <\/a>\r\n                        <\/div>\r\n                                                                                <div class=\"links__item\">\r\n                                <a  href=\"https:\/\/www.infinigate.com\/es\/services\/managed-services\/\" target=\"\">\r\n                Servicios Gestionados            <\/a>\r\n                        <\/div>\r\n                                                                                <div class=\"links__item\">\r\n                                <a  href=\"https:\/\/www.infinigate.com\/es\/services\/support-and-maintenance\/\" target=\"\">\r\n                Soporte y Mantenimiento            <\/a>\r\n                        <\/div>\r\n                                                                                <div class=\"links__item\">\r\n                                <a  href=\"https:\/\/www.infinigate.com\/es\/services\/professional-config-and-installation-services\/\" target=\"\">\r\n                Configuraci\u00f3n e Instalaci\u00f3n Profesional             <\/a>\r\n                        <\/div>\r\n                                                                                <div class=\"links__item\">\r\n                                <a  href=\"https:\/\/www.infinigate.com\/es\/services\/global-logistics\/\" target=\"\">\r\n                Log\u00edstica Global            <\/a>\r\n                        <\/div>\r\n                                                <\/div>\r\n        <\/div>\r\n    <\/section>\r\n\n\n<section class=\"cta-banner wp-block alignfull\">\r\n    <div class=\"cta-banner__inner\">\r\n        <div class=\"cta-banner__content\">\r\n\r\n                                <h2 class=\"cta-banner__heading\"><p>\u00bfNecesita m\u00e1s ayuda con nuestros servicios?<\/p>\n<\/h2>\r\n            \r\n                            <div class=\"cta-banner__subheading\">\r\n                    <p>Un miembro de nuestro equipo estar\u00e1 encantado de atenderle.<\/p>\n                <\/div>\r\n                    <\/div>\r\n\r\n                    <div class=\"cta-banner__button\">\r\n                    <a  href=\"https:\/\/www.infinigate.com\/es\/contact\/\" target=\"\" class=\"g-button g-button--arrow\">\r\n                M\u00e1s Informaci\u00f3n            <\/a>\r\n            <\/div>\r\n            <\/div>\r\n\r\n    \r\n\r\n<\/section>\r\n","protected":false},"excerpt":{"rendered":"<p>En Infinigate, creemos que la formaci\u00f3n es esencial para el crecimiento de los socios, ayud\u00e1ndoles a aprovechar nuevas oportunidades y&hellip;<\/p>\n","protected":false},"author":13,"featured_media":1807,"parent":851,"menu_order":6,"comment_status":"closed","ping_status":"closed","template":"","meta":{"_acf_changed":false,"footnotes":""},"folder":[],"class_list":["post-1729","page","type-page","status-publish","has-post-thumbnail","hentry"],"acf":[],"distributor_meta":false,"distributor_terms":false,"distributor_media":false,"distributor_original_site_name":"Infinigate | Spain","distributor_original_site_url":"https:\/\/www.infinigate.com\/es","push-errors":false,"_links":{"self":[{"href":"https:\/\/www.infinigate.com\/es\/wp-json\/wp\/v2\/pages\/1729","targetHints":{"allow":["GET"]}}],"collection":[{"href":"https:\/\/www.infinigate.com\/es\/wp-json\/wp\/v2\/pages"}],"about":[{"href":"https:\/\/www.infinigate.com\/es\/wp-json\/wp\/v2\/types\/page"}],"author":[{"embeddable":true,"href":"https:\/\/www.infinigate.com\/es\/wp-json\/wp\/v2\/users\/13"}],"replies":[{"embeddable":true,"href":"https:\/\/www.infinigate.com\/es\/wp-json\/wp\/v2\/comments?post=1729"}],"version-history":[{"count":0,"href":"https:\/\/www.infinigate.com\/es\/wp-json\/wp\/v2\/pages\/1729\/revisions"}],"up":[{"embeddable":true,"href":"https:\/\/www.infinigate.com\/es\/wp-json\/wp\/v2\/pages\/851"}],"wp:featuredmedia":[{"embeddable":true,"href":"https:\/\/www.infinigate.com\/es\/wp-json\/wp\/v2\/media\/1807"}],"wp:attachment":[{"href":"https:\/\/www.infinigate.com\/es\/wp-json\/wp\/v2\/media?parent=1729"}],"wp:term":[{"taxonomy":"folder","embeddable":true,"href":"https:\/\/www.infinigate.com\/es\/wp-json\/wp\/v2\/folder?post=1729"}],"curies":[{"name":"wp","href":"https:\/\/api.w.org\/{rel}","templated":true}]}}