{"id":2513,"date":"2023-04-03T21:31:21","date_gmt":"2023-04-03T20:31:21","guid":{"rendered":"https:\/\/infinigate.wpengine.com\/es\/?page_id=2513"},"modified":"2025-03-11T11:55:17","modified_gmt":"2025-03-11T10:55:17","slug":"software-defined-networking-sdn-zero-trust-access","status":"publish","type":"page","link":"https:\/\/www.infinigate.com\/es\/infinigate-technologies\/software-defined-networking-sdn-zero-trust-access\/","title":{"rendered":"Software Defined Networking (SDN)\/Zero Trust Access"},"content":{"rendered":"\n<p>Infinigate le ayuda a satisfacer estas necesidades con nuestras capacidades SDN y Zero Trust Access, que utilizan datos de telemetr\u00eda de red para apoyar la soluci\u00f3n automatizada de problemas, la reparaci\u00f3n de fallos y la gesti\u00f3n del tr\u00e1fico.<\/p>\n\n\n\n<div class=\"wp-block-buttons alignwide is-content-justification-left is-layout-flex wp-container-core-buttons-is-layout-fdcfc74e wp-block-buttons-is-layout-flex\">\n<div class=\"wp-block-button\"><a class=\"wp-block-button__link wp-element-button\" href=\"https:\/\/www.infinigate.com\/es\/vendors\/\">Descubre nuestros fabricantes<\/a><\/div>\n<\/div>\n","protected":false},"excerpt":{"rendered":"<p>Infinigate le ayuda a satisfacer estas necesidades con nuestras capacidades SDN y Zero Trust Access, que utilizan datos de telemetr\u00eda&hellip;<\/p>\n","protected":false},"author":13,"featured_media":3066,"parent":1613,"menu_order":1,"comment_status":"closed","ping_status":"closed","template":"","meta":{"_acf_changed":false,"footnotes":""},"folder":[],"class_list":["post-2513","page","type-page","status-publish","has-post-thumbnail","hentry"],"acf":[],"distributor_meta":false,"distributor_terms":false,"distributor_media":false,"distributor_original_site_name":"Infinigate | Spain","distributor_original_site_url":"https:\/\/www.infinigate.com\/es","push-errors":false,"_links":{"self":[{"href":"https:\/\/www.infinigate.com\/es\/wp-json\/wp\/v2\/pages\/2513","targetHints":{"allow":["GET"]}}],"collection":[{"href":"https:\/\/www.infinigate.com\/es\/wp-json\/wp\/v2\/pages"}],"about":[{"href":"https:\/\/www.infinigate.com\/es\/wp-json\/wp\/v2\/types\/page"}],"author":[{"embeddable":true,"href":"https:\/\/www.infinigate.com\/es\/wp-json\/wp\/v2\/users\/13"}],"replies":[{"embeddable":true,"href":"https:\/\/www.infinigate.com\/es\/wp-json\/wp\/v2\/comments?post=2513"}],"version-history":[{"count":0,"href":"https:\/\/www.infinigate.com\/es\/wp-json\/wp\/v2\/pages\/2513\/revisions"}],"up":[{"embeddable":true,"href":"https:\/\/www.infinigate.com\/es\/wp-json\/wp\/v2\/pages\/1613"}],"wp:featuredmedia":[{"embeddable":true,"href":"https:\/\/www.infinigate.com\/es\/wp-json\/wp\/v2\/media\/3066"}],"wp:attachment":[{"href":"https:\/\/www.infinigate.com\/es\/wp-json\/wp\/v2\/media?parent=2513"}],"wp:term":[{"taxonomy":"folder","embeddable":true,"href":"https:\/\/www.infinigate.com\/es\/wp-json\/wp\/v2\/folder?post=2513"}],"curies":[{"name":"wp","href":"https:\/\/api.w.org\/{rel}","templated":true}]}}