{"id":2516,"date":"2023-04-03T21:33:35","date_gmt":"2023-04-03T20:33:35","guid":{"rendered":"https:\/\/infinigate.wpengine.com\/es\/?page_id=2516"},"modified":"2025-03-11T12:03:27","modified_gmt":"2025-03-11T11:03:27","slug":"next-generation-firewall-ngfw","status":"publish","type":"page","link":"https:\/\/www.infinigate.com\/es\/infinigate-technologies\/next-generation-firewall-ngfw\/","title":{"rendered":"Next-generation firewall (NGFW)"},"content":{"rendered":"\n<p>Con las soluciones Infinigate NGFW, sus clientes pueden ampliar la seguridad de la red m\u00e1s all\u00e1 del tr\u00e1fico entrante y saliente a aplicaciones y conexiones y servicios de nube p\u00fablica y privada y puntos finales distribuidos.<\/p>\n\n\n\n<p><strong>Nuestras soluciones aportan una serie de ventajas clave a las organizaciones::<\/strong><\/p>\n\n\n\n<h2 class=\"wp-block-heading undefined wp-block-heading\" id=\"h-1-mayor-seguridad\">1. Mayor Seguridad<\/h2>\n\n\n\n<p>Nuestros NGFW utilizan tecnolog\u00edas de seguridad avanzadas como la inspecci\u00f3n profunda de paquetes, los sistemas de prevenci\u00f3n de intrusiones y el reconocimiento de aplicaciones para proporcionar un nivel de seguridad superior al de los cortafuegos tradicionales, ayudando a sus clientes finales a proteger sus redes contra ciberataques sofisticados.<\/p>\n\n\n\n<h2 class=\"wp-block-heading undefined wp-block-heading\" id=\"h-2-visibilidad-y-control-de-aplicaciones\">2. Visibilidad y Control de Aplicaciones<\/h2>\n\n\n\n<p>Nuestros NGFW pueden identificar y controlar el uso de aplicaciones espec\u00edficas en las redes de los clientes finales, lo que les proporciona una mayor visibilidad y control y les ayuda a prevenir los riesgos asociados a aplicaciones no autorizadas o maliciosas.<\/p>\n\n\n\n<h2 class=\"wp-block-heading undefined wp-block-heading\" id=\"h-3-proteccion-avanzada-contra-amenazas\">3. Protecci\u00f3n Avanzada contra Amenazas<\/h2>\n\n\n\n<p>Nuestros NGFW pueden detectar y prevenir amenazas avanzadas como ataques de d\u00eda cero, amenazas persistentes avanzadas y malware. Tambi\u00e9n utilizan inteligencia sobre amenazas y an\u00e1lisis de comportamiento para identificar y detener amenazas que pueden eludir las medidas de seguridad tradicionales.<\/p>\n\n\n\n<h2 class=\"wp-block-heading undefined wp-block-heading\" id=\"h-4-mejora-del-cumplimiento\">4. Mejora del Cumplimiento<\/h2>\n\n\n\n<p>Los NGFW pueden ayudar a sus clientes a cumplir las normativas con funciones de seguridad avanzadas, como prevenci\u00f3n de intrusiones, filtrado de contenidos y protecci\u00f3n contra amenazas avanzadas.<\/p>\n\n\n\n<h2 class=\"wp-block-heading undefined wp-block-heading\" id=\"h-5-rendimiento-de-red-optimizado\">5. Rendimiento de Red Optimizado<\/h2>\n\n\n\n<p>Nuestros NGFW ayudan a mejorar el rendimiento de la red descargando las tareas de seguridad de otros dispositivos y optimizando el flujo de tr\u00e1fico en la red.<\/p>\n\n\n\n<div class=\"wp-block-buttons alignwide is-content-justification-left is-layout-flex wp-container-core-buttons-is-layout-fdcfc74e wp-block-buttons-is-layout-flex\">\n<div class=\"wp-block-button\"><a class=\"wp-block-button__link wp-element-button\" href=\"https:\/\/www.infinigate.com\/es\/vendors\/\">Descubre nuestros fabricantes<\/a><\/div>\n<\/div>\n","protected":false},"excerpt":{"rendered":"<p>Con las soluciones Infinigate NGFW, sus clientes pueden ampliar la seguridad de la red m\u00e1s all\u00e1 del tr\u00e1fico entrante y&hellip;<\/p>\n","protected":false},"author":13,"featured_media":2762,"parent":1613,"menu_order":3,"comment_status":"closed","ping_status":"closed","template":"","meta":{"_acf_changed":false,"footnotes":""},"folder":[],"class_list":["post-2516","page","type-page","status-publish","has-post-thumbnail","hentry"],"acf":[],"distributor_meta":false,"distributor_terms":false,"distributor_media":false,"distributor_original_site_name":"Infinigate | Spain","distributor_original_site_url":"https:\/\/www.infinigate.com\/es","push-errors":false,"_links":{"self":[{"href":"https:\/\/www.infinigate.com\/es\/wp-json\/wp\/v2\/pages\/2516","targetHints":{"allow":["GET"]}}],"collection":[{"href":"https:\/\/www.infinigate.com\/es\/wp-json\/wp\/v2\/pages"}],"about":[{"href":"https:\/\/www.infinigate.com\/es\/wp-json\/wp\/v2\/types\/page"}],"author":[{"embeddable":true,"href":"https:\/\/www.infinigate.com\/es\/wp-json\/wp\/v2\/users\/13"}],"replies":[{"embeddable":true,"href":"https:\/\/www.infinigate.com\/es\/wp-json\/wp\/v2\/comments?post=2516"}],"version-history":[{"count":0,"href":"https:\/\/www.infinigate.com\/es\/wp-json\/wp\/v2\/pages\/2516\/revisions"}],"up":[{"embeddable":true,"href":"https:\/\/www.infinigate.com\/es\/wp-json\/wp\/v2\/pages\/1613"}],"wp:featuredmedia":[{"embeddable":true,"href":"https:\/\/www.infinigate.com\/es\/wp-json\/wp\/v2\/media\/2762"}],"wp:attachment":[{"href":"https:\/\/www.infinigate.com\/es\/wp-json\/wp\/v2\/media?parent=2516"}],"wp:term":[{"taxonomy":"folder","embeddable":true,"href":"https:\/\/www.infinigate.com\/es\/wp-json\/wp\/v2\/folder?post=2516"}],"curies":[{"name":"wp","href":"https:\/\/api.w.org\/{rel}","templated":true}]}}