{"id":2518,"date":"2023-04-03T21:36:34","date_gmt":"2023-04-03T20:36:34","guid":{"rendered":"https:\/\/infinigate.wpengine.com\/es\/?page_id=2518"},"modified":"2025-03-11T12:11:56","modified_gmt":"2025-03-11T11:11:56","slug":"virtual-private-networks-vpns-intrusion-detection-and-prevention-idp-and-intrusion-detection-system-ids","status":"publish","type":"page","link":"https:\/\/www.infinigate.com\/es\/infinigate-technologies\/virtual-private-networks-vpns-intrusion-detection-and-prevention-idp-and-intrusion-detection-system-ids\/","title":{"rendered":"Virtual Private Networks (VPNs), Intrusion Detection and Prevention (IDP) and Intrusion Detection System (IDS)"},"content":{"rendered":"\n<p>Con las soluciones VPN de Infinigate, los clientes pueden garantizar la seguridad de extremo a extremo basada en el cifrado de datos.<\/p>\n\n\n\n<p>Adem\u00e1s, nuestras soluciones de detecci\u00f3n y prevenci\u00f3n de intrusiones y sistema de detecci\u00f3n de intrusiones (IDP\/IDS) admiten la identificaci\u00f3n y autenticaci\u00f3n de usuarios remotos, y env\u00edan alertas automatizadas en caso de que se produzca una brecha de seguridad relacionada con una intrusi\u00f3n.<\/p>\n\n\n\n<div class=\"wp-block-buttons alignwide is-content-justification-left is-layout-flex wp-container-core-buttons-is-layout-fdcfc74e wp-block-buttons-is-layout-flex\">\n<div class=\"wp-block-button\"><a class=\"wp-block-button__link wp-element-button\" href=\"https:\/\/www.infinigate.com\/es\/vendors\/\">Descubre nuestros fabricantes<\/a><\/div>\n<\/div>\n","protected":false},"excerpt":{"rendered":"<p>Con las soluciones VPN de Infinigate, los clientes pueden garantizar la seguridad de extremo a extremo basada en el cifrado&hellip;<\/p>\n","protected":false},"author":13,"featured_media":2804,"parent":1613,"menu_order":5,"comment_status":"closed","ping_status":"closed","template":"","meta":{"_acf_changed":false,"footnotes":""},"folder":[],"class_list":["post-2518","page","type-page","status-publish","has-post-thumbnail","hentry"],"acf":[],"distributor_meta":false,"distributor_terms":false,"distributor_media":false,"distributor_original_site_name":"Infinigate | Spain","distributor_original_site_url":"https:\/\/www.infinigate.com\/es","push-errors":false,"_links":{"self":[{"href":"https:\/\/www.infinigate.com\/es\/wp-json\/wp\/v2\/pages\/2518","targetHints":{"allow":["GET"]}}],"collection":[{"href":"https:\/\/www.infinigate.com\/es\/wp-json\/wp\/v2\/pages"}],"about":[{"href":"https:\/\/www.infinigate.com\/es\/wp-json\/wp\/v2\/types\/page"}],"author":[{"embeddable":true,"href":"https:\/\/www.infinigate.com\/es\/wp-json\/wp\/v2\/users\/13"}],"replies":[{"embeddable":true,"href":"https:\/\/www.infinigate.com\/es\/wp-json\/wp\/v2\/comments?post=2518"}],"version-history":[{"count":0,"href":"https:\/\/www.infinigate.com\/es\/wp-json\/wp\/v2\/pages\/2518\/revisions"}],"up":[{"embeddable":true,"href":"https:\/\/www.infinigate.com\/es\/wp-json\/wp\/v2\/pages\/1613"}],"wp:featuredmedia":[{"embeddable":true,"href":"https:\/\/www.infinigate.com\/es\/wp-json\/wp\/v2\/media\/2804"}],"wp:attachment":[{"href":"https:\/\/www.infinigate.com\/es\/wp-json\/wp\/v2\/media?parent=2518"}],"wp:term":[{"taxonomy":"folder","embeddable":true,"href":"https:\/\/www.infinigate.com\/es\/wp-json\/wp\/v2\/folder?post=2518"}],"curies":[{"name":"wp","href":"https:\/\/api.w.org\/{rel}","templated":true}]}}