{"id":2520,"date":"2023-04-03T21:39:09","date_gmt":"2023-04-03T20:39:09","guid":{"rendered":"https:\/\/infinigate.wpengine.com\/es\/?page_id=2520"},"modified":"2025-03-11T12:14:44","modified_gmt":"2025-03-11T11:14:44","slug":"ddos-and-dns","status":"publish","type":"page","link":"https:\/\/www.infinigate.com\/es\/infinigate-technologies\/ddos-and-dns\/","title":{"rendered":"DDoS and DNS"},"content":{"rendered":"\n<p>Es cierto que la mayor\u00eda de los proveedores de servicios de Internet disponen de soluciones para prevenir este tipo de ataques, pero pueden resultar ineficaces para las PYME y las empresas, y en particular para las que tienen una presencia significativa en Internet o un modelo de distribuci\u00f3n en l\u00ednea.<\/p>\n\n\n\n<p>Ayudamos a las organizaciones a minimizar el impacto negativo de los ataques DDoS y DNS con soluciones multifac\u00e9ticas para identificar y bloquear el tr\u00e1fico dise\u00f1ado para saturar aplicaciones, protocolos o redes enteras.<\/p>\n\n\n\n<p>Esto garantiza que cualquier ataque pueda identificarse y neutralizarse r\u00e1pidamente, y que las operaciones normales contin\u00faen sin interrupci\u00f3n.<\/p>\n\n\n\n<div class=\"wp-block-buttons alignwide is-content-justification-left is-layout-flex wp-container-core-buttons-is-layout-fdcfc74e wp-block-buttons-is-layout-flex\">\n<div class=\"wp-block-button\"><a class=\"wp-block-button__link wp-element-button\" href=\"https:\/\/www.infinigate.com\/es\/vendors\/\">Descubre nuestro fabricantes<\/a><\/div>\n<\/div>\n\n\n\n<p><\/p>\n","protected":false},"excerpt":{"rendered":"<p>Es cierto que la mayor\u00eda de los proveedores de servicios de Internet disponen de soluciones para prevenir este tipo de&hellip;<\/p>\n","protected":false},"author":13,"featured_media":2688,"parent":1613,"menu_order":7,"comment_status":"closed","ping_status":"closed","template":"","meta":{"_acf_changed":false,"footnotes":""},"folder":[],"class_list":["post-2520","page","type-page","status-publish","has-post-thumbnail","hentry"],"acf":[],"distributor_meta":false,"distributor_terms":false,"distributor_media":false,"distributor_original_site_name":"Infinigate | Spain","distributor_original_site_url":"https:\/\/www.infinigate.com\/es","push-errors":false,"_links":{"self":[{"href":"https:\/\/www.infinigate.com\/es\/wp-json\/wp\/v2\/pages\/2520","targetHints":{"allow":["GET"]}}],"collection":[{"href":"https:\/\/www.infinigate.com\/es\/wp-json\/wp\/v2\/pages"}],"about":[{"href":"https:\/\/www.infinigate.com\/es\/wp-json\/wp\/v2\/types\/page"}],"author":[{"embeddable":true,"href":"https:\/\/www.infinigate.com\/es\/wp-json\/wp\/v2\/users\/13"}],"replies":[{"embeddable":true,"href":"https:\/\/www.infinigate.com\/es\/wp-json\/wp\/v2\/comments?post=2520"}],"version-history":[{"count":0,"href":"https:\/\/www.infinigate.com\/es\/wp-json\/wp\/v2\/pages\/2520\/revisions"}],"up":[{"embeddable":true,"href":"https:\/\/www.infinigate.com\/es\/wp-json\/wp\/v2\/pages\/1613"}],"wp:featuredmedia":[{"embeddable":true,"href":"https:\/\/www.infinigate.com\/es\/wp-json\/wp\/v2\/media\/2688"}],"wp:attachment":[{"href":"https:\/\/www.infinigate.com\/es\/wp-json\/wp\/v2\/media?parent=2520"}],"wp:term":[{"taxonomy":"folder","embeddable":true,"href":"https:\/\/www.infinigate.com\/es\/wp-json\/wp\/v2\/folder?post=2520"}],"curies":[{"name":"wp","href":"https:\/\/api.w.org\/{rel}","templated":true}]}}