{"id":3215,"date":"2023-04-21T10:22:40","date_gmt":"2023-04-21T09:22:40","guid":{"rendered":"https:\/\/infinigate.wpengine.com\/es\/?page_id=3215"},"modified":"2025-11-04T12:47:55","modified_gmt":"2025-11-04T11:47:55","slug":"careers","status":"publish","type":"page","link":"https:\/\/www.infinigate.com\/es\/careers\/","title":{"rendered":"Carrera profesional"},"content":{"rendered":"\n<figure class=\"wp-block-image alignfull size-full is-style-corner-overlay\"><img loading=\"lazy\" decoding=\"async\" width=\"1440\" height=\"510\" src=\"https:\/\/www.infinigate.com\/es\/wp-content\/uploads\/sites\/16\/2023\/04\/Hero-image-careers.jpg\" alt=\"\" class=\"wp-image-2530\" srcset=\"https:\/\/www.infinigate.com\/es\/wp-content\/uploads\/sites\/16\/2023\/04\/Hero-image-careers.jpg 1440w, https:\/\/www.infinigate.com\/es\/wp-content\/uploads\/sites\/16\/2023\/04\/Hero-image-careers-300x106.jpg 300w, https:\/\/www.infinigate.com\/es\/wp-content\/uploads\/sites\/16\/2023\/04\/Hero-image-careers-1024x363.jpg 1024w, https:\/\/www.infinigate.com\/es\/wp-content\/uploads\/sites\/16\/2023\/04\/Hero-image-careers-768x272.jpg 768w\" sizes=\"auto, (max-width: 1440px) 100vw, 1440px\" \/><\/figure>\n\n\n\n<p>Fomentamos un entorno abierto, de colaboraci\u00f3n y apoyo dedicado al \u00e9xito conjunto de nuestro personal y nuestra empresa.<\/p>\n\n\n\n<p>Como organizaci\u00f3n, nos comprometemos a crear una cultura en la que las personas est\u00e9n formadas, capacitadas y comprometidas para impulsar nuestro negocio en la siguiente fase de su crecimiento.<\/p>\n\n\n\n<p>Con m\u00e1s de 1250 empleados en 30 pa\u00edses, siempre estamos buscando nuevos talentos que se unan a nuestros equipos en constante crecimiento.<\/p>\n\n\n\n<div class=\"wp-block-group alignfull is-layout-constrained wp-block-group-is-layout-constrained\"><section class=\"jobs wp-block animate has-gray-25-background-color has-background alignfull\">\r\n    <div class=\"jobs__inner\">\r\n                        <h2 class=\"jobs__heading has--heading-border\"><p>\u00bfEres excepcional en lo que haces?<\/p>\n<\/h2>\r\n        \r\n                    <div class=\"jobs__content\">\r\n                <p>\u00bfTienes el compromiso y la motivaci\u00f3n para formar parte de un equipo ganador centrado en hacer de Infinigate la empresa de referencia en ciberseguridad?<\/p>\n<p>Si es as\u00ed, queremos saber de ti.<\/p>\n            <\/div>\r\n        \r\n        \r\n        \r\n                                <div class=\"jobs__items\">\r\n                                        <article class=\"job\">\r\n        <div class=\"job__inner\">\r\n                                <h4 class=\"job__heading\">Business Development Manager (BDM) \u2013Madrid<\/h4>\r\n            \r\n                            <div class=\"job__location\">\r\n                                            Infinigate Espa\u00f1a                                    <\/div>\r\n            \r\n                            <div class=\"job__closing-date\">\r\n                    30 enero, 2026                <\/div>\r\n            \r\n\r\n\r\n            <div class=\"job__link\">\r\n                                        <a  href=\"https:\/\/www.infinigate.com\/es\/business-development-manager-bdm\/\" target=\"\">\r\n                Leer m\u00e1s            <\/a>\r\n                            <\/div>\r\n        <\/div>\r\n    <\/article>\r\n                                        <article class=\"job\">\r\n        <div class=\"job__inner\">\r\n                                <h4 class=\"job__heading\">Inside Sales &#8211; Madrid<\/h4>\r\n            \r\n                            <div class=\"job__location\">\r\n                                            Infinigate Espa\u00f1a                                    <\/div>\r\n            \r\n                            <div class=\"job__closing-date\">\r\n                    30 enero, 2026                <\/div>\r\n            \r\n\r\n\r\n            <div class=\"job__link\">\r\n                                        <a  href=\"https:\/\/www.infinigate.com\/es\/inside-sales\/\" target=\"\">\r\n                Leer m\u00e1s            <\/a>\r\n                            <\/div>\r\n        <\/div>\r\n    <\/article>\r\n                                        <article class=\"job\">\r\n        <div class=\"job__inner\">\r\n                                <h4 class=\"job__heading\">Ingeniero Preventa \u2013 Redes y Ciberseguridad &#8211; Madrid<\/h4>\r\n            \r\n                            <div class=\"job__location\">\r\n                                            Infinigate Espa\u00f1a                                    <\/div>\r\n            \r\n                            <div class=\"job__closing-date\">\r\n                    30 enero, 2026                <\/div>\r\n            \r\n\r\n\r\n            <div class=\"job__link\">\r\n                                        <a  href=\"https:\/\/www.infinigate.com\/es\/ingeniero-preventa-redes-y-ciberseguridad\/\" target=\"\">\r\n                Leer m\u00e1s            <\/a>\r\n                            <\/div>\r\n        <\/div>\r\n    <\/article>\r\n                            <\/div>\r\n        \r\n            <\/div>\r\n<\/section>\r\n<\/div>\n\n\n\n<p><\/p>\n","protected":false},"excerpt":{"rendered":"<p>Fomentamos un entorno abierto, de colaboraci\u00f3n y apoyo dedicado al \u00e9xito conjunto de nuestro personal y nuestra empresa. Como organizaci\u00f3n,&hellip;<\/p>\n","protected":false},"author":13,"featured_media":0,"parent":0,"menu_order":72,"comment_status":"closed","ping_status":"closed","template":"","meta":{"_acf_changed":false,"footnotes":""},"folder":[],"class_list":["post-3215","page","type-page","status-publish","hentry"],"acf":[],"distributor_meta":false,"distributor_terms":false,"distributor_media":false,"distributor_original_site_name":"Infinigate | Spain","distributor_original_site_url":"https:\/\/www.infinigate.com\/es","push-errors":false,"_links":{"self":[{"href":"https:\/\/www.infinigate.com\/es\/wp-json\/wp\/v2\/pages\/3215","targetHints":{"allow":["GET"]}}],"collection":[{"href":"https:\/\/www.infinigate.com\/es\/wp-json\/wp\/v2\/pages"}],"about":[{"href":"https:\/\/www.infinigate.com\/es\/wp-json\/wp\/v2\/types\/page"}],"author":[{"embeddable":true,"href":"https:\/\/www.infinigate.com\/es\/wp-json\/wp\/v2\/users\/13"}],"replies":[{"embeddable":true,"href":"https:\/\/www.infinigate.com\/es\/wp-json\/wp\/v2\/comments?post=3215"}],"version-history":[{"count":0,"href":"https:\/\/www.infinigate.com\/es\/wp-json\/wp\/v2\/pages\/3215\/revisions"}],"wp:attachment":[{"href":"https:\/\/www.infinigate.com\/es\/wp-json\/wp\/v2\/media?parent=3215"}],"wp:term":[{"taxonomy":"folder","embeddable":true,"href":"https:\/\/www.infinigate.com\/es\/wp-json\/wp\/v2\/folder?post=3215"}],"curies":[{"name":"wp","href":"https:\/\/api.w.org\/{rel}","templated":true}]}}