{"id":4076,"date":"2025-03-10T16:10:34","date_gmt":"2025-03-10T15:10:34","guid":{"rendered":"https:\/\/www.infinigate.com\/es\/?page_id=4076"},"modified":"2025-06-24T13:23:31","modified_gmt":"2025-06-24T11:23:31","slug":"directiva-nis-2","status":"publish","type":"page","link":"https:\/\/www.infinigate.com\/es\/directiva-nis-2\/","title":{"rendered":"NIS 2"},"content":{"rendered":"\n<figure class=\"wp-block-image alignfull size-full is-style-corner-overlay\"><img loading=\"lazy\" decoding=\"async\" width=\"1100\" height=\"500\" src=\"https:\/\/www.infinigate.com\/es\/wp-content\/uploads\/sites\/16\/2025\/03\/nisdirective.jpg\" alt=\"\" class=\"wp-image-4077\" srcset=\"https:\/\/www.infinigate.com\/es\/wp-content\/uploads\/sites\/16\/2025\/03\/nisdirective.jpg 1100w, https:\/\/www.infinigate.com\/es\/wp-content\/uploads\/sites\/16\/2025\/03\/nisdirective-300x136.jpg 300w, https:\/\/www.infinigate.com\/es\/wp-content\/uploads\/sites\/16\/2025\/03\/nisdirective-1024x465.jpg 1024w, https:\/\/www.infinigate.com\/es\/wp-content\/uploads\/sites\/16\/2025\/03\/nisdirective-768x349.jpg 768w\" sizes=\"auto, (max-width: 1100px) 100vw, 1100px\" \/><\/figure>\n\n\n    <section style=\"--content-grid--columns: 3;\" class=\"content-grid wp-block animate content-grid--3-columns content-grid--has-overlay alignwide\">\r\n        <div class=\"content-grid__inner\">\r\n            \r\n\r\n                                <h2 class=\"content-grid__heading has--heading-border\">NIS 2: La Nueva Normativa de Ciberseguridad en Europa<\/h2>\r\n            \r\n\r\n            \r\n                                            <div class=\"content-grid__subheading\">\r\n                            <p>La Directiva <strong data-start=\"153\" data-end=\"162\">NIS 2<\/strong> (Network and Information Security 2) es la nueva regulaci\u00f3n de la Uni\u00f3n Europea dise\u00f1ada para fortalecer la ciberseguridad en sectores esenciales y digitales. Su impacto es significativo: <strong data-start=\"351\" data-end=\"469\">m\u00e1s empresas estar\u00e1n obligadas a cumplir con requisitos estrictos para proteger sus sistemas, datos y operaciones.<\/strong><\/p>\n                        <\/div>\r\n                    \r\n                                                    \r\n                    \r\n                                                                        <div class=\"content-grid__items\">\r\n                                                                            <div class=\"content-grid__item has-background has-gray-200-background-color\">\r\n                                            \r\n                                                \r\n                                        \r\n                                                                                        <h3 class=\"content-grid__item__heading\">\u00bfPor qu\u00e9 es importante la NIS 2?<\/h3>\r\n                                        \r\n                                                                        <div class=\" content-grid__item__subheading\">\r\n                                            <p data-start=\"516\" data-end=\"794\">La evoluci\u00f3n de las amenazas digitales ha llevado a la UE a reforzar la normativa existente. <strong data-start=\"612\" data-end=\"639\">NIS 2 ampl\u00eda su alcance<\/strong>, exigiendo medidas m\u00e1s rigurosas a un mayor n\u00famero de organizaciones y estableciendo sanciones m\u00e1s severas para quienes no cumplan con sus obligaciones.<\/p>\n<p data-start=\"796\" data-end=\"905\">\ud83d\udea8 <strong data-start=\"799\" data-end=\"903\">Si tu empresa forma parte de sectores esenciales o digitales, esta normativa te afecta directamente.<\/strong><\/p>\n                                <\/div>\r\n                                        \r\n                                        \r\n                        <\/div>\r\n                                                                            <div class=\"content-grid__item has-background has-gray-300-background-color\">\r\n                                            \r\n                                                \r\n                                        \r\n                                                                                        <h3 class=\"content-grid__item__heading\">\u00bfA qui\u00e9n aplica la NIS 2?<\/h3>\r\n                                        \r\n                                                                        <div class=\" content-grid__item__subheading\">\r\n                                            <p>Empresas de sectores <strong data-start=\"967\" data-end=\"979\">cr\u00edticos<\/strong>, como energ\u00eda, transporte, salud, agua y servicios financieros.<br data-start=\"1043\" data-end=\"1046\" \/>\ud83d\udd39 Empresas <strong data-start=\"1058\" data-end=\"1071\">digitales<\/strong>, como proveedores de telecomunicaciones, servicios en la nube, centros de datos, redes de distribuci\u00f3n de contenido y plataformas de redes sociales.<br data-start=\"1220\" data-end=\"1223\" \/>\ud83d\udd39 Cualquier organizaci\u00f3n con un impacto significativo en la econom\u00eda y la sociedad.<\/p>\n                                <\/div>\r\n                                        \r\n                                        \r\n                        <\/div>\r\n                                                                            <div class=\"content-grid__item has-background has-gray-400-background-color\">\r\n                                            \r\n                                                \r\n                                        \r\n                                                                                        <h3 class=\"content-grid__item__heading\">\u00bfC\u00f3mo prepararte para la NIS 2?<\/h3>\r\n                                        \r\n                                                                        <div class=\" content-grid__item__subheading\">\r\n                                            <p>\ud83d\udd39 <strong data-start=\"2069\" data-end=\"2113\">Eval\u00faa tu nivel actual de ciberseguridad<\/strong> y detecta brechas de seguridad.<br data-start=\"2145\" data-end=\"2148\" \/>\ud83d\udd39 <strong data-start=\"2151\" data-end=\"2198\">Implementa soluciones de seguridad robustas<\/strong> alineadas con los requisitos de la directiva.<br data-start=\"2244\" data-end=\"2247\" \/>\ud83d\udd39 <strong data-start=\"2250\" data-end=\"2297\">Define protocolos de respuesta a incidentes<\/strong> y establece procesos de notificaci\u00f3n efectivos.<br data-start=\"2345\" data-end=\"2348\" \/>\ud83d\udd39 <strong data-start=\"2351\" data-end=\"2395\">Capacita a tu equipo directivo y t\u00e9cnico<\/strong> en las obligaciones y mejores pr\u00e1cticas de la NIS 2.<\/p>\n                                <\/div>\r\n                                        \r\n                                        \r\n                        <\/div>\r\n                                                    <\/div>\r\n                                    <\/div>\r\n    <\/section>\r\n\n\n\n<div class=\"wp-block-group alignwide is-layout-constrained wp-block-group-is-layout-constrained\">\n<h2 class=\"wp-block-heading wp-block-heading\" id=\"h-principales-requisitos-de-la-nis-2\"><strong>Principales Requisitos de la NIS 2<\/strong><\/h2>\n\n\n\n<p>\u2705 <strong>Gesti\u00f3n de Riesgos y Seguridad<\/strong><br>Las empresas deben implementar <strong>medidas de seguridad avanzadas<\/strong> para prevenir, detectar y responder a incidentes cibern\u00e9ticos.<\/p>\n\n\n\n<p>\u2705 <strong>Notificaci\u00f3n Obligatoria de Incidentes<\/strong><br>Los incidentes graves deben reportarse a las autoridades en <strong>24 horas<\/strong> y actualizarse en un plazo m\u00e1ximo de <strong>72 horas<\/strong>.<\/p>\n\n\n\n<p>\u2705 <strong>Responsabilidad y Sanciones<\/strong><br>Los directivos ser\u00e1n responsables del cumplimiento y podr\u00e1n enfrentarse a <strong>multas elevadas<\/strong> si no se implementan medidas adecuadas.<\/p>\n\n\n\n<p>\u2705 <strong>Cadena de Suministro Segura<\/strong><br>Se exige una <strong>supervisi\u00f3n estricta<\/strong> de los proveedores y socios comerciales para evitar riesgos de terceros.<\/p>\n\n\n\n<h2 class=\"wp-block-heading wp-block-heading\" id=\"h-cumple-con-la-nis-2-con-nuestra-ayuda\"><strong>Cumple con la NIS 2 con nuestra ayuda<\/strong><\/h2>\n\n\n\n<p>En <strong>Infinigate Iberia<\/strong>, te ofrecemos <strong>soluciones de ciberseguridad adaptadas a la NIS 2<\/strong>. Desde auditor\u00edas hasta tecnolog\u00edas avanzadas de protecci\u00f3n, te ayudamos a garantizar el cumplimiento normativo y la seguridad de tu empresa.<\/p>\n\n\n\n<p>\ud83d\udd39 <strong>Asesoramiento personalizado<\/strong> sobre la normativa<br>\ud83d\udd39 <strong>Implementaci\u00f3n de herramientas de seguridad<\/strong> de fabricantes l\u00edderes<br>\ud83d\udd39 <strong>Soporte especializado<\/strong> para cumplir con los requisitos de la directiva<br><br>Sabemos que no todas las organizaciones est\u00e1n en el mismo punto. Por eso hemos creado nuestros <strong><em>PolicyPacks<\/em><\/strong>. Dise\u00f1ados para aplicar seg\u00fan el nivel de madurez, que te ayudan a cumplir con NIS2 de forma r\u00e1pida, pr\u00e1ctica y eficaz.<\/p>\n\n\n\n<p>Contacta con nosotros y protege tu negocio frente a las nuevas exigencias de ciberseguridad.<\/p>\n\n\n\n<div class=\"wp-block-buttons is-layout-flex wp-block-buttons-is-layout-flex\">\n<div class=\"wp-block-button is-style-is-secondary\"><a class=\"wp-block-button__link wp-element-button\" href=\"mailto:technical-spain@infinigate.com\">Solicita Informaci\u00f3n<\/a><\/div>\n\n\n\n<div class=\"wp-block-button is-style-default\"><a class=\"wp-block-button__link wp-element-button\" href=\"https:\/\/www.infinigate.com\/es\/policypacks-nis2\/\">Nuestros PolicyPacks<\/a><\/div>\n\n\n\n<div class=\"wp-block-button is-style-is-secondary\"><a class=\"wp-block-button__link wp-element-button\" href=\"https:\/\/www.infinigate.com\/es\/wp-content\/uploads\/sites\/16\/2025\/06\/DIRECTIVA-NIS2-Whitepaper.pdf\" target=\"_blank\" rel=\"noreferrer noopener\">Descarga el folleto<\/a><\/div>\n<\/div>\n<\/div>\n\n\n\n<p><\/p>\n","protected":false},"excerpt":{"rendered":"<p>Principales Requisitos de la NIS 2 \u2705 Gesti\u00f3n de Riesgos y SeguridadLas empresas deben implementar medidas de seguridad avanzadas para&hellip;<\/p>\n","protected":false},"author":95,"featured_media":0,"parent":0,"menu_order":2,"comment_status":"closed","ping_status":"closed","template":"","meta":{"_acf_changed":false,"footnotes":""},"folder":[],"class_list":["post-4076","page","type-page","status-publish","hentry"],"acf":[],"distributor_meta":false,"distributor_terms":false,"distributor_media":false,"distributor_original_site_name":"Infinigate | Spain","distributor_original_site_url":"https:\/\/www.infinigate.com\/es","push-errors":false,"_links":{"self":[{"href":"https:\/\/www.infinigate.com\/es\/wp-json\/wp\/v2\/pages\/4076","targetHints":{"allow":["GET"]}}],"collection":[{"href":"https:\/\/www.infinigate.com\/es\/wp-json\/wp\/v2\/pages"}],"about":[{"href":"https:\/\/www.infinigate.com\/es\/wp-json\/wp\/v2\/types\/page"}],"author":[{"embeddable":true,"href":"https:\/\/www.infinigate.com\/es\/wp-json\/wp\/v2\/users\/95"}],"replies":[{"embeddable":true,"href":"https:\/\/www.infinigate.com\/es\/wp-json\/wp\/v2\/comments?post=4076"}],"version-history":[{"count":0,"href":"https:\/\/www.infinigate.com\/es\/wp-json\/wp\/v2\/pages\/4076\/revisions"}],"wp:attachment":[{"href":"https:\/\/www.infinigate.com\/es\/wp-json\/wp\/v2\/media?parent=4076"}],"wp:term":[{"taxonomy":"folder","embeddable":true,"href":"https:\/\/www.infinigate.com\/es\/wp-json\/wp\/v2\/folder?post=4076"}],"curies":[{"name":"wp","href":"https:\/\/api.w.org\/{rel}","templated":true}]}}