{"id":4221,"date":"2025-04-01T17:49:27","date_gmt":"2025-04-01T15:49:27","guid":{"rendered":"https:\/\/www.infinigate.com\/es\/?page_id=4221"},"modified":"2025-04-01T17:58:40","modified_gmt":"2025-04-01T15:58:40","slug":"unified-threat-management-utm","status":"publish","type":"page","link":"https:\/\/www.infinigate.com\/es\/infinigate-technologies\/unified-threat-management-utm\/","title":{"rendered":"Unified Threat Management (UTM)"},"content":{"rendered":"\n<blockquote class=\"wp-block-quote is-layout-flow wp-block-quote-is-layout-flow\">\n<p class=\"is-style-large-body\">Para respaldar las estrategias de trabajo remoto e h\u00edbrido, los clientes finales de hoy en d\u00eda necesitan protecci\u00f3n adicional para los usuarios que acceden a la red corporativa de forma remota.<\/p>\n<\/blockquote>\n\n\n\n<div class=\"wp-block-group is-vertical is-content-justification-center is-layout-flex wp-container-core-group-is-layout-4b2eccd6 wp-block-group-is-layout-flex\">\n<p>Aunque el panorama de las amenazas es cada vez m\u00e1s complejo, las organizaciones necesitan una visi\u00f3n \u00fanica de la seguridad en todas sus redes para seguir siendo eficientes y proteger las aplicaciones y los datos de extremo a extremo.<\/p>\n\n\n\n<p>Infinigate UTM re\u00fane m\u00faltiples soluciones y funciones de seguridad, desde el cortafuegos de pr\u00f3xima generaci\u00f3n hasta la protecci\u00f3n de puntos finales y NAC, para garantizar los m\u00e1s altos niveles de protecci\u00f3n, con la gesti\u00f3n y el funcionamiento m\u00e1s sencillos posibles.<\/p>\n\n\n\n<p>La gesti\u00f3n unificada de amenazas (UTM) es una soluci\u00f3n de seguridad que integra m\u00faltiples funciones de seguridad en un \u00fanico dispositivo o plataforma.<\/p>\n\n\n\n<p>Con las soluciones VPN de Infinigate, los clientes pueden garantizar la seguridad de extremo a extremo basada en el cifrado de datos.<\/p>\n\n\n\n<p>Adem\u00e1s, nuestras soluciones de Detecci\u00f3n y Prevenci\u00f3n de Intrusiones y Sistema de Detecci\u00f3n de Intrusiones (IDP\/IDS) soportan la identificaci\u00f3n y autenticaci\u00f3n de usuarios remotos, y env\u00edan alertas automatizadas en caso de que se produzca una brecha de seguridad relacionada con una intrusi\u00f3n.<\/p>\n<\/div>\n\n\n\n<p><strong>Las principales ventajas de UTM son:<\/strong><\/p>\n\n\n\n<h2 class=\"wp-block-heading wp-block-heading\" id=\"h-1-proteccion-holistica\">1. Protecci\u00f3n hol\u00edstica<\/h2>\n\n\n\n<p>Proporcionar una protecci\u00f3n hol\u00edstica contra varios tipos de amenazas como virus, malware, spam, phishing, ataques DDoS y otras amenazas a la seguridad.<\/p>\n\n\n\n<h2 class=\"wp-block-heading wp-block-heading\" id=\"h-2-facilidad-de-gestion\">2. Facilidad de gesti\u00f3n<\/h2>\n\n\n\n<p>Nuestras soluciones hacen mucho m\u00e1s f\u00e1cil y eficaz la gesti\u00f3n de la seguridad, ya que todas las funciones de seguridad est\u00e1n integradas en un \u00fanico dispositivo o plataforma.<\/p>\n\n\n\n<h2 class=\"wp-block-heading wp-block-heading\" id=\"h-3-mayor-rentabilidad\">3. Mayor rentabilidad<\/h2>\n\n\n\n<p>Nuestras soluciones suelen ser m\u00e1s rentables de implantar, ya que proporcionan toda la protecci\u00f3n de seguridad necesaria en un \u00fanico dispositivo, en lugar de implantar varias soluciones de seguridad independientes.<\/p>\n\n\n\n<h2 class=\"wp-block-heading wp-block-heading\" id=\"h-4-tiempos-de-respuesta-mas-rapidos\">4. Tiempos de respuesta m\u00e1s r\u00e1pidos<\/h2>\n\n\n\n<p>Nuestras soluciones detienen r\u00e1pidamente los ataques antes de que causen da\u00f1os, detectando las amenazas y actuando en tiempo real para remediarlas.<\/p>\n\n\n\n<h2 class=\"wp-block-heading wp-block-heading\" id=\"h-5-escalabilidad\">5. Escalabilidad<\/h2>\n\n\n\n<p>Nuestras soluciones pueden adaptarse y ampliarse f\u00e1cilmente para satisfacer las necesidades de las empresas a medida que crecen o cambian.<\/p>\n\n\n\n<div class=\"wp-block-buttons alignwide is-content-justification-left is-layout-flex wp-container-core-buttons-is-layout-fdcfc74e wp-block-buttons-is-layout-flex\">\n<div class=\"wp-block-button\"><a class=\"wp-block-button__link wp-element-button\" href=\"https:\/\/www.infinigate.com\/es\/vendors\/\">Descubre nuestros fabricantes<\/a><\/div>\n<\/div>\n","protected":false},"excerpt":{"rendered":"<p>Para respaldar las estrategias de trabajo remoto e h\u00edbrido, los clientes finales de hoy en d\u00eda necesitan protecci\u00f3n adicional para&hellip;<\/p>\n","protected":false},"author":95,"featured_media":0,"parent":1613,"menu_order":0,"comment_status":"closed","ping_status":"closed","template":"","meta":{"_acf_changed":false,"footnotes":""},"folder":[],"class_list":["post-4221","page","type-page","status-publish","hentry"],"acf":[],"distributor_meta":false,"distributor_terms":false,"distributor_media":false,"distributor_original_site_name":"Infinigate | Spain","distributor_original_site_url":"https:\/\/www.infinigate.com\/es","push-errors":false,"_links":{"self":[{"href":"https:\/\/www.infinigate.com\/es\/wp-json\/wp\/v2\/pages\/4221","targetHints":{"allow":["GET"]}}],"collection":[{"href":"https:\/\/www.infinigate.com\/es\/wp-json\/wp\/v2\/pages"}],"about":[{"href":"https:\/\/www.infinigate.com\/es\/wp-json\/wp\/v2\/types\/page"}],"author":[{"embeddable":true,"href":"https:\/\/www.infinigate.com\/es\/wp-json\/wp\/v2\/users\/95"}],"replies":[{"embeddable":true,"href":"https:\/\/www.infinigate.com\/es\/wp-json\/wp\/v2\/comments?post=4221"}],"version-history":[{"count":0,"href":"https:\/\/www.infinigate.com\/es\/wp-json\/wp\/v2\/pages\/4221\/revisions"}],"up":[{"embeddable":true,"href":"https:\/\/www.infinigate.com\/es\/wp-json\/wp\/v2\/pages\/1613"}],"wp:attachment":[{"href":"https:\/\/www.infinigate.com\/es\/wp-json\/wp\/v2\/media?parent=4221"}],"wp:term":[{"taxonomy":"folder","embeddable":true,"href":"https:\/\/www.infinigate.com\/es\/wp-json\/wp\/v2\/folder?post=4221"}],"curies":[{"name":"wp","href":"https:\/\/api.w.org\/{rel}","templated":true}]}}