{"id":851,"date":"2022-11-10T15:18:21","date_gmt":"2022-11-10T15:18:21","guid":{"rendered":"https:\/\/infinigate.wpengine.com\/es\/?page_id=851"},"modified":"2025-03-11T12:17:15","modified_gmt":"2025-03-11T11:17:15","slug":"services","status":"publish","type":"page","link":"https:\/\/www.infinigate.com\/es\/services\/","title":{"rendered":"Servicios"},"content":{"rendered":"\n<figure class=\"wp-block-image alignfull size-full is-style-corner-overlay\"><img loading=\"lazy\" decoding=\"async\" width=\"1440\" height=\"510\" src=\"https:\/\/www.infinigate.com\/es\/wp-content\/uploads\/sites\/16\/2023\/04\/Hero-image-partner-highres.jpg\" alt=\"\" class=\"wp-image-3064\" srcset=\"https:\/\/www.infinigate.com\/es\/wp-content\/uploads\/sites\/16\/2023\/04\/Hero-image-partner-highres.jpg 1440w, https:\/\/www.infinigate.com\/es\/wp-content\/uploads\/sites\/16\/2023\/04\/Hero-image-partner-highres-300x106.jpg 300w, https:\/\/www.infinigate.com\/es\/wp-content\/uploads\/sites\/16\/2023\/04\/Hero-image-partner-highres-1024x363.jpg 1024w, https:\/\/www.infinigate.com\/es\/wp-content\/uploads\/sites\/16\/2023\/04\/Hero-image-partner-highres-768x272.jpg 768w\" sizes=\"auto, (max-width: 1440px) 100vw, 1440px\" \/><\/figure>\n\n\n    <section style=\"--content-grid--columns: 1;\" class=\"content-grid wp-block animate content-grid--1-columns alignfull\">\r\n        <div class=\"content-grid__inner\">\r\n            \r\n\r\n                                <h2 class=\"content-grid__heading has--heading-border\">Nuestros servicios le proporcionan los conocimientos, recursos, herramientas y experiencia que necesita para:<\/h2>\r\n            \r\n\r\n            \r\n                    \r\n                                                    \r\n                    \r\n                                                                        <div class=\"content-grid__items\">\r\n                                                                            <div class=\"content-grid__item \">\r\n                                                                                            <div class=\"content-grid__item__icon has-background\">\r\n                                                    <div class=\"content-grid__item__icon-inner\">\r\n                                                        <img loading=\"lazy\" decoding=\"async\" width=\"100\" height=\"100\" src=\"https:\/\/www.infinigate.com\/es\/wp-content\/uploads\/sites\/16\/2023\/04\/icon_tickmark.svg\" class=\"attachment-medium_large size-medium_large\" alt=\"tickmark icon\" \/>                                                    <\/div>\r\n                                                <\/div>\r\n                                            \r\n                                                \r\n                                        \r\n                                        \r\n                                                                        <div class=\" content-grid__item__subheading\">\r\n                                            <p>crear y ofrecer soluciones de alto margen a sus clientes<\/p>\n                                <\/div>\r\n                                        \r\n                                        \r\n                        <\/div>\r\n                                                                            <div class=\"content-grid__item \">\r\n                                                                                            <div class=\"content-grid__item__icon has-background\">\r\n                                                    <div class=\"content-grid__item__icon-inner\">\r\n                                                        <img loading=\"lazy\" decoding=\"async\" width=\"100\" height=\"100\" src=\"https:\/\/www.infinigate.com\/es\/wp-content\/uploads\/sites\/16\/2023\/04\/icon_tickmark.svg\" class=\"attachment-medium_large size-medium_large\" alt=\"tickmark icon\" \/>                                                    <\/div>\r\n                                                <\/div>\r\n                                            \r\n                                                \r\n                                        \r\n                                        \r\n                                                                        <div class=\" content-grid__item__subheading\">\r\n                                            <p>Ganar y entregar proyectos de todo tipo y tama\u00f1o, en todo el mundo.<\/p>\n                                <\/div>\r\n                                        \r\n                                        \r\n                        <\/div>\r\n                                                                            <div class=\"content-grid__item \">\r\n                                                                                            <div class=\"content-grid__item__icon has-background\">\r\n                                                    <div class=\"content-grid__item__icon-inner\">\r\n                                                        <img loading=\"lazy\" decoding=\"async\" width=\"100\" height=\"100\" src=\"https:\/\/www.infinigate.com\/es\/wp-content\/uploads\/sites\/16\/2023\/04\/icon_tickmark.svg\" class=\"attachment-medium_large size-medium_large\" alt=\"tickmark icon\" \/>                                                    <\/div>\r\n                                                <\/div>\r\n                                            \r\n                                                \r\n                                        \r\n                                        \r\n                                                                        <div class=\" content-grid__item__subheading\">\r\n                                            <p>dirigirse y llegar a los clientes adecuados<\/p>\n                                <\/div>\r\n                                        \r\n                                        \r\n                        <\/div>\r\n                                                                            <div class=\"content-grid__item \">\r\n                                                                                            <div class=\"content-grid__item__icon has-background\">\r\n                                                    <div class=\"content-grid__item__icon-inner\">\r\n                                                        <img loading=\"lazy\" decoding=\"async\" width=\"100\" height=\"100\" src=\"https:\/\/www.infinigate.com\/es\/wp-content\/uploads\/sites\/16\/2023\/04\/icon_tickmark.svg\" class=\"attachment-medium_large size-medium_large\" alt=\"tickmark icon\" \/>                                                    <\/div>\r\n                                                <\/div>\r\n                                            \r\n                                                \r\n                                        \r\n                                        \r\n                                                                        <div class=\" content-grid__item__subheading\">\r\n                                            <p>crear campa\u00f1as de marketing de \u00e9xito<\/p>\n                                <\/div>\r\n                                        \r\n                                        \r\n                        <\/div>\r\n                                                                            <div class=\"content-grid__item \">\r\n                                                                                            <div class=\"content-grid__item__icon has-background\">\r\n                                                    <div class=\"content-grid__item__icon-inner\">\r\n                                                        <img loading=\"lazy\" decoding=\"async\" width=\"100\" height=\"100\" src=\"https:\/\/www.infinigate.com\/es\/wp-content\/uploads\/sites\/16\/2023\/04\/icon_tickmark.svg\" class=\"attachment-medium_large size-medium_large\" alt=\"tickmark icon\" \/>                                                    <\/div>\r\n                                                <\/div>\r\n                                            \r\n                                                \r\n                                        \r\n                                        \r\n                                                                        <div class=\" content-grid__item__subheading\">\r\n                                            <p>entrenar y formar a sus empleados<\/p>\n                                <\/div>\r\n                                        \r\n                                        \r\n                        <\/div>\r\n                                                    <\/div>\r\n                                    <\/div>\r\n    <\/section>\r\n\n\n\n<h2 class=\"wp-block-heading is-style-border-left wp-block-heading\" id=\"h-aprovecha-la-creciente-oportunidad-en-servicios-de-ti\">Aprovecha la creciente oportunidad en servicios de TI<\/h2>\n\n\n\n<p>Los servicios de TI representan una oportunidad de ingresos significativa y en crecimiento. Los m\u00e1rgenes en los servicios pueden ser hasta 10 veces mayores que en la venta directa de hardware y software.<\/p>\n\n\n\n<p>Podemos respaldarte en todo el proceso, desde los servicios previos a la instalaci\u00f3n (incluyendo pruebas y configuraci\u00f3n de equipos) hasta la entrega e instalaci\u00f3n en las oficinas de tus clientes, con soporte, mantenimiento y operaci\u00f3n continuos, todo el tiempo que lo necesites.<\/p>\n\n\n\n<p>Si decides desarrollar tus propias capacidades de servicios, tambi\u00e9n ofrecemos formaci\u00f3n y certificaci\u00f3n acreditadas por los fabricantes, para que puedas alcanzar tus objetivos de prestaci\u00f3n interna.<\/p>\n\n\n    <section class=\"links wp-block animate alignwide\">\r\n        <div class=\"links__inner\">\r\n                                <h2 class=\"links__heading has--heading-border\"><p>Nuestra cartera de servicios para partners<\/p>\n<\/h2>\r\n            \r\n            \r\n            <div class=\"links__items\">\r\n                                                            <div class=\"links__item\">\r\n                                <a  href=\"https:\/\/www.infinigate.com\/es\/services\/partner-growth-enablement-services\/\" target=\"\">\r\n                Partner Enablement             <\/a>\r\n                        <\/div>\r\n                                                                                <div class=\"links__item\">\r\n                                <a  href=\"https:\/\/www.infinigate.com\/es\/services\/smart-data\/\" target=\"\">\r\n                Smart Data             <\/a>\r\n                        <\/div>\r\n                                                                                <div class=\"links__item\">\r\n                                <a  href=\"https:\/\/www.infinigate.com\/es\/services\/managed-services\/\" target=\"\">\r\n                Managed Services             <\/a>\r\n                        <\/div>\r\n                                                                                <div class=\"links__item\">\r\n                                <a  href=\"https:\/\/www.infinigate.com\/es\/services\/support-and-maintenance\/\" target=\"\">\r\n                Support and Maintenance            <\/a>\r\n                        <\/div>\r\n                                                                                <div class=\"links__item\">\r\n                                <a  href=\"https:\/\/www.infinigate.com\/es\/services\/professional-config-and-installation-services\/\" target=\"\">\r\n                Professional Configuration and Installation             <\/a>\r\n                        <\/div>\r\n                                                                                <div class=\"links__item\">\r\n                                <a  href=\"https:\/\/www.infinigate.com\/es\/services\/vendor-accredited-training\/\" target=\"\">\r\n                Vendor Accredited Training            <\/a>\r\n                        <\/div>\r\n                                                                                <div class=\"links__item\">\r\n                                <a  href=\"https:\/\/www.infinigate.com\/es\/services\/global-logistics\/\" target=\"\">\r\n                Global Logistics            <\/a>\r\n                        <\/div>\r\n                                                <\/div>\r\n        <\/div>\r\n    <\/section>\r\n\n\n<section class=\"cta-banner wp-block alignfull\">\r\n    <div class=\"cta-banner__inner\">\r\n        <div class=\"cta-banner__content\">\r\n\r\n                                <h2 class=\"cta-banner__heading\"><p>\u00bfNecesita m\u00e1s ayuda con nuestros servicios?<\/p>\n<\/h2>\r\n            \r\n                            <div class=\"cta-banner__subheading\">\r\n                    <p>Un miembro de nuestro equipo est\u00e1 a su disposici\u00f3n para ayudarle con su consulta.<\/p>\n                <\/div>\r\n                    <\/div>\r\n\r\n                    <div class=\"cta-banner__button\">\r\n                    <a  href=\"https:\/\/www.infinigate.com\/es\/contact\/\" target=\"\" class=\"g-button g-button--arrow\">\r\n                P\u00f3ngase en contacto            <\/a>\r\n            <\/div>\r\n            <\/div>\r\n\r\n    \r\n\r\n<\/section>\r\n","protected":false},"excerpt":{"rendered":"<p>Aprovecha la creciente oportunidad en servicios de TI Los servicios de TI representan una oportunidad de ingresos significativa y en&hellip;<\/p>\n","protected":false},"author":13,"featured_media":3064,"parent":0,"menu_order":3,"comment_status":"closed","ping_status":"closed","template":"","meta":{"_acf_changed":false,"footnotes":""},"folder":[],"class_list":["post-851","page","type-page","status-publish","has-post-thumbnail","hentry"],"acf":[],"distributor_meta":false,"distributor_terms":false,"distributor_media":false,"distributor_original_site_name":"Infinigate | Spain","distributor_original_site_url":"https:\/\/www.infinigate.com\/es","push-errors":false,"_links":{"self":[{"href":"https:\/\/www.infinigate.com\/es\/wp-json\/wp\/v2\/pages\/851","targetHints":{"allow":["GET"]}}],"collection":[{"href":"https:\/\/www.infinigate.com\/es\/wp-json\/wp\/v2\/pages"}],"about":[{"href":"https:\/\/www.infinigate.com\/es\/wp-json\/wp\/v2\/types\/page"}],"author":[{"embeddable":true,"href":"https:\/\/www.infinigate.com\/es\/wp-json\/wp\/v2\/users\/13"}],"replies":[{"embeddable":true,"href":"https:\/\/www.infinigate.com\/es\/wp-json\/wp\/v2\/comments?post=851"}],"version-history":[{"count":0,"href":"https:\/\/www.infinigate.com\/es\/wp-json\/wp\/v2\/pages\/851\/revisions"}],"wp:featuredmedia":[{"embeddable":true,"href":"https:\/\/www.infinigate.com\/es\/wp-json\/wp\/v2\/media\/3064"}],"wp:attachment":[{"href":"https:\/\/www.infinigate.com\/es\/wp-json\/wp\/v2\/media?parent=851"}],"wp:term":[{"taxonomy":"folder","embeddable":true,"href":"https:\/\/www.infinigate.com\/es\/wp-json\/wp\/v2\/folder?post=851"}],"curies":[{"name":"wp","href":"https:\/\/api.w.org\/{rel}","templated":true}]}}