{"id":3888,"date":"2023-12-13T16:26:42","date_gmt":"2023-12-13T16:26:42","guid":{"rendered":"https:\/\/www.infinigate.com\/fi\/?page_id=3888"},"modified":"2024-09-12T18:50:54","modified_gmt":"2024-09-12T15:50:54","slug":"markkinointi","status":"publish","type":"page","link":"https:\/\/www.infinigate.com\/fi\/palvelut\/markkinointi\/","title":{"rendered":"Markkinointi"},"content":{"rendered":"\n<figure class=\"wp-block-image alignfull size-full is-style-corner-overlay\"><img loading=\"lazy\" decoding=\"async\" width=\"1440\" height=\"510\" src=\"https:\/\/infinigatecstg.wpengine.com\/wp-content\/uploads\/2023\/04\/Partner-Enablement-services-1.jpg\" alt=\"\" class=\"wp-image-3070\" srcset=\"https:\/\/www.infinigate.com\/fi\/wp-content\/uploads\/sites\/30\/2023\/04\/Partner-Enablement-services-1.jpg 1440w, https:\/\/www.infinigate.com\/fi\/wp-content\/uploads\/sites\/30\/2023\/04\/Partner-Enablement-services-1-300x106.jpg 300w, https:\/\/www.infinigate.com\/fi\/wp-content\/uploads\/sites\/30\/2023\/04\/Partner-Enablement-services-1-1024x363.jpg 1024w, https:\/\/www.infinigate.com\/fi\/wp-content\/uploads\/sites\/30\/2023\/04\/Partner-Enablement-services-1-768x272.jpg 768w\" sizes=\"auto, (max-width: 1440px) 100vw, 1440px\" \/><\/figure>\n\n\n\n<div class=\"wp-block-columns is-layout-flex wp-container-core-columns-is-layout-9d6595d7 wp-block-columns-is-layout-flex\">\n<div class=\"wp-block-column is-layout-flow wp-block-column-is-layout-flow\">\n<p class=\"is-style-large-body\">Me Infinigatella uskolle, ett\u00e4 IT-maahantuojasi pit\u00e4isi pysty\u00e4 antamaan teille tukea mit\u00e4 juuri te tarvitsette  \u2013 siihen me pyrimme.&nbsp;&nbsp;<\/p>\n\n\n\n<p><br><\/p>\n<\/div>\n\n\n\n<div class=\"wp-block-column is-layout-flow wp-block-column-is-layout-flow\">\n<p>Ammattitaitoisten, omistautuneiden tietoturva-asiantuntijoidemme avulla  autamme teit\u00e4 l\u00f6yt\u00e4m\u00e4\u00e4n ratkaisut, palvelut ja koulutukset juuri teid\u00e4n tarpeisiinne.&nbsp;&nbsp;<\/p>\n<\/div>\n<\/div>\n\n\n\n<h2 class=\"wp-block-heading is-style-border-left wp-block-heading\" id=\"h-tietoturva-asiantuntijamme-auttavat-teita\">Tietoturva-asiantuntijamme <strong>auttavat<\/strong> teit\u00e4 <\/h2>\n\n\n\n<p>Tarvitsetpa sitten apua teknologiaan liittyviss\u00e4 kysymyksiss\u00e4 tai tukea houkuttelevan tarjouksen luomisessa, ammattitaitoiset asiantuntijamme ovat apunanne.<\/p>\n\n\n\n<p>Yhdess\u00e4 saamme enemm\u00e4n aikaan.<\/p>\n\n\n\n<p>Voimme my\u00f6s auttaa sinua liiketoiminnan suunnittelussa ja jakaa n\u00e4kemyksi\u00e4 uusista trendeist\u00e4 ja mahdollisuuksista markkinoilla. T\u00e4m\u00e4 tarkoittaa, ett\u00e4 tied\u00e4t miss\u00e4 on kasvumahdollisuuksia ja miten voitte niit\u00e4 hy\u00f6dynt\u00e4\u00e4 parhaiten.<\/p>\n\n\n<section class=\"media-content wp-block media-content--right media-content--media-type--image has-gray-25-background-color has-background alignfull\">\r\n    <div class=\"media-content__inner\">\r\n        <div class=\"media-content__content\">\r\n                                <h2 class=\"media-content__heading\">Markkinointi tuki<\/h2>\r\n            \r\n            \r\n            <p><span data-contrast=\"auto\">Markkinointi tiimimme on valmiina auttamaan sinua kasvattamaan liiketoimintaasi.\u00a0<\/span><\/p>\n<p><span data-contrast=\"auto\">Autamme kampanjoiden luomisessa, suunnittelussa sek\u00e4 tarjoamme r\u00e4\u00e4t\u00e4l\u00f6ityj\u00e4 aktiviteetteja, jotka t\u00e4ydent\u00e4v\u00e4t ja tukevat markkinointistrategiaasi. Yhdess\u00e4 p\u00e4\u00e4miehiemme kanssa tuemme teit\u00e4 ja autamme l\u00f6yt\u00e4m\u00e4\u00e4n uusia keinoja markkinoiden valloittamiseksi.<br \/>\n<\/span><\/p>\n\r\n                    <\/div>\r\n\r\n                    <div class=\"media-content__media\">\r\n                <img loading=\"lazy\" decoding=\"async\" width=\"900\" height=\"582\" src=\"https:\/\/www.infinigate.com\/fi\/wp-content\/uploads\/sites\/30\/2023\/04\/Partner-Enablement-services-2.jpg\" class=\"attachment-super size-super\" alt=\"Partner Enablement services\" sizes=\"auto, (max-width: 768px) 100vw, 50vw\" srcset=\"https:\/\/www.infinigate.com\/fi\/wp-content\/uploads\/sites\/30\/2023\/04\/Partner-Enablement-services-2.jpg 900w, https:\/\/www.infinigate.com\/fi\/wp-content\/uploads\/sites\/30\/2023\/04\/Partner-Enablement-services-2-300x194.jpg 300w, https:\/\/www.infinigate.com\/fi\/wp-content\/uploads\/sites\/30\/2023\/04\/Partner-Enablement-services-2-768x497.jpg 768w\" \/>            <\/div>\r\n            <\/div>\r\n<\/section>\r\n\n\n\n<div class=\"wp-block-columns is-layout-flex wp-container-core-columns-is-layout-9d6595d7 wp-block-columns-is-layout-flex\">\n<div class=\"wp-block-column is-layout-flow wp-block-column-is-layout-flow\">\n<h2 class=\"wp-block-heading is-style-border-left wp-block-heading\" id=\"h-koulutus\">Koulutus<\/h2>\n\n\n\n<p>Tietojen ja taitojen lis\u00e4\u00e4minen p\u00e4\u00e4miesten tietoturvaratkaisuissa auttaa teit\u00e4 myynnillisesti kasvamaan entist\u00e4 enemm\u00e4n.<\/p>\n\n\n\n<p>Se my\u00f6s varmistaa, ett\u00e4 loppuasiakkaasi saavat kaiken irti teknologiasta, mik\u00e4 lis\u00e4\u00e4 luottamusta ja sitoutumista teihin.<\/p>\n\n\n\n<p>Voimme auttaa teit\u00e4 kehitt\u00e4\u00e4m\u00e4n taitoja monipuolisilla koulutusmahdollisuuksilla.<\/p>\n\n\n\n<p>Voit keskitty\u00e4 tiettyihin ratkaisuihin tai <a href=\"https:\/\/infinigatecstg.wpengine.com\/services\/vendor-accredited-training\/\">suorittaa p\u00e4\u00e4miehen sertifiointikoulutuksen<\/a> parantaaksesi tukikyky\u00e4si sek\u00e4 palveluitasi.<\/p>\n\n\n\n<p><br><\/p>\n<\/div>\n\n\n\n<div class=\"wp-block-column is-layout-flow wp-block-column-is-layout-flow\">\n<h2 class=\"wp-block-heading is-style-border-left wp-block-heading\" id=\"h-rahoitus\">Rahoitus<\/h2>\n\n\n\n<p>Taloudellinen tuki on kasvun kulmakivi.<\/p>\n\n\n\n<p>Tarjoamme joustavia maksuehtoja ja rahoituspalveluita, jotka voit siirt\u00e4\u00e4 asiakkaillesi. Kysy meilt\u00e4 lis\u00e4\u00e4 rahoituspalvelusta.<\/p>\n<\/div>\n<\/div>\n\n\n<section class=\"cta-banner wp-block alignfull\">\r\n    <div class=\"cta-banner__inner\">\r\n        <div class=\"cta-banner__content\">\r\n\r\n                                <h2 class=\"cta-banner__heading\"><p>Tarvitsetko apua?<\/p>\n<\/h2>\r\n            \r\n                            <div class=\"cta-banner__subheading\">\r\n                    <p>Infinigaten tiimimme auttaa teit\u00e4 miellell\u00e4\u00e4n. Ota yhteytt\u00e4 ja jutellaan lis\u00e4\u00e4.<\/p>\n                <\/div>\r\n                    <\/div>\r\n\r\n                    <div class=\"cta-banner__button\">\r\n                    <a  href=\"https:\/\/infinigatecstg.wpengine.com\/contact\/\" target=\"\" class=\"g-button g-button--arrow\">\r\n                Ota yhteytt\u00e4            <\/a>\r\n            <\/div>\r\n            <\/div>\r\n\r\n    \r\n\r\n<\/section>\r\n","protected":false},"excerpt":{"rendered":"<p>Me Infinigatella uskolle, ett\u00e4 IT-maahantuojasi pit\u00e4isi pysty\u00e4 antamaan teille tukea mit\u00e4 juuri te tarvitsette \u2013 siihen me pyrimme.&nbsp;&nbsp; Ammattitaitoisten, omistautuneiden&hellip;<\/p>\n","protected":false},"author":92,"featured_media":1747,"parent":3885,"menu_order":42,"comment_status":"closed","ping_status":"closed","template":"","meta":{"_acf_changed":false,"footnotes":""},"folder":[437],"class_list":["post-3888","page","type-page","status-publish","has-post-thumbnail","hentry"],"acf":[],"lang":"fi","translations":{"fi":3888,"en":3741},"distributor_meta":false,"distributor_terms":false,"distributor_media":false,"distributor_original_site_name":"Infinigate | Finland","distributor_original_site_url":"https:\/\/www.infinigate.com\/fi","push-errors":false,"pll_sync_post":[],"_links":{"self":[{"href":"https:\/\/www.infinigate.com\/fi\/wp-json\/wp\/v2\/pages\/3888","targetHints":{"allow":["GET"]}}],"collection":[{"href":"https:\/\/www.infinigate.com\/fi\/wp-json\/wp\/v2\/pages"}],"about":[{"href":"https:\/\/www.infinigate.com\/fi\/wp-json\/wp\/v2\/types\/page"}],"author":[{"embeddable":true,"href":"https:\/\/www.infinigate.com\/fi\/wp-json\/wp\/v2\/users\/92"}],"replies":[{"embeddable":true,"href":"https:\/\/www.infinigate.com\/fi\/wp-json\/wp\/v2\/comments?post=3888"}],"version-history":[{"count":0,"href":"https:\/\/www.infinigate.com\/fi\/wp-json\/wp\/v2\/pages\/3888\/revisions"}],"up":[{"embeddable":true,"href":"https:\/\/www.infinigate.com\/fi\/wp-json\/wp\/v2\/pages\/3885"}],"wp:featuredmedia":[{"embeddable":true,"href":"https:\/\/www.infinigate.com\/fi\/wp-json\/wp\/v2\/media\/1747"}],"wp:attachment":[{"href":"https:\/\/www.infinigate.com\/fi\/wp-json\/wp\/v2\/media?parent=3888"}],"wp:term":[{"taxonomy":"folder","embeddable":true,"href":"https:\/\/www.infinigate.com\/fi\/wp-json\/wp\/v2\/folder?post=3888"}],"curies":[{"name":"wp","href":"https:\/\/api.w.org\/{rel}","templated":true}]}}