{"id":4491,"date":"2024-06-14T23:18:53","date_gmt":"2024-06-14T22:18:53","guid":{"rendered":"https:\/\/www.infinigate.com\/fi\/?page_id=4491"},"modified":"2024-10-07T16:59:23","modified_gmt":"2024-10-07T13:59:23","slug":"tilaa-uutiskirje","status":"publish","type":"page","link":"https:\/\/www.infinigate.com\/fi\/tilaa-uutiskirje\/","title":{"rendered":"Tilaa uutiskirje"},"content":{"rendered":"\n<h2 class=\"wp-block-heading wp-block-heading\" id=\"h-haluatko-saada-viimeisimmat-uutiset-postilaatikkoosi\">Haluatko saada viimeisimm\u00e4t uutiset postilaatikkoosi?<\/h2>\n\n\n\n<p>Tilaamalla uutiskirjeemme voit pysy\u00e4 ajan tasalla viimeisimmist\u00e4 kyberturvallisuusongelmista, edustamiemme p\u00e4\u00e4miestemme webinaareista sek\u00e4 uutuuksista. T\u00e4yt\u00e4 alla oleva lomake liitty\u00e4ksesi jakelulistallemme.<\/p>\n\n\n\n<script charset=\"utf-8\" type=\"text\/javascript\" src=\"\/\/js.hsforms.net\/forms\/embed\/v2.js\"><\/script>\n<script>\n  hbspt.forms.create({\n    region: \"na1\",\n    portalId: \"7214250\",\n    formId: \"3c5823bc-adfb-42ec-a698-3c793f76685a\"\n  });\n<\/script>\n","protected":false},"excerpt":{"rendered":"<p>Haluatko saada viimeisimm\u00e4t uutiset postilaatikkoosi? Tilaamalla uutiskirjeemme voit pysy\u00e4 ajan tasalla viimeisimmist\u00e4 kyberturvallisuusongelmista, edustamiemme p\u00e4\u00e4miestemme webinaareista sek\u00e4 uutuuksista. T\u00e4yt\u00e4 alla&hellip;<\/p>\n","protected":false},"author":13,"featured_media":0,"parent":0,"menu_order":34,"comment_status":"closed","ping_status":"closed","template":"","meta":{"_acf_changed":false,"footnotes":""},"folder":[468],"class_list":["post-4491","page","type-page","status-publish","hentry"],"acf":[],"lang":"fi","translations":{"fi":4491},"distributor_meta":false,"distributor_terms":false,"distributor_media":false,"distributor_original_site_name":"Infinigate | Finland","distributor_original_site_url":"https:\/\/www.infinigate.com\/fi","push-errors":false,"pll_sync_post":[],"_links":{"self":[{"href":"https:\/\/www.infinigate.com\/fi\/wp-json\/wp\/v2\/pages\/4491","targetHints":{"allow":["GET"]}}],"collection":[{"href":"https:\/\/www.infinigate.com\/fi\/wp-json\/wp\/v2\/pages"}],"about":[{"href":"https:\/\/www.infinigate.com\/fi\/wp-json\/wp\/v2\/types\/page"}],"author":[{"embeddable":true,"href":"https:\/\/www.infinigate.com\/fi\/wp-json\/wp\/v2\/users\/13"}],"replies":[{"embeddable":true,"href":"https:\/\/www.infinigate.com\/fi\/wp-json\/wp\/v2\/comments?post=4491"}],"version-history":[{"count":0,"href":"https:\/\/www.infinigate.com\/fi\/wp-json\/wp\/v2\/pages\/4491\/revisions"}],"wp:attachment":[{"href":"https:\/\/www.infinigate.com\/fi\/wp-json\/wp\/v2\/media?parent=4491"}],"wp:term":[{"taxonomy":"folder","embeddable":true,"href":"https:\/\/www.infinigate.com\/fi\/wp-json\/wp\/v2\/folder?post=4491"}],"curies":[{"name":"wp","href":"https:\/\/api.w.org\/{rel}","templated":true}]}}