{"id":4525,"date":"2024-06-15T12:27:07","date_gmt":"2024-06-15T11:27:07","guid":{"rendered":"https:\/\/www.infinigate.com\/fi\/?page_id=4525"},"modified":"2024-09-12T18:50:06","modified_gmt":"2024-09-12T15:50:06","slug":"koulutukset","status":"publish","type":"page","link":"https:\/\/www.infinigate.com\/fi\/palvelut\/koulutukset\/","title":{"rendered":"Koulutukset"},"content":{"rendered":"\n<figure class=\"wp-block-image alignfull size-full is-style-corner-overlay\"><img loading=\"lazy\" decoding=\"async\" width=\"1440\" height=\"510\" src=\"https:\/\/www.infinigate.com\/fi\/wp-content\/uploads\/sites\/30\/2023\/03\/Hero-image-training.jpg\" alt=\"\" class=\"wp-image-1807\" srcset=\"https:\/\/www.infinigate.com\/fi\/wp-content\/uploads\/sites\/30\/2023\/03\/Hero-image-training.jpg 1440w, https:\/\/www.infinigate.com\/fi\/wp-content\/uploads\/sites\/30\/2023\/03\/Hero-image-training-300x106.jpg 300w, https:\/\/www.infinigate.com\/fi\/wp-content\/uploads\/sites\/30\/2023\/03\/Hero-image-training-1024x363.jpg 1024w, https:\/\/www.infinigate.com\/fi\/wp-content\/uploads\/sites\/30\/2023\/03\/Hero-image-training-768x272.jpg 768w\" sizes=\"auto, (max-width: 1440px) 100vw, 1440px\" \/><\/figure>\n\n\n\n<div class=\"wp-block-columns is-layout-flex wp-container-core-columns-is-layout-9d6595d7 wp-block-columns-is-layout-flex\">\n<div class=\"wp-block-column is-layout-flow wp-block-column-is-layout-flow\">\n<p class=\"is-style-large-body\">Me Infinigatella uskomme, ett\u00e4 koulutus on olennaista j\u00e4lleenmyyjien kasvulle sill\u00e4 se auttaa teit\u00e4 tarttumaan uusiin mahdollisuuksiin ja saavuttamaan tuloksia onnistuneesti.<\/p>\n\n\n\n<p class=\"is-style-default\">T\u00e4st\u00e4 syyst\u00e4 meilt\u00e4 tarjoamme p\u00e4\u00e4miestemme koulutuksia j\u00e4lleenmyyjille virtuaalisesti sek\u00e4 hands on  -luokkakouluksia.  <\/p>\n\n\n\n<p class=\"is-style-default\">J\u00e4lleenmyyj\u00e4kohtaisesti voidaan suunnitella teid\u00e4n tarpeisiin sopivia koulutuksia, teknisi\u00e4 tai myynnillisi\u00e4.<\/p>\n\n\n\n<p>Oli koulutustarpeesi mik\u00e4 tahansa, voit laittaa meille viesti\u00e4 ja kysy\u00e4 lis\u00e4\u00e4. <\/p>\n<\/div>\n\n\n\n<div class=\"wp-block-column is-layout-flow wp-block-column-is-layout-flow\">\n<p>Webinaareja meill\u00e4 on s\u00e4\u00e4nn\u00f6llisesti ja l\u00f6yd\u00e4t koulutuskalenteristamme. <\/p>\n\n\n\n<p><strong>Palveluihimme kuuluvat:<\/strong><\/p>\n\n\n\n<ul class=\"wp-block-list\">\n<li><strong>P\u00e4\u00e4miesten koulutukset<\/strong>, jotka auttavat teit\u00e4 sertifioitumaan p\u00e4\u00e4miehen ratkaisuihin.<\/li>\n<\/ul>\n\n\n\n<ul class=\"wp-block-list\">\n<li><strong>Workshopit<\/strong>, jotka auttavat teit\u00e4 tukemaan ja toimimaan k\u00e4ytt\u00f6\u00f6n otettujen asiakasratkaisujen kanssa.<\/li>\n<\/ul>\n<\/div>\n<\/div>\n\n\n<section class=\"cta-banner wp-block alignfull\">\r\n    <div class=\"cta-banner__inner\">\r\n        <div class=\"cta-banner__content\">\r\n\r\n                                <h2 class=\"cta-banner__heading\"><p>Tarvitsetko apua?<\/p>\n<\/h2>\r\n            \r\n                            <div class=\"cta-banner__subheading\">\r\n                    <p>Infinigaten tiimimme auttaa teit\u00e4 miellell\u00e4\u00e4n. Ota yhteytt\u00e4 ja jutellaan lis\u00e4\u00e4.<\/p>\n                <\/div>\r\n                    <\/div>\r\n\r\n                    <div class=\"cta-banner__button\">\r\n                    <a  href=\"https:\/\/www.infinigate.com\/fi\/contact\/\" target=\"\" class=\"g-button g-button--arrow\">\r\n                Ota yhteytt\u00e4            <\/a>\r\n            <\/div>\r\n            <\/div>\r\n\r\n    \r\n\r\n<\/section>\r\n","protected":false},"excerpt":{"rendered":"<p>Me Infinigatella uskomme, ett\u00e4 koulutus on olennaista j\u00e4lleenmyyjien kasvulle sill\u00e4 se auttaa teit\u00e4 tarttumaan uusiin mahdollisuuksiin ja saavuttamaan tuloksia onnistuneesti.&hellip;<\/p>\n","protected":false},"author":13,"featured_media":1807,"parent":3885,"menu_order":41,"comment_status":"closed","ping_status":"closed","template":"","meta":{"_acf_changed":false,"footnotes":""},"folder":[437],"class_list":["post-4525","page","type-page","status-publish","has-post-thumbnail","hentry"],"acf":[],"lang":"fi","translations":{"fi":4525,"en":1729},"distributor_meta":false,"distributor_terms":false,"distributor_media":false,"distributor_original_site_name":"Infinigate | Finland","distributor_original_site_url":"https:\/\/www.infinigate.com\/fi","push-errors":false,"pll_sync_post":[],"_links":{"self":[{"href":"https:\/\/www.infinigate.com\/fi\/wp-json\/wp\/v2\/pages\/4525","targetHints":{"allow":["GET"]}}],"collection":[{"href":"https:\/\/www.infinigate.com\/fi\/wp-json\/wp\/v2\/pages"}],"about":[{"href":"https:\/\/www.infinigate.com\/fi\/wp-json\/wp\/v2\/types\/page"}],"author":[{"embeddable":true,"href":"https:\/\/www.infinigate.com\/fi\/wp-json\/wp\/v2\/users\/13"}],"replies":[{"embeddable":true,"href":"https:\/\/www.infinigate.com\/fi\/wp-json\/wp\/v2\/comments?post=4525"}],"version-history":[{"count":0,"href":"https:\/\/www.infinigate.com\/fi\/wp-json\/wp\/v2\/pages\/4525\/revisions"}],"up":[{"embeddable":true,"href":"https:\/\/www.infinigate.com\/fi\/wp-json\/wp\/v2\/pages\/3885"}],"wp:featuredmedia":[{"embeddable":true,"href":"https:\/\/www.infinigate.com\/fi\/wp-json\/wp\/v2\/media\/1807"}],"wp:attachment":[{"href":"https:\/\/www.infinigate.com\/fi\/wp-json\/wp\/v2\/media?parent=4525"}],"wp:term":[{"taxonomy":"folder","embeddable":true,"href":"https:\/\/www.infinigate.com\/fi\/wp-json\/wp\/v2\/folder?post=4525"}],"curies":[{"name":"wp","href":"https:\/\/api.w.org\/{rel}","templated":true}]}}