{"id":4528,"date":"2024-06-15T12:30:21","date_gmt":"2024-06-15T09:30:21","guid":{"rendered":"https:\/\/www.infinigate.com\/fi\/?page_id=4528"},"modified":"2024-12-31T11:50:32","modified_gmt":"2024-12-31T09:50:32","slug":"konsultointi","status":"publish","type":"page","link":"https:\/\/www.infinigate.com\/fi\/palvelut\/konsultointi\/","title":{"rendered":"Konsultointi ja MSP palvelut"},"content":{"rendered":"    <section style=\"--content-grid--columns: 1;\" class=\"content-grid wp-block animate content-grid--1-columns alignfull has-background has-grey-light-background-color\">\r\n        <div class=\"content-grid__inner\">\r\n            \r\n\r\n                                <h2 class=\"content-grid__heading has--heading-border\">Palveluvalikoimamme<\/h2>\r\n            \r\n\r\n            \r\n                    \r\n                                                    \r\n                    \r\n                                                                        <div class=\"content-grid__items\">\r\n                                                                            <div class=\"content-grid__item has-background has-gray-200-background-color\">\r\n                                                                                            <div class=\"content-grid__item__icon has-background\">\r\n                                                    <div class=\"content-grid__item__icon-inner\">\r\n                                                        <img loading=\"lazy\" decoding=\"async\" width=\"100\" height=\"100\" src=\"https:\/\/www.infinigate.com\/fi\/wp-content\/uploads\/sites\/30\/2023\/04\/home-icon_secure-technolgies.svg\" class=\"attachment-medium_large size-medium_large\" alt=\"secure technologies\" \/>                                                    <\/div>\r\n                                                <\/div>\r\n                                            \r\n                                                \r\n                                        \r\n                                                                                        <h3 class=\"content-grid__item__heading\">Kyberturvallisuuspalvelut<\/h3>\r\n                                        \r\n                                                                        <div class=\" content-grid__item__subheading\">\r\n                                            <p>Kyberturvallisuusymp\u00e4rist\u00f6t ovat alkaneet olla yh\u00e4 monimutkaisempia ja asiakkaat osaavat vaatia enemm\u00e4n t\u00e4m\u00e4 p\u00e4iv\u00e4n\u00e4.<\/p>\n<p>Infinigate tarjoaa monen vuoden kokemuksella MSP -palveluna yh\u00e4 useampaa teknologiaa.<\/p>\n<p>P\u00e4\u00e4miestemme \u2018ready-to-go\u2019 -palvelut mahdollistavat asiakkaillesi kuukausipohjaisen tietoturvaratkaisupalvelun, joko fyysisen\u00e4 ymp\u00e4rist\u00f6n\u00e4 tai virtuaalisena. N\u00e4in saadaan kriittiset ymp\u00e4rist\u00f6t turvattua p\u00e4\u00e4st\u00e4 p\u00e4\u00e4h\u00e4n sek\u00e4 palveluntarjoajamalli tuo mahdollisuuden asiakkaillesi skaalautua muuttuvien tilanteiden mukaan.<\/p>\n                                <\/div>\r\n                                        \r\n                                        \r\n                        <\/div>\r\n                                                                            <div class=\"content-grid__item has-background has-gray-300-background-color\">\r\n                                                                                            <div class=\"content-grid__item__icon has-background\">\r\n                                                    <div class=\"content-grid__item__icon-inner\">\r\n                                                        <img loading=\"lazy\" decoding=\"async\" width=\"100\" height=\"100\" src=\"https:\/\/www.infinigate.com\/fi\/wp-content\/uploads\/sites\/30\/2023\/04\/icon-_secure-networks.svg\" class=\"attachment-medium_large size-medium_large\" alt=\"secure networks icon\" \/>                                                    <\/div>\r\n                                                <\/div>\r\n                                            \r\n                                                \r\n                                        \r\n                                                                                        <h3 class=\"content-grid__item__heading\">Tietoturvalliset verkot<\/h3>\r\n                                        \r\n                                                                        <div class=\" content-grid__item__subheading\">\r\n                                            <p>Monet organisaatiot etsiv\u00e4t hallittuja verkkopalveluita varmistaakseen niill\u00e4, ett\u00e4 toiminnan kannalta t\u00e4rke\u00e4t sovellukset ja palvelut ovat aina saatavilla.<\/p>\n<p>Me voimme auttaa maksimoimaan n\u00e4m\u00e4 mahdollisuudet MSP:n avulla.<\/p>\n<p>P\u00e4\u00e4miestemme palveluiden avulla voimme auttaa teid\u00e4n loppuasiakkaita saavuttamaan visionsa &#8220;aina p\u00e4\u00e4ll\u00e4 olevasta&#8221; ratkaisusta &#8211; tuomalla entist\u00e4 enemm\u00e4n arvoa tarjoamillesi palveluille.<\/p>\n                                <\/div>\r\n                                        \r\n                                        \r\n                        <\/div>\r\n                                                                            <div class=\"content-grid__item has-background has-gray-400-background-color\">\r\n                                                                                            <div class=\"content-grid__item__icon has-background\">\r\n                                                    <div class=\"content-grid__item__icon-inner\">\r\n                                                        <img loading=\"lazy\" decoding=\"async\" width=\"100\" height=\"100\" src=\"https:\/\/www.infinigate.com\/fi\/wp-content\/uploads\/sites\/30\/2023\/04\/icon-_secure-cloud.svg\" class=\"attachment-medium_large size-medium_large\" alt=\"secure cloud services\" \/>                                                    <\/div>\r\n                                                <\/div>\r\n                                            \r\n                                                \r\n                                        \r\n                                                                                        <h3 class=\"content-grid__item__heading\">Pilviratkaisut<\/h3>\r\n                                        \r\n                                                                        <div class=\" content-grid__item__subheading\">\r\n                                            <p>Monesti kun loppuasiakkaasi siirt\u00e4v\u00e4t t\u00e4rkeit\u00e4 sovelluksia ja t\u00f6it\u00e4ns\u00e4 pilveen, tietoturvaa ei ole otettu huomioon. Voi olla my\u00f6s ep\u00e4selvyytt\u00e4 siit\u00e4, kenell\u00e4 on vastuu pilviratkaisun turvallisuudesta ja miten se voidaan parhaiten saavuttaa.<\/p>\n<p>Infinigate tarjoaa valikoiman Managed Cloud Security -palveluja j\u00e4rjestelmien ja tietojen suojaamiseksi.<\/p>\n<p>Meilt\u00e4 l\u00f6ytyy teknologioita, joilla voidaan taata asiakkaillesi mielenrauha pilvipalveluratkaisuihin.<\/p>\n                                <\/div>\r\n                                        \r\n                                        \r\n                        <\/div>\r\n                                                    <\/div>\r\n                                    <\/div>\r\n    <\/section>\r\n\n\n\n<h2 class=\"wp-block-heading is-style-border-left wp-block-heading\" id=\"h-msp-palveluihin-liittyvat-dokumentit\">MSP-palveluihin liittyv\u00e4t dokumentit<\/h2>\n\n\n\n<p>Haluatko tehd\u00e4 kaiken itse? vai optimoida olemassa olevat prosessit palvleuntarjoajamalliin? <a href=\"https:\/\/www.infinigate.com\/fi\/msp\/\">Lue lis\u00e4\u00e4.<\/a><\/p>\n\n\n\n<div class=\"wp-block-columns is-layout-flex wp-container-core-columns-is-layout-9d6595d7 wp-block-columns-is-layout-flex\">\n<div class=\"wp-block-column is-layout-flow wp-block-column-is-layout-flow\">\n<div class=\"wp-block-columns is-layout-flex wp-container-core-columns-is-layout-9d6595d7 wp-block-columns-is-layout-flex\">\n<div class=\"wp-block-column is-layout-flow wp-block-column-is-layout-flow\">\n<figure class=\"wp-block-image size-full\"><a href=\"https:\/\/www.infinigate.com\/fi\/wp-content\/uploads\/sites\/30\/2023\/10\/SOC-as-a-Service-Datasheet.pdf\"><img loading=\"lazy\" decoding=\"async\" width=\"500\" height=\"708\" src=\"https:\/\/www.infinigate.com\/fi\/wp-content\/uploads\/sites\/30\/2023\/10\/SOC-as-a-Service-Datasheet.jpg\" alt=\"\" class=\"wp-image-3648\" srcset=\"https:\/\/www.infinigate.com\/fi\/wp-content\/uploads\/sites\/30\/2023\/10\/SOC-as-a-Service-Datasheet.jpg 500w, https:\/\/www.infinigate.com\/fi\/wp-content\/uploads\/sites\/30\/2023\/10\/SOC-as-a-Service-Datasheet-212x300.jpg 212w\" sizes=\"auto, (max-width: 500px) 100vw, 500px\" \/><\/a><\/figure>\n\n\n\n<p class=\"has-text-align-center\"><a href=\"https:\/\/www.infinigate.com\/fi\/wp-content\/uploads\/sites\/30\/2023\/10\/SOC-as-a-Service-Datasheet.pdf\">Infinigate SOC palveluna<\/a><\/p>\n<\/div>\n\n\n\n<div class=\"wp-block-column is-layout-flow wp-block-column-is-layout-flow\">\n<figure class=\"wp-block-image size-full\"><a href=\"https:\/\/www.infinigate.com\/fi\/wp-content\/uploads\/sites\/30\/2023\/10\/EDR-as-a-Service-Datasheet.pdf\"><img loading=\"lazy\" decoding=\"async\" width=\"500\" height=\"707\" src=\"https:\/\/www.infinigate.com\/fi\/wp-content\/uploads\/sites\/30\/2023\/10\/EDR-as-a-Service-Datasheet.jpg\" alt=\"\" class=\"wp-image-3649\" srcset=\"https:\/\/www.infinigate.com\/fi\/wp-content\/uploads\/sites\/30\/2023\/10\/EDR-as-a-Service-Datasheet.jpg 500w, https:\/\/www.infinigate.com\/fi\/wp-content\/uploads\/sites\/30\/2023\/10\/EDR-as-a-Service-Datasheet-212x300.jpg 212w\" sizes=\"auto, (max-width: 500px) 100vw, 500px\" \/><\/a><\/figure>\n\n\n\n<p class=\"has-text-align-center\"><a href=\"https:\/\/www.infinigate.com\/fi\/wp-content\/uploads\/sites\/30\/2023\/10\/EDR-as-a-Service-Datasheet.pdf\">Infinigate EDR palveluna<\/a><\/p>\n<\/div>\n<\/div>\n<\/div>\n\n\n\n<div class=\"wp-block-column is-layout-flow wp-block-column-is-layout-flow\">\n<div class=\"wp-block-columns is-layout-flex wp-container-core-columns-is-layout-9d6595d7 wp-block-columns-is-layout-flex\">\n<div class=\"wp-block-column is-layout-flow wp-block-column-is-layout-flow\">\n<figure class=\"wp-block-image size-full\"><a href=\"https:\/\/www.infinigate.com\/fi\/wp-content\/uploads\/sites\/30\/2023\/10\/Firewall-as-a-Service-Datasheet.pdf\"><img loading=\"lazy\" decoding=\"async\" width=\"500\" height=\"708\" src=\"https:\/\/www.infinigate.com\/fi\/wp-content\/uploads\/sites\/30\/2023\/10\/Firewall-as-a-Service-Datasheet.jpg\" alt=\"\" class=\"wp-image-3650\" srcset=\"https:\/\/www.infinigate.com\/fi\/wp-content\/uploads\/sites\/30\/2023\/10\/Firewall-as-a-Service-Datasheet.jpg 500w, https:\/\/www.infinigate.com\/fi\/wp-content\/uploads\/sites\/30\/2023\/10\/Firewall-as-a-Service-Datasheet-212x300.jpg 212w\" sizes=\"auto, (max-width: 500px) 100vw, 500px\" \/><\/a><\/figure>\n\n\n\n<p class=\"has-text-align-center\"><a href=\"https:\/\/www.infinigate.com\/fi\/wp-content\/uploads\/sites\/30\/2023\/10\/Firewall-as-a-Service-Datasheet.pdf\">Infinigate Firewall palveluna<\/a><\/p>\n<\/div>\n\n\n\n<div class=\"wp-block-column is-layout-flow wp-block-column-is-layout-flow\">\n<figure class=\"wp-block-image size-full\"><a href=\"https:\/\/www.infinigate.com\/fi\/wp-content\/uploads\/sites\/30\/2023\/10\/Infrastructure-as-a-Service-Datasheet.pdf\"><img loading=\"lazy\" decoding=\"async\" width=\"500\" height=\"709\" src=\"https:\/\/www.infinigate.com\/fi\/wp-content\/uploads\/sites\/30\/2023\/10\/Infrastructure-as-a-Service-Datasheet.jpg\" alt=\"\" class=\"wp-image-3651\" srcset=\"https:\/\/www.infinigate.com\/fi\/wp-content\/uploads\/sites\/30\/2023\/10\/Infrastructure-as-a-Service-Datasheet.jpg 500w, https:\/\/www.infinigate.com\/fi\/wp-content\/uploads\/sites\/30\/2023\/10\/Infrastructure-as-a-Service-Datasheet-212x300.jpg 212w\" sizes=\"auto, (max-width: 500px) 100vw, 500px\" \/><\/a><\/figure>\n\n\n\n<p class=\"has-text-align-center\"><a href=\"https:\/\/www.infinigate.com\/fi\/wp-content\/uploads\/sites\/30\/2023\/10\/Infrastructure-as-a-Service-Datasheet.pdf\">Infinigate Infrastructure palveluna<\/a><\/p>\n<\/div>\n<\/div>\n<\/div>\n<\/div>\n\n\n<section class=\"cta-banner wp-block alignfull\">\r\n    <div class=\"cta-banner__inner\">\r\n        <div class=\"cta-banner__content\">\r\n\r\n                                <h2 class=\"cta-banner__heading\"><p>Tarvitseko apua?<\/p>\n<\/h2>\r\n            \r\n                            <div class=\"cta-banner__subheading\">\r\n                    <p>Infinigaten tiimimme auttaa teit\u00e4 miellell\u00e4\u00e4n. Ota yhteytt\u00e4 ja jutellaan lis\u00e4\u00e4.<\/p>\n                <\/div>\r\n                    <\/div>\r\n\r\n                    <div class=\"cta-banner__button\">\r\n                    <a  href=\"https:\/\/www.infinigate.com\/fi\/contact\/\" target=\"\" class=\"g-button g-button--arrow\">\r\n                Ota yhteytt\u00e4            <\/a>\r\n            <\/div>\r\n            <\/div>\r\n\r\n    \r\n\r\n<\/section>\r\n","protected":false},"excerpt":{"rendered":"<p>MSP-palveluihin liittyv\u00e4t dokumentit Haluatko tehd\u00e4 kaiken itse? vai optimoida olemassa olevat prosessit palvleuntarjoajamalliin? Lue lis\u00e4\u00e4. Infinigate SOC palveluna Infinigate EDR&hellip;<\/p>\n","protected":false},"author":13,"featured_media":6741,"parent":3885,"menu_order":43,"comment_status":"closed","ping_status":"closed","template":"","meta":{"_acf_changed":false,"footnotes":""},"folder":[437],"class_list":["post-4528","page","type-page","status-publish","has-post-thumbnail","hentry"],"acf":[],"lang":"fi","translations":{"fi":4528,"en":1733},"distributor_meta":false,"distributor_terms":false,"distributor_media":false,"distributor_original_site_name":"Infinigate | Finland","distributor_original_site_url":"https:\/\/www.infinigate.com\/fi","push-errors":false,"pll_sync_post":[],"_links":{"self":[{"href":"https:\/\/www.infinigate.com\/fi\/wp-json\/wp\/v2\/pages\/4528","targetHints":{"allow":["GET"]}}],"collection":[{"href":"https:\/\/www.infinigate.com\/fi\/wp-json\/wp\/v2\/pages"}],"about":[{"href":"https:\/\/www.infinigate.com\/fi\/wp-json\/wp\/v2\/types\/page"}],"author":[{"embeddable":true,"href":"https:\/\/www.infinigate.com\/fi\/wp-json\/wp\/v2\/users\/13"}],"replies":[{"embeddable":true,"href":"https:\/\/www.infinigate.com\/fi\/wp-json\/wp\/v2\/comments?post=4528"}],"version-history":[{"count":0,"href":"https:\/\/www.infinigate.com\/fi\/wp-json\/wp\/v2\/pages\/4528\/revisions"}],"up":[{"embeddable":true,"href":"https:\/\/www.infinigate.com\/fi\/wp-json\/wp\/v2\/pages\/3885"}],"wp:featuredmedia":[{"embeddable":true,"href":"https:\/\/www.infinigate.com\/fi\/wp-json\/wp\/v2\/media\/6741"}],"wp:attachment":[{"href":"https:\/\/www.infinigate.com\/fi\/wp-json\/wp\/v2\/media?parent=4528"}],"wp:term":[{"taxonomy":"folder","embeddable":true,"href":"https:\/\/www.infinigate.com\/fi\/wp-json\/wp\/v2\/folder?post=4528"}],"curies":[{"name":"wp","href":"https:\/\/api.w.org\/{rel}","templated":true}]}}