{"id":4532,"date":"2024-06-15T12:32:15","date_gmt":"2024-06-15T11:32:15","guid":{"rendered":"https:\/\/www.infinigate.com\/fi\/?page_id=4532"},"modified":"2024-09-12T18:52:19","modified_gmt":"2024-09-12T15:52:19","slug":"myynnin-tuki","status":"publish","type":"page","link":"https:\/\/www.infinigate.com\/fi\/palvelut\/myynnin-tuki\/","title":{"rendered":"Myynnin tuki"},"content":{"rendered":"\n<figure class=\"wp-block-image alignfull size-full is-style-default\"><img loading=\"lazy\" decoding=\"async\" width=\"1440\" height=\"510\" src=\"https:\/\/www.infinigate.com\/fi\/wp-content\/uploads\/sites\/30\/2023\/03\/Hero-image-support.jpg\" alt=\"\" class=\"wp-image-1801\" srcset=\"https:\/\/www.infinigate.com\/fi\/wp-content\/uploads\/sites\/30\/2023\/03\/Hero-image-support.jpg 1440w, https:\/\/www.infinigate.com\/fi\/wp-content\/uploads\/sites\/30\/2023\/03\/Hero-image-support-300x106.jpg 300w, https:\/\/www.infinigate.com\/fi\/wp-content\/uploads\/sites\/30\/2023\/03\/Hero-image-support-1024x363.jpg 1024w, https:\/\/www.infinigate.com\/fi\/wp-content\/uploads\/sites\/30\/2023\/03\/Hero-image-support-768x272.jpg 768w\" sizes=\"auto, (max-width: 1440px) 100vw, 1440px\" \/><\/figure>\n\n\n\n<div class=\"wp-block-columns is-layout-flex wp-container-core-columns-is-layout-9d6595d7 wp-block-columns-is-layout-flex\">\n<div class=\"wp-block-column is-layout-flow wp-block-column-is-layout-flow\">\n<p class=\"is-style-large-body\">Liiketoiminnan tarpeet ja digitaalinen ymp\u00e4rist\u00f6 muuttuvat jatkuvasti yh\u00e4 mutkikkaammaksi. <\/p>\n\n\n\n<p class=\"is-style-default\">Voimme auttaa teit\u00e4 kehitt\u00e4m\u00e4\u00e4n liiketoimintaanne k\u00e4ym\u00e4ll\u00e4 l\u00e4pi kuinka voitte hy\u00f6dynt\u00e4\u00e4 p\u00e4\u00e4miestemme eri teknologioita omissa palveluissanne. N\u00e4in asiakkaanne saavat tarvitsemiaan tietoturvapalveluita, jotka toimivat muuttuvassa ymp\u00e4rist\u00f6ss\u00e4 kustannustehokkaasti. <\/p>\n\n\n\n<p>Jokaisella yrityksell\u00e4 on tietoa, joka ei kuulu ulkopuolisille ja myynnin tulee ymm\u00e4rt\u00e4\u00e4 mit\u00e4 tapahtuu tietoturva-alueella sek\u00e4 mihin ollaan menossa.<\/p>\n\n\n\n<p><br><\/p>\n<\/div>\n\n\n\n<div class=\"wp-block-column is-layout-flow wp-block-column-is-layout-flow\">\n<p>Jotta teill\u00e4 on uusin tieto ja taito j\u00e4rjest\u00e4mme niin myynnillisi\u00e4 kuin teknisi\u00e4 koulutuksia j\u00e4lleenmyyjillemme. <\/p>\n\n\n\n<p>Me infinigatella tuemme teit\u00e4 my\u00f6s tulemalla mukaan asiakask\u00e4ynneille pyydett\u00e4ess\u00e4, j\u00e4rjest\u00e4m\u00e4ll\u00e4 teille myynninkoulutusta, jotta koko tiiminne on valmis tarjoamaan tietoturvapalveluita asiakkaillenne.<\/p>\n\n\n\n<p>Olemme valmiita vastaamaan nopeastikkin varmistaaksemme, ett\u00e4 saatte tarvitsemaanne apua miss\u00e4 ja milloin tahansa.<\/p>\n<\/div>\n<\/div>\n\n\n<section class=\"cta-banner wp-block alignfull\">\r\n    <div class=\"cta-banner__inner\">\r\n        <div class=\"cta-banner__content\">\r\n\r\n                                <h2 class=\"cta-banner__heading\"><p>Tarvitsetko apua?<\/p>\n<\/h2>\r\n            \r\n                            <div class=\"cta-banner__subheading\">\r\n                    <p>Infinigaten tiimimme auttaa teit\u00e4 miellell\u00e4\u00e4n. Ota yhteytt\u00e4 ja jutellaan lis\u00e4\u00e4.<\/p>\n                <\/div>\r\n                    <\/div>\r\n\r\n                    <div class=\"cta-banner__button\">\r\n                    <a  href=\"https:\/\/www.infinigate.com\/fi\/contact\/\" target=\"\" class=\"g-button g-button--arrow\">\r\n                Ota yhteytt\u00e4            <\/a>\r\n            <\/div>\r\n            <\/div>\r\n\r\n    \r\n\r\n<\/section>\r\n","protected":false},"excerpt":{"rendered":"<p>Liiketoiminnan tarpeet ja digitaalinen ymp\u00e4rist\u00f6 muuttuvat jatkuvasti yh\u00e4 mutkikkaammaksi. Voimme auttaa teit\u00e4 kehitt\u00e4m\u00e4\u00e4n liiketoimintaanne k\u00e4ym\u00e4ll\u00e4 l\u00e4pi kuinka voitte hy\u00f6dynt\u00e4\u00e4 p\u00e4\u00e4miestemme&hellip;<\/p>\n","protected":false},"author":13,"featured_media":1801,"parent":3885,"menu_order":44,"comment_status":"closed","ping_status":"closed","template":"","meta":{"_acf_changed":false,"footnotes":""},"folder":[437],"class_list":["post-4532","page","type-page","status-publish","has-post-thumbnail","hentry"],"acf":[],"lang":"fi","translations":{"fi":4532,"en":3744},"distributor_meta":false,"distributor_terms":false,"distributor_media":false,"distributor_original_site_name":"Infinigate | Finland","distributor_original_site_url":"https:\/\/www.infinigate.com\/fi","push-errors":false,"pll_sync_post":[],"_links":{"self":[{"href":"https:\/\/www.infinigate.com\/fi\/wp-json\/wp\/v2\/pages\/4532","targetHints":{"allow":["GET"]}}],"collection":[{"href":"https:\/\/www.infinigate.com\/fi\/wp-json\/wp\/v2\/pages"}],"about":[{"href":"https:\/\/www.infinigate.com\/fi\/wp-json\/wp\/v2\/types\/page"}],"author":[{"embeddable":true,"href":"https:\/\/www.infinigate.com\/fi\/wp-json\/wp\/v2\/users\/13"}],"replies":[{"embeddable":true,"href":"https:\/\/www.infinigate.com\/fi\/wp-json\/wp\/v2\/comments?post=4532"}],"version-history":[{"count":0,"href":"https:\/\/www.infinigate.com\/fi\/wp-json\/wp\/v2\/pages\/4532\/revisions"}],"up":[{"embeddable":true,"href":"https:\/\/www.infinigate.com\/fi\/wp-json\/wp\/v2\/pages\/3885"}],"wp:featuredmedia":[{"embeddable":true,"href":"https:\/\/www.infinigate.com\/fi\/wp-json\/wp\/v2\/media\/1801"}],"wp:attachment":[{"href":"https:\/\/www.infinigate.com\/fi\/wp-json\/wp\/v2\/media?parent=4532"}],"wp:term":[{"taxonomy":"folder","embeddable":true,"href":"https:\/\/www.infinigate.com\/fi\/wp-json\/wp\/v2\/folder?post=4532"}],"curies":[{"name":"wp","href":"https:\/\/api.w.org\/{rel}","templated":true}]}}