{"id":5368,"date":"2024-06-27T14:23:22","date_gmt":"2024-06-27T13:23:22","guid":{"rendered":"https:\/\/www.infinigate.com\/fi\/?page_id=5368"},"modified":"2024-12-31T11:47:11","modified_gmt":"2024-12-31T09:47:11","slug":"msp","status":"publish","type":"page","link":"https:\/\/www.infinigate.com\/fi\/msp\/","title":{"rendered":"MSP"},"content":{"rendered":"\n<div class=\"wp-block-group alignfull has-blue-background-color has-background is-horizontal is-nowrap is-layout-flex wp-container-core-group-is-layout-41b81202 wp-block-group-is-layout-flex\">\n<div class=\"wp-block-columns are-vertically-aligned-center is-layout-flex wp-container-core-columns-is-layout-9d6595d7 wp-block-columns-is-layout-flex\">\n<div class=\"wp-block-column is-vertically-aligned-center is-layout-flow wp-block-column-is-layout-flow\">\n<h2 class=\"wp-block-heading wp-block-heading\">Tuemme sinua matkallasi palveluntarjoajaksi<\/h2>\n\n\n\n<p>Haluatko tehd\u00e4 kaiken itse? vai optimoida olemassa olevat prosessit  palvleuntarjoajamalliin?<\/p>\n\n\n\n<p>Infinigate on mukanasi ja neuvoo kaikissa kehitys- ja myyntiprosessi vaiheissa.<\/p>\n\n\n\n<div class=\"wp-block-buttons is-layout-flex wp-block-buttons-is-layout-flex\">\n<div class=\"wp-block-button\"><a class=\"wp-block-button__link wp-element-button\" href=\"https:\/\/www.infinigate.com\/fi\/wp-content\/uploads\/sites\/30\/2024\/12\/Journey-from-MSP-to-MSSP-guide.pdf\" target=\"_blank\" rel=\"noreferrer noopener\">Lataa esite<\/a><\/div>\n\n\n\n<div class=\"wp-block-button\"><a class=\"wp-block-button__link wp-element-button\" href=\"https:\/\/www.infinigate.com\/fi\/wp-content\/uploads\/sites\/30\/2024\/12\/journey-from-msp-to-mssp-infographic.pdf\" target=\"_blank\" rel=\"noreferrer noopener\">Lataa Infographic<\/a><\/div>\n<\/div>\n<\/div>\n\n\n\n<div class=\"wp-block-column is-vertically-aligned-center is-layout-flow wp-block-column-is-layout-flow\">\n<figure class=\"wp-block-image size-full\"><img loading=\"lazy\" decoding=\"async\" width=\"1200\" height=\"630\" src=\"https:\/\/www.infinigate.com\/fi\/wp-content\/uploads\/sites\/30\/2024\/12\/MSSD-Featured-image.png\" alt=\"\" class=\"wp-image-6741\" srcset=\"https:\/\/www.infinigate.com\/fi\/wp-content\/uploads\/sites\/30\/2024\/12\/MSSD-Featured-image.png 1200w, https:\/\/www.infinigate.com\/fi\/wp-content\/uploads\/sites\/30\/2024\/12\/MSSD-Featured-image-300x158.png 300w, https:\/\/www.infinigate.com\/fi\/wp-content\/uploads\/sites\/30\/2024\/12\/MSSD-Featured-image-1024x538.png 1024w, https:\/\/www.infinigate.com\/fi\/wp-content\/uploads\/sites\/30\/2024\/12\/MSSD-Featured-image-768x403.png 768w\" sizes=\"auto, (max-width: 1200px) 100vw, 1200px\" \/><\/figure>\n<\/div>\n<\/div>\n<\/div>\n\n\n\n<div class=\"wp-block-group alignfull has-grey-background-color has-background is-vertical is-nowrap is-layout-flex wp-container-core-group-is-layout-fc43baa9 wp-block-group-is-layout-flex\">\n<h2 class=\"wp-block-heading is-style-border-left wp-block-heading\" id=\"h-tietoturva-palveluntarjoajamallilla-miksi-se-kannattaa\">Tietoturva palveluntarjoajamallilla &#8211; miksi se kannattaa?<\/h2>\n\n\n\n<div class=\"wp-block-columns are-vertically-aligned-top is-layout-flex wp-container-core-columns-is-layout-9d6595d7 wp-block-columns-is-layout-flex\">\n<div class=\"wp-block-column is-vertically-aligned-top is-layout-flow wp-block-column-is-layout-flow\">\n<h3 class=\"wp-block-heading wp-block-heading\" id=\"h-edut-jalleenmyyjalle\">Edut j\u00e4lleenmyyj\u00e4lle<\/h3>\n\n\n\n<ul class=\"wp-block-list\">\n<li>Ennustettavissa olevat kulut\/tuotot<\/li>\n\n\n\n<li>Yksinkertaiset laskelmat ja myynti<\/li>\n\n\n\n<li>Korkeampi tietoturva tuetuille  loppuasiakkaille<\/li>\n\n\n\n<li>Asiakasuskollisuus<\/li>\n\n\n\n<li>Cross-sell mahdollisuus<\/li>\n\n\n\n<li>Enemm\u00e4n hallintaa asiakkaan k\u00e4ytt\u00e4miin teknologioihin<\/li>\n<\/ul>\n<\/div>\n\n\n\n<div class=\"wp-block-column is-vertically-aligned-top is-layout-flow wp-block-column-is-layout-flow\">\n<h3 class=\"wp-block-heading wp-block-heading\" id=\"h-edut-loppuasiakkaalle\">Edut loppuasiakkaalle<\/h3>\n\n\n\n<ul class=\"wp-block-list\">\n<li>Helppo budjetoida<\/li>\n\n\n\n<li>L\u00e4pin\u00e4kyvyys, kiinte\u00e4 summa kirjanpitoon<\/li>\n\n\n\n<li>Parempi tietoturva<\/li>\n\n\n\n<li>Jatkuva palvelu, ei turhia muutoksia ja lisenssien pohdintaa.<\/li>\n\n\n\n<li>Yksi IT-palvelutarjoaja <\/li>\n\n\n\n<li>Keskittyminen ydinliiketoimintaan -&gt; teht\u00e4vien ja vastuun siirto<\/li>\n<\/ul>\n<\/div>\n<\/div>\n<\/div>\n\n\n\n\n\n<div class=\"wp-block-cover alignwide\"><span aria-hidden=\"true\" class=\"wp-block-cover__background has-blue-background-color has-background-dim-0 has-background-dim\"><\/span><img loading=\"lazy\" decoding=\"async\" width=\"800\" height=\"450\" class=\"wp-block-cover__image-background wp-image-1065\" alt=\"decoration\" src=\"https:\/\/infinigatecdev.wpengine.com\/wp-content\/uploads\/2023\/02\/background-texture-2.jpg\" data-object-fit=\"cover\" srcset=\"https:\/\/www.infinigate.com\/fi\/wp-content\/uploads\/sites\/30\/2023\/02\/background-texture-2.jpg 800w, https:\/\/www.infinigate.com\/fi\/wp-content\/uploads\/sites\/30\/2023\/02\/background-texture-2-300x169.jpg 300w, https:\/\/www.infinigate.com\/fi\/wp-content\/uploads\/sites\/30\/2023\/02\/background-texture-2-768x432.jpg 768w\" sizes=\"auto, (max-width: 800px) 100vw, 800px\" \/><div class=\"wp-block-cover__inner-container is-layout-constrained wp-block-cover-is-layout-constrained\">\n<div class=\"wp-block-columns is-layout-flex wp-container-core-columns-is-layout-9d6595d7 wp-block-columns-is-layout-flex\">\n<div class=\"wp-block-column is-layout-flow wp-block-column-is-layout-flow\" style=\"flex-basis:66.66%\">\n<h3 class=\"wp-block-heading has-text-align-left has-white-color has-text-color has-link-color wp-elements-6bf93d77a55131a2b4d0eb5ed35b4244\" id=\"h-contact-our-sales-team\">Contact our sales team<\/h3>\n\n\n\n<p>The Infinigate sales team  is happy to help you. <br>Contact us and let&#8217;s talk more.<\/p>\n<\/div>\n\n\n\n<div class=\"wp-block-column is-vertically-aligned-center is-layout-flow wp-block-column-is-layout-flow\" style=\"flex-basis:33.33%\">\n<p class=\"has-text-align-center has-white-color has-text-color has-link-color wp-elements-39ff457fdfefc55fbf72094c59fb236b\">Email: <a href=\"mailto:sikkerhet@infinigate.no\">sales@infinigate.f<\/a><a href=\"mailto:sales@infinigate.fi\">i<\/a><br>Tel: <a href=\"tel:00358406701400\">+358 40 670 1400<\/a><\/p>\n\n\n\n<div class=\"wp-block-buttons is-content-justification-center is-layout-flex wp-container-core-buttons-is-layout-16018d1d wp-block-buttons-is-layout-flex\">\n<div class=\"wp-block-button\"><a class=\"wp-block-button__link wp-element-button\" href=\"https:\/\/www.infinigate.com\/fi\/en\/contact\/\">Contact now<\/a><\/div>\n<\/div>\n<\/div>\n<\/div>\n<\/div><\/div>\n","protected":false},"excerpt":{"rendered":"<p>Tuemme sinua matkallasi palveluntarjoajaksi Haluatko tehd\u00e4 kaiken itse? vai optimoida olemassa olevat prosessit palvleuntarjoajamalliin? Infinigate on mukanasi ja neuvoo kaikissa&hellip;<\/p>\n","protected":false},"author":13,"featured_media":731,"parent":0,"menu_order":33,"comment_status":"closed","ping_status":"closed","template":"","meta":{"_acf_changed":false,"footnotes":""},"folder":[435],"class_list":["post-5368","page","type-page","status-publish","has-post-thumbnail","hentry"],"acf":[],"lang":"fi","translations":{"fi":5368,"en":887},"distributor_meta":false,"distributor_terms":false,"distributor_media":false,"distributor_original_site_name":"Infinigate | Finland","distributor_original_site_url":"https:\/\/www.infinigate.com\/fi","push-errors":false,"pll_sync_post":[],"_links":{"self":[{"href":"https:\/\/www.infinigate.com\/fi\/wp-json\/wp\/v2\/pages\/5368","targetHints":{"allow":["GET"]}}],"collection":[{"href":"https:\/\/www.infinigate.com\/fi\/wp-json\/wp\/v2\/pages"}],"about":[{"href":"https:\/\/www.infinigate.com\/fi\/wp-json\/wp\/v2\/types\/page"}],"author":[{"embeddable":true,"href":"https:\/\/www.infinigate.com\/fi\/wp-json\/wp\/v2\/users\/13"}],"replies":[{"embeddable":true,"href":"https:\/\/www.infinigate.com\/fi\/wp-json\/wp\/v2\/comments?post=5368"}],"version-history":[{"count":0,"href":"https:\/\/www.infinigate.com\/fi\/wp-json\/wp\/v2\/pages\/5368\/revisions"}],"wp:featuredmedia":[{"embeddable":true,"href":"https:\/\/www.infinigate.com\/fi\/wp-json\/wp\/v2\/media\/731"}],"wp:attachment":[{"href":"https:\/\/www.infinigate.com\/fi\/wp-json\/wp\/v2\/media?parent=5368"}],"wp:term":[{"taxonomy":"folder","embeddable":true,"href":"https:\/\/www.infinigate.com\/fi\/wp-json\/wp\/v2\/folder?post=5368"}],"curies":[{"name":"wp","href":"https:\/\/api.w.org\/{rel}","templated":true}]}}