{"id":1459,"date":"2023-03-01T13:19:44","date_gmt":"2023-03-01T13:19:44","guid":{"rendered":"https:\/\/infinigate.wpengine.com\/?page_id=1459"},"modified":"2025-11-12T15:20:28","modified_gmt":"2025-11-12T14:20:28","slug":"imprint","status":"publish","type":"page","link":"https:\/\/www.infinigate.com\/fr\/imprint\/","title":{"rendered":"Impression"},"content":{"rendered":"\n<p><strong>Infinigate Holding AG<br><\/strong>Grundstrasse 14<br>CH-6343 Rotkreuz<br>Switzerland<br>T: <a href=\"tel:+417990101\">+41 799 01 01<\/a><br>E: <a href=\"mailto:info@infinigate.com\">info@infinigate.com<\/a><br>CEO: Klaus Schlichtherle<a href=\"https:\/\/www.facebook.com\/infinigate.de\" target=\"_blank\" rel=\"noreferrer noopener\"><\/a><\/p>\n\n\n\n<h2 class=\"wp-block-heading wp-block-heading\" id=\"h-avis-juridique\">Avis juridique<\/h2>\n\n\n\n<p>INFINIGATE FRANCE SAS<br>Directeur G\u00e9n\u00e9ral : Yannick Bourque<br>40 Avenue Pierre Lefaucheux<br>92100 Boulogne Billancourt<\/p>\n\n\n\n<p>T\u00e9l\u00e9phone: 01 80 73 04 25<br>Fax: 01 46 21 07 40<br>Email: info-fr@infinigate.com<\/p>\n\n\n\n<h4 class=\"wp-block-heading wp-block-heading\" id=\"h-responsabilite-du-contenu\">Responsabilit\u00e9 du contenu<\/h4>\n\n\n\n<p>Bien que nous nous efforcions de veiller \u00e0 ce que le contenu de nos pages Web soit actuel, complet et correct, nous ne pouvons assumer aucune responsabilit\u00e9. Nous sommes responsables de notre propre contenu sur nos pages Web. Cependant, nous ne sommes pas tenus de contr\u00f4ler les informations de tiers qui ont \u00e9t\u00e9 transmises ou stock\u00e9es. Nous supprimerons tout contenu illicite dans les plus brefs d\u00e9lais apr\u00e8s avoir pris connaissance de sa violation. Cependant, toute responsabilit\u00e9 ne peut \u00eatre assum\u00e9e qu&rsquo;apr\u00e8s le moment o\u00f9 nous avons pris connaissance de l&rsquo;infraction.<br><br><\/p>\n\n\n\n<h4 class=\"wp-block-heading wp-block-heading\" id=\"h-responsabilite-pour-les-liens\">Responsabilit\u00e9 pour les liens<\/h4>\n\n\n\n<p>Nos pages Web contiennent des liens vers des sites Web externes de tiers. Comme nous n&rsquo;avons aucune influence sur le contenu de ces sites web li\u00e9s, la responsabilit\u00e9 en incombe exclusivement \u00e0 leurs fournisseurs ou exploitants respectifs. Nous ne pouvons assumer aucune responsabilit\u00e9 pour ce contenu. Nous v\u00e9rifions le contenu des pages Web de tiers \u00e0 la recherche d&rsquo;infractions et ne cr\u00e9ons des liens vers ces sites que si aucune infraction n&rsquo;est apparente. Nous ne pouvons pas contr\u00f4ler en permanence le contenu des sites Web de tiers sans preuve concr\u00e8te d&rsquo;une infraction. Si nous avons connaissance d&rsquo;une infraction, nous supprimerons imm\u00e9diatement les liens vers ces pages web.<\/p>\n","protected":false},"excerpt":{"rendered":"<p>Infinigate Holding AGGrundstrasse 14CH-6343 RotkreuzSwitzerlandT: +41 799 01 01E: info@infinigate.comCEO: Klaus Schlichtherle Avis juridique INFINIGATE FRANCE SASDirecteur G\u00e9n\u00e9ral : Yannick&hellip;<\/p>\n","protected":false},"author":13,"featured_media":0,"parent":0,"menu_order":89,"comment_status":"closed","ping_status":"closed","template":"","meta":{"_acf_changed":false,"footnotes":""},"class_list":["post-1459","page","type-page","status-publish","hentry"],"acf":[],"distributor_meta":false,"distributor_terms":false,"distributor_media":false,"distributor_original_site_name":"Infinigate | France","distributor_original_site_url":"https:\/\/www.infinigate.com\/fr","push-errors":false,"_links":{"self":[{"href":"https:\/\/www.infinigate.com\/fr\/wp-json\/wp\/v2\/pages\/1459","targetHints":{"allow":["GET"]}}],"collection":[{"href":"https:\/\/www.infinigate.com\/fr\/wp-json\/wp\/v2\/pages"}],"about":[{"href":"https:\/\/www.infinigate.com\/fr\/wp-json\/wp\/v2\/types\/page"}],"author":[{"embeddable":true,"href":"https:\/\/www.infinigate.com\/fr\/wp-json\/wp\/v2\/users\/13"}],"replies":[{"embeddable":true,"href":"https:\/\/www.infinigate.com\/fr\/wp-json\/wp\/v2\/comments?post=1459"}],"version-history":[{"count":0,"href":"https:\/\/www.infinigate.com\/fr\/wp-json\/wp\/v2\/pages\/1459\/revisions"}],"wp:attachment":[{"href":"https:\/\/www.infinigate.com\/fr\/wp-json\/wp\/v2\/media?parent=1459"}],"curies":[{"name":"wp","href":"https:\/\/api.w.org\/{rel}","templated":true}]}}