{"id":1613,"date":"2023-03-07T20:41:27","date_gmt":"2023-03-07T20:41:27","guid":{"rendered":"https:\/\/infinigate.wpengine.com\/?page_id=1613"},"modified":"2025-10-08T11:39:48","modified_gmt":"2025-10-08T09:39:48","slug":"infinigate-technologies","status":"publish","type":"page","link":"https:\/\/www.infinigate.com\/fr\/infinigate-technologies\/","title":{"rendered":"Infinigate Technologies"},"content":{"rendered":"\n<figure class=\"wp-block-image alignfull size-full is-style-corner-overlay\"><img loading=\"lazy\" decoding=\"async\" width=\"1440\" height=\"510\" src=\"https:\/\/www.infinigate.com\/fr\/wp-content\/uploads\/sites\/26\/2023\/04\/Hero-image-technology.jpg\" alt=\"\" class=\"wp-image-3181\" srcset=\"https:\/\/www.infinigate.com\/fr\/wp-content\/uploads\/sites\/26\/2023\/04\/Hero-image-technology.jpg 1440w, https:\/\/www.infinigate.com\/fr\/wp-content\/uploads\/sites\/26\/2023\/04\/Hero-image-technology-300x106.jpg 300w, https:\/\/www.infinigate.com\/fr\/wp-content\/uploads\/sites\/26\/2023\/04\/Hero-image-technology-1024x363.jpg 1024w, https:\/\/www.infinigate.com\/fr\/wp-content\/uploads\/sites\/26\/2023\/04\/Hero-image-technology-768x272.jpg 768w\" sizes=\"auto, (max-width: 1440px) 100vw, 1440px\" \/><\/figure>\n\n\n    <section style=\"--content-grid--columns: 3;\" class=\"content-grid wp-block animate content-grid--3-columns content-grid--has-overlay alignwide\">\r\n        <div class=\"content-grid__inner\">\r\n            \r\n\r\n            \r\n\r\n            \r\n                    \r\n                                                    \r\n                    \r\n                                                                        <div class=\"content-grid__items\">\r\n                                                                            <div class=\"content-grid__item has-background has-gray-200-background-color\">\r\n                                            \r\n                                                \r\n                                        \r\n                                                                                        <h3 class=\"content-grid__item__heading\">Cybers\u00e9curit\u00e9<\/h3>\r\n                                        \r\n                                                                        <div class=\" content-grid__item__subheading\">\r\n                                            <p>Gr\u00e2ce \u00e0 nos solutions de cybers\u00e9curit\u00e9, vos clients peuvent avoir l&rsquo;esprit tranquille : leurs syst\u00e8mes et donn\u00e9es critiques sont prot\u00e9g\u00e9s 24 heures sur 24, 7 jours sur 7 et 365 jours par an. Notre objectif est la s\u00e9curit\u00e9 totale.<\/p>\n                                <\/div>\r\n                                        \r\n                                                                        <div class=\"content-grid__item__link\">\r\n                                                <a  href=\"https:\/\/www.infinigate.com\/fr\/technologies\/cybersecurity\/\" target=\"\" class=\"g-button--arrow\">\r\n                En savoir plus            <\/a>\r\n                                <\/div>\r\n                                        \r\n                        <\/div>\r\n                                                                            <div class=\"content-grid__item has-background has-gray-300-background-color\">\r\n                                            \r\n                                                \r\n                                        \r\n                                                                                        <h3 class=\"content-grid__item__heading\">R\u00e9seaux s\u00e9curis\u00e9s<\/h3>\r\n                                        \r\n                                                                        <div class=\" content-grid__item__subheading\">\r\n                                            <p>Offrez \u00e0 vos clients encore plus d&rsquo;intelligence r\u00e9seau, d&rsquo;automatisation et d&rsquo;efficacit\u00e9 et augmentez votre chiffre d&rsquo;affaires gr\u00e2ce \u00e0 nos solutions r\u00e9seau s\u00e9curis\u00e9es et pilot\u00e9es par l&rsquo;IA.<\/p>\n                                <\/div>\r\n                                        \r\n                                                                        <div class=\"content-grid__item__link\">\r\n                                                <a  href=\"https:\/\/www.infinigate.com\/fr\/technologies\/secure-networks\/\" target=\"\" class=\"g-button--arrow\">\r\n                En savoir plus            <\/a>\r\n                                <\/div>\r\n                                        \r\n                        <\/div>\r\n                                                                            <div class=\"content-grid__item has-background has-gray-400-background-color\">\r\n                                            \r\n                                                \r\n                                        \r\n                                                                                        <h3 class=\"content-grid__item__heading\">Cloud S\u00e9curis\u00e9<\/h3>\r\n                                        \r\n                                                                        <div class=\" content-grid__item__subheading\">\r\n                                            <p>La \u00ab\u00a0ru\u00e9e vers le cloud\u00a0\u00bb de vos clients ne doit pas n\u00e9cessairement impliquer un risque en termes de s\u00e9curit\u00e9 ou de co\u00fbts. Aidez-les \u00e0 d\u00e9finir et \u00e0 d\u00e9ployer des strat\u00e9gies multi-cloud s\u00e9curis\u00e9es et adapt\u00e9es \u00e0 leurs besoins.<\/p>\n                                <\/div>\r\n                                        \r\n                                                                        <div class=\"content-grid__item__link\">\r\n                                                <a  href=\"https:\/\/www.infinigate.com\/fr\/technologies\/cloud-securise\/\" target=\"\" class=\"g-button--arrow\">\r\n                En savoir plus            <\/a>\r\n                                <\/div>\r\n                                        \r\n                        <\/div>\r\n                                                    <\/div>\r\n                                    <\/div>\r\n    <\/section>\r\n","protected":false},"excerpt":{"rendered":"","protected":false},"author":13,"featured_media":0,"parent":0,"menu_order":10,"comment_status":"closed","ping_status":"closed","template":"","meta":{"_acf_changed":false,"footnotes":""},"class_list":["post-1613","page","type-page","status-publish","hentry"],"acf":[],"distributor_meta":false,"distributor_terms":false,"distributor_media":false,"distributor_original_site_name":"Infinigate | France","distributor_original_site_url":"https:\/\/www.infinigate.com\/fr","push-errors":false,"_links":{"self":[{"href":"https:\/\/www.infinigate.com\/fr\/wp-json\/wp\/v2\/pages\/1613","targetHints":{"allow":["GET"]}}],"collection":[{"href":"https:\/\/www.infinigate.com\/fr\/wp-json\/wp\/v2\/pages"}],"about":[{"href":"https:\/\/www.infinigate.com\/fr\/wp-json\/wp\/v2\/types\/page"}],"author":[{"embeddable":true,"href":"https:\/\/www.infinigate.com\/fr\/wp-json\/wp\/v2\/users\/13"}],"replies":[{"embeddable":true,"href":"https:\/\/www.infinigate.com\/fr\/wp-json\/wp\/v2\/comments?post=1613"}],"version-history":[{"count":0,"href":"https:\/\/www.infinigate.com\/fr\/wp-json\/wp\/v2\/pages\/1613\/revisions"}],"wp:attachment":[{"href":"https:\/\/www.infinigate.com\/fr\/wp-json\/wp\/v2\/media?parent=1613"}],"curies":[{"name":"wp","href":"https:\/\/api.w.org\/{rel}","templated":true}]}}