{"id":1731,"date":"2023-03-10T12:03:50","date_gmt":"2023-03-10T12:03:50","guid":{"rendered":"https:\/\/infinigate.wpengine.com\/?page_id=1731"},"modified":"2024-11-22T11:52:23","modified_gmt":"2024-11-22T10:52:23","slug":"partner-growth-enablement-services","status":"publish","type":"page","link":"https:\/\/www.infinigate.com\/fr\/services\/partner-growth-enablement-services\/","title":{"rendered":"Soutien aux partenaires"},"content":{"rendered":"\n<div class=\"wp-block-columns alignwide are-vertically-aligned-center has-grey-background-color has-background is-layout-flex wp-container-core-columns-is-layout-9d6595d7 wp-block-columns-is-layout-flex\">\n<div class=\"wp-block-column is-vertically-aligned-center is-layout-flow wp-block-column-is-layout-flow\">\n<p class=\"is-style-large-body\">Chez Infinigate, nous pensons que votre distributeur informatique doit \u00eatre capable de vous donner toutes les r\u00e9ponses &#8211; et c&rsquo;est exactement ce que nous faisons.<\/p>\n\n\n\n<p>Gr\u00e2ce \u00e0 nos \u00e9quipes de gestionnaires de comptes et de vendeurs techniques qualifi\u00e9s et d\u00e9vou\u00e9s, nous vous guidons vers les solutions, les services et les ressources \u00e9ducatives dont vous avez besoin pour stimuler et soutenir votre croissance.<\/p>\n<\/div>\n\n\n\n<div class=\"wp-block-column is-vertically-aligned-center is-layout-flow wp-block-column-is-layout-flow\">\n<figure class=\"wp-block-image size-full is-resized is-style-no-rounded-corners-no-drop-shadow\"><img loading=\"lazy\" decoding=\"async\" width=\"769\" height=\"510\" src=\"https:\/\/www.infinigate.com\/fr\/wp-content\/uploads\/sites\/26\/2024\/08\/Partner-Enablement-services-1.jpg\" alt=\"\" class=\"wp-image-5180\" style=\"width:408px;height:auto\" srcset=\"https:\/\/www.infinigate.com\/fr\/wp-content\/uploads\/sites\/26\/2024\/08\/Partner-Enablement-services-1.jpg 769w, https:\/\/www.infinigate.com\/fr\/wp-content\/uploads\/sites\/26\/2024\/08\/Partner-Enablement-services-1-300x199.jpg 300w\" sizes=\"auto, (max-width: 769px) 100vw, 769px\" \/><\/figure>\n<\/div>\n<\/div>\n\n\n\n<div class=\"wp-block-group alignfull is-layout-constrained wp-block-group-is-layout-constrained\">    <section class=\"cards wp-block animate cards--type--default alignwide\">\n        <div class=\"cards__inner\">\n            \n            <div class=\"cards__items\">\n                \n                \n                <article class=\"g-card animate-element has-white-background-color has-background has-image has-link g-card--type--custom\">\r\n        <div class=\"g-card__inner\">\r\n                \r\n\r\n                                        <div class=\"g-card__header\">\r\n                    \r\n\r\n                        <h2 class=\"g-card__heading\">    <a href=\"https:\/\/www.infinigate.com\/fr\/services\/partner-growth-enablement-services\/#h-avant-vente-et-support\">\r\n                Avant-vente et support            <\/a>\r\n<\/h2>\r\n                    \r\n                                            <div class=\"g-card__content\">\r\n                            <p>Obtenez une compr\u00e9hension exhaustive et un accompagnement sur nos solutions.<\/p>\n                        <\/div>\r\n                    \r\n                    \r\n                                    <\/div>\r\n            \r\n            \r\n            \r\n            \r\n\r\n\r\n\r\n            \r\n                <a  href=\"https:\/\/www.infinigate.com\/fr\/services\/partner-growth-enablement-services\/#h-avant-vente-et-support\" target=\"\" class=\"g-button--arrow g-card__read-more\">\r\n                En savoir plus            <\/a>\r\n\r\n                <\/div>\r\n    \r\n            <div class=\"g-card__image\">\r\n                        <div class=\"g-card__image-inner img-fit\">\r\n                <img loading=\"lazy\" decoding=\"async\" width=\"768\" height=\"513\" src=\"https:\/\/www.infinigate.com\/fr\/wp-content\/uploads\/sites\/26\/2024\/10\/GettyImages-1249816323-768x513.jpg\" class=\"attachment-medium_large size-medium_large\" alt=\"\" srcset=\"https:\/\/www.infinigate.com\/fr\/wp-content\/uploads\/sites\/26\/2024\/10\/GettyImages-1249816323-768x513.jpg 768w, https:\/\/www.infinigate.com\/fr\/wp-content\/uploads\/sites\/26\/2024\/10\/GettyImages-1249816323-300x200.jpg 300w, https:\/\/www.infinigate.com\/fr\/wp-content\/uploads\/sites\/26\/2024\/10\/GettyImages-1249816323-1024x684.jpg 1024w, https:\/\/www.infinigate.com\/fr\/wp-content\/uploads\/sites\/26\/2024\/10\/GettyImages-1249816323-1536x1025.jpg 1536w, https:\/\/www.infinigate.com\/fr\/wp-content\/uploads\/sites\/26\/2024\/10\/GettyImages-1249816323-2048x1367.jpg 2048w\" sizes=\"auto, (max-width: 768px) 100vw, 768px\" \/>            <\/div>\r\n            \r\n                    <\/div>\r\n    \r\n    <\/article>\r\n<article class=\"g-card animate-element has-white-background-color has-background has-image has-link g-card--type--custom\">\r\n        <div class=\"g-card__inner\">\r\n                \r\n\r\n                                        <div class=\"g-card__header\">\r\n                    \r\n\r\n                        <h2 class=\"g-card__heading\">    <a href=\"https:\/\/www.infinigate.com\/fr\/services\/partner-growth-enablement-services\/#h-formations\">\r\n                Formation            <\/a>\r\n<\/h2>\r\n                    \r\n                                            <div class=\"g-card__content\">\r\n                            <p>Une structure de formation agr\u00e9e<\/p>\n                        <\/div>\r\n                    \r\n                    \r\n                                    <\/div>\r\n            \r\n            \r\n            \r\n            \r\n\r\n\r\n\r\n            \r\n                <a  href=\"https:\/\/www.infinigate.com\/fr\/services\/partner-growth-enablement-services\/#h-formations\" target=\"\" class=\"g-button--arrow g-card__read-more\">\r\n                En savoir plus            <\/a>\r\n\r\n                <\/div>\r\n    \r\n            <div class=\"g-card__image\">\r\n                        <div class=\"g-card__image-inner img-fit\">\r\n                <img loading=\"lazy\" decoding=\"async\" width=\"768\" height=\"512\" src=\"https:\/\/www.infinigate.com\/fr\/wp-content\/uploads\/sites\/26\/2024\/10\/AdobeStock_126274284-768x512.jpeg\" class=\"attachment-medium_large size-medium_large\" alt=\"\" srcset=\"https:\/\/www.infinigate.com\/fr\/wp-content\/uploads\/sites\/26\/2024\/10\/AdobeStock_126274284-768x512.jpeg 768w, https:\/\/www.infinigate.com\/fr\/wp-content\/uploads\/sites\/26\/2024\/10\/AdobeStock_126274284-300x200.jpeg 300w, https:\/\/www.infinigate.com\/fr\/wp-content\/uploads\/sites\/26\/2024\/10\/AdobeStock_126274284-1024x683.jpeg 1024w, https:\/\/www.infinigate.com\/fr\/wp-content\/uploads\/sites\/26\/2024\/10\/AdobeStock_126274284-1536x1024.jpeg 1536w, https:\/\/www.infinigate.com\/fr\/wp-content\/uploads\/sites\/26\/2024\/10\/AdobeStock_126274284-2048x1365.jpeg 2048w\" sizes=\"auto, (max-width: 768px) 100vw, 768px\" \/>            <\/div>\r\n            \r\n                    <\/div>\r\n    \r\n    <\/article>\r\n<article class=\"g-card animate-element has-white-background-color has-background has-image has-link g-card--type--custom\">\r\n        <div class=\"g-card__inner\">\r\n                \r\n\r\n                                        <div class=\"g-card__header\">\r\n                    \r\n\r\n                        <h2 class=\"g-card__heading\">    <a href=\"https:\/\/www.infinigate.com\/fr\/services\/partner-growth-enablement-services\/#h-financier\">\r\n                Finance            <\/a>\r\n<\/h2>\r\n                    \r\n                                            <div class=\"g-card__content\">\r\n                            <p>Des conditions de paiement flexibles et des services de financement disponibles pour vous ou vos clients.<\/p>\n                        <\/div>\r\n                    \r\n                    \r\n                                    <\/div>\r\n            \r\n            \r\n            \r\n            \r\n\r\n\r\n\r\n            \r\n                <a  href=\"https:\/\/www.infinigate.com\/fr\/services\/partner-growth-enablement-services\/#h-financier\" target=\"\" class=\"g-button--arrow g-card__read-more\">\r\n                En savoir plus            <\/a>\r\n\r\n                <\/div>\r\n    \r\n            <div class=\"g-card__image\">\r\n                        <div class=\"g-card__image-inner img-fit\">\r\n                <img loading=\"lazy\" decoding=\"async\" width=\"768\" height=\"512\" src=\"https:\/\/www.infinigate.com\/fr\/wp-content\/uploads\/sites\/26\/2024\/10\/GettyImages-1034538272-768x512.jpg\" class=\"attachment-medium_large size-medium_large\" alt=\"\" srcset=\"https:\/\/www.infinigate.com\/fr\/wp-content\/uploads\/sites\/26\/2024\/10\/GettyImages-1034538272-768x512.jpg 768w, https:\/\/www.infinigate.com\/fr\/wp-content\/uploads\/sites\/26\/2024\/10\/GettyImages-1034538272-300x200.jpg 300w, https:\/\/www.infinigate.com\/fr\/wp-content\/uploads\/sites\/26\/2024\/10\/GettyImages-1034538272-1024x683.jpg 1024w, https:\/\/www.infinigate.com\/fr\/wp-content\/uploads\/sites\/26\/2024\/10\/GettyImages-1034538272-1536x1024.jpg 1536w, https:\/\/www.infinigate.com\/fr\/wp-content\/uploads\/sites\/26\/2024\/10\/GettyImages-1034538272-2048x1365.jpg 2048w\" sizes=\"auto, (max-width: 768px) 100vw, 768px\" \/>            <\/div>\r\n            \r\n                    <\/div>\r\n    \r\n    <\/article>\r\n<article class=\"g-card animate-element has-white-background-color has-background has-image has-link g-card--type--custom\">\r\n        <div class=\"g-card__inner\">\r\n                \r\n\r\n                                        <div class=\"g-card__header\">\r\n                    \r\n\r\n                        <h2 class=\"g-card__heading\">    <a href=\"https:\/\/www.infinigate.com\/fr\/msp\/\">\r\n                Infinigate MSP            <\/a>\r\n<\/h2>\r\n                    \r\n                                            <div class=\"g-card__content\">\r\n                            <div class=\"page-header__content \">\n<div class=\"page-header__subheading\">\n<p>&nbsp;<\/p>\n<\/div>\n<\/div>\n<div class=\"page-header__inset-image\">\n<div class=\"page-header__inset-image-inner img-fit\">Nous vous accompagnons \u00e0 chaque \u00e9tape dans votre d\u00e9veloppement en tant que MSP.<\/div>\n<\/div>\n                        <\/div>\r\n                    \r\n                    \r\n                                    <\/div>\r\n            \r\n            \r\n            \r\n            \r\n\r\n\r\n\r\n            \r\n                <a  href=\"https:\/\/www.infinigate.com\/fr\/msp\/\" target=\"\" class=\"g-button--arrow g-card__read-more\">\r\n                En savoir plus            <\/a>\r\n\r\n                <\/div>\r\n    \r\n            <div class=\"g-card__image\">\r\n                        <div class=\"g-card__image-inner img-fit\">\r\n                <img loading=\"lazy\" decoding=\"async\" width=\"768\" height=\"512\" src=\"https:\/\/www.infinigate.com\/fr\/wp-content\/uploads\/sites\/26\/2024\/10\/AdobeStock_237681688-768x512.jpeg\" class=\"attachment-medium_large size-medium_large\" alt=\"\" srcset=\"https:\/\/www.infinigate.com\/fr\/wp-content\/uploads\/sites\/26\/2024\/10\/AdobeStock_237681688-768x512.jpeg 768w, https:\/\/www.infinigate.com\/fr\/wp-content\/uploads\/sites\/26\/2024\/10\/AdobeStock_237681688-300x200.jpeg 300w, https:\/\/www.infinigate.com\/fr\/wp-content\/uploads\/sites\/26\/2024\/10\/AdobeStock_237681688-1024x683.jpeg 1024w, https:\/\/www.infinigate.com\/fr\/wp-content\/uploads\/sites\/26\/2024\/10\/AdobeStock_237681688-1536x1024.jpeg 1536w, https:\/\/www.infinigate.com\/fr\/wp-content\/uploads\/sites\/26\/2024\/10\/AdobeStock_237681688-2048x1365.jpeg 2048w\" sizes=\"auto, (max-width: 768px) 100vw, 768px\" \/>            <\/div>\r\n            \r\n                    <\/div>\r\n    \r\n    <\/article>\r\n            <\/div>\n\n            \n                <\/section>\n\n\n\n<div class=\"wp-block-columns is-layout-flex wp-container-core-columns-is-layout-9d6595d7 wp-block-columns-is-layout-flex\">\n<div class=\"wp-block-column is-layout-flow wp-block-column-is-layout-flow\">\n<p>Alors que les contrats d\u2019assistance des fournisseurs peuvent se concentrer sur les solutions d\u2019un seul OEM, nous pouvons \u00ab\u00a0trier\u00a0\u00bb dans l\u2019infrastructure de plusieurs fournisseurs afin de d\u00e9couvrir et de r\u00e9soudre les probl\u00e8mes techniques plus rapidement.<\/p>\n\n\n\n<p>Nous pouvons \u00e9galement faire preuve d\u2019une grande souplesse en ce qui concerne les d\u00e9lais de r\u00e9ponse, ce qui permet \u00e0 vos clients d\u2019obtenir rapidement l\u2019aide dont ils ont besoin, o\u00f9 et quand ils en ont besoin.<\/p>\n\n\n\n<p>Que vous ayez l\u2019intention de fournir une assistance \u00e0 vos clients finaux vos clients finaux en utilisant des ressources internes, ou si vous d\u00e9cidez de continuer \u00e0 utiliser Infinigate pour supporter vos clients finaux \u00e0 long terme, nous pouvons vous aider \u00e0 \u00e0 maximiser les opportunit\u00e9s commerciales et \u00e0 fournir d\u2019excellentes exp\u00e9riences pour vos clients.<\/p>\n<\/div>\n\n\n\n<div class=\"wp-block-column is-layout-flow wp-block-column-is-layout-flow\">\n<p>Alors que les contrats d\u2019assistance des fournisseurs peuvent se concentrer sur sur les solutions d\u2019un seul OEM, nous pouvons \u00ab&nbsp;trier&nbsp;\u00bb dans l\u2019infrastructure de plusieurs fournisseurs afin de d\u00e9couvrir et de r\u00e9soudre les probl\u00e8mes techniques plus rapidement.<\/p>\n\n\n\n<p>Nous pouvons \u00e9galement faire preuve d\u2019une grande souplesse en ce qui concerne les d\u00e9lais de r\u00e9ponse, ce qui permet \u00e0 vos clients d\u2019obtenir rapidement l\u2019aide dont ils ont besoin, o\u00f9 et quand ils en ont besoin.<\/p>\n\n\n\n<p>Que vous ayez l\u2019intention de fournir une assistance \u00e0 vos clients finaux vos clients finaux en utilisant des ressources internes, ou si vous d\u00e9cidez de continuer \u00e0 utiliser Infinigate pour supporter vos clients finaux \u00e0 long terme, nous pouvons vous aider \u00e0 \u00e0 maximiser les opportunit\u00e9s commerciales et \u00e0 fournir d\u2019excellentes exp\u00e9riences pour vos clients.<\/p>\n<\/div>\n<\/div>\n\n\n\n<div class=\"wp-block-group is-nowrap is-layout-flex wp-container-core-group-is-layout-ad2f72ca wp-block-group-is-layout-flex\">\n<h2 class=\"wp-block-heading is-style-border-left wp-block-heading\" id=\"h-avant-vente-et-support\">Avant-vente et support<\/h2>\n<\/div>\n\n\n\n<p><strong>Les services avant-vente<\/strong> englobent une gamme compl\u00e8te de services con\u00e7us pour vous accompagner et vous soutenir durant le cycle de vente.<\/p>\n\n\n\n<p class=\"alignwide has-text-align-wide\">Cela inclut la pr\u00e9sentation d\u00e9taill\u00e9e de nos solutions, la d\u00e9monstration de leur fonctionnement dans des environnements r\u00e9els ou de test, la formation des \u00e9quipes commerciales et techniques pour la d\u00e9tection et le d\u00e9veloppement de projets, l\u2019\u00e9valuation et la r\u00e9ponse aux besoins techniques et professionnels sp\u00e9cifiques des clients, ainsi qu\u2019un soutien technique sp\u00e9cialis\u00e9 pour r\u00e9pondre aux questions et r\u00e9soudre les probl\u00e8mes li\u00e9s \u00e0 nos produits.<\/p>\n\n\n\n<p>Nous pouvons \u00e9galement vous aider \u00e0 planifier vos activit\u00e9s et vous faire part de nos observations sur les nouvelles tendances et opportunit\u00e9s du march\u00e9. Vous saurez ainsi o\u00f9 se trouvent les opportunit\u00e9s de croissance et comment les exploiter au mieux.<\/p>\n\n\n\n<h3 class=\"wp-block-heading wp-block-heading\" id=\"h-les-services-avant-vente\">Les services avant-vente<\/h3>\n\n\n\n<ul class=\"wp-block-list\">\n<li><h5 class=\"wp-block-heading wp-block-heading\" id=\"h-te\"><strong>Pr\u00e9sentation de la solution<\/strong><\/h5>Pr\u00e9sentation d\u00e9taill\u00e9e d\u2019une solution mettant en lumi\u00e8re ses caract\u00e9ristiques, avantages et la mani\u00e8re dont elle r\u00e9pond aux besoins sp\u00e9cifiques.<\/li>\n\n\n\n<li><h5 class=\"wp-block-heading wp-block-heading\" id=\"h-te\"><strong>POC<\/strong><\/h5>D\u00e9monstration de comment une solution de l\u2019un de nos \u00e9diteurs peut fonctionner dans votre environnement ou dans un cadre de test.<\/li>\n\n\n\n<li><h5 class=\"wp-block-heading wp-block-heading\" id=\"h-te\"><strong>Onboarding <\/strong><\/h5>Processus de formation des \u00e9quipes commerciales et techniques pour identifier et d\u00e9velopper des opportunit\u00e9s de projet.<\/li>\n\n\n\n<li><h5 class=\"wp-block-heading wp-block-heading\" id=\"h-te\"><strong>Qualification <\/strong><\/h5>Evaluation et r\u00e9ponses aux exigences techniques et professionnelles en fonction des besoins sp\u00e9cifiques.<\/li>\n\n\n\n<li><h5 class=\"wp-block-heading wp-block-heading\" id=\"h-te\"><strong>Aides aux r\u00e9ponses techniques<\/strong><\/h5>Soutien sp\u00e9cialis\u00e9 pour r\u00e9pondre aux questions et r\u00e9soudre les probl\u00e8mes techniques li\u00e9s \u00e0 nos solutions.<\/li>\n<\/ul>\n\n\n\n<div class=\"wp-block-buttons is-layout-flex wp-block-buttons-is-layout-flex\">\n<div class=\"wp-block-button\"><a class=\"wp-block-button__link wp-element-button\" href=\"https:\/\/www.infinigate.com\/fr\/services\/professional-config-and-installation-services\/\">En savoir plus<\/a><\/div>\n<\/div>\n\n\n\n<p id=\"h-formations\"><\/p>\n\n\n<section class=\"media-content wp-block media-content--right media-content--media-type--image has-gray-25-background-color has-background alignfull\">\r\n    <div class=\"media-content__inner\">\r\n        <div class=\"media-content__content\">\r\n                                <h2 class=\"media-content__heading\">Formation<\/h2>\r\n            \r\n            \r\n            <p><!-- wp:paragraph --><\/p>\n<p>Accro\u00eetre vos comp\u00e9tences dans les technologies sp\u00e9cifiques des fournisseurs ne vous aide pas seulement \u00e0 vous d\u00e9velopper.<\/p>\n<p><!-- \/wp:paragraph --> <!-- wp:paragraph --><\/p>\n<p>Elle garantit \u00e9galement que vos clients finaux tirent le meilleur parti de leurs investissements technologiques, ce qui accro\u00eet la confiance et le rendement \u00e0 long terme de vos relations.<\/p>\n<p><!-- \/wp:paragraph --> <!-- wp:paragraph --><\/p>\n<p>Nous vous aidons \u00e0 d\u00e9velopper vos comp\u00e9tences et \u00e0 r\u00e9ussir gr\u00e2ce \u00e0 un large \u00e9ventail d\u2019opportunit\u00e9s de formation.<\/p>\n<p><!-- \/wp:paragraph --> <!-- wp:paragraph --><\/p>\n<p>Vous pouvez vous concentrer sur des solutions sp\u00e9cifiques ou acc\u00e9der \u00e0\u00a0<a href=\"https:\/\/www.infinigate.com\/fr\/services\/vendor-accredited-training\/\">des formations accr\u00e9dit\u00e9es par les fournisseurs<\/a>\u00a0afin d\u2019augmenter vos capacit\u00e9s et vos revenus en mati\u00e8re de services et de support.<\/p>\n<p><!-- \/wp:paragraph --><\/p>\n\r\n                    <\/div>\r\n\r\n                    <div class=\"media-content__media\">\r\n                <img loading=\"lazy\" decoding=\"async\" width=\"3000\" height=\"2000\" src=\"https:\/\/www.infinigate.com\/fr\/wp-content\/uploads\/sites\/26\/2024\/10\/AdobeStock_126274284-scaled.jpeg\" class=\"attachment-super size-super\" alt=\"\" sizes=\"auto, (max-width: 768px) 100vw, 50vw\" srcset=\"https:\/\/www.infinigate.com\/fr\/wp-content\/uploads\/sites\/26\/2024\/10\/AdobeStock_126274284-scaled.jpeg 3000w, https:\/\/www.infinigate.com\/fr\/wp-content\/uploads\/sites\/26\/2024\/10\/AdobeStock_126274284-300x200.jpeg 300w, https:\/\/www.infinigate.com\/fr\/wp-content\/uploads\/sites\/26\/2024\/10\/AdobeStock_126274284-1024x683.jpeg 1024w, https:\/\/www.infinigate.com\/fr\/wp-content\/uploads\/sites\/26\/2024\/10\/AdobeStock_126274284-768x512.jpeg 768w, https:\/\/www.infinigate.com\/fr\/wp-content\/uploads\/sites\/26\/2024\/10\/AdobeStock_126274284-1536x1024.jpeg 1536w, https:\/\/www.infinigate.com\/fr\/wp-content\/uploads\/sites\/26\/2024\/10\/AdobeStock_126274284-2048x1365.jpeg 2048w\" \/>            <\/div>\r\n            <\/div>\r\n<\/section>\r\n\n\n\n<p id=\"h-financier\"><\/p>\n\n\n<section class=\"media-content wp-block media-content--left media-content--media-type--image has-gray-25-background-color has-background alignfull\">\r\n    <div class=\"media-content__inner\">\r\n        <div class=\"media-content__content\">\r\n                                <h2 class=\"media-content__heading\">Services Financiers<\/h2>\r\n            \r\n            \r\n            <p>Le soutien financier est la pierre angulaire de votre croissance.<\/p>\n<p>C&rsquo;est pourquoi nous proposons des conditions de paiement flexibles et des services financiers que vous pouvez r\u00e9percuter sur vos clients, ce qui vous permet de d\u00e9gager une marge plus importante sur vos transactions.<\/p>\n\r\n                            <div class=\"flex-list\">\r\n                        <a  href=\"https:\/\/www.infinigate.com\/fr\/services\/financial-services\/\" target=\"\" class=\"g-button\">\r\n                En savoir plus            <\/a>\r\n                <\/div>\r\n                    <\/div>\r\n\r\n                    <div class=\"media-content__media\">\r\n                <img loading=\"lazy\" decoding=\"async\" width=\"3000\" height=\"1899\" src=\"https:\/\/www.infinigate.com\/fr\/wp-content\/uploads\/sites\/26\/2024\/11\/AdobeStock_487975124-scaled.jpeg\" class=\"attachment-super size-super\" alt=\"\" sizes=\"auto, (max-width: 768px) 100vw, 50vw\" srcset=\"https:\/\/www.infinigate.com\/fr\/wp-content\/uploads\/sites\/26\/2024\/11\/AdobeStock_487975124-scaled.jpeg 3000w, https:\/\/www.infinigate.com\/fr\/wp-content\/uploads\/sites\/26\/2024\/11\/AdobeStock_487975124-300x190.jpeg 300w, https:\/\/www.infinigate.com\/fr\/wp-content\/uploads\/sites\/26\/2024\/11\/AdobeStock_487975124-1024x648.jpeg 1024w, https:\/\/www.infinigate.com\/fr\/wp-content\/uploads\/sites\/26\/2024\/11\/AdobeStock_487975124-768x486.jpeg 768w, https:\/\/www.infinigate.com\/fr\/wp-content\/uploads\/sites\/26\/2024\/11\/AdobeStock_487975124-1536x972.jpeg 1536w, https:\/\/www.infinigate.com\/fr\/wp-content\/uploads\/sites\/26\/2024\/11\/AdobeStock_487975124-2048x1296.jpeg 2048w\" \/>            <\/div>\r\n            <\/div>\r\n<\/section>\r\n<\/div>\n\n\n\n<div class=\"wp-block-buttons alignwide is-layout-flex wp-block-buttons-is-layout-flex\"><\/div>\n\n\n    <section class=\"links wp-block animate alignwide\">\r\n        <div class=\"links__inner\">\r\n                                <h2 class=\"links__heading has--heading-border\"><p>Nos services pour les partenaires<\/p>\n<\/h2>\r\n            \r\n            \r\n            <div class=\"links__items\">\r\n                                                            <div class=\"links__item\">\r\n                                <a  href=\"https:\/\/www.infinigate.com\/fr\/services\/partner-growth-enablement-services\/\" target=\"\">\r\n                Soutien aux partenaires             <\/a>\r\n                        <\/div>\r\n                                                                                <div class=\"links__item\">\r\n                                <a  href=\"https:\/\/www.infinigate.com\/fr\/services\/professional-config-and-installation-services\/\" target=\"\">\r\n                Configuration et installation professionnelles             <\/a>\r\n                        <\/div>\r\n                                                                                <div class=\"links__item\">\r\n                                <a  href=\"https:\/\/www.infinigate.com\/fr\/services\/vendor-accredited-training\/\" target=\"\">\r\n                Formation accr\u00e9dit\u00e9e par les fournisseurs            <\/a>\r\n                        <\/div>\r\n                                                                                <div class=\"links__item\">\r\n                                <a  href=\"https:\/\/www.infinigate.com\/fr\/services\/financial-services\/\" target=\"\">\r\n                Services financiers            <\/a>\r\n                        <\/div>\r\n                                                                                <div class=\"links__item\">\r\n                                <a  href=\"https:\/\/www.infinigate.com\/fr\/msp\/\" target=\"\">\r\n                Accompagnement MSP            <\/a>\r\n                        <\/div>\r\n                                                                                <div class=\"links__item\">\r\n                                <a  href=\"https:\/\/www.infinigate.com\/fr\/id-connect\/\" target=\"\">\r\n                Services digitaux &#8211; ID Connect            <\/a>\r\n                        <\/div>\r\n                                                <\/div>\r\n        <\/div>\r\n    <\/section>\r\n\n\n<section class=\"cta-banner wp-block alignfull\">\r\n    <div class=\"cta-banner__inner\">\r\n        <div class=\"cta-banner__content\">\r\n\r\n                                <h2 class=\"cta-banner__heading\"><p>Besoin d&rsquo;une aide suppl\u00e9mentaire concernant nos services ?<\/p>\n<\/h2>\r\n            \r\n                            <div class=\"cta-banner__subheading\">\r\n                    <p>L&rsquo;un des membres de notre \u00e9quipe est \u00e0 votre disposition pour vous aider \u00e0 r\u00e9pondre \u00e0 votre demande.<\/p>\n                <\/div>\r\n                    <\/div>\r\n\r\n                    <div class=\"cta-banner__button\">\r\n                    <a  href=\"https:\/\/www.infinigate.com\/fr\/contact\/\" target=\"\" class=\"g-button g-button--arrow\">\r\n                Get in touch            <\/a>\r\n            <\/div>\r\n            <\/div>\r\n\r\n    \r\n\r\n<\/section>\r\n","protected":false},"excerpt":{"rendered":"<p>Chez Infinigate, nous pensons que votre distributeur informatique doit \u00eatre capable de vous donner toutes les r\u00e9ponses &#8211; et c&rsquo;est&hellip;<\/p>\n","protected":false},"author":78,"featured_media":3070,"parent":851,"menu_order":41,"comment_status":"closed","ping_status":"closed","template":"","meta":{"_acf_changed":false,"footnotes":""},"class_list":["post-1731","page","type-page","status-publish","has-post-thumbnail","hentry"],"acf":[],"distributor_meta":false,"distributor_terms":false,"distributor_media":false,"distributor_original_site_name":"Infinigate | France","distributor_original_site_url":"https:\/\/www.infinigate.com\/fr","push-errors":false,"_links":{"self":[{"href":"https:\/\/www.infinigate.com\/fr\/wp-json\/wp\/v2\/pages\/1731","targetHints":{"allow":["GET"]}}],"collection":[{"href":"https:\/\/www.infinigate.com\/fr\/wp-json\/wp\/v2\/pages"}],"about":[{"href":"https:\/\/www.infinigate.com\/fr\/wp-json\/wp\/v2\/types\/page"}],"author":[{"embeddable":true,"href":"https:\/\/www.infinigate.com\/fr\/wp-json\/wp\/v2\/users\/78"}],"replies":[{"embeddable":true,"href":"https:\/\/www.infinigate.com\/fr\/wp-json\/wp\/v2\/comments?post=1731"}],"version-history":[{"count":0,"href":"https:\/\/www.infinigate.com\/fr\/wp-json\/wp\/v2\/pages\/1731\/revisions"}],"up":[{"embeddable":true,"href":"https:\/\/www.infinigate.com\/fr\/wp-json\/wp\/v2\/pages\/851"}],"wp:featuredmedia":[{"embeddable":true,"href":"https:\/\/www.infinigate.com\/fr\/wp-json\/wp\/v2\/media\/3070"}],"wp:attachment":[{"href":"https:\/\/www.infinigate.com\/fr\/wp-json\/wp\/v2\/media?parent=1731"}],"curies":[{"name":"wp","href":"https:\/\/api.w.org\/{rel}","templated":true}]}}