{"id":4756,"date":"2024-07-04T13:38:24","date_gmt":"2024-07-04T12:38:24","guid":{"rendered":"https:\/\/www.infinigate.com\/fr\/?page_id=4756"},"modified":"2024-07-04T13:40:19","modified_gmt":"2024-07-04T12:40:19","slug":"le-programme-des-formations-watchguard","status":"publish","type":"page","link":"https:\/\/www.infinigate.com\/fr\/services\/vendor-accredited-training\/le-programme-des-formations-watchguard\/","title":{"rendered":"Le programme des formations WatchGuard"},"content":{"rendered":"\n<p><\/p>\n\n\n\n<h2 class=\"wp-block-heading wp-block-heading\" id=\"h-authentification-multifacteurs-mfa-avec-watchguard-authpoint\">Authentification MultiFacteurs (MFA) avec WatchGuard AuthPoint<\/h2>\n\n\n\n<h3 class=\"wp-block-heading wp-block-heading\" id=\"h-pre-requis\">Pr\u00e9-requis<\/h3>\n\n\n\n<ul class=\"wp-block-list\">\n<li>Connaissances de base sur les r\u00e9seaux et TCP\/IP<\/li>\n\n\n\n<li>\u00a0Etre \u00e0 l\u2019aise avec un PC sous Windows<\/li>\n\n\n\n<li>\u00a0Conna\u00eetre la gestion de base d\u2019un boitier Firebox WatchGuard<\/li>\n\n\n\n<li>\u00a0Conna\u00eetre si possible les bases de la gestion des utilisateurs sous Active Directory<\/li>\n<\/ul>\n\n\n\n<h3 class=\"wp-block-heading wp-block-heading\" id=\"h-objectifs\">Objectifs<\/h3>\n\n\n\n<p>A l\u2019issue de cette formation l&rsquo;apprenant sera capable de :<\/p>\n\n\n\n<ul class=\"wp-block-list\">\n<li>Configurer AuthPoint et g\u00e9rer les licences au travers du portail WatchGuard Cloud<\/li>\n\n\n\n<li>\u00a0Cr\u00e9er sur ce portail les utilisateurs, groupes et politiques d\u2019acc\u00e8s<\/li>\n\n\n\n<li>\u00a0Mettre en \u0153uvre AuthPoint Gateway sur un serveur Windows<\/li>\n\n\n\n<li>\u00a0Mettre en \u0153uvre l\u2019authentification AuthPoint sur un boitier Firebox<\/li>\n\n\n\n<li>\u00a0Mettre en \u0153uvre les VPN SSL avec AuthPoint<\/li>\n\n\n\n<li>\u00a0Mettre en \u0153uvre un acc\u00e8s \u00e0 des applications tierces SAML<\/li>\n\n\n\n<li>\u00a0Mettre en \u0153uvre le portail VPN Access Portal (M270 minimum)<\/li>\n\n\n\n<li>\u00a0Mettre en \u0153uvre AuthPoint pour l\u2019authentification sur un PC Windows<\/li>\n\n\n\n<li>\u00a0Comprendre les principaux messages de logs li\u00e9s aux authentifications<\/li>\n<\/ul>\n\n\n\n<h3 class=\"wp-block-heading wp-block-heading\" id=\"h-nbsp-duree-et-tarif\">&nbsp;Dur\u00e9e et tarif<\/h3>\n\n\n\n<p>7 heures sur 1 jour en distance. Merci de vous rapprocher de votre contact Infinigate pour connaitre le tarif de vente.<\/p>\n\n\n\n<h3 class=\"wp-block-heading wp-block-heading\" id=\"h-nbsp-audience\">&nbsp;Audience<\/h3>\n\n\n\n<p>Toute personne concern\u00e9e par mise en place de la solution d\u2019authentification multi-facteurs AuthPoint<\/p>\n\n\n\n<div class=\"wp-block-buttons is-layout-flex wp-block-buttons-is-layout-flex\">\n<div class=\"wp-block-button\"><a class=\"wp-block-button__link wp-element-button\" href=\"https:\/\/storage.googleapis.com\/infinigate-assets\/fr\/media\/eb\/b3\/96\/1694513649\/MFA_2023.pdf\">En savoir plus<\/a><\/div>\n<\/div>\n\n\n\n<hr class=\"wp-block-separator has-alpha-channel-opacity\" \/>\n\n\n\n<h2 class=\"wp-block-heading wp-block-heading\" id=\"h-watchguard-network-security-essential\">WatchGuard Network Security Essential<\/h2>\n\n\n\n<h3 class=\"wp-block-heading wp-block-heading\" id=\"h-pre-requis-0\">Pr\u00e9-requis<\/h3>\n\n\n\n<ul class=\"wp-block-list\">\n<li>Connaissances de base sur les r\u00e9seaux et TCP\/IP<\/li>\n\n\n\n<li>\u00a0Etre \u00e0 l\u2019aise avec un PC sous Windows (7, 8 ou 10)<\/li>\n\n\n\n<li>\u00a0Les connaissances en s\u00e9curit\u00e9 informatique sont un plus mais ne sont pas obligatoires<\/li>\n<\/ul>\n\n\n\n<h3 class=\"wp-block-heading wp-block-heading\" id=\"h-objectifs-0\">Objectifs<\/h3>\n\n\n\n<p>A l\u2019issue de cette formation l&rsquo;apprenant sera capable de :<\/p>\n\n\n\n<ul class=\"wp-block-list\">\n<li>Remettre en configuration usine un pare-feu et recharger une sauvegarde de la configuration Mettre en place les configurations r\u00e9seaux adapt\u00e9es \u00e0 son entreprise<\/li>\n\n\n\n<li>\u00a0Comprendre et modifier les r\u00e8gles et param\u00e8tres les plus usuels<\/li>\n\n\n\n<li>\u00a0Comprendre et mettre en \u0153uvre les diff\u00e9rentes translations d\u2019adresses<\/li>\n\n\n\n<li>\u00a0V\u00e9rifier le bon fonctionnement du pare-feu au travers des journaux et du suivi temps r\u00e9el<\/li>\n\n\n\n<li>\u00a0Mettre en place et g\u00e9rer des authentifications<\/li>\n\n\n\n<li>\u00a0Choisir et mettre en \u0153uvre les fonctions optionnelles de s\u00e9curit\u00e9 (WebBlocker, SpamBlocker, application Control, RED, IPS, Anti-Virus, DLP,\u2026)<\/li>\n\n\n\n<li>\u00a0Mettre en place un VPN Site \u00e0 Site (BOVPN) simple en IPsec<\/li>\n\n\n\n<li>\u00a0Mettre en place un VPN nomade (MUVPN en IPsec et en SSL G\u00e9rer des interfaces WAN multiples G\u00e9rer la bande passante<\/li>\n<\/ul>\n\n\n\n<h3 class=\"wp-block-heading wp-block-heading\" id=\"h-nbsp-duree-et-tarif-0\">&nbsp;Dur\u00e9e et tarif<\/h3>\n\n\n\n<p>28 heures sur 4 jours en distance. Merci de vous rapprocher de votre contact Infinigate pour connaitre le tarif de vente.<\/p>\n\n\n\n<h3 class=\"wp-block-heading wp-block-heading\" id=\"h-nbsp-audience-0\">&nbsp;Audience<\/h3>\n\n\n\n<p>Toute personne adulte concern\u00e9e par l\u2019administration au quotidien de boitiers WatchGuard. Aucune dur\u00e9e minimale d\u2019activit\u00e9 professionnelle n\u2019est demand\u00e9e.<\/p>\n\n\n\n<div class=\"wp-block-buttons is-layout-flex wp-block-buttons-is-layout-flex\">\n<div class=\"wp-block-button\"><a class=\"wp-block-button__link wp-element-button\" href=\"https:\/\/storage.googleapis.com\/infinigate-assets\/fr\/media\/3d\/ce\/04\/1694513649\/NSE_WG.pdf\">En savoir plus<\/a><\/div>\n<\/div>\n","protected":false},"excerpt":{"rendered":"<p>Authentification MultiFacteurs (MFA) avec WatchGuard AuthPoint Pr\u00e9-requis Objectifs A l\u2019issue de cette formation l&rsquo;apprenant sera capable de : &nbsp;Dur\u00e9e et&hellip;<\/p>\n","protected":false},"author":78,"featured_media":0,"parent":1729,"menu_order":0,"comment_status":"closed","ping_status":"closed","template":"","meta":{"_acf_changed":false,"footnotes":""},"class_list":["post-4756","page","type-page","status-publish","hentry"],"acf":[],"distributor_meta":false,"distributor_terms":false,"distributor_media":false,"distributor_original_site_name":"Infinigate | France","distributor_original_site_url":"https:\/\/www.infinigate.com\/fr","push-errors":false,"_links":{"self":[{"href":"https:\/\/www.infinigate.com\/fr\/wp-json\/wp\/v2\/pages\/4756","targetHints":{"allow":["GET"]}}],"collection":[{"href":"https:\/\/www.infinigate.com\/fr\/wp-json\/wp\/v2\/pages"}],"about":[{"href":"https:\/\/www.infinigate.com\/fr\/wp-json\/wp\/v2\/types\/page"}],"author":[{"embeddable":true,"href":"https:\/\/www.infinigate.com\/fr\/wp-json\/wp\/v2\/users\/78"}],"replies":[{"embeddable":true,"href":"https:\/\/www.infinigate.com\/fr\/wp-json\/wp\/v2\/comments?post=4756"}],"version-history":[{"count":0,"href":"https:\/\/www.infinigate.com\/fr\/wp-json\/wp\/v2\/pages\/4756\/revisions"}],"up":[{"embeddable":true,"href":"https:\/\/www.infinigate.com\/fr\/wp-json\/wp\/v2\/pages\/1729"}],"wp:attachment":[{"href":"https:\/\/www.infinigate.com\/fr\/wp-json\/wp\/v2\/media?parent=4756"}],"curies":[{"name":"wp","href":"https:\/\/api.w.org\/{rel}","templated":true}]}}