{"id":4759,"date":"2024-07-04T13:45:26","date_gmt":"2024-07-04T12:45:26","guid":{"rendered":"https:\/\/www.infinigate.com\/fr\/?page_id=4759"},"modified":"2024-07-04T13:47:19","modified_gmt":"2024-07-04T12:47:19","slug":"le-programme-des-formations-radware","status":"publish","type":"page","link":"https:\/\/www.infinigate.com\/fr\/services\/vendor-accredited-training\/le-programme-des-formations-radware\/","title":{"rendered":"Le programme des formations Radware"},"content":{"rendered":"\n<h2 class=\"wp-block-heading wp-block-heading\" id=\"h-radware-alteon-professional-500-100-rcab-al\">Radware Alteon Professional &#8211; 500-100 RCAB-AL<\/h2>\n\n\n\n<p class=\"alignwide has-text-align-wide\">Ce cours de quatre jours est con\u00e7u pour pr\u00e9senter aux participants le contr\u00f4leur Alteon ADC (Application Delivery Controller) de Radware: configuration de l&rsquo;installation et des p\u00e9riph\u00e9riques, configuration d&rsquo;Alteon Switching &amp; Routing pour les couches 2 et 3 du p\u00e9riph\u00e9rique.<\/p>\n\n\n\n<p class=\"alignwide has-text-align-wide\">&nbsp;Introduction \u00e0 SLB (Server Load Balancing) Ce cours couvre \u00e9galement la configuration SSL pour les services d\u2019authentification et de cryptage, et la surveillance et le reporting d\u2019Alteon.<\/p>\n\n\n\n<p class=\"alignwide has-text-align-wide\"><strong>&nbsp;Pr\u00e9requis<\/strong><\/p>\n\n\n\n<ul class=\"wp-block-list\">\n<li>\u00a0Recommand\u00e9 &#8211; Compr\u00e9hension g\u00e9n\u00e9rale de la terminologie commune des r\u00e9seaux.<\/li>\n\n\n\n<li>\u00a0Recommand\u00e9 &#8211; Notions sur l&rsquo;adressage et le routage TCP\/IP.<\/li>\n\n\n\n<li>\u00a0Aucun autre cours Radware pr\u00e9alable requis.<\/li>\n\n\n\n<li>\u00a0Aucune exp\u00e9rience pr\u00e9alable de la configuration d\u2019Alteon n\u2019est requise.<\/li>\n<\/ul>\n\n\n\n<p class=\"alignwide has-text-align-wide\"><strong>&nbsp;Certification<\/strong><\/p>\n\n\n\n<p class=\"alignwide has-text-align-wide\">&nbsp;La certification est obtenue \u00e0 l\u2019issue de la validation des acquis, par un examen pratique suivi d\u2019un examen th\u00e9orique.<br><\/p>\n\n\n\n<p class=\"alignwide has-text-align-wide\"><a target=\"_blank\" href=\"https:\/\/storage.googleapis.com\/infinigate-assets\/fr\/media\/1b\/e4\/7c\/1694513624\/Alteon_pro_2023.pdf\" rel=\"noreferrer noopener\">Consultez les d\u00e9tails de la formation<\/a><\/p>\n\n\n\n<hr class=\"wp-block-separator has-alpha-channel-opacity\" \/>\n\n\n\n<h2 class=\"wp-block-heading alignwide wp-block-heading\" id=\"h-radware-alteon-specialist-500-101-rcas-al\">Radware Alteon Specialist &#8211; 500-101 RCAS-AL<\/h2>\n\n\n\n<p class=\"alignwide has-text-align-wide\">Ce cours de quatre jours de niveau interm\u00e9diaire s&rsquo;adresse aux techniciens impliqu\u00e9s dans l&rsquo;installation et la maintenance d&rsquo;un Radware Alteon ADC, s\u00e9ries 4 \u00e0 8. Ce cours pr\u00e9sente l&rsquo;environnement ADC-VX et la configuration vADC de Radware. AppShape ++, surveillance des p\u00e9riph\u00e9riques et g\u00e9n\u00e9ration de rapports \u00e0 l&rsquo;aide de l&rsquo;automatisation. Les concepts \u00e9l\u00e9mentaires de d\u00e9pannage sont enseign\u00e9s.<\/p>\n\n\n\n<p class=\"alignwide has-text-align-wide\"><strong>&nbsp;Pr\u00e9requis<\/strong><\/p>\n\n\n\n<ul class=\"wp-block-list\">\n<li>\u00a0Les participants \u00e0 cette formation doivent avoir suivi et obtenu la certification Radware Alteon Professional (L1).<\/li>\n<\/ul>\n\n\n\n<p class=\"alignwide has-text-align-wide\"><strong>&nbsp;Certification<\/strong><\/p>\n\n\n\n<ul class=\"wp-block-list\">\n<li>\u00a0La certification est obtenue \u00e0 l\u2019issue de la validation des acquis, par un examen pratique suivi d\u2019un examen th\u00e9orique.<\/li>\n\n\n\n<li>\u00a0La certification est obtenue \u00e0 l\u2019issue de la validation des acquis, par un examen pratique suivi d\u2019un examen th\u00e9orique.<\/li>\n<\/ul>\n\n\n\n<p class=\"alignwide has-text-align-wide\"><a href=\"https:\/\/storage.googleapis.com\/infinigate-assets\/fr\/media\/02\/18\/92\/1694513624\/Alteon_spe_2023.pdf\" target=\"_blank\" rel=\"noreferrer noopener\">Consultez les d\u00e9tails de la formation<\/a><\/p>\n","protected":false},"excerpt":{"rendered":"<p>Radware Alteon Professional &#8211; 500-100 RCAB-AL Ce cours de quatre jours est con\u00e7u pour pr\u00e9senter aux participants le contr\u00f4leur Alteon&hellip;<\/p>\n","protected":false},"author":78,"featured_media":0,"parent":1729,"menu_order":0,"comment_status":"closed","ping_status":"closed","template":"","meta":{"_acf_changed":false,"footnotes":""},"class_list":["post-4759","page","type-page","status-publish","hentry"],"acf":[],"distributor_meta":false,"distributor_terms":false,"distributor_media":false,"distributor_original_site_name":"Infinigate | France","distributor_original_site_url":"https:\/\/www.infinigate.com\/fr","push-errors":false,"_links":{"self":[{"href":"https:\/\/www.infinigate.com\/fr\/wp-json\/wp\/v2\/pages\/4759","targetHints":{"allow":["GET"]}}],"collection":[{"href":"https:\/\/www.infinigate.com\/fr\/wp-json\/wp\/v2\/pages"}],"about":[{"href":"https:\/\/www.infinigate.com\/fr\/wp-json\/wp\/v2\/types\/page"}],"author":[{"embeddable":true,"href":"https:\/\/www.infinigate.com\/fr\/wp-json\/wp\/v2\/users\/78"}],"replies":[{"embeddable":true,"href":"https:\/\/www.infinigate.com\/fr\/wp-json\/wp\/v2\/comments?post=4759"}],"version-history":[{"count":0,"href":"https:\/\/www.infinigate.com\/fr\/wp-json\/wp\/v2\/pages\/4759\/revisions"}],"up":[{"embeddable":true,"href":"https:\/\/www.infinigate.com\/fr\/wp-json\/wp\/v2\/pages\/1729"}],"wp:attachment":[{"href":"https:\/\/www.infinigate.com\/fr\/wp-json\/wp\/v2\/media?parent=4759"}],"curies":[{"name":"wp","href":"https:\/\/api.w.org\/{rel}","templated":true}]}}