{"id":5331,"date":"2024-09-12T16:44:15","date_gmt":"2024-09-12T14:44:15","guid":{"rendered":"https:\/\/www.infinigate.com\/fr\/?page_id=5331"},"modified":"2025-09-26T10:10:48","modified_gmt":"2025-09-26T08:10:48","slug":"financial-services","status":"publish","type":"page","link":"https:\/\/www.infinigate.com\/fr\/services\/financial-services\/","title":{"rendered":"Services financiers"},"content":{"rendered":"\n<figure class=\"wp-block-image alignfull size-full is-style-corner-overlay\"><img decoding=\"async\" src=\"https:\/\/www.infinigate.com\/wp-content\/uploads\/2024\/01\/financial-service-website-header.jpg\" alt=\"\" class=\"wp-image-3759\" \/><\/figure>\n\n\n\n<div class=\"wp-block-columns is-layout-flex wp-container-core-columns-is-layout-9d6595d7 wp-block-columns-is-layout-flex\">\n<div class=\"wp-block-column is-layout-flow wp-block-column-is-layout-flow\">\n<p class=\"is-style-large-body\">Confront\u00e9s \u00e0 l&rsquo;incertitude \u00e9conomique et aux contraintes financi\u00e8res, les clients finaux recherchent d&rsquo;autres moyens de payer leur technologie comme la possibilit\u00e9 d&rsquo;\u00e9taler les paiements dans le temps, de rationaliser les co\u00fbts des projets et de se pr\u00e9munir contre les hausses de prix.\u202f<\/p>\n\n\n\n<p><br><\/p>\n<\/div>\n\n\n\n<div class=\"wp-block-column is-layout-flow wp-block-column-is-layout-flow\">\n<p>Pour aider nos partenaires \u00e0 r\u00e9pondre aux besoins des clients et \u00e0 vendre plus de technologies et de services, Infinigate propose une gamme de services financiers sp\u00e9cialis\u00e9s, en collaboration avec les principaux fournisseurs de financement.<\/p>\n\n\n\n<p>En offrant \u00e0 vos clients des alternatives rentables \u00e0 l&rsquo;achat de solutions, vous pouvez les aider \u00e0 g\u00e9rer les contraintes budg\u00e9taires, \u00e0 r\u00e9server du capital et \u00e0 continuer \u00e0 s\u00e9curiser et \u00e0 transformer leurs activit\u00e9s num\u00e9riques.<\/p>\n<\/div>\n<\/div>\n\n\n\n<div class=\"wp-block-buttons alignwide is-content-justification-center is-layout-flex wp-container-core-buttons-is-layout-16018d1d wp-block-buttons-is-layout-flex\">\n<div class=\"wp-block-button\"><a class=\"wp-block-button__link wp-element-button\" href=\"mailto:finance-fr@infinigate.com\">Contactez nos sp\u00e9cialistes<\/a><\/div>\n\n\n\n<div class=\"wp-block-button\"><a class=\"wp-block-button__link wp-element-button\" href=\"https:\/\/www.infinigate.com\/fr\/wp-content\/uploads\/sites\/26\/2024\/10\/2024_Flyer-Infinigate-Finance-Services_FR.pdf\" target=\"_blank\" rel=\"noreferrer noopener\">T\u00e9l\u00e9charger l&rsquo;aper\u00e7u des services<\/a><\/div>\n<\/div>\n\n\n    <section style=\"--content-grid--columns: 3;\" class=\"content-grid wp-block animate content-grid--3-columns alignfull\">\r\n        <div class=\"content-grid__inner\">\r\n            \r\n\r\n                                <h2 class=\"content-grid__heading has--heading-border\">Plus de moyens de paiement pour les clients<\/h2>\r\n            \r\n\r\n            \r\n                                            <div class=\"content-grid__subheading\">\r\n                            <p>Des solutions de financement adapt\u00e9es \u00e0 chaque type de projet, sur l&rsquo;ensemble du portefeuille Infinigate.<\/p>\n                        <\/div>\r\n                    \r\n                                                    \r\n                    \r\n                                                                        <div class=\"content-grid__items\">\r\n                                                                            <div class=\"content-grid__item has-background has-gray-200-background-color\">\r\n                                            \r\n                                                \r\n                                        \r\n                                                                                        <h3 class=\"content-grid__item__heading\">Une offre de financement compl\u00e8te<\/h3>\r\n                                        \r\n                                                                        <div class=\" content-grid__item__subheading\">\r\n                                            <ul style=\"padding-left: var(--list--indent)\">\n<li>Mat\u00e9riel, logiciel et services<\/li>\n<li>Logiciel uniquement<\/li>\n<li>Solutions multifournisseurs<\/li>\n<li>Financement par les partenaires et les utilisateurs finaux<\/li>\n<\/ul>\n                                <\/div>\r\n                                        \r\n                                        \r\n                        <\/div>\r\n                                                                            <div class=\"content-grid__item has-background has-gray-300-background-color\">\r\n                                            \r\n                                                \r\n                                        \r\n                                                                                        <h3 class=\"content-grid__item__heading\">Plus d&rsquo;options de paiement<\/h3>\r\n                                        \r\n                                                                        <div class=\" content-grid__item__subheading\">\r\n                                            <ul style=\"padding-left: var(--list--indent)\">\n<li>\u00c9talement des paiements sur 1 \u00e0 5 ans<\/li>\n<li>D\u00e9ploiement imm\u00e9diat, paiement ult\u00e9rieur<\/li>\n<li>Termes mensuels, trimestriels ou annuels<\/li>\n<li>Paiements au d\u00e9but de la p\u00e9riode.<\/li>\n<li>Payer plus tard<\/li>\n<li>Termes mensuels, trimestriels ou annuels<\/li>\n<li>Paiements en d\u00e9but de p\u00e9riode<\/li>\n<\/ul>\n                                <\/div>\r\n                                        \r\n                                        \r\n                        <\/div>\r\n                                                                            <div class=\"content-grid__item has-background has-gray-400-background-color\">\r\n                                            \r\n                                                \r\n                                        \r\n                                                                                        <h3 class=\"content-grid__item__heading\">Des options contractuelles flexibles<\/h3>\r\n                                        \r\n                                                                        <div class=\" content-grid__item__subheading\">\r\n                                            <ul style=\"padding-left: var(--list--indent)\">\n<li>Leasing financier<\/li>\n<li>Leasing op\u00e9rationnel avec garantie de valeur r\u00e9siduelle<\/li>\n<li>Vente et cession-bail<\/li>\n<\/ul>\n                                <\/div>\r\n                                        \r\n                                        \r\n                        <\/div>\r\n                                                    <\/div>\r\n                                    <\/div>\r\n    <\/section>\r\n\n\n\n<p><\/p>\n\n\n    <section style=\"--content-grid--columns: 1;\" class=\"content-grid wp-block animate content-grid--1-columns alignfull\">\r\n        <div class=\"content-grid__inner\">\r\n            \r\n\r\n                                <h2 class=\"content-grid__heading has--heading-border\">Plus de possibilit\u00e9s <\/h2>\r\n            \r\n\r\n            \r\n                                            <div class=\"content-grid__subheading\">\r\n                            <p>Les solutions de financement flexibles sont un outil efficace pour vous aider \u00e0 stimuler la croissance et \u00e0 diff\u00e9rencier votre offre, tout en prot\u00e9geant votre tr\u00e9sorerie et en minimisant le risque de cr\u00e9dit.<\/p>\n                        <\/div>\r\n                    \r\n                                                    \r\n                    \r\n                                                                        <div class=\"content-grid__items\">\r\n                                                                            <div class=\"content-grid__item \">\r\n                                                                                            <div class=\"content-grid__item__icon has-background\">\r\n                                                    <div class=\"content-grid__item__icon-inner\">\r\n                                                        <img loading=\"lazy\" decoding=\"async\" width=\"100\" height=\"100\" src=\"https:\/\/www.infinigate.com\/fr\/wp-content\/uploads\/sites\/26\/2024\/06\/icon_marketing.svg\" class=\"attachment-medium_large size-medium_large\" alt=\"\" \/>                                                    <\/div>\r\n                                                <\/div>\r\n                                            \r\n                                                \r\n                                        \r\n                                                                                        <h3 class=\"content-grid__item__heading\">Saisir de nouvelles opportunit\u00e9s<\/h3>\r\n                                        \r\n                                                                        <div class=\" content-grid__item__subheading\">\r\n                                            <p>Gagnez des contrats plus importants et vendez des abonnements pluriannuels.<\/p>\n                                <\/div>\r\n                                        \r\n                                        \r\n                        <\/div>\r\n                                                                            <div class=\"content-grid__item \">\r\n                                                                                            <div class=\"content-grid__item__icon has-background\">\r\n                                                    <div class=\"content-grid__item__icon-inner\">\r\n                                                        <img loading=\"lazy\" decoding=\"async\" width=\"100\" height=\"100\" src=\"https:\/\/www.infinigate.com\/fr\/wp-content\/uploads\/sites\/26\/2023\/04\/home-icon_growth.svg\" class=\"attachment-medium_large size-medium_large\" alt=\"growth icon\" \/>                                                    <\/div>\r\n                                                <\/div>\r\n                                            \r\n                                                \r\n                                        \r\n                                                                                        <h3 class=\"content-grid__item__heading\">Augmentez vos taux de r\u00e9ussite<\/h3>\r\n                                        \r\n                                                                        <div class=\" content-grid__item__subheading\">\r\n                                            <p>Facilitez et acc\u00e9l\u00e9rez la conclusion d&rsquo;affaires en donnant aux clients le choix du mode de paiement ou la possibilit\u00e9 de diff\u00e9rer les paiements &#8211; et d\u00e9bloquez les projets en suspens en raison d&rsquo;un manque de capital ou de budget.<\/p>\n                                <\/div>\r\n                                        \r\n                                        \r\n                        <\/div>\r\n                                                                            <div class=\"content-grid__item \">\r\n                                                                                            <div class=\"content-grid__item__icon has-background\">\r\n                                                    <div class=\"content-grid__item__icon-inner\">\r\n                                                        <img loading=\"lazy\" decoding=\"async\" width=\"100\" height=\"100\" src=\"https:\/\/www.infinigate.com\/fr\/wp-content\/uploads\/sites\/26\/2023\/04\/icon_execution.svg\" class=\"attachment-medium_large size-medium_large\" alt=\"icon execution\" \/>                                                    <\/div>\r\n                                                <\/div>\r\n                                            \r\n                                                \r\n                                        \r\n                                                                                        <h3 class=\"content-grid__item__heading\">Proposer l&rsquo;offre technologique exacte dont votre client a besoin<\/h3>\r\n                                        \r\n                                                                        <div class=\" content-grid__item__subheading\">\r\n                                            <p>Gr\u00e2ce au financement des logiciels, du mat\u00e9riel et des services, vous pouvez proposer \u00e0 vos clients l&rsquo;offre technologique dont ils ont besoin, sans aucun compromis.<\/p>\n                                <\/div>\r\n                                        \r\n                                        \r\n                        <\/div>\r\n                                                                            <div class=\"content-grid__item \">\r\n                                                                                            <div class=\"content-grid__item__icon has-background\">\r\n                                                    <div class=\"content-grid__item__icon-inner\">\r\n                                                        <img loading=\"lazy\" decoding=\"async\" width=\"100\" height=\"100\" src=\"https:\/\/www.infinigate.com\/fr\/wp-content\/uploads\/sites\/26\/2024\/06\/icon_lock.svg\" class=\"attachment-medium_large size-medium_large\" alt=\"\" \/>                                                    <\/div>\r\n                                                <\/div>\r\n                                            \r\n                                                \r\n                                        \r\n                                                                                        <h3 class=\"content-grid__item__heading\">Permettre aux clients de bloquer les co\u00fbts<\/h3>\r\n                                        \r\n                                                                        <div class=\" content-grid__item__subheading\">\r\n                                            <p>Pendant la dur\u00e9e du contrat, garantir le prix actuel sur plusieurs ann\u00e9es et se pr\u00e9munir contre les fluctuations mon\u00e9taires.<\/p>\n                                <\/div>\r\n                                        \r\n                                        \r\n                        <\/div>\r\n                                                                            <div class=\"content-grid__item \">\r\n                                                                                            <div class=\"content-grid__item__icon has-background\">\r\n                                                    <div class=\"content-grid__item__icon-inner\">\r\n                                                        <img loading=\"lazy\" decoding=\"async\" width=\"100\" height=\"100\" src=\"https:\/\/www.infinigate.com\/fr\/wp-content\/uploads\/sites\/26\/2024\/06\/icon_laptop.svg\" class=\"attachment-medium_large size-medium_large\" alt=\"\" \/>                                                    <\/div>\r\n                                                <\/div>\r\n                                            \r\n                                                \r\n                                        \r\n                                                                                        <h3 class=\"content-grid__item__heading\">Optimisez vos offres et battez la concurrence<\/h3>\r\n                                        \r\n                                                                        <div class=\" content-grid__item__subheading\">\r\n                                            <p>Proposer aux clients un \u00e9ventail de solutions d&rsquo;achat direct en fonction de leurs besoins sp\u00e9cifiques.<\/p>\n                                <\/div>\r\n                                        \r\n                                        \r\n                        <\/div>\r\n                                                    <\/div>\r\n                                    <\/div>\r\n    <\/section>\r\n\n\n<section class=\"media-content wp-block media-content--right media-content--media-type--image has-gray-25-background-color has-background alignfull\">\r\n    <div class=\"media-content__inner\">\r\n        <div class=\"media-content__content\">\r\n                                <h2 class=\"media-content__heading\">Stimulez votre croissance avec Infinigate<\/h2>\r\n            \r\n            \r\n            <p>Chez Infinigate, nous comprenons que le financement est essentiel \u00e0 votre croissance. C&rsquo;est pourquoi nous vous accompagnons du devis \u00e0 l&rsquo;encaissement avec un soutien personnel in\u00e9gal\u00e9, une expertise et les bons outils pour vous aider \u00e0 r\u00e9ussir.<\/p>\n<p>Notre calculateur de cr\u00e9dit-bail permet d&rsquo;obtenir rapidement et facilement un devis pr\u00e9liminaire afin d&rsquo;optimiser vos offres.<\/p>\n<p>Nos sp\u00e9cialistes financiers dans le pays vous aident \u00e0 proposer des solutions de financement personnalis\u00e9es, quelle que soit la complexit\u00e9 des transactions ou des exigences des clients.<\/p>\n<p>Nos services financiers sont disponibles pour tous les types de projets, sur l&rsquo;ensemble de notre portefeuille de cybers\u00e9curit\u00e9, de r\u00e9seaux s\u00e9curis\u00e9s et de cloud s\u00e9curis\u00e9, leader sur le march\u00e9. Cela signifie que vous pouvez offrir plus de valeur et une solution compl\u00e8te \u00e0 vos clients, quelle que soit votre taille ou vos ressources et capacit\u00e9s internes. Montant minimum de la transaction : 30 000 \u00a3 (ou l&rsquo;\u00e9quivalent en monnaie locale).<\/p>\n<p>&nbsp;<\/p>\n\r\n                    <\/div>\r\n\r\n                    <div class=\"media-content__media\">\r\n                <img loading=\"lazy\" decoding=\"async\" width=\"900\" height=\"600\" src=\"https:\/\/www.infinigate.com\/fr\/wp-content\/uploads\/sites\/26\/2024\/09\/financial-growth-website.jpg\" class=\"attachment-super size-super\" alt=\"financial growth website\" sizes=\"auto, (max-width: 768px) 100vw, 50vw\" srcset=\"https:\/\/www.infinigate.com\/fr\/wp-content\/uploads\/sites\/26\/2024\/09\/financial-growth-website.jpg 900w, https:\/\/www.infinigate.com\/fr\/wp-content\/uploads\/sites\/26\/2024\/09\/financial-growth-website-300x200.jpg 300w, https:\/\/www.infinigate.com\/fr\/wp-content\/uploads\/sites\/26\/2024\/09\/financial-growth-website-768x512.jpg 768w\" \/>            <\/div>\r\n            <\/div>\r\n<\/section>\r\n\n\n\n<div class=\"wp-block-cover alignwide is-light\"><span aria-hidden=\"true\" class=\"wp-block-cover__background has-background-dim\"><\/span><img decoding=\"async\" class=\"wp-block-cover__image-background wp-image-3766\" alt=\"\" src=\"https:\/\/www.infinigate.com\/wp-content\/uploads\/2024\/01\/financial-services-3.jpg\" style=\"object-position:51% 27%\" data-object-fit=\"cover\" data-object-position=\"51% 27%\" \/><div class=\"wp-block-cover__inner-container is-layout-constrained wp-block-cover-is-layout-constrained\">\n<h3 class=\"wp-block-heading has-text-align-center has-white-color has-text-color has-link-color wp-elements-694e074eab8cf970422e2518ae71cf21\" id=\"h-accelerez-vos-transactions-des-aujourd-hui\">Acc\u00e9l\u00e9rez vos transactions d\u00e8s aujourd&rsquo;hui<\/h3>\n\n\n\n<p class=\"has-text-align-center has-white-color has-text-color has-link-color wp-elements-c81e73b28e2a7fde15b8b950efb67a54\">Pour en savoir plus sur nos services financiers et sur la mani\u00e8re dont ils peuvent vous aider \u00e0 conclure davantage de contrats, veuillez contacter finance-fr@infinigate.com.<\/p>\n\n\n\n<p class=\"has-text-align-center has-white-color has-text-color has-link-color wp-elements-6213c9ad6c262419f8051aa28dc092c4\">Vous pouvez \u00e9galement t\u00e9l\u00e9charger notre <a href=\"https:\/\/www.infinigate.com\/fr\/wp-content\/uploads\/sites\/26\/2024\/10\/2024_Flyer-Infinigate-Finance-Services_FR.pdf\">Guide Rapide du Partenaire<\/a>.<\/p>\n<\/div><\/div>\n\n\n    <section class=\"links wp-block animate alignwide\">\r\n        <div class=\"links__inner\">\r\n                                <h2 class=\"links__heading has--heading-border\"><p>Nos services pour les partenaires<\/p>\n<\/h2>\r\n            \r\n            \r\n            <div class=\"links__items\">\r\n                                                            <div class=\"links__item\">\r\n                                <a  href=\"https:\/\/www.infinigate.com\/fr\/services\/partner-growth-enablement-services\/\" target=\"\">\r\n                Soutien aux partenaires             <\/a>\r\n                        <\/div>\r\n                                                                                <div class=\"links__item\">\r\n                                <a  href=\"https:\/\/www.infinigate.com\/fr\/services\/professional-config-and-installation-services\/\" target=\"\">\r\n                Configuration et installation professionnelles             <\/a>\r\n                        <\/div>\r\n                                                                                <div class=\"links__item\">\r\n                                <a  href=\"https:\/\/www.infinigate.com\/fr\/services\/vendor-accredited-training\/\" target=\"\">\r\n                Formation accr\u00e9dit\u00e9e par les fournisseurs            <\/a>\r\n                        <\/div>\r\n                                                                                <div class=\"links__item\">\r\n                                <a  href=\"https:\/\/www.infinigate.com\/fr\/services\/financial-services\/\" target=\"\">\r\n                Services financiers            <\/a>\r\n                        <\/div>\r\n                                                                                <div class=\"links__item\">\r\n                                <a  href=\"https:\/\/www.infinigate.com\/fr\/msp\/\" target=\"\">\r\n                Accompagnement MSP            <\/a>\r\n                        <\/div>\r\n                                                                                <div class=\"links__item\">\r\n                                <a  href=\"https:\/\/www.infinigate.com\/fr\/id-connect\/\" target=\"\">\r\n                Services digitaux &#8211; ID Connect            <\/a>\r\n                        <\/div>\r\n                                                <\/div>\r\n        <\/div>\r\n    <\/section>\r\n\n\n<section class=\"cta-banner wp-block alignfull\">\r\n    <div class=\"cta-banner__inner\">\r\n        <div class=\"cta-banner__content\">\r\n\r\n                                <h2 class=\"cta-banner__heading\"><p>Besoin d&rsquo;une aide suppl\u00e9mentaire concernant nos services ?<\/p>\n<\/h2>\r\n            \r\n                            <div class=\"cta-banner__subheading\">\r\n                    <p>L&rsquo;un des membres de notre \u00e9quipe est \u00e0 votre disposition pour vous aider \u00e0 r\u00e9pondre \u00e0 votre demande.<\/p>\n                <\/div>\r\n                    <\/div>\r\n\r\n                    <div class=\"cta-banner__button\">\r\n                    <a  href=\"https:\/\/www.infinigate.com\/fr\/contact\/\" target=\"\" class=\"g-button g-button--arrow\">\r\n                Prendre contact            <\/a>\r\n            <\/div>\r\n            <\/div>\r\n\r\n    \r\n\r\n<\/section>\r\n","protected":false},"excerpt":{"rendered":"<p>Confront\u00e9s \u00e0 l&rsquo;incertitude \u00e9conomique et aux contraintes financi\u00e8res, les clients finaux recherchent d&rsquo;autres moyens de payer leur technologie comme la&hellip;<\/p>\n","protected":false},"author":78,"featured_media":1765,"parent":851,"menu_order":1,"comment_status":"closed","ping_status":"closed","template":"","meta":{"_acf_changed":false,"footnotes":""},"class_list":["post-5331","page","type-page","status-publish","has-post-thumbnail","hentry"],"acf":[],"distributor_meta":false,"distributor_terms":false,"distributor_media":false,"distributor_original_site_name":"Infinigate | France","distributor_original_site_url":"https:\/\/www.infinigate.com\/fr","push-errors":false,"_links":{"self":[{"href":"https:\/\/www.infinigate.com\/fr\/wp-json\/wp\/v2\/pages\/5331","targetHints":{"allow":["GET"]}}],"collection":[{"href":"https:\/\/www.infinigate.com\/fr\/wp-json\/wp\/v2\/pages"}],"about":[{"href":"https:\/\/www.infinigate.com\/fr\/wp-json\/wp\/v2\/types\/page"}],"author":[{"embeddable":true,"href":"https:\/\/www.infinigate.com\/fr\/wp-json\/wp\/v2\/users\/78"}],"replies":[{"embeddable":true,"href":"https:\/\/www.infinigate.com\/fr\/wp-json\/wp\/v2\/comments?post=5331"}],"version-history":[{"count":0,"href":"https:\/\/www.infinigate.com\/fr\/wp-json\/wp\/v2\/pages\/5331\/revisions"}],"up":[{"embeddable":true,"href":"https:\/\/www.infinigate.com\/fr\/wp-json\/wp\/v2\/pages\/851"}],"wp:featuredmedia":[{"embeddable":true,"href":"https:\/\/www.infinigate.com\/fr\/wp-json\/wp\/v2\/media\/1765"}],"wp:attachment":[{"href":"https:\/\/www.infinigate.com\/fr\/wp-json\/wp\/v2\/media?parent=5331"}],"curies":[{"name":"wp","href":"https:\/\/api.w.org\/{rel}","templated":true}]}}