{"id":7292,"date":"2025-09-25T17:47:49","date_gmt":"2025-09-25T15:47:49","guid":{"rendered":"https:\/\/www.infinigate.com\/fr\/?page_id=7292"},"modified":"2025-09-25T17:47:49","modified_gmt":"2025-09-25T15:47:49","slug":"msp-5-erreurs-a-eviter","status":"publish","type":"page","link":"https:\/\/www.infinigate.com\/fr\/msp-5-erreurs-a-eviter\/","title":{"rendered":"MSP &#8211; 5 erreurs \u00e0 \u00e9viter"},"content":{"rendered":"\n<p>Mais qu\u2019est-ce qui d\u00e9finit r\u00e9ellement un <em>Managed Service Provider<\/em> ? Et quelles sont les erreurs \u00e0 \u00e9viter ?<\/p>\n\n\n\n<div class=\"wp-block-columns is-layout-flex wp-container-core-columns-is-layout-9d6595d7 wp-block-columns-is-layout-flex\">\n<div class=\"wp-block-column is-layout-flow wp-block-column-is-layout-flow\">\n<p>Il n\u2019existe pas de d\u00e9finition universelle ou fig\u00e9e de ce qu\u2019est un <em>Managed Service Provider<\/em>. Voici cependant une vision largement partag\u00e9e du r\u00f4le et des bonnes pratiques. Et vous, qu\u2019en pensez-vous ?<\/p>\n\n\n\n<ul class=\"wp-block-list\">\n<li>Supervision et support 24h\/24, 7j\/7, 365 jours par an, avec l\u2019appui d\u2019un outil RMM (<em>Remote Monitoring &amp; Management<\/em>) pour un support r\u00e9actif et efficace.<\/li>\n\n\n\n<li>Tarification forfaitaire pour le support technique (\u00ab\u202ftout compris\u202f\u00bb) \u2014 pas d\u2019inqui\u00e9tude, vos clients n\u2019ont pas envie de passer leur journ\u00e9e avec le support, ils ont d\u2019autres priorit\u00e9s.<\/li>\n\n\n\n<li>Support centralis\u00e9 : \u00e9vitez \u00e0 vos clients d\u2019\u00eatre balad\u00e9s entre diff\u00e9rents interlocuteurs. Prenez en charge la relation avec les fournisseurs pour leur garantir une exp\u00e9rience fluide.<\/li>\n<\/ul>\n<\/div>\n\n\n\n<div class=\"wp-block-column is-layout-flow wp-block-column-is-layout-flow\">\n<figure class=\"wp-block-image size-full\"><img loading=\"lazy\" decoding=\"async\" width=\"800\" height=\"550\" src=\"https:\/\/www.infinigate.com\/fr\/wp-content\/uploads\/sites\/26\/2025\/09\/Service_Provider_postits.jpg\" alt=\"\" class=\"wp-image-7300\" srcset=\"https:\/\/www.infinigate.com\/fr\/wp-content\/uploads\/sites\/26\/2025\/09\/Service_Provider_postits.jpg 800w, https:\/\/www.infinigate.com\/fr\/wp-content\/uploads\/sites\/26\/2025\/09\/Service_Provider_postits-300x206.jpg 300w, https:\/\/www.infinigate.com\/fr\/wp-content\/uploads\/sites\/26\/2025\/09\/Service_Provider_postits-768x528.jpg 768w\" sizes=\"auto, (max-width: 800px) 100vw, 800px\" \/><\/figure>\n<\/div>\n<\/div>\n\n\n\n<h2 class=\"wp-block-heading wp-block-heading\" id=\"h-5-erreurs-a-eviter-en-tant-que-msp\">5 erreurs \u00e0 \u00e9viter en tant que MSP :<\/h2>\n\n\n\n<div class=\"wp-block-group is-vertical is-layout-flex wp-container-core-group-is-layout-8cf370e7 wp-block-group-is-layout-flex\">\n<ol class=\"wp-block-list has-blue-color has-grey-background-color has-text-color has-background has-link-color wp-elements-ac7ee13b322f6b4b1fe4deb7a715af35\">\n<li><strong>Ne pas documenter correctement<\/strong><br>Ne n\u00e9gligez pas la documentation des r\u00e9seaux, des processus, des configurations client, des checklists, etc. Une documentation claire vous fait gagner du temps et am\u00e9liore la qualit\u00e9 de votre service.\n<ul class=\"wp-block-list\">\n<li><\/li>\n<\/ul>\n<\/li>\n\n\n\n<li><strong>Ne pas utiliser d\u2019outil PSA (Professional Services Automation)<\/strong><br>Impl\u00e9mentez un outil PSA d\u00e8s le d\u00e9but pour g\u00e9rer efficacement les tickets, le temps pass\u00e9, la facturation, etc.<br><em>G\u00e9rez votre activit\u00e9 sur la base de donn\u00e9es concr\u00e8tes, pas \u00e0 l\u2019instinct.<\/em>\n<ul class=\"wp-block-list\">\n<li><\/li>\n<\/ul>\n<\/li>\n\n\n\n<li><strong>Sortir de son c\u0153ur de m\u00e9tier<\/strong><br>Ne cherchez pas \u00e0 tout faire. Concentrez-vous sur vos expertises cl\u00e9s et d\u00e9veloppez des partenariats avec d\u2019autres acteurs du secteur pour compl\u00e9ter votre offre.\n<ul class=\"wp-block-list\">\n<li><\/li>\n<\/ul>\n<\/li>\n\n\n\n<li><strong>Sous-estimer vos tarifs<\/strong><br>Travaillez avec des clients qui reconnaissent la valeur de votre savoir-faire. Ne bradez pas vos services \u2013 votre expertise m\u00e9rite une juste r\u00e9mun\u00e9ration.\n<ul class=\"wp-block-list\">\n<li><\/li>\n<\/ul>\n<\/li>\n\n\n\n<li><strong>Ne pas demander d\u2019aide<\/strong><br>Restez connect\u00e9 \u00e0 l\u2019\u00e9cosyst\u00e8me MSP : participez \u00e0 des groupes d\u2019utilisateurs, suivez les tendances du march\u00e9, \u00e9changez sur les bonnes pratiques et les d\u00e9fis avec vos pairs.<\/li>\n<\/ol>\n<\/div>\n\n\n\n<p><\/p>\n","protected":false},"excerpt":{"rendered":"<p>Mais qu\u2019est-ce qui d\u00e9finit r\u00e9ellement un Managed Service Provider ? Et quelles sont les erreurs \u00e0 \u00e9viter ? Il n\u2019existe&hellip;<\/p>\n","protected":false},"author":91,"featured_media":7228,"parent":0,"menu_order":0,"comment_status":"closed","ping_status":"closed","template":"","meta":{"_acf_changed":false,"footnotes":""},"class_list":["post-7292","page","type-page","status-publish","has-post-thumbnail","hentry"],"acf":[],"distributor_meta":false,"distributor_terms":false,"distributor_media":false,"distributor_original_site_name":"Infinigate | France","distributor_original_site_url":"https:\/\/www.infinigate.com\/fr","push-errors":false,"_links":{"self":[{"href":"https:\/\/www.infinigate.com\/fr\/wp-json\/wp\/v2\/pages\/7292","targetHints":{"allow":["GET"]}}],"collection":[{"href":"https:\/\/www.infinigate.com\/fr\/wp-json\/wp\/v2\/pages"}],"about":[{"href":"https:\/\/www.infinigate.com\/fr\/wp-json\/wp\/v2\/types\/page"}],"author":[{"embeddable":true,"href":"https:\/\/www.infinigate.com\/fr\/wp-json\/wp\/v2\/users\/91"}],"replies":[{"embeddable":true,"href":"https:\/\/www.infinigate.com\/fr\/wp-json\/wp\/v2\/comments?post=7292"}],"version-history":[{"count":0,"href":"https:\/\/www.infinigate.com\/fr\/wp-json\/wp\/v2\/pages\/7292\/revisions"}],"wp:featuredmedia":[{"embeddable":true,"href":"https:\/\/www.infinigate.com\/fr\/wp-json\/wp\/v2\/media\/7228"}],"wp:attachment":[{"href":"https:\/\/www.infinigate.com\/fr\/wp-json\/wp\/v2\/media?parent=7292"}],"curies":[{"name":"wp","href":"https:\/\/api.w.org\/{rel}","templated":true}]}}