{"id":851,"date":"2022-11-10T15:18:21","date_gmt":"2022-11-10T15:18:21","guid":{"rendered":"https:\/\/infinigate.wpengine.com\/?page_id=851"},"modified":"2024-10-25T10:27:40","modified_gmt":"2024-10-25T08:27:40","slug":"services","status":"publish","type":"page","link":"https:\/\/www.infinigate.com\/fr\/services\/","title":{"rendered":"Services"},"content":{"rendered":"\n<figure class=\"wp-block-image alignfull size-full is-style-corner-overlay\"><img loading=\"lazy\" decoding=\"async\" width=\"1440\" height=\"510\" src=\"https:\/\/www.infinigate.com\/fr\/wp-content\/uploads\/sites\/26\/2023\/04\/Hero-image-partner-highres.jpg\" alt=\"\" class=\"wp-image-3064\" srcset=\"https:\/\/www.infinigate.com\/fr\/wp-content\/uploads\/sites\/26\/2023\/04\/Hero-image-partner-highres.jpg 1440w, https:\/\/www.infinigate.com\/fr\/wp-content\/uploads\/sites\/26\/2023\/04\/Hero-image-partner-highres-300x106.jpg 300w, https:\/\/www.infinigate.com\/fr\/wp-content\/uploads\/sites\/26\/2023\/04\/Hero-image-partner-highres-1024x363.jpg 1024w, https:\/\/www.infinigate.com\/fr\/wp-content\/uploads\/sites\/26\/2023\/04\/Hero-image-partner-highres-768x272.jpg 768w\" sizes=\"auto, (max-width: 1440px) 100vw, 1440px\" \/><\/figure>\n\n\n    <section style=\"--content-grid--columns: 1;\" class=\"content-grid wp-block animate content-grid--1-columns alignfull\">\r\n        <div class=\"content-grid__inner\">\r\n            \r\n\r\n                                <h2 class=\"content-grid__heading has--heading-border\">Nos services vous apportent les comp\u00e9tences, les ressources, les outils et l&rsquo;exp\u00e9rience dont vous avez besoin :<\/h2>\r\n            \r\n\r\n            \r\n                    \r\n                                                    \r\n                    \r\n                                                                        <div class=\"content-grid__items\">\r\n                                                                            <div class=\"content-grid__item \">\r\n                                                                                            <div class=\"content-grid__item__icon has-background\">\r\n                                                    <div class=\"content-grid__item__icon-inner\">\r\n                                                        <img loading=\"lazy\" decoding=\"async\" width=\"100\" height=\"100\" src=\"https:\/\/www.infinigate.com\/fr\/wp-content\/uploads\/sites\/26\/2023\/04\/icon_tickmark.svg\" class=\"attachment-medium_large size-medium_large\" alt=\"tickmark icon\" \/>                                                    <\/div>\r\n                                                <\/div>\r\n                                            \r\n                                                \r\n                                        \r\n                                        \r\n                                                                        <div class=\" content-grid__item__subheading\">\r\n                                            <p>cr\u00e9er et fournir des solutions \u00e0 forte marge \u00e0 vos clients<\/p>\n                                <\/div>\r\n                                        \r\n                                        \r\n                        <\/div>\r\n                                                                            <div class=\"content-grid__item \">\r\n                                                                                            <div class=\"content-grid__item__icon has-background\">\r\n                                                    <div class=\"content-grid__item__icon-inner\">\r\n                                                        <img loading=\"lazy\" decoding=\"async\" width=\"100\" height=\"100\" src=\"https:\/\/www.infinigate.com\/fr\/wp-content\/uploads\/sites\/26\/2023\/04\/icon_tickmark.svg\" class=\"attachment-medium_large size-medium_large\" alt=\"tickmark icon\" \/>                                                    <\/div>\r\n                                                <\/div>\r\n                                            \r\n                                                \r\n                                        \r\n                                        \r\n                                                                        <div class=\" content-grid__item__subheading\">\r\n                                            <p>remporter et r\u00e9aliser des projets de tous types et de toutes tailles &#8211; \u00e0 l&rsquo;\u00e9chelle mondiale<\/p>\n                                <\/div>\r\n                                        \r\n                                        \r\n                        <\/div>\r\n                                                                            <div class=\"content-grid__item \">\r\n                                                                                            <div class=\"content-grid__item__icon has-background\">\r\n                                                    <div class=\"content-grid__item__icon-inner\">\r\n                                                        <img loading=\"lazy\" decoding=\"async\" width=\"100\" height=\"100\" src=\"https:\/\/www.infinigate.com\/fr\/wp-content\/uploads\/sites\/26\/2023\/04\/icon_tickmark.svg\" class=\"attachment-medium_large size-medium_large\" alt=\"tickmark icon\" \/>                                                    <\/div>\r\n                                                <\/div>\r\n                                            \r\n                                                \r\n                                        \r\n                                        \r\n                                                                        <div class=\" content-grid__item__subheading\">\r\n                                            <p>cibler et atteindre les bons clients<\/p>\n                                <\/div>\r\n                                        \r\n                                        \r\n                        <\/div>\r\n                                                                            <div class=\"content-grid__item \">\r\n                                                                                            <div class=\"content-grid__item__icon has-background\">\r\n                                                    <div class=\"content-grid__item__icon-inner\">\r\n                                                        <img loading=\"lazy\" decoding=\"async\" width=\"100\" height=\"100\" src=\"https:\/\/www.infinigate.com\/fr\/wp-content\/uploads\/sites\/26\/2023\/04\/icon_tickmark.svg\" class=\"attachment-medium_large size-medium_large\" alt=\"tickmark icon\" \/>                                                    <\/div>\r\n                                                <\/div>\r\n                                            \r\n                                                \r\n                                        \r\n                                        \r\n                                                                        <div class=\" content-grid__item__subheading\">\r\n                                            <p>mettre en place des campagnes de marketing r\u00e9ussies<\/p>\n                                <\/div>\r\n                                        \r\n                                        \r\n                        <\/div>\r\n                                                                            <div class=\"content-grid__item \">\r\n                                                                                            <div class=\"content-grid__item__icon has-background\">\r\n                                                    <div class=\"content-grid__item__icon-inner\">\r\n                                                        <img loading=\"lazy\" decoding=\"async\" width=\"100\" height=\"100\" src=\"https:\/\/www.infinigate.com\/fr\/wp-content\/uploads\/sites\/26\/2023\/04\/icon_tickmark.svg\" class=\"attachment-medium_large size-medium_large\" alt=\"tickmark icon\" \/>                                                    <\/div>\r\n                                                <\/div>\r\n                                            \r\n                                                \r\n                                        \r\n                                        \r\n                                                                        <div class=\" content-grid__item__subheading\">\r\n                                            <p>renforcer les comp\u00e9tences et la formation de vos \u00e9quipes<\/p>\n                                <\/div>\r\n                                        \r\n                                        \r\n                        <\/div>\r\n                                                    <\/div>\r\n                                    <\/div>\r\n    <\/section>\r\n\n\n\n<div class=\"wp-block-group is-layout-constrained wp-block-group-is-layout-constrained\">\n<h2 class=\"wp-block-heading alignwide is-style-border-left wp-block-heading\" id=\"h-saisir-l-opportunite-croissante-des-services-informatiques\">Saisir l&rsquo;opportunit\u00e9 croissante des services informatiques<\/h2>\n\n\n\n<p>Les services informatiques repr\u00e9sentent une opportunit\u00e9 de revenus importante et croissante. Les marges sur les services peuvent \u00e9galement \u00eatre jusqu&rsquo;\u00e0 10 fois plus \u00e9lev\u00e9es que les ventes de mat\u00e9riel et de logiciels.<\/p>\n\n\n\n<p class=\"alignwide has-text-align-wide\">Nous pouvons tout prendre en charge, depuis les services de pr\u00e9-installation (y compris les essais et la configuration des \u00e9quipements) jusqu&rsquo;\u00e0 la livraison et l&rsquo;installation des \u00e9quipements sur le site de vos clients &#8211; avec une assistance, une maintenance et des op\u00e9rations continues &#8211; et ce, aussi longtemps que vous en avez besoin.<\/p>\n\n\n\n<p>Si vous d\u00e9cidez de d\u00e9velopper vos propres capacit\u00e9s en mati\u00e8re de services, nous proposons \u00e9galement des formations et des certifications accr\u00e9dit\u00e9es par les fournisseurs afin que vous puissiez atteindre vos objectifs en mati\u00e8re de prestations internes.<\/p>\n<\/div>\n\n\n    <section class=\"links wp-block animate alignwide\">\r\n        <div class=\"links__inner\">\r\n                                <h2 class=\"links__heading has--heading-border\"><p>Nos services pour les partenaires<\/p>\n<\/h2>\r\n            \r\n            \r\n            <div class=\"links__items\">\r\n                                                            <div class=\"links__item\">\r\n                                <a  href=\"https:\/\/www.infinigate.com\/fr\/services\/partner-growth-enablement-services\/\" target=\"\">\r\n                Soutien aux partenaires             <\/a>\r\n                        <\/div>\r\n                                                                                <div class=\"links__item\">\r\n                                <a  href=\"https:\/\/www.infinigate.com\/fr\/services\/professional-config-and-installation-services\/\" target=\"\">\r\n                Configuration et installation professionnelles             <\/a>\r\n                        <\/div>\r\n                                                                                <div class=\"links__item\">\r\n                                <a  href=\"https:\/\/www.infinigate.com\/fr\/services\/vendor-accredited-training\/\" target=\"\">\r\n                Formation accr\u00e9dit\u00e9e par les fournisseurs            <\/a>\r\n                        <\/div>\r\n                                                                                <div class=\"links__item\">\r\n                                <a  href=\"https:\/\/www.infinigate.com\/fr\/services\/financial-services\/\" target=\"\">\r\n                Services financiers            <\/a>\r\n                        <\/div>\r\n                                                                                <div class=\"links__item\">\r\n                                <a  href=\"https:\/\/www.infinigate.com\/fr\/msp\/\" target=\"\">\r\n                Accompagnement MSP            <\/a>\r\n                        <\/div>\r\n                                                                                <div class=\"links__item\">\r\n                                <a  href=\"https:\/\/www.infinigate.com\/fr\/id-connect\/\" target=\"\">\r\n                Services digitaux &#8211; ID Connect            <\/a>\r\n                        <\/div>\r\n                                                <\/div>\r\n        <\/div>\r\n    <\/section>\r\n\n\n<section class=\"cta-banner wp-block alignfull\">\r\n    <div class=\"cta-banner__inner\">\r\n        <div class=\"cta-banner__content\">\r\n\r\n                                <h2 class=\"cta-banner__heading\"><p>Besoin d&rsquo;une aide suppl\u00e9mentaire concernant nos services ?<\/p>\n<\/h2>\r\n            \r\n                            <div class=\"cta-banner__subheading\">\r\n                    <p>L&rsquo;un des membres de notre \u00e9quipe est \u00e0 votre disposition pour vous aider \u00e0 r\u00e9pondre \u00e0 votre demande.<\/p>\n                <\/div>\r\n                    <\/div>\r\n\r\n                    <div class=\"cta-banner__button\">\r\n                    <a  href=\"https:\/\/www.infinigate.com\/fr\/contact\/\" target=\"\" class=\"g-button g-button--arrow\">\r\n                Prendre contact            <\/a>\r\n            <\/div>\r\n            <\/div>\r\n\r\n    \r\n\r\n<\/section>\r\n","protected":false},"excerpt":{"rendered":"<p>Saisir l&rsquo;opportunit\u00e9 croissante des services informatiques Les services informatiques repr\u00e9sentent une opportunit\u00e9 de revenus importante et croissante. Les marges sur&hellip;<\/p>\n","protected":false},"author":13,"featured_media":3064,"parent":0,"menu_order":40,"comment_status":"closed","ping_status":"closed","template":"","meta":{"_acf_changed":false,"footnotes":""},"class_list":["post-851","page","type-page","status-publish","has-post-thumbnail","hentry"],"acf":[],"distributor_meta":false,"distributor_terms":false,"distributor_media":false,"distributor_original_site_name":"Infinigate | France","distributor_original_site_url":"https:\/\/www.infinigate.com\/fr","push-errors":false,"_links":{"self":[{"href":"https:\/\/www.infinigate.com\/fr\/wp-json\/wp\/v2\/pages\/851","targetHints":{"allow":["GET"]}}],"collection":[{"href":"https:\/\/www.infinigate.com\/fr\/wp-json\/wp\/v2\/pages"}],"about":[{"href":"https:\/\/www.infinigate.com\/fr\/wp-json\/wp\/v2\/types\/page"}],"author":[{"embeddable":true,"href":"https:\/\/www.infinigate.com\/fr\/wp-json\/wp\/v2\/users\/13"}],"replies":[{"embeddable":true,"href":"https:\/\/www.infinigate.com\/fr\/wp-json\/wp\/v2\/comments?post=851"}],"version-history":[{"count":0,"href":"https:\/\/www.infinigate.com\/fr\/wp-json\/wp\/v2\/pages\/851\/revisions"}],"wp:featuredmedia":[{"embeddable":true,"href":"https:\/\/www.infinigate.com\/fr\/wp-json\/wp\/v2\/media\/3064"}],"wp:attachment":[{"href":"https:\/\/www.infinigate.com\/fr\/wp-json\/wp\/v2\/media?parent=851"}],"curies":[{"name":"wp","href":"https:\/\/api.w.org\/{rel}","templated":true}]}}