{"id":9154,"date":"2026-04-22T18:02:10","date_gmt":"2026-04-22T16:02:10","guid":{"rendered":"https:\/\/www.infinigate.com\/fr\/?page_id=9154"},"modified":"2026-04-27T09:51:22","modified_gmt":"2026-04-27T07:51:22","slug":"msp-partners-experience-rennes","status":"publish","type":"page","link":"https:\/\/www.infinigate.com\/fr\/msp-partners-experience-rennes\/","title":{"rendered":"MSP Partners Experience Rennes"},"content":{"rendered":"\n<p class=\"alignwide has-text-align-wide\">Un format d\u2019\u00e9v\u00e9nements con\u00e7u pour les partenaires IT qui veulent acc\u00e9l\u00e9rer leur business et prendre une longueur d\u2019avance.<\/p>\n\n\n\n<p class=\"alignwide has-text-align-wide\">Cap sur les ar\u00e8nes EVA e-sport pour une immersion totale : \u00e9changes, expertise et innovation au c\u0153ur des enjeux MSP d\u2019aujourd\u2019hui, avec \u00e0 la cl\u00e9 des pr\u00e9sentations de solutions technologiques pour enrichir votre offre et cr\u00e9er de nouvelles opportunit\u00e9s.<\/p>\n\n\n\n<div class=\"wp-block-columns is-layout-flex wp-container-core-columns-is-layout-9d6595d7 wp-block-columns-is-layout-flex\">\n<div class=\"wp-block-column is-layout-flow wp-block-column-is-layout-flow\">\n<h3 class=\"wp-block-heading wp-block-heading\" id=\"h-au-programme\"><strong>Au Programme<\/strong><\/h3>\n\n\n\n<p><strong>16h30 &#8211; Accueil des participants<br><\/strong>Accueil convivial &amp; premiers \u00e9changes<\/p>\n\n\n\n<p><strong>17h00 &#8211; 20h00\u202f: Salon MSP<br><\/strong>Rencontres, \u00e9changes et d\u00e9couvertes<\/p>\n\n\n\n<p><strong>18h00 &#8211; 19h00\u202f: Intervention d\u2019un expert<\/strong> <strong>MSP<\/strong><br>Conf\u00e9rence de Laurent Petit, Courtier en Assurance, \u00abLa Cyberassurance, face \u00e0 la mont\u00e9e des cybermenaces \u00bb<br>Session interactive : \u00e9changes &amp; questions\/r\u00e9ponses<\/p>\n\n\n\n<p><strong>19h00 &#8211; Exp\u00e9rience immersive EVA e-Sport<\/strong><br>Plongez dans une session e-Sport en r\u00e9alit\u00e9 virtuelle<\/p>\n\n\n\n<p><strong>20h30 &#8211; Cocktail d\u00eenatoire &amp; networking<\/strong><br>Prolongez les \u00e9changes dans un cadre convivial<\/p>\n\n\n\n<h3 class=\"wp-block-heading wp-block-heading\" id=\"h-informations-pratiques\"><strong>Informations Pratiques<\/strong><\/h3>\n\n\n\n<p>\ud83d\udcc5 Le 18 juin <br>\ud83d\udd52 \u00e0 partir de 16h30<br>\ud83d\udcccEVA Rennes : 4 Rue de Bray, 35510 Cesson-S\u00e9vign\u00e9<\/p>\n\n\n\n<iframe src=\"https:\/\/www.google.com\/maps\/embed?pb=!1m18!1m12!1m3!1d2664.3256800985437!2d-1.6336393230770776!3d48.10395285350059!2m3!1f0!2f0!3f0!3m2!1i1024!2i768!4f13.1!3m3!1m2!1s0x480edf21fd937331%3A0xbf88e0a4deffdbae!2s4%20Rue%20de%20Bray%2C%2035510%20Cesson-S%C3%A9vign%C3%A9!5e0!3m2!1sfr!2sfr!4v1776863512615!5m2!1sfr!2sfr\" width=\"600\" height=\"450\" style=\"border:0;\" allowfullscreen=\"\" loading=\"lazy\" referrerpolicy=\"no-referrer-when-downgrade\"><\/iframe>\n\n\n\n<p><em>Veillez \u00e0 venir avec une tenue confortable si vous souhaitez prendre part \u00e0 l\u2019activit\u00e9<\/em><\/p>\n\n\n\n<p>Tous les participants sont susceptibles d&rsquo;\u00eatre photographi\u00e9s par les organisateurs sur l&rsquo;\u00e9v\u00e8nement. Ces photos seront utilis\u00e9es sur des supports de communication.<\/p>\n<\/div>\n\n\n\n<div class=\"wp-block-column is-layout-flow wp-block-column-is-layout-flow\">\n<h3 class=\"wp-block-heading wp-block-heading\" id=\"h-s-inscrire\"><strong>S&rsquo;inscrire<\/strong><\/h3>\n\n\n\n<div\n        data-form-id='5b024915-cd3c-f111-88b4-7c1e5273fa4b'\n        data-form-api-url='https:\/\/public-eur.mkt.dynamics.com\/api\/v1.0\/orgs\/57e681e6-87e4-ef11-b8e4-000d3a3a0446\/landingpageforms'\n        data-cached-form-url='https:\/\/assets1-eur.mkt.dynamics.com\/57e681e6-87e4-ef11-b8e4-000d3a3a0446\/digitalassets\/forms\/5b024915-cd3c-f111-88b4-7c1e5273fa4b' ><\/div>\n        <script src = 'https:\/\/formui-usa1.mkt.dynamics.com\/eur\/FormLoader\/FormLoader.bundle.js' ><\/script>\n\n\n\n<figure class=\"wp-block-image size-large\"><img loading=\"lazy\" decoding=\"async\" width=\"1024\" height=\"427\" src=\"https:\/\/www.infinigate.com\/fr\/wp-content\/uploads\/sites\/26\/2026\/04\/Visuel-Mailing-Event-2026-1-1024x427.png\" alt=\"\" class=\"wp-image-9166\" srcset=\"https:\/\/www.infinigate.com\/fr\/wp-content\/uploads\/sites\/26\/2026\/04\/Visuel-Mailing-Event-2026-1-1024x427.png 1024w, https:\/\/www.infinigate.com\/fr\/wp-content\/uploads\/sites\/26\/2026\/04\/Visuel-Mailing-Event-2026-1-300x125.png 300w, https:\/\/www.infinigate.com\/fr\/wp-content\/uploads\/sites\/26\/2026\/04\/Visuel-Mailing-Event-2026-1-768x320.png 768w, https:\/\/www.infinigate.com\/fr\/wp-content\/uploads\/sites\/26\/2026\/04\/Visuel-Mailing-Event-2026-1.png 1125w\" sizes=\"auto, (max-width: 1024px) 100vw, 1024px\" \/><\/figure>\n<\/div>\n<\/div>\n\n\n    <section class=\"cards wp-block animate cards--columns-5 cards--type--only-logo alignwide\">\n        <div class=\"cards__inner\">\n                            <div class=\"cards__header\">\n                                                <h2 class=\"cards__heading has--heading-border\"><p>Nos Sponsors<\/p>\n<\/h2>\r\n                    \n                    \n                                    <\/div>\n            \n            <div class=\"cards__items\">\n                \n                \n                <article class=\"g-card animate-element has-white-background-color has-background has-image has-link g-card--type--custom\">\r\n    \r\n            <div class=\"g-card__image\">\r\n                                <a href=\"https:\/\/www.infinigate.com\/fr\/vendors\/barracuda-networks\/\" class=\"g-card__image__link--only-logo\">\r\n                    <span>Ba<\/span>            <div class=\"g-card__image-inner img-fit\">\r\n                <img loading=\"lazy\" decoding=\"async\" width=\"200\" height=\"200\" src=\"https:\/\/www.infinigate.com\/fr\/wp-content\/uploads\/sites\/26\/2025\/10\/Barracuda-e1776777006236.png\" class=\"attachment-medium_large size-medium_large\" alt=\"\" \/>            <\/div>\r\n                                <\/a>\r\n            \r\n                    <\/div>\r\n    \r\n    <\/article>\r\n<article class=\"g-card animate-element has-white-background-color has-background has-image has-link g-card--type--custom\">\r\n    \r\n            <div class=\"g-card__image\">\r\n                                <a href=\"https:\/\/www.infinigate.com\/fr\/vendors\/check-point\/\" class=\"g-card__image__link--only-logo\">\r\n                    <span>CP<\/span>            <div class=\"g-card__image-inner img-fit\">\r\n                <img loading=\"lazy\" decoding=\"async\" width=\"200\" height=\"200\" src=\"https:\/\/www.infinigate.com\/fr\/wp-content\/uploads\/sites\/26\/2025\/10\/CheckPoint-e1776776974184.png\" class=\"attachment-medium_large size-medium_large\" alt=\"\" \/>            <\/div>\r\n                                <\/a>\r\n            \r\n                    <\/div>\r\n    \r\n    <\/article>\r\n<article class=\"g-card animate-element has-white-background-color has-background has-image has-link g-card--type--custom\">\r\n    \r\n            <div class=\"g-card__image\">\r\n                                <a href=\"https:\/\/www.infinigate.com\/fr\/vendors\/cloudflare\/\" class=\"g-card__image__link--only-logo\">\r\n                    <span>CF<\/span>            <div class=\"g-card__image-inner img-fit\">\r\n                <img loading=\"lazy\" decoding=\"async\" width=\"400\" height=\"400\" src=\"https:\/\/www.infinigate.com\/fr\/wp-content\/uploads\/sites\/26\/2025\/11\/Cloudflare.png\" class=\"attachment-medium_large size-medium_large\" alt=\"\" srcset=\"https:\/\/www.infinigate.com\/fr\/wp-content\/uploads\/sites\/26\/2025\/11\/Cloudflare.png 400w, https:\/\/www.infinigate.com\/fr\/wp-content\/uploads\/sites\/26\/2025\/11\/Cloudflare-300x300.png 300w, https:\/\/www.infinigate.com\/fr\/wp-content\/uploads\/sites\/26\/2025\/11\/Cloudflare-150x150.png 150w\" sizes=\"auto, (max-width: 400px) 100vw, 400px\" \/>            <\/div>\r\n                                <\/a>\r\n            \r\n                    <\/div>\r\n    \r\n    <\/article>\r\n<article class=\"g-card animate-element has-white-background-color has-background has-image has-link g-card--type--custom\">\r\n    \r\n            <div class=\"g-card__image\">\r\n                                <a href=\"https:\/\/www.infinigate.com\/fr\/vendors\/kaspersky\/\" class=\"g-card__image__link--only-logo\">\r\n                    <span>Ka<\/span>            <div class=\"g-card__image-inner img-fit\">\r\n                <img loading=\"lazy\" decoding=\"async\" width=\"400\" height=\"400\" src=\"https:\/\/www.infinigate.com\/fr\/wp-content\/uploads\/sites\/26\/2025\/10\/Kaspersky.png\" class=\"attachment-medium_large size-medium_large\" alt=\"\" srcset=\"https:\/\/www.infinigate.com\/fr\/wp-content\/uploads\/sites\/26\/2025\/10\/Kaspersky.png 400w, https:\/\/www.infinigate.com\/fr\/wp-content\/uploads\/sites\/26\/2025\/10\/Kaspersky-300x300.png 300w, https:\/\/www.infinigate.com\/fr\/wp-content\/uploads\/sites\/26\/2025\/10\/Kaspersky-150x150.png 150w\" sizes=\"auto, (max-width: 400px) 100vw, 400px\" \/>            <\/div>\r\n                                <\/a>\r\n            \r\n                    <\/div>\r\n    \r\n    <\/article>\r\n<article class=\"g-card animate-element has-white-background-color has-background has-image has-link g-card--type--custom\">\r\n    \r\n            <div class=\"g-card__image\">\r\n                                <a href=\"https:\/\/www.infinigate.com\/fr\/vendors\/n-able\/\" class=\"g-card__image__link--only-logo\">\r\n                    <span>Na<\/span>            <div class=\"g-card__image-inner img-fit\">\r\n                <img loading=\"lazy\" decoding=\"async\" width=\"400\" height=\"400\" src=\"https:\/\/www.infinigate.com\/fr\/wp-content\/uploads\/sites\/26\/2025\/10\/N-Able.png\" class=\"attachment-medium_large size-medium_large\" alt=\"\" srcset=\"https:\/\/www.infinigate.com\/fr\/wp-content\/uploads\/sites\/26\/2025\/10\/N-Able.png 400w, https:\/\/www.infinigate.com\/fr\/wp-content\/uploads\/sites\/26\/2025\/10\/N-Able-300x300.png 300w, https:\/\/www.infinigate.com\/fr\/wp-content\/uploads\/sites\/26\/2025\/10\/N-Able-150x150.png 150w\" sizes=\"auto, (max-width: 400px) 100vw, 400px\" \/>            <\/div>\r\n                                <\/a>\r\n            \r\n                    <\/div>\r\n    \r\n    <\/article>\r\n<article class=\"g-card animate-element has-white-background-color has-background has-image has-link g-card--type--custom\">\r\n    \r\n            <div class=\"g-card__image\">\r\n                                <a href=\"https:\/\/www.infinigate.com\/fr\/vendors\/rapid7\/\" class=\"g-card__image__link--only-logo\">\r\n                    <span>R7<\/span>            <div class=\"g-card__image-inner img-fit\">\r\n                <img loading=\"lazy\" decoding=\"async\" width=\"400\" height=\"400\" src=\"https:\/\/www.infinigate.com\/fr\/wp-content\/uploads\/sites\/26\/2026\/04\/R7.png\" class=\"attachment-medium_large size-medium_large\" alt=\"\" srcset=\"https:\/\/www.infinigate.com\/fr\/wp-content\/uploads\/sites\/26\/2026\/04\/R7.png 400w, https:\/\/www.infinigate.com\/fr\/wp-content\/uploads\/sites\/26\/2026\/04\/R7-300x300.png 300w, https:\/\/www.infinigate.com\/fr\/wp-content\/uploads\/sites\/26\/2026\/04\/R7-150x150.png 150w\" sizes=\"auto, (max-width: 400px) 100vw, 400px\" \/>            <\/div>\r\n                                <\/a>\r\n            \r\n                    <\/div>\r\n    \r\n    <\/article>\r\n<article class=\"g-card animate-element has-white-background-color has-background has-image has-link g-card--type--custom\">\r\n    \r\n            <div class=\"g-card__image\">\r\n                                <a href=\"https:\/\/www.infinigate.com\/fr\/vendors\/watchguard\/\" class=\"g-card__image__link--only-logo\">\r\n                    <span>WG<\/span>            <div class=\"g-card__image-inner img-fit\">\r\n                <img loading=\"lazy\" decoding=\"async\" width=\"400\" height=\"400\" src=\"https:\/\/www.infinigate.com\/fr\/wp-content\/uploads\/sites\/26\/2025\/10\/WG-Fire.png\" class=\"attachment-medium_large size-medium_large\" alt=\"\" srcset=\"https:\/\/www.infinigate.com\/fr\/wp-content\/uploads\/sites\/26\/2025\/10\/WG-Fire.png 400w, https:\/\/www.infinigate.com\/fr\/wp-content\/uploads\/sites\/26\/2025\/10\/WG-Fire-300x300.png 300w, https:\/\/www.infinigate.com\/fr\/wp-content\/uploads\/sites\/26\/2025\/10\/WG-Fire-150x150.png 150w\" sizes=\"auto, (max-width: 400px) 100vw, 400px\" \/>            <\/div>\r\n                                <\/a>\r\n            \r\n                    <\/div>\r\n    \r\n    <\/article>\r\n<article class=\"g-card animate-element has-white-background-color has-background has-image has-link g-card--type--custom\">\r\n    \r\n            <div class=\"g-card__image\">\r\n                                <a href=\"https:\/\/www.infinigate.com\/fr\/vendors\/withsecure\/\" class=\"g-card__image__link--only-logo\">\r\n                    <span>WS<\/span>            <div class=\"g-card__image-inner img-fit\">\r\n                <img loading=\"lazy\" decoding=\"async\" width=\"400\" height=\"400\" src=\"https:\/\/www.infinigate.com\/fr\/wp-content\/uploads\/sites\/26\/2026\/04\/WS.png\" class=\"attachment-medium_large size-medium_large\" alt=\"\" srcset=\"https:\/\/www.infinigate.com\/fr\/wp-content\/uploads\/sites\/26\/2026\/04\/WS.png 400w, https:\/\/www.infinigate.com\/fr\/wp-content\/uploads\/sites\/26\/2026\/04\/WS-300x300.png 300w, https:\/\/www.infinigate.com\/fr\/wp-content\/uploads\/sites\/26\/2026\/04\/WS-150x150.png 150w\" sizes=\"auto, (max-width: 400px) 100vw, 400px\" \/>            <\/div>\r\n                                <\/a>\r\n            \r\n                    <\/div>\r\n    \r\n    <\/article>\r\n            <\/div>\n\n            \n                <\/section>\n\n\n\n<h2 class=\"wp-block-heading is-style-border-left wp-block-heading\" id=\"h-la-conference\">La conf\u00e9rence<\/h2>\n\n\n\n<div class=\"wp-block-columns is-layout-flex wp-container-core-columns-is-layout-9d6595d7 wp-block-columns-is-layout-flex\">\n<div class=\"wp-block-column is-content-justification-center is-layout-constrained wp-block-column-is-layout-constrained\" style=\"flex-basis:25%\">\n<figure class=\"wp-block-image size-full is-resized is-style-default wp-duotone-unset-1\"><img loading=\"lazy\" decoding=\"async\" width=\"308\" height=\"308\" src=\"https:\/\/www.infinigate.com\/fr\/wp-content\/uploads\/sites\/26\/2026\/04\/Laurent-Petit-edited.jpg\" alt=\"\" class=\"wp-image-9178\" style=\"width:196px;height:auto\" srcset=\"https:\/\/www.infinigate.com\/fr\/wp-content\/uploads\/sites\/26\/2026\/04\/Laurent-Petit-edited.jpg 308w, https:\/\/www.infinigate.com\/fr\/wp-content\/uploads\/sites\/26\/2026\/04\/Laurent-Petit-edited-300x300.jpg 300w, https:\/\/www.infinigate.com\/fr\/wp-content\/uploads\/sites\/26\/2026\/04\/Laurent-Petit-edited-150x150.jpg 150w\" sizes=\"auto, (max-width: 308px) 100vw, 308px\" \/><\/figure>\n\n\n\n<p class=\"has-small-font-size\" id=\"h-laurent-petit-gerant-du-cabinet-lux-courtage-courtier-en-assurance-membre-du-groupement-proximite-partenaires-conseils-solutions-pour-les-pme-tns-et-particuliers\"><strong> LAURENT PETIT :<\/strong><em> <\/em><br><em>G\u00e9rant du cabinet Lux. Courtage &#8211; Courtier en Assurance -Membre du Groupement Proximit\u00e9 Partenaires Conseils &#8211; Solutions pour les PME, TNS et Particuliers<\/em><\/p>\n<\/div>\n\n\n\n<div class=\"wp-block-column is-layout-flow wp-block-column-is-layout-flow\" style=\"flex-basis:90%\">\n<p>Laurent Petit directeur et Co-fondateur de Lux Courtage introduira son intervention autour d\u2019un enjeu devenu strat\u00e9gique pour les MSP : la cyberassurance, d\u00e9sormais au c\u0153ur des pr\u00e9occupations clients face \u00e0 la mont\u00e9e des cybermenaces.<\/p>\n\n\n\n<p>Au-del\u00e0 de la protection, il s\u2019agit de ma\u00eetriser le risque, s\u00e9curiser les activit\u00e9s et r\u00e9pondre aux exigences croissantes des assureurs.<\/p>\n\n\n\n<p>Il expliquera comment les MSP peuvent int\u00e9grer la cyberassurance dans leur approche quotidienne et enrichir leurs offres de services. Un \u00e9clairage concret sur la mani\u00e8re de lier cybers\u00e9curit\u00e9, conformit\u00e9 et couverture assurantielle. Une opportunit\u00e9 pour transformer la cyberassurance en levier de diff\u00e9renciation et de revenus r\u00e9currents.<\/p>\n<\/div>\n<\/div>\n\n\n\n<p><\/p>\n\n\n\n<p><\/p>\n","protected":false},"excerpt":{"rendered":"<p>Un format d\u2019\u00e9v\u00e9nements con\u00e7u pour les partenaires IT qui veulent acc\u00e9l\u00e9rer leur business et prendre une longueur d\u2019avance. Cap sur&hellip;<\/p>\n","protected":false},"author":105,"featured_media":0,"parent":0,"menu_order":0,"comment_status":"closed","ping_status":"closed","template":"","meta":{"_acf_changed":false,"footnotes":""},"class_list":["post-9154","page","type-page","status-publish","hentry"],"acf":[],"distributor_meta":false,"distributor_terms":false,"distributor_media":false,"distributor_original_site_name":"Infinigate | France","distributor_original_site_url":"https:\/\/www.infinigate.com\/fr","push-errors":false,"_links":{"self":[{"href":"https:\/\/www.infinigate.com\/fr\/wp-json\/wp\/v2\/pages\/9154","targetHints":{"allow":["GET"]}}],"collection":[{"href":"https:\/\/www.infinigate.com\/fr\/wp-json\/wp\/v2\/pages"}],"about":[{"href":"https:\/\/www.infinigate.com\/fr\/wp-json\/wp\/v2\/types\/page"}],"author":[{"embeddable":true,"href":"https:\/\/www.infinigate.com\/fr\/wp-json\/wp\/v2\/users\/105"}],"replies":[{"embeddable":true,"href":"https:\/\/www.infinigate.com\/fr\/wp-json\/wp\/v2\/comments?post=9154"}],"version-history":[{"count":4,"href":"https:\/\/www.infinigate.com\/fr\/wp-json\/wp\/v2\/pages\/9154\/revisions"}],"predecessor-version":[{"id":9186,"href":"https:\/\/www.infinigate.com\/fr\/wp-json\/wp\/v2\/pages\/9154\/revisions\/9186"}],"wp:attachment":[{"href":"https:\/\/www.infinigate.com\/fr\/wp-json\/wp\/v2\/media?parent=9154"}],"curies":[{"name":"wp","href":"https:\/\/api.w.org\/{rel}","templated":true}]}}